{"id":308,"date":"2020-11-30T20:39:53","date_gmt":"2020-11-30T20:39:53","guid":{"rendered":"https:\/\/www.mingob.gob.pa\/connasina\/?page_id=308"},"modified":"2025-10-30T20:49:56","modified_gmt":"2025-10-30T20:49:56","slug":"max-lemm-l","status":"publish","type":"page","link":"https:\/\/www.mingob.gob.pa\/simbolosdelanacion\/max-lemm-l\/","title":{"rendered":"Max Lemm L."},"content":{"rendered":"<p style=\"text-align: justify;\"><img decoding=\"async\" class=\"alignleft size-full wp-image-209\" src=\"https:\/\/www.mingob.gob.pa\/conasina\/wp-content\/uploads\/sites\/24\/2020\/11\/MAX-LEMM-L-e1606768560854.jpg\" alt=\"\" width=\"150\" height=\"248\" \/>Naci\u00f3 en Berl\u00edn en 1868. Se traslad\u00f3 a las obras de la Nueva Compa\u00f1\u00eda del Canal de Panam\u00e1 en 1894. Conocido por sus dotes cartogr\u00e1ficas, litogr\u00e1ficas, calistenia y retratismo, fue contratado en varias escuelas particulares y oficiales del Departamento de Panam\u00e1 hasta 1903. En 1904 es contratado por la Isthmian Canal Commission en cartograf\u00eda y trabaja en colegios oficiales y particulares de Panam\u00e1 hasta 1931 en que queda ciego. Muere en 1939.<\/p>\n<p style=\"text-align: justify;\">Max Lemm fue contactado por Nicanor Villalaz el 7 de diciembre de 1903 para que trasladara al arte sus ideas sobre un Escudo para presentar al concurso que se hab\u00eda abierto semanas antes. Las ideas de Villalaz se convierten en una obra que fue presentada al Concurso, donde es elegido y entregado el premio. La Junta de Gobierno Provisional dispuso que la elecci\u00f3n definitiva del escudo corriera por cuenta de la Convenci\u00f3n Nacional Constituyente cuando se convirtiera en Asamblea Nacional, la que pidi\u00f3 simplificar el dise\u00f1o, cosa hecha entre Villalaz y Lemm, y se acoge legalmente por la Ley 64 de 1904.<\/p>\n<p style=\"text-align: justify;\">Max Lemm realiz\u00f3 notables retratos de grandes personalidades paname\u00f1as as\u00ed como ejecutivos y directivos de la compa\u00f1\u00eda francesa del canal as\u00ed como de la Comisi\u00f3n del Canal \u00cdstmico; realiz\u00f3 numerosos mapas del Istmo y secciones del Canal as\u00ed como de la ciudad entre 1898 y 1926.<\/p>\n<p style=\"text-align: justify;\">Dise\u00f1\u00f3 el logo de la Escuela Profesional. Fue Teniente entrenador de la compa\u00f1\u00eda de Hacheros del Cuerpo de Bomberos de Panam\u00e1 entre 1896 y 1913. Trabaj\u00f3 en el canal hasta 1907 cuando renuncia para dedicarse a la ense\u00f1anza. En la Real Academia de Artes de Berl\u00edn, adem\u00e1s de arte y pintura aprendi\u00f3 la t\u00e9cnica de impresi\u00f3n del grabado, la litograf\u00eda y la cromolitograf\u00eda.<\/p>\n","protected":false},"excerpt":{"rendered":"<p>Naci\u00f3 en Berl\u00edn en 1868. Se traslad\u00f3 a las obras de la Nueva Compa\u00f1\u00eda del Canal de Panam\u00e1 en 1894. [&hellip;]<\/p>\n","protected":false},"author":5,"featured_media":0,"parent":0,"menu_order":0,"comment_status":"closed","ping_status":"closed","template":"","meta":{"site-sidebar-layout":"default","site-content-layout":"","ast-site-content-layout":"default","site-content-style":"default","site-sidebar-style":"default","ast-global-header-display":"","ast-banner-title-visibility":"","ast-main-header-display":"","ast-hfb-above-header-display":"","ast-hfb-below-header-display":"","ast-hfb-mobile-header-display":"","site-post-title":"","ast-breadcrumbs-content":"","ast-featured-img":"","footer-sml-layout":"","ast-disable-related-posts":"","theme-transparent-header-meta":"","adv-header-id-meta":"","stick-header-meta":"","header-above-stick-meta":"","header-main-stick-meta":"","header-below-stick-meta":"","astra-migrate-meta-layouts":"default","ast-page-background-enabled":"default","ast-page-background-meta":{"desktop":{"background-color":"var(--ast-global-color-5)","background-image":"","background-repeat":"repeat","background-position":"center center","background-size":"auto","background-attachment":"scroll","background-type":"","background-media":"","overlay-type":"","overlay-color":"","overlay-opacity":"","overlay-gradient":""},"tablet":{"background-color":"","background-image":"","background-repeat":"repeat","background-position":"center center","background-size":"auto","background-attachment":"scroll","background-type":"","background-media":"","overlay-type":"","overlay-color":"","overlay-opacity":"","overlay-gradient":""},"mobile":{"background-color":"","background-image":"","background-repeat":"repeat","background-position":"center center","background-size":"auto","background-attachment":"scroll","background-type":"","background-media":"","overlay-type":"","overlay-color":"","overlay-opacity":"","overlay-gradient":""}},"ast-content-background-meta":{"desktop":{"background-color":"var(--ast-global-color-4)","background-image":"","background-repeat":"repeat","background-position":"center center","background-size":"auto","background-attachment":"scroll","background-type":"","background-media":"","overlay-type":"","overlay-color":"","overlay-opacity":"","overlay-gradient":""},"tablet":{"background-color":"var(--ast-global-color-4)","background-image":"","background-repeat":"repeat","background-position":"center center","background-size":"auto","background-attachment":"scroll","background-type":"","background-media":"","overlay-type":"","overlay-color":"","overlay-opacity":"","overlay-gradient":""},"mobile":{"background-color":"var(--ast-global-color-4)","background-image":"","background-repeat":"repeat","background-position":"center center","background-size":"auto","background-attachment":"scroll","background-type":"","background-media":"","overlay-type":"","overlay-color":"","overlay-opacity":"","overlay-gradient":""}},"footnotes":""},"class_list":["post-308","page","type-page","status-publish","hentry"],"_links":{"self":[{"href":"https:\/\/www.mingob.gob.pa\/simbolosdelanacion\/wp-json\/wp\/v2\/pages\/308","targetHints":{"allow":["GET"]}}],"collection":[{"href":"https:\/\/www.mingob.gob.pa\/simbolosdelanacion\/wp-json\/wp\/v2\/pages"}],"about":[{"href":"https:\/\/www.mingob.gob.pa\/simbolosdelanacion\/wp-json\/wp\/v2\/types\/page"}],"author":[{"embeddable":true,"href":"https:\/\/www.mingob.gob.pa\/simbolosdelanacion\/wp-json\/wp\/v2\/users\/5"}],"replies":[{"embeddable":true,"href":"https:\/\/www.mingob.gob.pa\/simbolosdelanacion\/wp-json\/wp\/v2\/comments?post=308"}],"version-history":[{"count":1,"href":"https:\/\/www.mingob.gob.pa\/simbolosdelanacion\/wp-json\/wp\/v2\/pages\/308\/revisions"}],"predecessor-version":[{"id":1660,"href":"https:\/\/www.mingob.gob.pa\/simbolosdelanacion\/wp-json\/wp\/v2\/pages\/308\/revisions\/1660"}],"wp:attachment":[{"href":"https:\/\/www.mingob.gob.pa\/simbolosdelanacion\/wp-json\/wp\/v2\/media?parent=308"}],"curies":[{"name":"wp","href":"https:\/\/api.w.org\/{rel}","templated":true}]}}