{"id":307,"date":"2020-11-30T20:38:38","date_gmt":"2020-11-30T20:38:38","guid":{"rendered":"https:\/\/www.mingob.gob.pa\/connasina\/?page_id=307"},"modified":"2025-10-30T20:48:39","modified_gmt":"2025-10-30T20:48:39","slug":"santos-jorge-amatriaim","status":"publish","type":"page","link":"https:\/\/www.mingob.gob.pa\/simbolosdelanacion\/santos-jorge-amatriaim\/","title":{"rendered":"Santos Jorge Amatriaim"},"content":{"rendered":"<p style=\"text-align: justify;\"><img decoding=\"async\" class=\"alignleft size-full wp-image-211\" src=\"https:\/\/www.mingob.gob.pa\/conasina\/wp-content\/uploads\/sites\/24\/2020\/11\/SANTOS-JORGE-AMATRIAIM.jpg\" alt=\"\" width=\"168\" height=\"248\" \/>Naci\u00f3 el 1 de noviembre de 1870 en Peralta, poblado de la provincia de Navarra, Espa\u00f1a. Hijo de Baltasar Jorge y Petra de Jorge. Curs\u00f3 estudios en la Escuela de M\u00fasica y declamaci\u00f3n de Madrid, bajo la direcci\u00f3n de Emilio Arrieta diplom\u00e1ndose en Solfeo. Emigr\u00f3 junto con sus hermanos a Am\u00e9rica. De paso por Panam\u00e1, en 1889, rumbo a Per\u00fa se le present\u00f3 la oportunidad de dar a conocer su bella voz de bar\u00edtono y sus excelentes aptitudes, como organista en la Iglesia Catedral de Panam\u00e1. Ejecut\u00f3 magistralmente un preludio de Juan Sebasti\u00e1n Bach.<\/p>\n<p style=\"text-align: justify;\">Su primera actuaci\u00f3n como director de la Banda de M\u00fasica la tuvo en la Plaza de Santa Ana, el 5 de mayo de 1892. En el mes de noviembre de 1892 se cas\u00f3 con Juana Ildaura Osorio. En el a\u00f1o 1897 fue profesor de m\u00fasica de la Escuela Normal de Institutores y de las Escuelas Municipales. Director de la Banda del Estado Mayor de 1892 a 1896, de 1900 a 1903; Director de la Banda Departamental de mayo de 1903 a noviembre de 1903, director de la Banda Republicana de 1903 a 1912.<\/p>\n<p style=\"text-align: justify;\">Entre sus composiciones destacan: Panam\u00e1 (Pasacalle, 1892), Banda Republicana (Marcha 1903), El Istme\u00f1o (Pasodoble), Banda Departamental (Marcha 1903), Recuerdo del 28 de noviembre (Marcha 27 de noviembre de 1902). Su obra maestra, la partitura del Himno Istme\u00f1o, compuesto en 1897 para piano para un poema patri\u00f3tico cantado llamado Himno a Bol\u00edvar. Esa partitura modificada para banda de m\u00fasicos se estren\u00f3 en diciembre de 1903 en una entrega de credenciales de un embajador ante la Junta Provisional de Gobierno, ante la admiraci\u00f3n y aplauso del pueblo. La obra se adapt\u00f3 al poema escrito en 1904 por Jer\u00f3nimo Ossa Escobar.<\/p>\n","protected":false},"excerpt":{"rendered":"<p>Naci\u00f3 el 1 de noviembre de 1870 en Peralta, poblado de la provincia de Navarra, Espa\u00f1a. Hijo de Baltasar Jorge [&hellip;]<\/p>\n","protected":false},"author":5,"featured_media":0,"parent":0,"menu_order":0,"comment_status":"closed","ping_status":"closed","template":"","meta":{"site-sidebar-layout":"default","site-content-layout":"","ast-site-content-layout":"default","site-content-style":"default","site-sidebar-style":"default","ast-global-header-display":"","ast-banner-title-visibility":"","ast-main-header-display":"","ast-hfb-above-header-display":"","ast-hfb-below-header-display":"","ast-hfb-mobile-header-display":"","site-post-title":"","ast-breadcrumbs-content":"","ast-featured-img":"","footer-sml-layout":"","ast-disable-related-posts":"","theme-transparent-header-meta":"","adv-header-id-meta":"","stick-header-meta":"","header-above-stick-meta":"","header-main-stick-meta":"","header-below-stick-meta":"","astra-migrate-meta-layouts":"default","ast-page-background-enabled":"default","ast-page-background-meta":{"desktop":{"background-color":"var(--ast-global-color-5)","background-image":"","background-repeat":"repeat","background-position":"center center","background-size":"auto","background-attachment":"scroll","background-type":"","background-media":"","overlay-type":"","overlay-color":"","overlay-opacity":"","overlay-gradient":""},"tablet":{"background-color":"","background-image":"","background-repeat":"repeat","background-position":"center center","background-size":"auto","background-attachment":"scroll","background-type":"","background-media":"","overlay-type":"","overlay-color":"","overlay-opacity":"","overlay-gradient":""},"mobile":{"background-color":"","background-image":"","background-repeat":"repeat","background-position":"center center","background-size":"auto","background-attachment":"scroll","background-type":"","background-media":"","overlay-type":"","overlay-color":"","overlay-opacity":"","overlay-gradient":""}},"ast-content-background-meta":{"desktop":{"background-color":"var(--ast-global-color-4)","background-image":"","background-repeat":"repeat","background-position":"center center","background-size":"auto","background-attachment":"scroll","background-type":"","background-media":"","overlay-type":"","overlay-color":"","overlay-opacity":"","overlay-gradient":""},"tablet":{"background-color":"var(--ast-global-color-4)","background-image":"","background-repeat":"repeat","background-position":"center center","background-size":"auto","background-attachment":"scroll","background-type":"","background-media":"","overlay-type":"","overlay-color":"","overlay-opacity":"","overlay-gradient":""},"mobile":{"background-color":"var(--ast-global-color-4)","background-image":"","background-repeat":"repeat","background-position":"center center","background-size":"auto","background-attachment":"scroll","background-type":"","background-media":"","overlay-type":"","overlay-color":"","overlay-opacity":"","overlay-gradient":""}},"footnotes":""},"class_list":["post-307","page","type-page","status-publish","hentry"],"_links":{"self":[{"href":"https:\/\/www.mingob.gob.pa\/simbolosdelanacion\/wp-json\/wp\/v2\/pages\/307","targetHints":{"allow":["GET"]}}],"collection":[{"href":"https:\/\/www.mingob.gob.pa\/simbolosdelanacion\/wp-json\/wp\/v2\/pages"}],"about":[{"href":"https:\/\/www.mingob.gob.pa\/simbolosdelanacion\/wp-json\/wp\/v2\/types\/page"}],"author":[{"embeddable":true,"href":"https:\/\/www.mingob.gob.pa\/simbolosdelanacion\/wp-json\/wp\/v2\/users\/5"}],"replies":[{"embeddable":true,"href":"https:\/\/www.mingob.gob.pa\/simbolosdelanacion\/wp-json\/wp\/v2\/comments?post=307"}],"version-history":[{"count":1,"href":"https:\/\/www.mingob.gob.pa\/simbolosdelanacion\/wp-json\/wp\/v2\/pages\/307\/revisions"}],"predecessor-version":[{"id":1659,"href":"https:\/\/www.mingob.gob.pa\/simbolosdelanacion\/wp-json\/wp\/v2\/pages\/307\/revisions\/1659"}],"wp:attachment":[{"href":"https:\/\/www.mingob.gob.pa\/simbolosdelanacion\/wp-json\/wp\/v2\/media?parent=307"}],"curies":[{"name":"wp","href":"https:\/\/api.w.org\/{rel}","templated":true}]}}