{"id":284,"date":"2020-11-30T18:47:56","date_gmt":"2020-11-30T18:47:56","guid":{"rendered":"https:\/\/www.mingob.gob.pa\/connasina\/?page_id=284"},"modified":"2025-10-30T20:51:09","modified_gmt":"2025-10-30T20:51:09","slug":"jeronimo-ossa-escobar","status":"publish","type":"page","link":"https:\/\/www.mingob.gob.pa\/simbolosdelanacion\/jeronimo-ossa-escobar\/","title":{"rendered":"Jer\u00f3nimo Ossa Escobar"},"content":{"rendered":"<h3><\/h3>\n<p style=\"text-align: justify;\"><img fetchpriority=\"high\" decoding=\"async\" class=\"alignleft size-full wp-image-213\" src=\"https:\/\/www.mingob.gob.pa\/conasina\/wp-content\/uploads\/sites\/24\/2020\/11\/JERONIMO-DE-LA-OSSA-1.jpg\" alt=\"\" width=\"206\" height=\"259\" \/>Jer\u00f3nimo Ossa (Ciudad de Panam\u00e1, 9 de abril de 1847 &#8211; Ciudad de Panam\u00e1, 1907), fue un poeta rom\u00e1ntico paname\u00f1o. Estudi\u00f3 en Chile, donde se gradu\u00f3 como ingeniero civil. Represent\u00f3 en el consulado de Chile en Panam\u00e1 y trabaj\u00f3 para la Compa\u00f1\u00eda del Canal Franc\u00e9s.<\/p>\n<p style=\"text-align: justify;\">Sus poes\u00edas se caracterizaban por su sencillez y humildad. Su obra est\u00e1 dispersa en los diversos semanarios y revistas de la \u00e9poca, sin embargo sus mejores versos los compuso cuando era estudiante.<\/p>\n<p style=\"text-align: justify;\">La importancia de este poeta est\u00e1 primordialmente en ser autor de la letra del Himno Nacional de Panam\u00e1, donde se denota un pronunciado acento patri\u00f3tico. Tambi\u00e9n escribi\u00f3 el poema \u00abLa fuente del para\u00edso\u00bb. Hoy en d\u00eda, Jer\u00f3nimo Ossa es considerado como uno de los grandes poetas del siglo XX.<\/p>\n","protected":false},"excerpt":{"rendered":"<p>Jer\u00f3nimo Ossa (Ciudad de Panam\u00e1, 9 de abril de 1847 &#8211; Ciudad de Panam\u00e1, 1907), fue un poeta rom\u00e1ntico paname\u00f1o. [&hellip;]<\/p>\n","protected":false},"author":5,"featured_media":0,"parent":0,"menu_order":0,"comment_status":"closed","ping_status":"closed","template":"","meta":{"site-sidebar-layout":"default","site-content-layout":"","ast-site-content-layout":"default","site-content-style":"default","site-sidebar-style":"default","ast-global-header-display":"","ast-banner-title-visibility":"","ast-main-header-display":"","ast-hfb-above-header-display":"","ast-hfb-below-header-display":"","ast-hfb-mobile-header-display":"","site-post-title":"","ast-breadcrumbs-content":"","ast-featured-img":"","footer-sml-layout":"","ast-disable-related-posts":"","theme-transparent-header-meta":"","adv-header-id-meta":"","stick-header-meta":"","header-above-stick-meta":"","header-main-stick-meta":"","header-below-stick-meta":"","astra-migrate-meta-layouts":"default","ast-page-background-enabled":"default","ast-page-background-meta":{"desktop":{"background-color":"var(--ast-global-color-5)","background-image":"","background-repeat":"repeat","background-position":"center center","background-size":"auto","background-attachment":"scroll","background-type":"","background-media":"","overlay-type":"","overlay-color":"","overlay-opacity":"","overlay-gradient":""},"tablet":{"background-color":"","background-image":"","background-repeat":"repeat","background-position":"center center","background-size":"auto","background-attachment":"scroll","background-type":"","background-media":"","overlay-type":"","overlay-color":"","overlay-opacity":"","overlay-gradient":""},"mobile":{"background-color":"","background-image":"","background-repeat":"repeat","background-position":"center center","background-size":"auto","background-attachment":"scroll","background-type":"","background-media":"","overlay-type":"","overlay-color":"","overlay-opacity":"","overlay-gradient":""}},"ast-content-background-meta":{"desktop":{"background-color":"var(--ast-global-color-4)","background-image":"","background-repeat":"repeat","background-position":"center center","background-size":"auto","background-attachment":"scroll","background-type":"","background-media":"","overlay-type":"","overlay-color":"","overlay-opacity":"","overlay-gradient":""},"tablet":{"background-color":"var(--ast-global-color-4)","background-image":"","background-repeat":"repeat","background-position":"center center","background-size":"auto","background-attachment":"scroll","background-type":"","background-media":"","overlay-type":"","overlay-color":"","overlay-opacity":"","overlay-gradient":""},"mobile":{"background-color":"var(--ast-global-color-4)","background-image":"","background-repeat":"repeat","background-position":"center center","background-size":"auto","background-attachment":"scroll","background-type":"","background-media":"","overlay-type":"","overlay-color":"","overlay-opacity":"","overlay-gradient":""}},"footnotes":""},"class_list":["post-284","page","type-page","status-publish","hentry"],"_links":{"self":[{"href":"https:\/\/www.mingob.gob.pa\/simbolosdelanacion\/wp-json\/wp\/v2\/pages\/284","targetHints":{"allow":["GET"]}}],"collection":[{"href":"https:\/\/www.mingob.gob.pa\/simbolosdelanacion\/wp-json\/wp\/v2\/pages"}],"about":[{"href":"https:\/\/www.mingob.gob.pa\/simbolosdelanacion\/wp-json\/wp\/v2\/types\/page"}],"author":[{"embeddable":true,"href":"https:\/\/www.mingob.gob.pa\/simbolosdelanacion\/wp-json\/wp\/v2\/users\/5"}],"replies":[{"embeddable":true,"href":"https:\/\/www.mingob.gob.pa\/simbolosdelanacion\/wp-json\/wp\/v2\/comments?post=284"}],"version-history":[{"count":1,"href":"https:\/\/www.mingob.gob.pa\/simbolosdelanacion\/wp-json\/wp\/v2\/pages\/284\/revisions"}],"predecessor-version":[{"id":1662,"href":"https:\/\/www.mingob.gob.pa\/simbolosdelanacion\/wp-json\/wp\/v2\/pages\/284\/revisions\/1662"}],"wp:attachment":[{"href":"https:\/\/www.mingob.gob.pa\/simbolosdelanacion\/wp-json\/wp\/v2\/media?parent=284"}],"curies":[{"name":"wp","href":"https:\/\/api.w.org\/{rel}","templated":true}]}}