{"id":279,"date":"2020-11-30T18:46:34","date_gmt":"2020-11-30T18:46:34","guid":{"rendered":"https:\/\/www.mingob.gob.pa\/connasina\/?page_id=279"},"modified":"2025-10-30T20:50:48","modified_gmt":"2025-10-30T20:50:48","slug":"maria-ossa-de-amador","status":"publish","type":"page","link":"https:\/\/www.mingob.gob.pa\/simbolosdelanacion\/maria-ossa-de-amador\/","title":{"rendered":"Mar\u00eda Ossa de Amador"},"content":{"rendered":"<h3 style=\"text-align: justify;\"><img fetchpriority=\"high\" decoding=\"async\" class=\"alignright wp-image-216 size-medium\" src=\"https:\/\/www.mingob.gob.pa\/conasina\/wp-content\/uploads\/sites\/24\/2020\/11\/MARIA-OSA-DE-AMADOR-1-249x300.jpg\" alt=\"\" width=\"249\" height=\"300\" \/><\/h3>\n<p style=\"text-align: justify;\">(Panam\u00e1, 1855 &#8211; 1948) Figura emblem\u00e1tica del patriotismo paname\u00f1o. Casada con uno de los principales promotores y mantenedores de la conjura patri\u00f3tica, el doctor Manuel Amador Guerrero, tuvo una actuaci\u00f3n decisiva durante todo el movimiento que condujo a la proclamaci\u00f3n de la Rep\u00fablica de Panam\u00e1, y protagoniz\u00f3 uno de los episodios de mayor fuerza simb\u00f3lica de todo este proceso pol\u00edtico: la confecci\u00f3n de la primera bandera paname\u00f1a.<\/p>\n<p style=\"text-align: justify;\">Firmemente ligada a la causa separatista que habr\u00eda de culminar con \u00e9xito el d\u00eda 3 de noviembre de 1903, do\u00f1a Mar\u00eda Ossa de Amador se convirti\u00f3 desde las primeras convulsiones patri\u00f3ticas en el apoyo m\u00e1s s\u00f3lido y cercano con que cont\u00f3 su esposo, llamado a convertirse en el primer presidente de la Rep\u00fablica de Panam\u00e1. Como tuvo ocasi\u00f3n de declarar el doctor Manuel Amador Guerrero, su esposa le anim\u00f3 en todo momento durante la conjura y fue una pieza clave en el \u00e9xito de la empresa, aunque a la postre fuera recordada por ese hecho de fuerte carga simb\u00f3lica que, en cierto modo, es una constante en la \u00e9pica patri\u00f3tica de todas las naciones.<\/p>\n<p style=\"text-align: justify;\">Por declaraciones hechas por la patriota, las telas de lanilla se compraron en La Dalia, A la Ville de Par\u00eds y en el Bazar Franc\u00e9s. Se puso de acuerdo con su cu\u00f1ada Ang\u00e9lica B. de Ossa y la noche del 2 de noviembre entraron a una casa abandonada de noche y all\u00ed, con l\u00e1mpara de kerosene y una m\u00e1quina de coser port\u00e1til, cosen las dos primeras banderas de 2.25 X 1.50 metros.<br \/>\nLa misma se present\u00f3 el 3 al anochecer y al verla el pueblo, la acept\u00f3. Fue paseada por primera vez el 4 de noviembre.<\/p>\n<p style=\"text-align: justify;\">Otro honor hist\u00f3rico que le cupo merecer a do\u00f1a Mar\u00eda Ossa de Amador es el de pasar a los anales de su naci\u00f3n como la primera mujer que ostentaba el puesto de Primera Dama. A pesar de la brevedad del mandato del doctor Manuel Amador Guerrero (1904-1908), su esposa fue recordada durante muchos a\u00f1os por el pueblo paname\u00f1o con una de las figuras claves de la Independencia nacional, hasta el extremo de que, en 1935, cuando ya hab\u00edan transcurrido m\u00e1s de cinco lustros desde la muerte de su esposo, fue objeto de un homenaje organizado el d\u00eda 4 de noviembre (antiguo d\u00eda de la bandera y actualmente D\u00eda de los S\u00edmbolos) por la Escuela Normal de Institutoras, promovido por la doctora Esther Neira de Calvo y apoyado por todas las instancias oficiales del pa\u00eds.<\/p>\n","protected":false},"excerpt":{"rendered":"<p>(Panam\u00e1, 1855 &#8211; 1948) Figura emblem\u00e1tica del patriotismo paname\u00f1o. Casada con uno de los principales promotores y mantenedores de la [&hellip;]<\/p>\n","protected":false},"author":5,"featured_media":0,"parent":0,"menu_order":0,"comment_status":"closed","ping_status":"closed","template":"","meta":{"site-sidebar-layout":"default","site-content-layout":"","ast-site-content-layout":"default","site-content-style":"default","site-sidebar-style":"default","ast-global-header-display":"","ast-banner-title-visibility":"","ast-main-header-display":"","ast-hfb-above-header-display":"","ast-hfb-below-header-display":"","ast-hfb-mobile-header-display":"","site-post-title":"","ast-breadcrumbs-content":"","ast-featured-img":"","footer-sml-layout":"","ast-disable-related-posts":"","theme-transparent-header-meta":"","adv-header-id-meta":"","stick-header-meta":"","header-above-stick-meta":"","header-main-stick-meta":"","header-below-stick-meta":"","astra-migrate-meta-layouts":"default","ast-page-background-enabled":"default","ast-page-background-meta":{"desktop":{"background-color":"var(--ast-global-color-5)","background-image":"","background-repeat":"repeat","background-position":"center center","background-size":"auto","background-attachment":"scroll","background-type":"","background-media":"","overlay-type":"","overlay-color":"","overlay-opacity":"","overlay-gradient":""},"tablet":{"background-color":"","background-image":"","background-repeat":"repeat","background-position":"center center","background-size":"auto","background-attachment":"scroll","background-type":"","background-media":"","overlay-type":"","overlay-color":"","overlay-opacity":"","overlay-gradient":""},"mobile":{"background-color":"","background-image":"","background-repeat":"repeat","background-position":"center center","background-size":"auto","background-attachment":"scroll","background-type":"","background-media":"","overlay-type":"","overlay-color":"","overlay-opacity":"","overlay-gradient":""}},"ast-content-background-meta":{"desktop":{"background-color":"var(--ast-global-color-4)","background-image":"","background-repeat":"repeat","background-position":"center center","background-size":"auto","background-attachment":"scroll","background-type":"","background-media":"","overlay-type":"","overlay-color":"","overlay-opacity":"","overlay-gradient":""},"tablet":{"background-color":"var(--ast-global-color-4)","background-image":"","background-repeat":"repeat","background-position":"center center","background-size":"auto","background-attachment":"scroll","background-type":"","background-media":"","overlay-type":"","overlay-color":"","overlay-opacity":"","overlay-gradient":""},"mobile":{"background-color":"var(--ast-global-color-4)","background-image":"","background-repeat":"repeat","background-position":"center center","background-size":"auto","background-attachment":"scroll","background-type":"","background-media":"","overlay-type":"","overlay-color":"","overlay-opacity":"","overlay-gradient":""}},"footnotes":""},"class_list":["post-279","page","type-page","status-publish","hentry"],"_links":{"self":[{"href":"https:\/\/www.mingob.gob.pa\/simbolosdelanacion\/wp-json\/wp\/v2\/pages\/279","targetHints":{"allow":["GET"]}}],"collection":[{"href":"https:\/\/www.mingob.gob.pa\/simbolosdelanacion\/wp-json\/wp\/v2\/pages"}],"about":[{"href":"https:\/\/www.mingob.gob.pa\/simbolosdelanacion\/wp-json\/wp\/v2\/types\/page"}],"author":[{"embeddable":true,"href":"https:\/\/www.mingob.gob.pa\/simbolosdelanacion\/wp-json\/wp\/v2\/users\/5"}],"replies":[{"embeddable":true,"href":"https:\/\/www.mingob.gob.pa\/simbolosdelanacion\/wp-json\/wp\/v2\/comments?post=279"}],"version-history":[{"count":1,"href":"https:\/\/www.mingob.gob.pa\/simbolosdelanacion\/wp-json\/wp\/v2\/pages\/279\/revisions"}],"predecessor-version":[{"id":1661,"href":"https:\/\/www.mingob.gob.pa\/simbolosdelanacion\/wp-json\/wp\/v2\/pages\/279\/revisions\/1661"}],"wp:attachment":[{"href":"https:\/\/www.mingob.gob.pa\/simbolosdelanacion\/wp-json\/wp\/v2\/media?parent=279"}],"curies":[{"name":"wp","href":"https:\/\/api.w.org\/{rel}","templated":true}]}}