{"id":186,"date":"2020-11-26T19:44:47","date_gmt":"2020-11-26T19:44:47","guid":{"rendered":"https:\/\/www.mingob.gob.pa\/connasina\/?page_id=186"},"modified":"2025-11-24T20:35:52","modified_gmt":"2025-11-24T20:35:52","slug":"servicios","status":"publish","type":"page","link":"https:\/\/www.mingob.gob.pa\/simbolosdelanacion\/servicios\/","title":{"rendered":"Servicios"},"content":{"rendered":"\t\t<div data-elementor-type=\"wp-page\" data-elementor-id=\"186\" class=\"elementor elementor-186\">\n\t\t\t\t\t\t<section class=\"elementor-section elementor-top-section elementor-element elementor-element-7dc0611 elementor-section-boxed elementor-section-height-default elementor-section-height-default\" data-id=\"7dc0611\" data-element_type=\"section\" data-e-type=\"section\">\n\t\t\t\t\t\t<div class=\"elementor-container elementor-column-gap-default\">\n\t\t\t\t\t<div class=\"elementor-column elementor-col-66 elementor-top-column elementor-element elementor-element-08a9c05\" data-id=\"08a9c05\" data-element_type=\"column\" data-e-type=\"column\">\n\t\t\t<div class=\"elementor-widget-wrap elementor-element-populated\">\n\t\t\t\t\t\t<div class=\"elementor-element elementor-element-884d908 elementor-widget elementor-widget-heading\" data-id=\"884d908\" data-element_type=\"widget\" data-e-type=\"widget\" data-widget_type=\"heading.default\">\n\t\t\t\t<div class=\"elementor-widget-container\">\n\t\t\t\t\t<h3 class=\"elementor-heading-title elementor-size-default\">Para mayores consultas, pueden escribirnos utilizando la secci\u00f3n Cont\u00e1ctanos<\/h3>\t\t\t\t<\/div>\n\t\t\t\t<\/div>\n\t\t\t\t<div class=\"elementor-element elementor-element-6a9d022 elementor-widget elementor-widget-text-editor\" data-id=\"6a9d022\" data-element_type=\"widget\" data-e-type=\"widget\" data-widget_type=\"text-editor.default\">\n\t\t\t\t<div class=\"elementor-widget-container\">\n\t\t\t\t\t\t\t\t\t<div class=\"avia-table main_color avia-pricing-table-container avia_pricing_default avia-builder-el-1 el_after_av_textblock avia-builder-el-last avia-table-1\"><div class=\"pricing-table-wrap\"><h4 class=\"first-table-item\" style=\"text-align: center;\"><strong>Lista de Servicios<\/strong><\/h4><ul><li><span style=\"font-size: 16px; font-style: inherit; color: #000000;\">Asesor\u00eda para confecci\u00f3n de anuncios, vallas y campa\u00f1as comerciales o estatales con inserci\u00f3n de <\/span><span style=\"font-size: 16px; font-style: inherit; color: #000000;\">alg\u00fan s\u00edmbolo.<\/span><\/li><li>Asesor\u00eda sobre la confecci\u00f3n de bandera (telas, colores pantone), y posibilidades de reproducciones oficiales del Escudo.<\/li><li>Capacitaci\u00f3n a plantas docentes de escuelas y colegios oficiales y particulares.<\/li><li>Conferencia Alocuci\u00f3n Patria: introducci\u00f3n a la her\u00e1ldica, vexilolog\u00eda y m\u00fasica de los s\u00edmbolos patrios.<\/li><li>Fotos y biograf\u00edas de cada autor de s\u00edmbolo y de la creadora del Juramento a la Bandera.<\/li><li>Historia de cada s\u00edmbolo.<\/li><li>Biblioteca de Ciencias Hist\u00f3ricas (en construcci\u00f3n) para consultas en la oficina.<\/li><li>Env\u00edo por e-mail de partituras de las tres versiones oficiales del himno nacional.<\/li><li>Env\u00edo por e-mail de pistas de audio de las tres versiones oficiales del himno nacional.<\/li><li>Env\u00edo por e-mail de partitura y pista de audio de la marcha Honores al Pabell\u00f3n.<\/li><li>Env\u00edo por e-mail de partitura y pista de audio de la marcha Saludos al Presidente.<\/li><li>Capacitaciones ejecutivas (6-10 personas) en el Sal\u00f3n de los S\u00edmbolos.<\/li><li>Escudo de Armas de Panam\u00e1, versi\u00f3n \u00f3leo sobre tela; Bandera Nacional en tela; versi\u00f3n impresa de letra del Himno Nacional para fotografiar y tener como referencia.<\/li><li>Trivia de la Gesta Heroica de Enero de 1964<\/li><\/ul><\/div><\/div>\t\t\t\t\t\t\t\t<\/div>\n\t\t\t\t<\/div>\n\t\t\t\t\t<\/div>\n\t\t<\/div>\n\t\t\t\t<div class=\"elementor-column elementor-col-33 elementor-top-column elementor-element elementor-element-b1ce2e1\" data-id=\"b1ce2e1\" data-element_type=\"column\" data-e-type=\"column\">\n\t\t\t<div class=\"elementor-widget-wrap elementor-element-populated\">\n\t\t\t\t\t\t<div class=\"elementor-element elementor-element-15c9e10 elementor-widget elementor-widget-sina_search_form\" data-id=\"15c9e10\" data-element_type=\"widget\" data-e-type=\"widget\" data-widget_type=\"sina_search_form.default\">\n\t\t\t\t<div class=\"elementor-widget-container\">\n\t\t\t\t\t\t\t<div class=\"sina-search-form\">\r\n\t\t\t<form class=\"sina-search-box\" action=\"https:\/\/www.mingob.gob.pa\/simbolosdelanacion\/\">\r\n\t\t\t\t<input type=\"search\" class=\"sina-input-field\" placeholder=\"\" value=\"\" name=\"s\">\r\n\r\n\t\t\t\t<button type=\"submit\" class=\"sina-button sina-search-btn  \">\r\n\t\t\t\t\t\t\tBuscar\t\t\t\t\t<i class=\"icofont icofont-search-document sina-icon-right\"><\/i>\r\n\t\t\t\t\t\t\t<\/button>\r\n\t\t\t<\/form>\r\n\t\t<\/div><!-- .sina-search-form -->\r\n\t\t\t\t\t\t<\/div>\n\t\t\t\t<\/div>\n\t\t\t\t<div class=\"elementor-element elementor-element-b7cc116 elementor-widget elementor-widget-image\" data-id=\"b7cc116\" data-element_type=\"widget\" data-e-type=\"widget\" data-widget_type=\"image.default\">\n\t\t\t\t<div class=\"elementor-widget-container\">\n\t\t\t\t\t\t\t\t\t\t\t\t\t\t\t<img fetchpriority=\"high\" decoding=\"async\" width=\"194\" height=\"300\" src=\"https:\/\/www.mingob.gob.pa\/simbolosdelanacion\/wp-content\/uploads\/sites\/24\/2021\/08\/CONASINA-BANDERA-copia-194x300.png\" class=\"attachment-medium size-medium wp-image-1015\" alt=\"\" srcset=\"https:\/\/www.mingob.gob.pa\/simbolosdelanacion\/wp-content\/uploads\/sites\/24\/2021\/08\/CONASINA-BANDERA-copia-194x300.png 194w, https:\/\/www.mingob.gob.pa\/simbolosdelanacion\/wp-content\/uploads\/sites\/24\/2021\/08\/CONASINA-BANDERA-copia-666x1030.png 666w, https:\/\/www.mingob.gob.pa\/simbolosdelanacion\/wp-content\/uploads\/sites\/24\/2021\/08\/CONASINA-BANDERA-copia-768x1188.png 768w, https:\/\/www.mingob.gob.pa\/simbolosdelanacion\/wp-content\/uploads\/sites\/24\/2021\/08\/CONASINA-BANDERA-copia-456x705.png 456w, https:\/\/www.mingob.gob.pa\/simbolosdelanacion\/wp-content\/uploads\/sites\/24\/2021\/08\/CONASINA-BANDERA-copia.png 776w\" sizes=\"(max-width: 194px) 100vw, 194px\" \/>\t\t\t\t\t\t\t\t\t\t\t\t\t\t\t<\/div>\n\t\t\t\t<\/div>\n\t\t\t\t<div class=\"elementor-element elementor-element-058236b elementor-widget elementor-widget-spacer\" data-id=\"058236b\" data-element_type=\"widget\" data-e-type=\"widget\" data-widget_type=\"spacer.default\">\n\t\t\t\t<div class=\"elementor-widget-container\">\n\t\t\t\t\t\t\t<div class=\"elementor-spacer\">\n\t\t\t<div class=\"elementor-spacer-inner\"><\/div>\n\t\t<\/div>\n\t\t\t\t\t\t<\/div>\n\t\t\t\t<\/div>\n\t\t\t\t<div class=\"elementor-element elementor-element-2edce56 elementor-widget elementor-widget-image\" data-id=\"2edce56\" data-element_type=\"widget\" data-e-type=\"widget\" data-widget_type=\"image.default\">\n\t\t\t\t<div class=\"elementor-widget-container\">\n\t\t\t\t\t\t\t\t\t\t\t\t\t\t\t<img decoding=\"async\" width=\"194\" height=\"300\" src=\"https:\/\/www.mingob.gob.pa\/simbolosdelanacion\/wp-content\/uploads\/sites\/24\/2021\/08\/CONASINA-ESCUDO-copia-194x300.png\" class=\"attachment-medium size-medium wp-image-1016\" alt=\"\" srcset=\"https:\/\/www.mingob.gob.pa\/simbolosdelanacion\/wp-content\/uploads\/sites\/24\/2021\/08\/CONASINA-ESCUDO-copia-194x300.png 194w, https:\/\/www.mingob.gob.pa\/simbolosdelanacion\/wp-content\/uploads\/sites\/24\/2021\/08\/CONASINA-ESCUDO-copia-667x1030.png 667w, https:\/\/www.mingob.gob.pa\/simbolosdelanacion\/wp-content\/uploads\/sites\/24\/2021\/08\/CONASINA-ESCUDO-copia-768x1186.png 768w, https:\/\/www.mingob.gob.pa\/simbolosdelanacion\/wp-content\/uploads\/sites\/24\/2021\/08\/CONASINA-ESCUDO-copia-456x705.png 456w, https:\/\/www.mingob.gob.pa\/simbolosdelanacion\/wp-content\/uploads\/sites\/24\/2021\/08\/CONASINA-ESCUDO-copia.png 777w\" sizes=\"(max-width: 194px) 100vw, 194px\" \/>\t\t\t\t\t\t\t\t\t\t\t\t\t\t\t<\/div>\n\t\t\t\t<\/div>\n\t\t\t\t\t<\/div>\n\t\t<\/div>\n\t\t\t\t\t<\/div>\n\t\t<\/section>\n\t\t\t\t<\/div>\n\t\t","protected":false},"excerpt":{"rendered":"<p>Para mayores consultas, pueden escribirnos utilizando la secci\u00f3n Cont\u00e1ctanos Lista de Servicios Asesor\u00eda para confecci\u00f3n de anuncios, vallas y campa\u00f1as [&hellip;]<\/p>\n","protected":false},"author":5,"featured_media":0,"parent":0,"menu_order":0,"comment_status":"closed","ping_status":"closed","template":"","meta":{"site-sidebar-layout":"default","site-content-layout":"","ast-site-content-layout":"default","site-content-style":"default","site-sidebar-style":"default","ast-global-header-display":"","ast-banner-title-visibility":"","ast-main-header-display":"","ast-hfb-above-header-display":"","ast-hfb-below-header-display":"","ast-hfb-mobile-header-display":"","site-post-title":"disabled","ast-breadcrumbs-content":"","ast-featured-img":"","footer-sml-layout":"","ast-disable-related-posts":"","theme-transparent-header-meta":"","adv-header-id-meta":"","stick-header-meta":"","header-above-stick-meta":"","header-main-stick-meta":"","header-below-stick-meta":"","astra-migrate-meta-layouts":"default","ast-page-background-enabled":"default","ast-page-background-meta":{"desktop":{"background-color":"var(--ast-global-color-5)","background-image":"","background-repeat":"repeat","background-position":"center center","background-size":"auto","background-attachment":"scroll","background-type":"","background-media":"","overlay-type":"","overlay-color":"","overlay-opacity":"","overlay-gradient":""},"tablet":{"background-color":"","background-image":"","background-repeat":"repeat","background-position":"center center","background-size":"auto","background-attachment":"scroll","background-type":"","background-media":"","overlay-type":"","overlay-color":"","overlay-opacity":"","overlay-gradient":""},"mobile":{"background-color":"","background-image":"","background-repeat":"repeat","background-position":"center center","background-size":"auto","background-attachment":"scroll","background-type":"","background-media":"","overlay-type":"","overlay-color":"","overlay-opacity":"","overlay-gradient":""}},"ast-content-background-meta":{"desktop":{"background-color":"var(--ast-global-color-4)","background-image":"","background-repeat":"repeat","background-position":"center center","background-size":"auto","background-attachment":"scroll","background-type":"","background-media":"","overlay-type":"","overlay-color":"","overlay-opacity":"","overlay-gradient":""},"tablet":{"background-color":"var(--ast-global-color-4)","background-image":"","background-repeat":"repeat","background-position":"center center","background-size":"auto","background-attachment":"scroll","background-type":"","background-media":"","overlay-type":"","overlay-color":"","overlay-opacity":"","overlay-gradient":""},"mobile":{"background-color":"var(--ast-global-color-4)","background-image":"","background-repeat":"repeat","background-position":"center center","background-size":"auto","background-attachment":"scroll","background-type":"","background-media":"","overlay-type":"","overlay-color":"","overlay-opacity":"","overlay-gradient":""}},"footnotes":""},"class_list":["post-186","page","type-page","status-publish","hentry"],"_links":{"self":[{"href":"https:\/\/www.mingob.gob.pa\/simbolosdelanacion\/wp-json\/wp\/v2\/pages\/186","targetHints":{"allow":["GET"]}}],"collection":[{"href":"https:\/\/www.mingob.gob.pa\/simbolosdelanacion\/wp-json\/wp\/v2\/pages"}],"about":[{"href":"https:\/\/www.mingob.gob.pa\/simbolosdelanacion\/wp-json\/wp\/v2\/types\/page"}],"author":[{"embeddable":true,"href":"https:\/\/www.mingob.gob.pa\/simbolosdelanacion\/wp-json\/wp\/v2\/users\/5"}],"replies":[{"embeddable":true,"href":"https:\/\/www.mingob.gob.pa\/simbolosdelanacion\/wp-json\/wp\/v2\/comments?post=186"}],"version-history":[{"count":5,"href":"https:\/\/www.mingob.gob.pa\/simbolosdelanacion\/wp-json\/wp\/v2\/pages\/186\/revisions"}],"predecessor-version":[{"id":1770,"href":"https:\/\/www.mingob.gob.pa\/simbolosdelanacion\/wp-json\/wp\/v2\/pages\/186\/revisions\/1770"}],"wp:attachment":[{"href":"https:\/\/www.mingob.gob.pa\/simbolosdelanacion\/wp-json\/wp\/v2\/media?parent=186"}],"curies":[{"name":"wp","href":"https:\/\/api.w.org\/{rel}","templated":true}]}}