{"id":109,"date":"2020-11-23T17:41:24","date_gmt":"2020-11-23T17:41:24","guid":{"rendered":"https:\/\/www.mingob.gob.pa\/connasina\/?page_id=929"},"modified":"2025-11-24T20:56:03","modified_gmt":"2025-11-24T20:56:03","slug":"himno-nacional","status":"publish","type":"page","link":"https:\/\/www.mingob.gob.pa\/simbolosdelanacion\/himno-nacional\/","title":{"rendered":"Himno Nacional"},"content":{"rendered":"\t\t<div data-elementor-type=\"wp-page\" data-elementor-id=\"109\" class=\"elementor elementor-109\">\n\t\t\t\t\t\t<section class=\"elementor-section elementor-top-section elementor-element elementor-element-801a452 elementor-section-boxed elementor-section-height-default elementor-section-height-default\" data-id=\"801a452\" data-element_type=\"section\" data-e-type=\"section\">\n\t\t\t\t\t\t<div class=\"elementor-container elementor-column-gap-default\">\n\t\t\t\t\t<div class=\"elementor-column elementor-col-100 elementor-top-column elementor-element elementor-element-deaa1f1\" data-id=\"deaa1f1\" data-element_type=\"column\" data-e-type=\"column\">\n\t\t\t<div class=\"elementor-widget-wrap elementor-element-populated\">\n\t\t\t\t\t\t<div class=\"elementor-element elementor-element-3e04cba elementor-widget elementor-widget-text-editor\" data-id=\"3e04cba\" data-element_type=\"widget\" data-e-type=\"widget\" data-widget_type=\"text-editor.default\">\n\t\t\t\t<div class=\"elementor-widget-container\">\n\t\t\t\t\t\t\t\t\t<h3>Uso y Prohibiciones<\/h3><ul><li>El Himno Nacional se compone de la m\u00fasica, creada por Santos Jorge Amatriaim y la letra por Jer\u00f3nimo Ossa Escobar.<img fetchpriority=\"high\" decoding=\"async\" class=\"size-medium wp-image-1382 alignright\" src=\"https:\/\/www.mingob.gob.pa\/simbolosdelanacion\/wp-content\/uploads\/sites\/24\/2025\/06\/HIMNO-VECTORIZADO-COLOR-01-232x300.jpg\" sizes=\"(max-width: 232px) 100vw, 232px\" srcset=\"https:\/\/www.mingob.gob.pa\/simbolosdelanacion\/wp-content\/uploads\/sites\/24\/2025\/06\/HIMNO-VECTORIZADO-COLOR-01-232x300.jpg 232w, https:\/\/www.mingob.gob.pa\/simbolosdelanacion\/wp-content\/uploads\/sites\/24\/2025\/06\/HIMNO-VECTORIZADO-COLOR-01-796x1030.jpg 796w, https:\/\/www.mingob.gob.pa\/simbolosdelanacion\/wp-content\/uploads\/sites\/24\/2025\/06\/HIMNO-VECTORIZADO-COLOR-01-768x994.jpg 768w, https:\/\/www.mingob.gob.pa\/simbolosdelanacion\/wp-content\/uploads\/sites\/24\/2025\/06\/HIMNO-VECTORIZADO-COLOR-01-545x705.jpg 545w, https:\/\/www.mingob.gob.pa\/simbolosdelanacion\/wp-content\/uploads\/sites\/24\/2025\/06\/HIMNO-VECTORIZADO-COLOR-01.jpg 927w\" alt=\"\" width=\"232\" height=\"300\" data-lazy-loaded=\"true\" \/><\/li><li>Habr\u00e1 tres versiones oficiales: piano y voz, banda de viento y percusi\u00f3n y sinf\u00f3nica con o sin coro de voces. No obstante, podr\u00e1n haber, seg\u00fan las necesidades y recursos disponibles, versiones con otros instrumentos, que deber\u00e1n ajustarse en todo al patr\u00f3n oficial.<\/li><li>Copia de las partituras de director, y de las particellas de instrumentos y de coros deber\u00e1n constar en el Museo de Historia de Panam\u00e1, en las presidencias de cada \u00f3rgano del Estado y los despachos superiores del Ministerio de Educaci\u00f3n y del Ministerio de Gobierno, m\u00e1s una de referencia en la oficina de la Comisi\u00f3n Nacional de los S\u00edmbolos de la Naci\u00f3n. Habr\u00e1 de incluirse medio tipo disco compacto con las pistas sonoras.<\/li><li>En los actos solemnes y oficiales del Estado, se interpretar\u00e1 el Himno Nacional. Al final de los actos c\u00edvicos de lunes y si se dispone, de viernes. El hecho de no contar con una banda de m\u00fasica no exime de cantar el himno; para ello se puede interpretar a-capella o con un solo instrumentos sin variar la naturaleza oficial del mismo.<\/li><li>Es obligatorio para todas las plantas televisivas, radioemisoras y sistemas informativos por Internet que generen su se\u00f1al en el territorio nacional, difundir la letra y m\u00fasica del Himno Nacional a las 6:00am y al concluir transmisiones.<\/li><li>Las plantas televisivas y radioemisoras que funcionen ininterrumpidamente, deber\u00e1n suspender moment\u00e1neamente su programaci\u00f3n regular a las seis de la ma\u00f1ana, con el prop\u00f3sito de difundir, la letra y m\u00fasica del Himno Nacional.<\/li><li>Tambi\u00e9n es obligatorio entonar el Himno Nacional, con su letra y m\u00fasica, en los actos conmemorativos del aniversario de la Separaci\u00f3n de Panam\u00e1 de Colombia y de la Independencia de Espa\u00f1a y dem\u00e1s fechas c\u00edvicas nacionales; al tomar posesi\u00f3n de su cargo el Presidente de la Rep\u00fablica y en cualquier otro acto an\u00e1logo que revista caracteres especiales, sean \u00e9stos culturales, cient\u00edficos o deportivos.<\/li><li>En los actos que celebren las instituciones p\u00fablicas y privadas durante el momento en que se entona el Himno Nacional toda persona en la proximidad del \u00e1rea debe mantenerse de pie en posici\u00f3n de firmes y en silencio, sin sombrero los caballeros, con excepci\u00f3n las personas con alguna discapacidad.<\/li><li>La entrada y la salida del presidente de la Rep\u00fablica en los actos oficiales ser\u00e1n anunciadas, los presentes se pondr\u00e1n de pie y se entonar\u00e1 la marcha Saludos al Presidente, del profesor Jos\u00e9 Luis Cajar.<\/li><li>Los casos en que se escolta la bandera, y que \u00e9sta va a ser izada o arriada con solemnidad, se entonar\u00e1n las notas de la marcha Honores al Pabell\u00f3n de Antonio Garc\u00eda de Paredes<\/li><li>Las partituras de director y de instrumentos de ambas marchas, tambi\u00e9n constar\u00e1n como se indic\u00f3 para el Himno, Bandera y Escudo.<\/li><\/ul>\t\t\t\t\t\t\t\t<\/div>\n\t\t\t\t<\/div>\n\t\t\t\t\t<\/div>\n\t\t<\/div>\n\t\t\t\t\t<\/div>\n\t\t<\/section>\n\t\t\t\t<section class=\"elementor-section elementor-top-section elementor-element elementor-element-6243024 elementor-section-boxed elementor-section-height-default elementor-section-height-default\" data-id=\"6243024\" data-element_type=\"section\" data-e-type=\"section\">\n\t\t\t\t\t\t<div class=\"elementor-container elementor-column-gap-default\">\n\t\t\t\t\t<div class=\"elementor-column elementor-col-100 elementor-top-column elementor-element elementor-element-d4b4ffd\" data-id=\"d4b4ffd\" data-element_type=\"column\" data-e-type=\"column\">\n\t\t\t<div class=\"elementor-widget-wrap elementor-element-populated\">\n\t\t\t\t\t\t<div class=\"elementor-element elementor-element-4834a57 elementor-widget-divider--view-line elementor-widget elementor-widget-divider\" data-id=\"4834a57\" data-element_type=\"widget\" data-e-type=\"widget\" data-widget_type=\"divider.default\">\n\t\t\t\t<div class=\"elementor-widget-container\">\n\t\t\t\t\t\t\t<div class=\"elementor-divider\">\n\t\t\t<span class=\"elementor-divider-separator\">\n\t\t\t\t\t\t<\/span>\n\t\t<\/div>\n\t\t\t\t\t\t<\/div>\n\t\t\t\t<\/div>\n\t\t\t\t\t<\/div>\n\t\t<\/div>\n\t\t\t\t\t<\/div>\n\t\t<\/section>\n\t\t\t\t<section class=\"elementor-section elementor-top-section elementor-element elementor-element-d1d8071 elementor-section-boxed elementor-section-height-default elementor-section-height-default\" data-id=\"d1d8071\" data-element_type=\"section\" data-e-type=\"section\">\n\t\t\t\t\t\t<div class=\"elementor-container elementor-column-gap-default\">\n\t\t\t\t\t<div class=\"elementor-column elementor-col-100 elementor-top-column elementor-element elementor-element-2aa253d\" data-id=\"2aa253d\" data-element_type=\"column\" data-e-type=\"column\">\n\t\t\t<div class=\"elementor-widget-wrap elementor-element-populated\">\n\t\t\t\t\t\t<div class=\"elementor-element elementor-element-5af7aab elementor-widget elementor-widget-text-editor\" data-id=\"5af7aab\" data-element_type=\"widget\" data-e-type=\"widget\" data-widget_type=\"text-editor.default\">\n\t\t\t\t<div class=\"elementor-widget-container\">\n\t\t\t\t\t\t\t\t\t<div class=\"flex_column av_one_full  flex_column_div av-zero-column-padding first  avia-builder-el-2  el_after_av_hr  el_before_av_player  \"><section class=\"av_textblock_section \"><div class=\"avia_textblock  \"><h3 style=\"text-align: center;\">Himno Nacional (Actual)<\/h3><p style=\"text-align: center;\"><strong>CORO<\/strong><\/p><div class=\"text-center\"><p style=\"text-align: center;\">Alcanzamos por fin la victoria<br \/>En el campo feliz de la uni\u00f3n;<br \/>Con ardientes fulgores de gloria<br \/>Se ilumina la nueva naci\u00f3n.<\/p><p style=\"text-align: center;\"><strong>ESTROFAS<\/strong><\/p><p style=\"text-align: center;\">Es preciso cubrir con un velo<br \/>Del pasado el calvario y la cruz;<br \/>Y que adorne el azul de tu cielo<br \/>De concordia la espl\u00e9ndida luz.<\/p><p style=\"text-align: center;\">El progreso acaricia tus lares.<br \/>Al comp\u00e1s de sublime canci\u00f3n,<br \/>Ves rugir a tus pies ambos mares<br \/>Que dan rumbo a tu noble misi\u00f3n.<\/p><p style=\"text-align: center;\"><strong>(Coro)<\/strong><\/p><p style=\"text-align: center;\">En tu suelo cubierto de flores<br \/>A los besos del tibio terral,<br \/>Terminaron guerreros fragores;<br \/>S\u00f3lo reina el amor fraternal.<\/p><p style=\"text-align: center;\">Adelante la pica y la pala,<br \/>Al trabajo sin m\u00e1s dilaci\u00f3n,<br \/>Y seremos as\u00ed prez y gala<br \/>De este mundo feraz de Col\u00f3n.<\/p><p style=\"text-align: center;\"><strong>(Coro)<\/strong><\/p><\/div><\/div><\/section><\/div>\t\t\t\t\t\t\t\t<\/div>\n\t\t\t\t<\/div>\n\t\t\t\t\t<\/div>\n\t\t<\/div>\n\t\t\t\t\t<\/div>\n\t\t<\/section>\n\t\t\t\t<section class=\"elementor-section elementor-top-section elementor-element elementor-element-1d353bc elementor-section-boxed elementor-section-height-default elementor-section-height-default\" data-id=\"1d353bc\" data-element_type=\"section\" data-e-type=\"section\">\n\t\t\t\t\t\t<div class=\"elementor-container elementor-column-gap-default\">\n\t\t\t\t\t<div class=\"elementor-column elementor-col-100 elementor-top-column elementor-element elementor-element-121a3f4\" data-id=\"121a3f4\" data-element_type=\"column\" data-e-type=\"column\">\n\t\t\t<div class=\"elementor-widget-wrap elementor-element-populated\">\n\t\t\t\t\t\t<div class=\"elementor-element elementor-element-e13fbfe elementor-widget-divider--view-line_icon elementor-view-default elementor-widget-divider--element-align-center elementor-widget elementor-widget-divider\" data-id=\"e13fbfe\" data-element_type=\"widget\" data-e-type=\"widget\" data-widget_type=\"divider.default\">\n\t\t\t\t<div class=\"elementor-widget-container\">\n\t\t\t\t\t\t\t<div class=\"elementor-divider\">\n\t\t\t<span class=\"elementor-divider-separator\">\n\t\t\t\t\t\t\t<div class=\"elementor-icon elementor-divider__element\">\n\t\t\t\t\t<i aria-hidden=\"true\" class=\"fab fa-font-awesome-flag\"><\/i><\/div>\n\t\t\t\t\t\t<\/span>\n\t\t<\/div>\n\t\t\t\t\t\t<\/div>\n\t\t\t\t<\/div>\n\t\t\t\t\t<\/div>\n\t\t<\/div>\n\t\t\t\t\t<\/div>\n\t\t<\/section>\n\t\t\t\t<section class=\"elementor-section elementor-top-section elementor-element elementor-element-e4289d3 elementor-section-boxed elementor-section-height-default elementor-section-height-default\" data-id=\"e4289d3\" data-element_type=\"section\" data-e-type=\"section\">\n\t\t\t\t\t\t<div class=\"elementor-container elementor-column-gap-default\">\n\t\t\t\t\t<div class=\"elementor-column elementor-col-50 elementor-top-column elementor-element elementor-element-5370ea7\" data-id=\"5370ea7\" data-element_type=\"column\" data-e-type=\"column\">\n\t\t\t<div class=\"elementor-widget-wrap elementor-element-populated\">\n\t\t\t\t\t\t<div class=\"elementor-element elementor-element-a91d42b elementor-widget elementor-widget-heading\" data-id=\"a91d42b\" data-element_type=\"widget\" data-e-type=\"widget\" data-widget_type=\"heading.default\">\n\t\t\t\t<div class=\"elementor-widget-container\">\n\t\t\t\t\t<h5 class=\"elementor-heading-title elementor-size-default\">Saludo al Presidente - Banda Republicana<\/h5>\t\t\t\t<\/div>\n\t\t\t\t<\/div>\n\t\t\t\t<div class=\"elementor-element elementor-element-88ce635 elementor-widget elementor-widget-wp-widget-media_audio\" data-id=\"88ce635\" data-element_type=\"widget\" data-e-type=\"widget\" data-widget_type=\"wp-widget-media_audio.default\">\n\t\t\t\t<div class=\"elementor-widget-container\">\n\t\t\t\t\t<audio class=\"wp-audio-shortcode\" id=\"audio-109-1\" preload=\"none\" style=\"width: 100%;\" controls=\"controls\"><source type=\"audio\/mpeg\" src=\"https:\/\/www.mingob.gob.pa\/simbolosdelanacion\/wp-content\/uploads\/sites\/24\/2020\/12\/B.Republicana-SaludoalPresidente.mp3?_=1\" \/><source type=\"audio\/mpeg\" src=\"https:\/\/www.mingob.gob.pa\/simbolosdelanacion\/wp-content\/uploads\/sites\/24\/2020\/12\/B.Republicana-SaludoalPresidente.mp3?_=1\" \/><a href=\"https:\/\/www.mingob.gob.pa\/simbolosdelanacion\/wp-content\/uploads\/sites\/24\/2020\/12\/B.Republicana-SaludoalPresidente.mp3\">https:\/\/www.mingob.gob.pa\/simbolosdelanacion\/wp-content\/uploads\/sites\/24\/2020\/12\/B.Republicana-SaludoalPresidente.mp3<\/a><\/audio>\t\t\t\t<\/div>\n\t\t\t\t<\/div>\n\t\t\t\t\t<\/div>\n\t\t<\/div>\n\t\t\t\t<div class=\"elementor-column elementor-col-50 elementor-top-column elementor-element elementor-element-3656856\" data-id=\"3656856\" data-element_type=\"column\" data-e-type=\"column\">\n\t\t\t<div class=\"elementor-widget-wrap elementor-element-populated\">\n\t\t\t\t\t\t<div class=\"elementor-element elementor-element-ca7cc7b elementor-widget elementor-widget-heading\" data-id=\"ca7cc7b\" data-element_type=\"widget\" data-e-type=\"widget\" data-widget_type=\"heading.default\">\n\t\t\t\t<div class=\"elementor-widget-container\">\n\t\t\t\t\t<h5 class=\"elementor-heading-title elementor-size-default\">Himno Nacional (Coro y Orquesta) - Orquesta Sinf\u00f3nica de Panam\u00e1<\/h5>\t\t\t\t<\/div>\n\t\t\t\t<\/div>\n\t\t\t\t<div class=\"elementor-element elementor-element-70052a9 elementor-widget elementor-widget-wp-widget-media_audio\" data-id=\"70052a9\" data-element_type=\"widget\" data-e-type=\"widget\" data-widget_type=\"wp-widget-media_audio.default\">\n\t\t\t\t<div class=\"elementor-widget-container\">\n\t\t\t\t\t<audio class=\"wp-audio-shortcode\" id=\"audio-109-2\" preload=\"none\" style=\"width: 100%;\" controls=\"controls\"><source type=\"audio\/mpeg\" src=\"https:\/\/www.mingob.gob.pa\/simbolosdelanacion\/wp-content\/uploads\/sites\/24\/2020\/12\/B.Republicana-SaludoalPresidente.mp3?_=2\" \/><source type=\"audio\/mpeg\" src=\"https:\/\/www.mingob.gob.pa\/simbolosdelanacion\/wp-content\/uploads\/sites\/24\/2020\/12\/B.Republicana-SaludoalPresidente.mp3?_=2\" \/><a href=\"https:\/\/www.mingob.gob.pa\/simbolosdelanacion\/wp-content\/uploads\/sites\/24\/2020\/12\/B.Republicana-SaludoalPresidente.mp3\">https:\/\/www.mingob.gob.pa\/simbolosdelanacion\/wp-content\/uploads\/sites\/24\/2020\/12\/B.Republicana-SaludoalPresidente.mp3<\/a><\/audio>\t\t\t\t<\/div>\n\t\t\t\t<\/div>\n\t\t\t\t\t<\/div>\n\t\t<\/div>\n\t\t\t\t\t<\/div>\n\t\t<\/section>\n\t\t\t\t<section class=\"elementor-section elementor-top-section elementor-element elementor-element-2c73605 elementor-section-boxed elementor-section-height-default elementor-section-height-default\" data-id=\"2c73605\" data-element_type=\"section\" data-e-type=\"section\">\n\t\t\t\t\t\t<div class=\"elementor-container elementor-column-gap-default\">\n\t\t\t\t\t<div class=\"elementor-column elementor-col-50 elementor-top-column elementor-element elementor-element-bb79766\" data-id=\"bb79766\" data-element_type=\"column\" data-e-type=\"column\">\n\t\t\t<div class=\"elementor-widget-wrap elementor-element-populated\">\n\t\t\t\t\t\t<div class=\"elementor-element elementor-element-b32cfcf elementor-widget elementor-widget-heading\" data-id=\"b32cfcf\" data-element_type=\"widget\" data-e-type=\"widget\" data-widget_type=\"heading.default\">\n\t\t\t\t<div class=\"elementor-widget-container\">\n\t\t\t\t\t<h5 class=\"elementor-heading-title elementor-size-default\">Himno Nacional (Piano y Voz) - Leonardo y Thyanne Durham<\/h5>\t\t\t\t<\/div>\n\t\t\t\t<\/div>\n\t\t\t\t<div class=\"elementor-element elementor-element-3323ca8 elementor-widget elementor-widget-wp-widget-media_audio\" data-id=\"3323ca8\" data-element_type=\"widget\" data-e-type=\"widget\" data-widget_type=\"wp-widget-media_audio.default\">\n\t\t\t\t<div class=\"elementor-widget-container\">\n\t\t\t\t\t<audio class=\"wp-audio-shortcode\" id=\"audio-109-3\" preload=\"none\" style=\"width: 100%;\" controls=\"controls\"><source type=\"audio\/mpeg\" src=\"https:\/\/www.mingob.gob.pa\/simbolosdelanacion\/wp-content\/uploads\/sites\/24\/2021\/08\/HIMNO_SINFONICO_INST.mp3?_=3\" \/><source type=\"audio\/mpeg\" src=\"https:\/\/www.mingob.gob.pa\/simbolosdelanacion\/wp-content\/uploads\/sites\/24\/2021\/08\/HIMNO_SINFONICO_INST.mp3?_=3\" \/><a href=\"https:\/\/www.mingob.gob.pa\/simbolosdelanacion\/wp-content\/uploads\/sites\/24\/2021\/08\/HIMNO_SINFONICO_INST.mp3\">https:\/\/www.mingob.gob.pa\/simbolosdelanacion\/wp-content\/uploads\/sites\/24\/2021\/08\/HIMNO_SINFONICO_INST.mp3<\/a><\/audio>\t\t\t\t<\/div>\n\t\t\t\t<\/div>\n\t\t\t\t\t<\/div>\n\t\t<\/div>\n\t\t\t\t<div class=\"elementor-column elementor-col-50 elementor-top-column elementor-element elementor-element-8a2f52d\" data-id=\"8a2f52d\" data-element_type=\"column\" data-e-type=\"column\">\n\t\t\t<div class=\"elementor-widget-wrap elementor-element-populated\">\n\t\t\t\t\t\t<div class=\"elementor-element elementor-element-67018e0 elementor-widget elementor-widget-heading\" data-id=\"67018e0\" data-element_type=\"widget\" data-e-type=\"widget\" data-widget_type=\"heading.default\">\n\t\t\t\t<div class=\"elementor-widget-container\">\n\t\t\t\t\t<h5 class=\"elementor-heading-title elementor-size-default\">Himno Nacional (Instrumental) - Orquesta Sinf\u00f3nica de Panam\u00e1<\/h5>\t\t\t\t<\/div>\n\t\t\t\t<\/div>\n\t\t\t\t<div class=\"elementor-element elementor-element-11b4198 elementor-widget elementor-widget-wp-widget-media_audio\" data-id=\"11b4198\" data-element_type=\"widget\" data-e-type=\"widget\" data-widget_type=\"wp-widget-media_audio.default\">\n\t\t\t\t<div class=\"elementor-widget-container\">\n\t\t\t\t\t<audio class=\"wp-audio-shortcode\" id=\"audio-109-4\" preload=\"none\" style=\"width: 100%;\" controls=\"controls\"><source type=\"audio\/mpeg\" src=\"https:\/\/www.mingob.gob.pa\/simbolosdelanacion\/wp-content\/uploads\/sites\/24\/2021\/08\/HIMNO-PIANO-Y-VOZ.mp3?_=4\" \/><source type=\"audio\/mpeg\" src=\"https:\/\/www.mingob.gob.pa\/simbolosdelanacion\/wp-content\/uploads\/sites\/24\/2021\/08\/HIMNO-PIANO-Y-VOZ.mp3?_=4\" \/><a href=\"https:\/\/www.mingob.gob.pa\/simbolosdelanacion\/wp-content\/uploads\/sites\/24\/2021\/08\/HIMNO-PIANO-Y-VOZ.mp3\">https:\/\/www.mingob.gob.pa\/simbolosdelanacion\/wp-content\/uploads\/sites\/24\/2021\/08\/HIMNO-PIANO-Y-VOZ.mp3<\/a><\/audio>\t\t\t\t<\/div>\n\t\t\t\t<\/div>\n\t\t\t\t\t<\/div>\n\t\t<\/div>\n\t\t\t\t\t<\/div>\n\t\t<\/section>\n\t\t\t\t<section class=\"elementor-section elementor-top-section elementor-element elementor-element-74b0a1f elementor-section-boxed elementor-section-height-default elementor-section-height-default\" data-id=\"74b0a1f\" data-element_type=\"section\" data-e-type=\"section\">\n\t\t\t\t\t\t<div class=\"elementor-container elementor-column-gap-default\">\n\t\t\t\t\t<div class=\"elementor-column elementor-col-100 elementor-top-column elementor-element elementor-element-b879164\" data-id=\"b879164\" data-element_type=\"column\" data-e-type=\"column\">\n\t\t\t<div class=\"elementor-widget-wrap elementor-element-populated\">\n\t\t\t\t\t\t<div class=\"elementor-element elementor-element-90dc524 elementor-widget-divider--view-line elementor-widget elementor-widget-divider\" data-id=\"90dc524\" data-element_type=\"widget\" data-e-type=\"widget\" data-widget_type=\"divider.default\">\n\t\t\t\t<div class=\"elementor-widget-container\">\n\t\t\t\t\t\t\t<div class=\"elementor-divider\">\n\t\t\t<span class=\"elementor-divider-separator\">\n\t\t\t\t\t\t<\/span>\n\t\t<\/div>\n\t\t\t\t\t\t<\/div>\n\t\t\t\t<\/div>\n\t\t\t\t\t<\/div>\n\t\t<\/div>\n\t\t\t\t\t<\/div>\n\t\t<\/section>\n\t\t\t\t<\/div>\n\t\t","protected":false},"excerpt":{"rendered":"<p>Uso y Prohibiciones El Himno Nacional se compone de la m\u00fasica, creada por Santos Jorge Amatriaim y la letra por [&hellip;]<\/p>\n","protected":false},"author":5,"featured_media":0,"parent":0,"menu_order":0,"comment_status":"closed","ping_status":"closed","template":"","meta":{"site-sidebar-layout":"default","site-content-layout":"","ast-site-content-layout":"default","site-content-style":"default","site-sidebar-style":"default","ast-global-header-display":"","ast-banner-title-visibility":"","ast-main-header-display":"","ast-hfb-above-header-display":"","ast-hfb-below-header-display":"","ast-hfb-mobile-header-display":"","site-post-title":"","ast-breadcrumbs-content":"","ast-featured-img":"","footer-sml-layout":"","ast-disable-related-posts":"","theme-transparent-header-meta":"","adv-header-id-meta":"","stick-header-meta":"","header-above-stick-meta":"","header-main-stick-meta":"","header-below-stick-meta":"","astra-migrate-meta-layouts":"default","ast-page-background-enabled":"default","ast-page-background-meta":{"desktop":{"background-color":"var(--ast-global-color-5)","background-image":"","background-repeat":"repeat","background-position":"center center","background-size":"auto","background-attachment":"scroll","background-type":"","background-media":"","overlay-type":"","overlay-color":"","overlay-opacity":"","overlay-gradient":""},"tablet":{"background-color":"","background-image":"","background-repeat":"repeat","background-position":"center center","background-size":"auto","background-attachment":"scroll","background-type":"","background-media":"","overlay-type":"","overlay-color":"","overlay-opacity":"","overlay-gradient":""},"mobile":{"background-color":"","background-image":"","background-repeat":"repeat","background-position":"center center","background-size":"auto","background-attachment":"scroll","background-type":"","background-media":"","overlay-type":"","overlay-color":"","overlay-opacity":"","overlay-gradient":""}},"ast-content-background-meta":{"desktop":{"background-color":"var(--ast-global-color-4)","background-image":"","background-repeat":"repeat","background-position":"center center","background-size":"auto","background-attachment":"scroll","background-type":"","background-media":"","overlay-type":"","overlay-color":"","overlay-opacity":"","overlay-gradient":""},"tablet":{"background-color":"var(--ast-global-color-4)","background-image":"","background-repeat":"repeat","background-position":"center center","background-size":"auto","background-attachment":"scroll","background-type":"","background-media":"","overlay-type":"","overlay-color":"","overlay-opacity":"","overlay-gradient":""},"mobile":{"background-color":"var(--ast-global-color-4)","background-image":"","background-repeat":"repeat","background-position":"center center","background-size":"auto","background-attachment":"scroll","background-type":"","background-media":"","overlay-type":"","overlay-color":"","overlay-opacity":"","overlay-gradient":""}},"footnotes":""},"class_list":["post-109","page","type-page","status-publish","hentry"],"_links":{"self":[{"href":"https:\/\/www.mingob.gob.pa\/simbolosdelanacion\/wp-json\/wp\/v2\/pages\/109","targetHints":{"allow":["GET"]}}],"collection":[{"href":"https:\/\/www.mingob.gob.pa\/simbolosdelanacion\/wp-json\/wp\/v2\/pages"}],"about":[{"href":"https:\/\/www.mingob.gob.pa\/simbolosdelanacion\/wp-json\/wp\/v2\/types\/page"}],"author":[{"embeddable":true,"href":"https:\/\/www.mingob.gob.pa\/simbolosdelanacion\/wp-json\/wp\/v2\/users\/5"}],"replies":[{"embeddable":true,"href":"https:\/\/www.mingob.gob.pa\/simbolosdelanacion\/wp-json\/wp\/v2\/comments?post=109"}],"version-history":[{"count":5,"href":"https:\/\/www.mingob.gob.pa\/simbolosdelanacion\/wp-json\/wp\/v2\/pages\/109\/revisions"}],"predecessor-version":[{"id":1779,"href":"https:\/\/www.mingob.gob.pa\/simbolosdelanacion\/wp-json\/wp\/v2\/pages\/109\/revisions\/1779"}],"wp:attachment":[{"href":"https:\/\/www.mingob.gob.pa\/simbolosdelanacion\/wp-json\/wp\/v2\/media?parent=109"}],"curies":[{"name":"wp","href":"https:\/\/api.w.org\/{rel}","templated":true}]}}