{"id":98,"date":"2017-09-12T17:34:42","date_gmt":"2017-09-12T17:34:42","guid":{"rendered":"http:\/\/www.mingob.gob.pa\/onpar\/?page_id=98"},"modified":"2025-11-18T17:02:40","modified_gmt":"2025-11-18T17:02:40","slug":"salud","status":"publish","type":"page","link":"https:\/\/www.mingob.gob.pa\/onpar\/salud\/","title":{"rendered":"Salud"},"content":{"rendered":"\t\t<div data-elementor-type=\"wp-page\" data-elementor-id=\"98\" class=\"elementor elementor-98\">\n\t\t\t\t\t\t<section class=\"elementor-section elementor-top-section elementor-element elementor-element-5901991 elementor-section-boxed elementor-section-height-default elementor-section-height-default\" data-id=\"5901991\" data-element_type=\"section\" data-e-type=\"section\">\n\t\t\t\t\t\t<div class=\"elementor-container elementor-column-gap-default\">\n\t\t\t\t\t<div class=\"elementor-column elementor-col-100 elementor-top-column elementor-element elementor-element-a51b47b\" data-id=\"a51b47b\" data-element_type=\"column\" data-e-type=\"column\">\n\t\t\t<div class=\"elementor-widget-wrap elementor-element-populated\">\n\t\t\t\t\t\t<div class=\"elementor-element elementor-element-f97c29d elementor-widget elementor-widget-text-editor\" data-id=\"f97c29d\" data-element_type=\"widget\" data-e-type=\"widget\" data-widget_type=\"text-editor.default\">\n\t\t\t\t<div class=\"elementor-widget-container\">\n\t\t\t\t\t\t\t\t\t<p style=\"text-align: justify;\">La Constituci\u00f3n paname\u00f1a establece en su art\u00edculo 105, que cualquier persona, sin importar su estatus legal, puede acceder en Panam\u00e1 a los servicios m\u00e9dicos p\u00fablicos y privados.<\/p><p style=\"text-align: justify;\">En Panam\u00e1 existen centros de salud en cada corregimiento, donde solicitantes de la condici\u00f3n de refugiado y las personas refugiadas pueden acudir.<\/p><p style=\"text-align: justify;\">Los centros de salud brindan por lo general atenci\u00f3n m\u00e9dica para los ex\u00e1menes generales, vacunaciones, servicios de odontolog\u00eda, ginecolog\u00eda, medicina general y pediatr\u00eda.<\/p><p style=\"text-align: justify;\">Los servicios de salud no son gratuitos, aunque son accesibles. Los solicitantes de la condici\u00f3n de refugiado y las personas refugiadas deben pagar los mismos costos que las personas paname\u00f1as por dichos servicios, sin discriminaci\u00f3n.<\/p><p style=\"text-align: justify;\"><em><strong>Atenci\u00f3n Psicosocial<\/strong><\/em><\/p><p style=\"text-align: justify;\">Algunas organizaciones como RET Internacional, Cruz Roja Paname\u00f1a \u2013 CRP y HIAS, que trabajan con solicitantes de la condici\u00f3n de refugiado y personas refugiadas y, brindan atenci\u00f3n psicosocial para mejorar el bienestar integral de las personas. Esta asistencia incluye terapias individuales, grupales y familiares, con profesionales de la psicolog\u00eda.<\/p>\t\t\t\t\t\t\t\t<\/div>\n\t\t\t\t<\/div>\n\t\t\t\t\t<\/div>\n\t\t<\/div>\n\t\t\t\t\t<\/div>\n\t\t<\/section>\n\t\t\t\t<\/div>\n\t\t","protected":false},"excerpt":{"rendered":"<p>La Constituci\u00f3n paname\u00f1a establece en su art\u00edculo 105, que cualquier persona, sin importar su estatus legal, puede acceder en Panam\u00e1 [&hellip;]<\/p>\n","protected":false},"author":5,"featured_media":0,"parent":0,"menu_order":0,"comment_status":"closed","ping_status":"closed","template":"","meta":{"site-sidebar-layout":"default","site-content-layout":"","ast-site-content-layout":"default","site-content-style":"default","site-sidebar-style":"default","ast-global-header-display":"","ast-banner-title-visibility":"","ast-main-header-display":"","ast-hfb-above-header-display":"","ast-hfb-below-header-display":"","ast-hfb-mobile-header-display":"","site-post-title":"","ast-breadcrumbs-content":"","ast-featured-img":"","footer-sml-layout":"","ast-disable-related-posts":"","theme-transparent-header-meta":"","adv-header-id-meta":"","stick-header-meta":"","header-above-stick-meta":"","header-main-stick-meta":"","header-below-stick-meta":"","astra-migrate-meta-layouts":"default","ast-page-background-enabled":"default","ast-page-background-meta":{"desktop":{"background-color":"var(--ast-global-color-5)","background-image":"","background-repeat":"repeat","background-position":"center center","background-size":"auto","background-attachment":"scroll","background-type":"","background-media":"","overlay-type":"","overlay-color":"","overlay-opacity":"","overlay-gradient":""},"tablet":{"background-color":"","background-image":"","background-repeat":"repeat","background-position":"center center","background-size":"auto","background-attachment":"scroll","background-type":"","background-media":"","overlay-type":"","overlay-color":"","overlay-opacity":"","overlay-gradient":""},"mobile":{"background-color":"","background-image":"","background-repeat":"repeat","background-position":"center center","background-size":"auto","background-attachment":"scroll","background-type":"","background-media":"","overlay-type":"","overlay-color":"","overlay-opacity":"","overlay-gradient":""}},"ast-content-background-meta":{"desktop":{"background-color":"var(--ast-global-color-4)","background-image":"","background-repeat":"repeat","background-position":"center center","background-size":"auto","background-attachment":"scroll","background-type":"","background-media":"","overlay-type":"","overlay-color":"","overlay-opacity":"","overlay-gradient":""},"tablet":{"background-color":"var(--ast-global-color-4)","background-image":"","background-repeat":"repeat","background-position":"center center","background-size":"auto","background-attachment":"scroll","background-type":"","background-media":"","overlay-type":"","overlay-color":"","overlay-opacity":"","overlay-gradient":""},"mobile":{"background-color":"var(--ast-global-color-4)","background-image":"","background-repeat":"repeat","background-position":"center center","background-size":"auto","background-attachment":"scroll","background-type":"","background-media":"","overlay-type":"","overlay-color":"","overlay-opacity":"","overlay-gradient":""}},"footnotes":""},"class_list":["post-98","page","type-page","status-publish","hentry"],"rttpg_featured_image_url":null,"rttpg_author":{"display_name":"Administrador Web","author_link":"https:\/\/www.mingob.gob.pa\/onpar\/author\/nbarrios\/"},"rttpg_comment":0,"rttpg_category":null,"rttpg_excerpt":"La Constituci\u00f3n paname\u00f1a establece en su art\u00edculo 105, que cualquier persona, sin importar su estatus legal, puede acceder en Panam\u00e1 [&hellip;]","_links":{"self":[{"href":"https:\/\/www.mingob.gob.pa\/onpar\/wp-json\/wp\/v2\/pages\/98","targetHints":{"allow":["GET"]}}],"collection":[{"href":"https:\/\/www.mingob.gob.pa\/onpar\/wp-json\/wp\/v2\/pages"}],"about":[{"href":"https:\/\/www.mingob.gob.pa\/onpar\/wp-json\/wp\/v2\/types\/page"}],"author":[{"embeddable":true,"href":"https:\/\/www.mingob.gob.pa\/onpar\/wp-json\/wp\/v2\/users\/5"}],"replies":[{"embeddable":true,"href":"https:\/\/www.mingob.gob.pa\/onpar\/wp-json\/wp\/v2\/comments?post=98"}],"version-history":[{"count":5,"href":"https:\/\/www.mingob.gob.pa\/onpar\/wp-json\/wp\/v2\/pages\/98\/revisions"}],"predecessor-version":[{"id":3706,"href":"https:\/\/www.mingob.gob.pa\/onpar\/wp-json\/wp\/v2\/pages\/98\/revisions\/3706"}],"wp:attachment":[{"href":"https:\/\/www.mingob.gob.pa\/onpar\/wp-json\/wp\/v2\/media?parent=98"}],"curies":[{"name":"wp","href":"https:\/\/api.w.org\/{rel}","templated":true}]}}