{"id":3432,"date":"2024-01-29T18:23:15","date_gmt":"2024-01-29T18:23:15","guid":{"rendered":"https:\/\/www.mingob.gob.pa\/onpar\/?page_id=3432"},"modified":"2024-01-29T18:23:15","modified_gmt":"2024-01-29T18:23:15","slug":"declaracion-de-privacidad","status":"publish","type":"page","link":"https:\/\/www.mingob.gob.pa\/onpar\/declaracion-de-privacidad\/","title":{"rendered":"Declaraci\u00f3n de Privacidad"},"content":{"rendered":"<h2 style=\"text-align: justify;\"><strong>Limitaci\u00f3n de Responsabilidad\u00a0<\/strong><\/h2>\n<p style=\"text-align: justify;\">El uso responsable de la informaci\u00f3n y las im\u00e1genes mostradas en este sitio web, queda sujeto al manejo responsable por parte de los usuarios, quienes deben aceptar que los documentos publicados no se constituyen, por si solos, como documentos de car\u00e1cter oficial.<\/p>\n<p style=\"text-align: justify;\">En consecuencia, el Gobierno de la Rep\u00fablica de Panam\u00e1 no se hace responsable y rechaza cualquier reclamo por cualquier p\u00e9rdida, da\u00f1o o perjuicio econ\u00f3mico, de cualquier naturaleza, ya sea directo o por consecuencia, que pudiera sufrir o que pudiera ser atribuible, directa o indirectamente, como resultado del uso o confianza respecto a cualquier informaci\u00f3n, enlaces o servicios brindados a trav\u00e9s de este sitio web.<\/p>\n<p style=\"text-align: justify;\">Al utilizar este sitio, el usuario debe tener en consideraci\u00f3n que la informaci\u00f3n que se pone a disposici\u00f3n proviene de fuentes confiables que en muchos casos han sido consultadas a trav\u00e9s de Internet que podr\u00edan no estar disponibles en alg\u00fan momento, por lo que no siempre es posible verificar dicha informaci\u00f3n o que pudieron ser modificadas despu\u00e9s de su inserci\u00f3n en este sitio. Por lo anterior el Gobierno de la Rep\u00fablica de Panam\u00e1, no asume responsabilidad por permanencia de algunas de las fuentes en Internet, ni por las modificaciones que la informaci\u00f3n as\u00ed obtenida haya podido sufrir e insta al usuario a verificar la informaci\u00f3n mostrada en este sitio con las fuentes originales.<\/p>\n<p>&nbsp;<\/p>\n<p style=\"text-align: justify;\"><strong>Pol\u00edtica de Privacidad y Seguridad<\/strong><br \/>\nRespetamos y estamos comprometidos en la protecci\u00f3n de su privacidad. Esta es la raz\u00f3n por la que adoptamos esta Pol\u00edtica de Privacidad. Esta Pol\u00edtica de Privacidad le permite conocer c\u00f3mo se procesa y utiliza su informaci\u00f3n personal. Las siguientes pol\u00edticas s\u00f3lo tienen efecto en las p\u00e1ginas Web que son propiedad, \u00f3 que son operadas por el Gobierno de la Rep\u00fablica de Panam\u00e1.<\/p>\n<p>&nbsp;<\/p>\n<p style=\"text-align: justify;\"><strong>\u00bfQu\u00e9 informaci\u00f3n est\u00e1 siendo colectada y c\u00f3mo se est\u00e1 colectando?<\/strong><br \/>\nA cada computadora conectada al Internet se le da un nombre de dominio y un conjunto de n\u00fameros que sirven como la direcci\u00f3n IP (\u201cInternet Protocol\u201d). Cuando un visitante solicita una p\u00e1gina desde cualquier sitio Web del gobierno, nuestros servidores reconocen autom\u00e1ticamente el dominio y la direcci\u00f3n IP del visitante. El nombre del dominio y la direcci\u00f3n IP no revela informaci\u00f3n personal m\u00e1s all\u00e1 de la direcci\u00f3n IP de la cual usted entr\u00f3 a nuestro sitio. Nosotros utilizamos esta informaci\u00f3n para examinar el tr\u00e1fico de manera agregada, pero no colectamos ni evaluamos esta informaci\u00f3n de manera individual. Nuestros servidores Web no registran la direcci\u00f3n de correo de nuestros visitantes.<\/p>\n<p>&nbsp;<\/p>\n<p style=\"text-align: justify;\"><strong>\u00bfQu\u00e9 son Cookies?<\/strong><br \/>\nDe cuando en cuando, los sitios del gobierno pueden enviar un \u201ccookie\u201d a su computadora. Un \u201ccookie\u201d es un conjunto de datos enviados al navegador (\u201cbrowser\u201d) de su computadora por una aplicaci\u00f3n Web y que se almacena en el disco de su m\u00e1quina. Un \u201ccookie\u201d no puede leer datos del disco duro de su m\u00e1quina, ni los datos de ning\u00fan otro \u201ccookie\u201d creado por otro sitio Web. Un \u201ccookie\u201d no puede da\u00f1ar su sistema. Usted puede optar por aceptar \u201ccookies\u201d o rechazarlos cambiando la configuraci\u00f3n de su navegador. Puede configurar el navegador para que rechace todos los \u201ccookies\u201d o para que el navegador le indique cuando se env\u00eda un \u201ccookie.\u201d Si usted decide no aceptar los \u201ccookies\u201d, su experiencia navegando en nuestros sitios puede verse limitada y algunas caracter\u00edsticas pueden no funcionar como se pretende.<\/p>\n<p>&nbsp;<\/p>\n<p style=\"text-align: justify;\"><strong>\u00bfQu\u00e9 otra informaci\u00f3n se solicita?<\/strong><br \/>\nPodemos solicitar la direcci\u00f3n de correo electr\u00f3nico o direcci\u00f3n postal con el prop\u00f3sito de realizar encuestas o brindar servicios adicionales (por ejemplo, subscripciones a noticias electr\u00f3nicas, anuncios o informaci\u00f3n sobre actividades). Cuando quiera que solicitemos la identidad del visitante, indicaremos claramente el prop\u00f3sito de la consulta antes de solicitar la informaci\u00f3n. Seguimos una estricta pol\u00edtica \u201cde No SPAM\u201d que significa que no pretendemos vender, rentar, o entregar la informaci\u00f3n de direcci\u00f3n electr\u00f3nica a terceras personas, sin el consentimiento del visitante.<\/p>\n<p>&nbsp;<\/p>\n<p style=\"text-align: justify;\"><strong>\u00bfEntregan la\u00a0 informaci\u00f3n que se\u00a0 colecta a terceros?<\/strong><br \/>\nEl gobierno de Panam\u00e1 entregar\u00e1 su informaci\u00f3n personal cuando lo soliciten las autoridades judiciales o de buena fe cuando consideremos que la acci\u00f3n sea necesaria para:<\/p>\n<p style=\"text-align: justify;\">Cumplir con los mandatos de ley o con procesos legales en la Rep\u00fablica de Panam\u00e1. Defender los derechos de propiedad del Gobierno de la Rep\u00fablica de Panam\u00e1 y de los visitantes a los sitios web del Gobierno de Panam\u00e1. Identificar personas que pudieran haber violado las leyes o los derechos de terceras personas. Cooperar con\u00a0 investigaciones de actividades aparentemente ilegales. El Gobierno de Panam\u00e1 mantiene precauciones para mantener segura la informaci\u00f3n recibida de los ciudadanos. Adicionalmente, no nos hacemos responsables por ninguna brecha de seguridad\u00a0 o por ninguna acci\u00f3n de terceros relacionada a la recepci\u00f3n de la informaci\u00f3n.<\/p>\n<p>&nbsp;<\/p>\n<p style=\"text-align: justify;\"><strong>\u00bfQu\u00e9 m\u00e1s deber\u00eda saber acerca de mi privacidad en l\u00ednea?<br \/>\n<\/strong>Las p\u00e1ginas del Gobierno de Panam\u00e1 pueden contener v\u00ednculos a otros sitios web no oficiales. El Gobierno de Panam\u00e1 no es responsable de las pr\u00e1cticas de privacidad o del contenido de dichos sitios web. El Gobierno de Panam\u00e1 no comparte informaci\u00f3n personal individual que usted haya proporcionado \u00a0con los sitios a los que tiene sus v\u00ednculos, no obstante, el Gobierno de Panam\u00e1 puede compartir datos estad\u00edsticos con estos sitios (como por ejemplo, cu\u00e1ntas personas utilizan su sitio). Por favor verificar con estos sitios para determinar sus pol\u00edticas de privacidad. En adici\u00f3n tomar en cuenta que en cualquier momento usted puede voluntariamente revelar informaci\u00f3n en l\u00ednea (por ejemplo a trav\u00e9s de e-mail, lista de discusiones, foros, etc.) esa informaci\u00f3n pudieran ser recopilada y utilizada por otros.<\/p>\n<h3 style=\"text-align: justify;\"><strong><br \/>\nCondiciones de Uso\u00a0<\/strong><\/h3>\n<p style=\"text-align: justify;\">Todos los derechos, incluidos los de Propiedad Intelectual, respecto de las p\u00e1ginas web de este sitio pertenecen al Gobierno de la Rep\u00fablica de Panam\u00e1. Al acceder a \u00e9l, el usuario tiene el derecho de revisar toda la informaci\u00f3n que requiera en forma totalmente gratuita.<\/p>\n<p style=\"text-align: justify;\">Se autoriza la reproducci\u00f3n total o parcial, en medios electr\u00f3nicos y\/o impresos, del contenido de las p\u00e1ginas web mostradas en este sitio, siempre que el usuario cite la fuente de procedencia de la informaci\u00f3n. Se solicita enviar aviso por correo electr\u00f3nico a (direcci\u00f3n electr\u00f3nica del webmaster de la instituci\u00f3n)<u><\/u>. S\u00f3lo se podr\u00e1 hacer uso materiales promocionales u otros medios, de la informaci\u00f3n obtenida en este sitio, con el permiso por escrito de parte del Gobierno de la Rep\u00fablica de Panam\u00e1, a trav\u00e9s de la instituci\u00f3n que facilita la informaci\u00f3n.<\/p>\n<p style=\"text-align: justify;\">El contenido de la informaci\u00f3n suministrada en este sitio web es de car\u00e1cter p\u00fablico y se pone a disposici\u00f3n de ciudadanos y funcionarios p\u00fablicos en forma abierta y gratuita, con la finalidad de proporcionar mayor cantidad y calidad de informaci\u00f3n sobre la Rep\u00fablica de Panam\u00e1 en Internet. Est\u00e1 prohibida la venta o comercializaci\u00f3n de los contenidos, documentos o cualquier parte de la informaci\u00f3n contenida en el sitio, as\u00ed como la informaci\u00f3n obtenida de consultas o b\u00fasquedas en el sitio cuya intenci\u00f3n es ponerla a disposici\u00f3n de personas naturales o empresas que deseen consultar sus datos asociados, al igual que est\u00e1 terminantemente prohibido el levantado de datos para construir bases de datos externas, as\u00ed como el uso de \u201crobots\u201d, aplicaciones u entre otras herramientas cuyo objeto contraviene el esp\u00edritu para lo cual la informaci\u00f3n de datos privados est\u00e1 disponible para consultas individuales.<\/p>\n","protected":false},"excerpt":{"rendered":"<p>Limitaci\u00f3n de Responsabilidad\u00a0 El uso responsable de la informaci\u00f3n y las im\u00e1genes mostradas en este sitio web, queda sujeto al [&hellip;]<\/p>\n","protected":false},"author":24,"featured_media":0,"parent":0,"menu_order":0,"comment_status":"closed","ping_status":"closed","template":"","meta":{"site-sidebar-layout":"default","site-content-layout":"","ast-site-content-layout":"default","site-content-style":"default","site-sidebar-style":"default","ast-global-header-display":"","ast-banner-title-visibility":"","ast-main-header-display":"","ast-hfb-above-header-display":"","ast-hfb-below-header-display":"","ast-hfb-mobile-header-display":"","site-post-title":"","ast-breadcrumbs-content":"","ast-featured-img":"","footer-sml-layout":"","ast-disable-related-posts":"","theme-transparent-header-meta":"","adv-header-id-meta":"","stick-header-meta":"","header-above-stick-meta":"","header-main-stick-meta":"","header-below-stick-meta":"","astra-migrate-meta-layouts":"default","ast-page-background-enabled":"default","ast-page-background-meta":{"desktop":{"background-color":"var(--ast-global-color-5)","background-image":"","background-repeat":"repeat","background-position":"center center","background-size":"auto","background-attachment":"scroll","background-type":"","background-media":"","overlay-type":"","overlay-color":"","overlay-opacity":"","overlay-gradient":""},"tablet":{"background-color":"","background-image":"","background-repeat":"repeat","background-position":"center center","background-size":"auto","background-attachment":"scroll","background-type":"","background-media":"","overlay-type":"","overlay-color":"","overlay-opacity":"","overlay-gradient":""},"mobile":{"background-color":"","background-image":"","background-repeat":"repeat","background-position":"center center","background-size":"auto","background-attachment":"scroll","background-type":"","background-media":"","overlay-type":"","overlay-color":"","overlay-opacity":"","overlay-gradient":""}},"ast-content-background-meta":{"desktop":{"background-color":"var(--ast-global-color-4)","background-image":"","background-repeat":"repeat","background-position":"center center","background-size":"auto","background-attachment":"scroll","background-type":"","background-media":"","overlay-type":"","overlay-color":"","overlay-opacity":"","overlay-gradient":""},"tablet":{"background-color":"var(--ast-global-color-4)","background-image":"","background-repeat":"repeat","background-position":"center center","background-size":"auto","background-attachment":"scroll","background-type":"","background-media":"","overlay-type":"","overlay-color":"","overlay-opacity":"","overlay-gradient":""},"mobile":{"background-color":"var(--ast-global-color-4)","background-image":"","background-repeat":"repeat","background-position":"center center","background-size":"auto","background-attachment":"scroll","background-type":"","background-media":"","overlay-type":"","overlay-color":"","overlay-opacity":"","overlay-gradient":""}},"footnotes":""},"class_list":["post-3432","page","type-page","status-publish","hentry"],"rttpg_featured_image_url":null,"rttpg_author":{"display_name":"egraell","author_link":"https:\/\/www.mingob.gob.pa\/onpar\/author\/egraell\/"},"rttpg_comment":0,"rttpg_category":null,"rttpg_excerpt":"Limitaci\u00f3n de Responsabilidad\u00a0 El uso responsable de la informaci\u00f3n y las im\u00e1genes mostradas en este sitio web, queda sujeto al [&hellip;]","_links":{"self":[{"href":"https:\/\/www.mingob.gob.pa\/onpar\/wp-json\/wp\/v2\/pages\/3432","targetHints":{"allow":["GET"]}}],"collection":[{"href":"https:\/\/www.mingob.gob.pa\/onpar\/wp-json\/wp\/v2\/pages"}],"about":[{"href":"https:\/\/www.mingob.gob.pa\/onpar\/wp-json\/wp\/v2\/types\/page"}],"author":[{"embeddable":true,"href":"https:\/\/www.mingob.gob.pa\/onpar\/wp-json\/wp\/v2\/users\/24"}],"replies":[{"embeddable":true,"href":"https:\/\/www.mingob.gob.pa\/onpar\/wp-json\/wp\/v2\/comments?post=3432"}],"version-history":[{"count":0,"href":"https:\/\/www.mingob.gob.pa\/onpar\/wp-json\/wp\/v2\/pages\/3432\/revisions"}],"wp:attachment":[{"href":"https:\/\/www.mingob.gob.pa\/onpar\/wp-json\/wp\/v2\/media?parent=3432"}],"curies":[{"name":"wp","href":"https:\/\/api.w.org\/{rel}","templated":true}]}}