{"id":342,"date":"2017-09-21T19:19:46","date_gmt":"2017-09-21T19:19:46","guid":{"rendered":"http:\/\/www.mingob.gob.pa\/onpar\/?page_id=342"},"modified":"2025-11-18T18:43:23","modified_gmt":"2025-11-18T18:43:23","slug":"atencion-a-casos-que-viven-situaciones-de-violencia-basada-en-genero","status":"publish","type":"page","link":"https:\/\/www.mingob.gob.pa\/onpar\/atencion-a-casos-que-viven-situaciones-de-violencia-basada-en-genero\/","title":{"rendered":"Atenci\u00f3n a casos que viven situaciones de violencia basada en g\u00e9nero"},"content":{"rendered":"\t\t<div data-elementor-type=\"wp-page\" data-elementor-id=\"342\" class=\"elementor elementor-342\">\n\t\t\t\t\t\t<section class=\"elementor-section elementor-top-section elementor-element elementor-element-5f66c6c elementor-section-boxed elementor-section-height-default elementor-section-height-default\" data-id=\"5f66c6c\" data-element_type=\"section\" data-e-type=\"section\">\n\t\t\t\t\t\t<div class=\"elementor-container elementor-column-gap-default\">\n\t\t\t\t\t<div class=\"elementor-column elementor-col-100 elementor-top-column elementor-element elementor-element-8c60b3a\" data-id=\"8c60b3a\" data-element_type=\"column\" data-e-type=\"column\">\n\t\t\t<div class=\"elementor-widget-wrap elementor-element-populated\">\n\t\t\t\t\t\t<div class=\"elementor-element elementor-element-78cf5f3 elementor-widget elementor-widget-text-editor\" data-id=\"78cf5f3\" data-element_type=\"widget\" data-e-type=\"widget\" data-widget_type=\"text-editor.default\">\n\t\t\t\t<div class=\"elementor-widget-container\">\n\t\t\t\t\t\t\t\t\t<p style=\"text-align: justify;\">La violencia basada en g\u00e9nero se refiere a cualquier forma de maltrato f\u00edsico, sexual, psicol\u00f3gico y\/o econ\u00f3mico contra una persona por razones de su g\u00e9nero.<\/p><p style=\"text-align: justify;\">Si bien todas las personas est\u00e1n en riesgo de ser v\u00edctimas de violencia de g\u00e9nero, las personas en mayor riesgo de\u00a0 experimentar este tipo de violencias son las mujeres, las ni\u00f1as y las personas sexo diversas (poblaci\u00f3n LGBTI), especialmente las mujeres ind\u00edgenas, migrantes, refugiadas, discapacitadas, entre otras condiciones.<\/p><p style=\"text-align: justify;\">En Panam\u00e1, las mujeres v\u00edctimas de todas las formas de violencias, dentro y fuera del hogar, se encuentran protegidas por la Ley, independientemente de su estatus migratorio. En caso de que se realice una denuncia por violencia basada en g\u00e9nero, no se ver\u00e1 afectado el proceso de solicitud ante la ONPAR o su condici\u00f3n de refugiado (aunque en el expediente est\u00e9 a nombre del agresor como principal).<\/p><p style=\"text-align: justify;\">Existen instituciones especializadas donde se puede encontrar apoyo y orientaci\u00f3n a v\u00edctimas de estas violencias:<\/p><p style=\"text-align: justify;\">\u2022 El Centro de Orientaci\u00f3n y Atenci\u00f3n Integral (COAI) atiende denuncias y ofrece un servicio de orientaci\u00f3n sobre maltrato, abusos y violencia dom\u00e9stica. En este centro tambi\u00e9n se atiende casos de violencia contra ni\u00f1os, ni\u00f1as y adolescentes.<br \/>\u2022 Tambi\u00e9n pueden dirigirse al Instituto Nacional de la Mujer (INAMU), en los casos de violencia dirigido a mujeres mayores de edad, y a la Secretaria Nacional de la Ni\u00f1ez, la Adolescencia y la Familia (SENNIAF), en el caso de que se trate de ni\u00f1os, ni\u00f1as y adolescentes.<br \/>\u2022 El INAMU cuenta con albergues que ofrecen protecci\u00f3n y atenci\u00f3n integral (psicol\u00f3gica, legal y de salud) a la v\u00edctima y a su familia.<\/p>\t\t\t\t\t\t\t\t<\/div>\n\t\t\t\t<\/div>\n\t\t\t\t\t<\/div>\n\t\t<\/div>\n\t\t\t\t\t<\/div>\n\t\t<\/section>\n\t\t\t\t<section class=\"elementor-section elementor-top-section elementor-element elementor-element-49b5f5d elementor-section-boxed elementor-section-height-default elementor-section-height-default\" data-id=\"49b5f5d\" data-element_type=\"section\" data-e-type=\"section\">\n\t\t\t\t\t\t<div class=\"elementor-container elementor-column-gap-default\">\n\t\t\t\t\t<div class=\"elementor-column elementor-col-100 elementor-top-column elementor-element elementor-element-1d8465d\" data-id=\"1d8465d\" data-element_type=\"column\" data-e-type=\"column\">\n\t\t\t<div class=\"elementor-widget-wrap elementor-element-populated\">\n\t\t\t\t\t\t<div class=\"elementor-element elementor-element-d98eb77 elementor-widget elementor-widget-heading\" data-id=\"d98eb77\" data-element_type=\"widget\" data-e-type=\"widget\" data-widget_type=\"heading.default\">\n\t\t\t\t<div class=\"elementor-widget-container\">\n\t\t\t\t\t<h4 class=\"elementor-heading-title elementor-size-default\">Caso de violencia f\u00edsica, psicol\u00f3gica y\/o violencia sexual<\/h4>\t\t\t\t<\/div>\n\t\t\t\t<\/div>\n\t\t\t\t\t<\/div>\n\t\t<\/div>\n\t\t\t\t\t<\/div>\n\t\t<\/section>\n\t\t\t\t<section class=\"elementor-section elementor-top-section elementor-element elementor-element-25a0949 elementor-section-boxed elementor-section-height-default elementor-section-height-default\" data-id=\"25a0949\" data-element_type=\"section\" data-e-type=\"section\">\n\t\t\t\t\t\t<div class=\"elementor-container elementor-column-gap-default\">\n\t\t\t\t\t<div class=\"elementor-column elementor-col-50 elementor-top-column elementor-element elementor-element-75da465\" data-id=\"75da465\" data-element_type=\"column\" data-e-type=\"column\">\n\t\t\t<div class=\"elementor-widget-wrap elementor-element-populated\">\n\t\t\t\t\t\t<div class=\"elementor-element elementor-element-74da839 elementor-widget elementor-widget-text-editor\" data-id=\"74da839\" data-element_type=\"widget\" data-e-type=\"widget\" data-widget_type=\"text-editor.default\">\n\t\t\t\t<div class=\"elementor-widget-container\">\n\t\t\t\t\t\t\t\t\t<p><strong>Atenci\u00f3n medica:<\/strong><br \/>Todos los Centros de Salud de manera obligatoria deben atender los casos de violencia f\u00edsica\/sexual. Para mayor informaci\u00f3n sobre los diferentes Centros de Salud y Hospitales cerca de su comunidad, consultar el Directorio.<\/p>\t\t\t\t\t\t\t\t<\/div>\n\t\t\t\t<\/div>\n\t\t\t\t\t<\/div>\n\t\t<\/div>\n\t\t\t\t<div class=\"elementor-column elementor-col-50 elementor-top-column elementor-element elementor-element-d254096\" data-id=\"d254096\" data-element_type=\"column\" data-e-type=\"column\">\n\t\t\t<div class=\"elementor-widget-wrap elementor-element-populated\">\n\t\t\t\t\t\t<div class=\"elementor-element elementor-element-bbdfc25 elementor-widget elementor-widget-text-editor\" data-id=\"bbdfc25\" data-element_type=\"widget\" data-e-type=\"widget\" data-widget_type=\"text-editor.default\">\n\t\t\t\t<div class=\"elementor-widget-container\">\n\t\t\t\t\t\t\t\t\t<p><strong>Orientaci\u00f3n:<\/strong><br \/>\u2022 Centro de orientaci\u00f3n y atenci\u00f3n integral (COAI)<br \/>\u2022 Instituto Nacional de la Mujer (INAMU)<br \/>\u2022 Secretaria Nacional de la Ni\u00f1ez, la Adolescencia y la Familia (SENNIAF)<br \/>\u2022 Defensor\u00eda del Pueblo<br \/>\u2022 Asistencia a V\u00edctimas de Violencia de G\u00e9nero, Oficina General del Ministerio P\u00fablico.<\/p>\t\t\t\t\t\t\t\t<\/div>\n\t\t\t\t<\/div>\n\t\t\t\t\t<\/div>\n\t\t<\/div>\n\t\t\t\t\t<\/div>\n\t\t<\/section>\n\t\t\t\t<section class=\"elementor-section elementor-top-section elementor-element elementor-element-706d4b6 elementor-section-boxed elementor-section-height-default elementor-section-height-default\" data-id=\"706d4b6\" data-element_type=\"section\" data-e-type=\"section\">\n\t\t\t\t\t\t<div class=\"elementor-container elementor-column-gap-default\">\n\t\t\t\t\t<div class=\"elementor-column elementor-col-100 elementor-top-column elementor-element elementor-element-e32b889\" data-id=\"e32b889\" data-element_type=\"column\" data-e-type=\"column\">\n\t\t\t<div class=\"elementor-widget-wrap elementor-element-populated\">\n\t\t\t\t\t\t<div class=\"elementor-element elementor-element-92f7a96 elementor-widget elementor-widget-text-editor\" data-id=\"92f7a96\" data-element_type=\"widget\" data-e-type=\"widget\" data-widget_type=\"text-editor.default\">\n\t\t\t\t<div class=\"elementor-widget-container\">\n\t\t\t\t\t\t\t\t\t<p style=\"text-align: justify;\"><strong>Denuncias:<\/strong><\/p><ul><li style=\"text-align: justify;\">Corregidur\u00edas m\u00e1s cercanas<\/li><li style=\"text-align: justify;\">Centro de Recepci\u00f3n de Denuncias (DIJ). Tel\u00e9fono: 507-3493\/507-3498<\/li><li style=\"text-align: justify;\">Centro de Recepci\u00f3n de Denuncias del Ministerio P\u00fablico: 5073498 (24 horas)<\/li><li style=\"text-align: justify;\">Juzgados Nocturnos. Tel\u00e9fonos: 517-9500\/517-9523<\/li><li style=\"text-align: justify;\">Fiscal\u00edas Especializadas en Asuntos de la Familia y el Menor. Tel\u00e9fono: 225-8826<\/li><li style=\"text-align: justify;\">Polic\u00eda Nacional, y en el caso de Dari\u00e9n en SENAFRONT<\/li><\/ul>\t\t\t\t\t\t\t\t<\/div>\n\t\t\t\t<\/div>\n\t\t\t\t\t<\/div>\n\t\t<\/div>\n\t\t\t\t\t<\/div>\n\t\t<\/section>\n\t\t\t\t<\/div>\n\t\t","protected":false},"excerpt":{"rendered":"<p>La violencia basada en g\u00e9nero se refiere a cualquier forma de maltrato f\u00edsico, sexual, psicol\u00f3gico y\/o econ\u00f3mico contra una persona [&hellip;]<\/p>\n","protected":false},"author":5,"featured_media":0,"parent":0,"menu_order":0,"comment_status":"closed","ping_status":"closed","template":"","meta":{"site-sidebar-layout":"default","site-content-layout":"","ast-site-content-layout":"default","site-content-style":"default","site-sidebar-style":"default","ast-global-header-display":"","ast-banner-title-visibility":"","ast-main-header-display":"","ast-hfb-above-header-display":"","ast-hfb-below-header-display":"","ast-hfb-mobile-header-display":"","site-post-title":"","ast-breadcrumbs-content":"","ast-featured-img":"","footer-sml-layout":"","ast-disable-related-posts":"","theme-transparent-header-meta":"","adv-header-id-meta":"","stick-header-meta":"","header-above-stick-meta":"","header-main-stick-meta":"","header-below-stick-meta":"","astra-migrate-meta-layouts":"default","ast-page-background-enabled":"default","ast-page-background-meta":{"desktop":{"background-color":"var(--ast-global-color-5)","background-image":"","background-repeat":"repeat","background-position":"center center","background-size":"auto","background-attachment":"scroll","background-type":"","background-media":"","overlay-type":"","overlay-color":"","overlay-opacity":"","overlay-gradient":""},"tablet":{"background-color":"","background-image":"","background-repeat":"repeat","background-position":"center center","background-size":"auto","background-attachment":"scroll","background-type":"","background-media":"","overlay-type":"","overlay-color":"","overlay-opacity":"","overlay-gradient":""},"mobile":{"background-color":"","background-image":"","background-repeat":"repeat","background-position":"center center","background-size":"auto","background-attachment":"scroll","background-type":"","background-media":"","overlay-type":"","overlay-color":"","overlay-opacity":"","overlay-gradient":""}},"ast-content-background-meta":{"desktop":{"background-color":"var(--ast-global-color-4)","background-image":"","background-repeat":"repeat","background-position":"center center","background-size":"auto","background-attachment":"scroll","background-type":"","background-media":"","overlay-type":"","overlay-color":"","overlay-opacity":"","overlay-gradient":""},"tablet":{"background-color":"var(--ast-global-color-4)","background-image":"","background-repeat":"repeat","background-position":"center center","background-size":"auto","background-attachment":"scroll","background-type":"","background-media":"","overlay-type":"","overlay-color":"","overlay-opacity":"","overlay-gradient":""},"mobile":{"background-color":"var(--ast-global-color-4)","background-image":"","background-repeat":"repeat","background-position":"center center","background-size":"auto","background-attachment":"scroll","background-type":"","background-media":"","overlay-type":"","overlay-color":"","overlay-opacity":"","overlay-gradient":""}},"footnotes":""},"class_list":["post-342","page","type-page","status-publish","hentry"],"rttpg_featured_image_url":null,"rttpg_author":{"display_name":"Administrador Web","author_link":"https:\/\/www.mingob.gob.pa\/onpar\/author\/nbarrios\/"},"rttpg_comment":0,"rttpg_category":null,"rttpg_excerpt":"La violencia basada en g\u00e9nero se refiere a cualquier forma de maltrato f\u00edsico, sexual, psicol\u00f3gico y\/o econ\u00f3mico contra una persona [&hellip;]","_links":{"self":[{"href":"https:\/\/www.mingob.gob.pa\/onpar\/wp-json\/wp\/v2\/pages\/342","targetHints":{"allow":["GET"]}}],"collection":[{"href":"https:\/\/www.mingob.gob.pa\/onpar\/wp-json\/wp\/v2\/pages"}],"about":[{"href":"https:\/\/www.mingob.gob.pa\/onpar\/wp-json\/wp\/v2\/types\/page"}],"author":[{"embeddable":true,"href":"https:\/\/www.mingob.gob.pa\/onpar\/wp-json\/wp\/v2\/users\/5"}],"replies":[{"embeddable":true,"href":"https:\/\/www.mingob.gob.pa\/onpar\/wp-json\/wp\/v2\/comments?post=342"}],"version-history":[{"count":5,"href":"https:\/\/www.mingob.gob.pa\/onpar\/wp-json\/wp\/v2\/pages\/342\/revisions"}],"predecessor-version":[{"id":3721,"href":"https:\/\/www.mingob.gob.pa\/onpar\/wp-json\/wp\/v2\/pages\/342\/revisions\/3721"}],"wp:attachment":[{"href":"https:\/\/www.mingob.gob.pa\/onpar\/wp-json\/wp\/v2\/media?parent=342"}],"curies":[{"name":"wp","href":"https:\/\/api.w.org\/{rel}","templated":true}]}}