{"id":338,"date":"2017-09-21T17:28:44","date_gmt":"2017-09-21T17:28:44","guid":{"rendered":"http:\/\/www.mingob.gob.pa\/onpar\/?page_id=338"},"modified":"2025-11-18T18:33:15","modified_gmt":"2025-11-18T18:33:15","slug":"personas-con-discapacidad","status":"publish","type":"page","link":"https:\/\/www.mingob.gob.pa\/onpar\/personas-con-discapacidad\/","title":{"rendered":"Personas con discapacidad"},"content":{"rendered":"\t\t<div data-elementor-type=\"wp-page\" data-elementor-id=\"338\" class=\"elementor elementor-338\">\n\t\t\t\t\t\t<section class=\"elementor-section elementor-top-section elementor-element elementor-element-1c9cfee7 elementor-section-boxed elementor-section-height-default elementor-section-height-default\" data-id=\"1c9cfee7\" data-element_type=\"section\" data-e-type=\"section\">\n\t\t\t\t\t\t<div class=\"elementor-container elementor-column-gap-default\">\n\t\t\t\t\t<div class=\"elementor-column elementor-col-100 elementor-top-column elementor-element elementor-element-4bc1782f\" data-id=\"4bc1782f\" data-element_type=\"column\" data-e-type=\"column\">\n\t\t\t<div class=\"elementor-widget-wrap elementor-element-populated\">\n\t\t\t\t\t\t<div class=\"elementor-element elementor-element-7dd1d4cd elementor-widget elementor-widget-text-editor\" data-id=\"7dd1d4cd\" data-element_type=\"widget\" data-e-type=\"widget\" data-widget_type=\"text-editor.default\">\n\t\t\t\t<div class=\"elementor-widget-container\">\n\t\t\t\t\t\t\t\t\t<p style=\"text-align: justify;\">En Panam\u00e1 existen diversos centros de atenci\u00f3n\/orientaci\u00f3n para personas con discapacidad, siendo el m\u00e1s relevante a nivel de gobierno la Secretaria Nacional de la Discapacidad (SENADIS), que brinda orientaci\u00f3n y en algunos casos asistencia dirigida a personas con discapacidad.<\/p><p style=\"text-align: justify;\">La legislaci\u00f3n paname\u00f1a establece que el sistema educativo ofrecer\u00e1 educaci\u00f3n de calidad, en todos los niveles, a la poblaci\u00f3n estudiantil que presenta Necesidades Educativas Especiales (NEE), ya sean temporales o permanentes (Decreto Ejecutivo n\u00b01, del 4 de febrero del 2000).<\/p><p style=\"text-align: justify;\">Panam\u00e1 ofrece distintas alternativas educativas, seg\u00fan el tipo de discapacidad, tanto en el sistema educativo regular (aulas especiales o aulas regulares con refuerzo) como en las instalaciones del Instituto Paname\u00f1o de Habilitaci\u00f3n Especial &#8211; IPHE (que maneja escuelas y programas especiales).<\/p><p style=\"text-align: justify;\">Las personas con discapacidad no tienen l\u00edmites de edad para la escolarizaci\u00f3n. Por ejemplo, hay escuelas para adultos con discapacidad visual como la Escuela Andr\u00e9s Toro, donde se capacita en oficios.<\/p><p style=\"text-align: justify;\">El IPHE cuenta con una Escuela de Ense\u00f1anza Especial y un Programa de Estimulaci\u00f3n Precoz, adem\u00e1s de programas especiales para personas con la discapacidad auditiva, discapacidad visual, autismo y par\u00e1lisis cerebral, entre otros.<\/p><p style=\"text-align: justify;\">Adem\u00e1s, se puede acudir a la Escuela Vocacional Especial gestionada por el IPHE, dirigida a personas con discapacidad, y a organizaciones no gubernamentales que orientan y apoyan en la inclusi\u00f3n de las personas con discapacidad como la Asociaci\u00f3n Paname\u00f1a de Industrias de Buena Voluntad.<\/p><p style=\"text-align: justify;\">Las personas refugiadas con discapacidad pueden ingresar a cualquiera de los programas descritos siguiendo los criterios de acceso en cada caso. Organizaciones como RET Internacional apoya en el acceso y permanencia escolar de ni\u00f1os, ni\u00f1as y adolescentes, independientemente de su condici\u00f3n.<\/p>\t\t\t\t\t\t\t\t<\/div>\n\t\t\t\t<\/div>\n\t\t\t\t\t<\/div>\n\t\t<\/div>\n\t\t\t\t\t<\/div>\n\t\t<\/section>\n\t\t\t\t<\/div>\n\t\t","protected":false},"excerpt":{"rendered":"<p>En Panam\u00e1 existen diversos centros de atenci\u00f3n\/orientaci\u00f3n para personas con discapacidad, siendo el m\u00e1s relevante a nivel de gobierno la [&hellip;]<\/p>\n","protected":false},"author":5,"featured_media":0,"parent":0,"menu_order":0,"comment_status":"closed","ping_status":"closed","template":"","meta":{"site-sidebar-layout":"default","site-content-layout":"","ast-site-content-layout":"default","site-content-style":"default","site-sidebar-style":"default","ast-global-header-display":"","ast-banner-title-visibility":"","ast-main-header-display":"","ast-hfb-above-header-display":"","ast-hfb-below-header-display":"","ast-hfb-mobile-header-display":"","site-post-title":"","ast-breadcrumbs-content":"","ast-featured-img":"","footer-sml-layout":"","ast-disable-related-posts":"","theme-transparent-header-meta":"","adv-header-id-meta":"","stick-header-meta":"","header-above-stick-meta":"","header-main-stick-meta":"","header-below-stick-meta":"","astra-migrate-meta-layouts":"default","ast-page-background-enabled":"default","ast-page-background-meta":{"desktop":{"background-color":"var(--ast-global-color-5)","background-image":"","background-repeat":"repeat","background-position":"center center","background-size":"auto","background-attachment":"scroll","background-type":"","background-media":"","overlay-type":"","overlay-color":"","overlay-opacity":"","overlay-gradient":""},"tablet":{"background-color":"","background-image":"","background-repeat":"repeat","background-position":"center center","background-size":"auto","background-attachment":"scroll","background-type":"","background-media":"","overlay-type":"","overlay-color":"","overlay-opacity":"","overlay-gradient":""},"mobile":{"background-color":"","background-image":"","background-repeat":"repeat","background-position":"center center","background-size":"auto","background-attachment":"scroll","background-type":"","background-media":"","overlay-type":"","overlay-color":"","overlay-opacity":"","overlay-gradient":""}},"ast-content-background-meta":{"desktop":{"background-color":"var(--ast-global-color-4)","background-image":"","background-repeat":"repeat","background-position":"center center","background-size":"auto","background-attachment":"scroll","background-type":"","background-media":"","overlay-type":"","overlay-color":"","overlay-opacity":"","overlay-gradient":""},"tablet":{"background-color":"var(--ast-global-color-4)","background-image":"","background-repeat":"repeat","background-position":"center center","background-size":"auto","background-attachment":"scroll","background-type":"","background-media":"","overlay-type":"","overlay-color":"","overlay-opacity":"","overlay-gradient":""},"mobile":{"background-color":"var(--ast-global-color-4)","background-image":"","background-repeat":"repeat","background-position":"center center","background-size":"auto","background-attachment":"scroll","background-type":"","background-media":"","overlay-type":"","overlay-color":"","overlay-opacity":"","overlay-gradient":""}},"footnotes":""},"class_list":["post-338","page","type-page","status-publish","hentry"],"rttpg_featured_image_url":null,"rttpg_author":{"display_name":"Administrador Web","author_link":"https:\/\/www.mingob.gob.pa\/onpar\/author\/nbarrios\/"},"rttpg_comment":0,"rttpg_category":null,"rttpg_excerpt":"En Panam\u00e1 existen diversos centros de atenci\u00f3n\/orientaci\u00f3n para personas con discapacidad, siendo el m\u00e1s relevante a nivel de gobierno la [&hellip;]","_links":{"self":[{"href":"https:\/\/www.mingob.gob.pa\/onpar\/wp-json\/wp\/v2\/pages\/338","targetHints":{"allow":["GET"]}}],"collection":[{"href":"https:\/\/www.mingob.gob.pa\/onpar\/wp-json\/wp\/v2\/pages"}],"about":[{"href":"https:\/\/www.mingob.gob.pa\/onpar\/wp-json\/wp\/v2\/types\/page"}],"author":[{"embeddable":true,"href":"https:\/\/www.mingob.gob.pa\/onpar\/wp-json\/wp\/v2\/users\/5"}],"replies":[{"embeddable":true,"href":"https:\/\/www.mingob.gob.pa\/onpar\/wp-json\/wp\/v2\/comments?post=338"}],"version-history":[{"count":5,"href":"https:\/\/www.mingob.gob.pa\/onpar\/wp-json\/wp\/v2\/pages\/338\/revisions"}],"predecessor-version":[{"id":3715,"href":"https:\/\/www.mingob.gob.pa\/onpar\/wp-json\/wp\/v2\/pages\/338\/revisions\/3715"}],"wp:attachment":[{"href":"https:\/\/www.mingob.gob.pa\/onpar\/wp-json\/wp\/v2\/media?parent=338"}],"curies":[{"name":"wp","href":"https:\/\/api.w.org\/{rel}","templated":true}]}}