{"id":335,"date":"2017-09-21T16:38:56","date_gmt":"2017-09-21T16:38:56","guid":{"rendered":"http:\/\/www.mingob.gob.pa\/onpar\/?page_id=335"},"modified":"2025-11-20T15:45:04","modified_gmt":"2025-11-20T15:45:04","slug":"proteccion-relacionada-a-la-orientacion-sexual-yo-identidad-de-genero","status":"publish","type":"page","link":"https:\/\/www.mingob.gob.pa\/onpar\/proteccion-relacionada-a-la-orientacion-sexual-yo-identidad-de-genero\/","title":{"rendered":"Protecci\u00f3n relacionada a la Orientaci\u00f3n Sexual y\/o Identidad de G\u00e9nero"},"content":{"rendered":"\t\t<div data-elementor-type=\"wp-page\" data-elementor-id=\"335\" class=\"elementor elementor-335\">\n\t\t\t\t\t\t<section class=\"elementor-section elementor-top-section elementor-element elementor-element-45b74c83 elementor-section-boxed elementor-section-height-default elementor-section-height-default\" data-id=\"45b74c83\" data-element_type=\"section\" data-e-type=\"section\">\n\t\t\t\t\t\t<div class=\"elementor-container elementor-column-gap-default\">\n\t\t\t\t\t<div class=\"elementor-column elementor-col-100 elementor-top-column elementor-element elementor-element-32d5af6c\" data-id=\"32d5af6c\" data-element_type=\"column\" data-e-type=\"column\">\n\t\t\t<div class=\"elementor-widget-wrap elementor-element-populated\">\n\t\t\t\t\t\t<div class=\"elementor-element elementor-element-95849a8 elementor-widget elementor-widget-text-editor\" data-id=\"95849a8\" data-element_type=\"widget\" data-e-type=\"widget\" data-widget_type=\"text-editor.default\">\n\t\t\t\t<div class=\"elementor-widget-container\">\n\t\t\t\t\t\t\t\t\t<p>Muchas personas sufren persecuci\u00f3n y violencia debido a su orientaci\u00f3n sexual y\/o identidad de g\u00e9nero. En muchos lugares el ser, o que se crea que se es, una persona gay, bisexual, lesbiana, transg\u00e9nero, transexual o intereses, genera grandes violaciones a los derechos humanos.<\/p><p style=\"text-align: justify;\">Si esta persecuci\u00f3n, discriminaci\u00f3n o violencia le ha hecho salir de su pa\u00eds en busca de protecci\u00f3n, estas personas tambi\u00e9n pueden ser reconocidas como refugiadas.<\/p><p style=\"text-align: justify;\">La persona debe presentar una solicitud de la condici\u00f3n de refugiado ante la ONPAR. Se recomienda asistir a una organizaci\u00f3n que le brinde orientaci\u00f3n y pueda representar su caso, por ejemplo CEALP, Asylum Access o Consejo Noruego para Refugiados.<\/p><p style=\"text-align: justify;\">Si en Panam\u00e1 una persona sufre violencia o discriminaci\u00f3n debido a su orientaci\u00f3n sexual y\/o identidad de g\u00e9nero, hay organizaciones que pueden ayudarla. Del mismo modo, las organizaciones que atienden a personas refugiadas tienen programas libres de discriminaci\u00f3n de cualquier tipo.<\/p><p style=\"text-align: justify;\">En muchas de estas organizaciones puede recibir atenci\u00f3n psicosocial profesional o formar parte de un grupo de auto ayuda:<\/p><p style=\"text-align: justify;\">\u2022 Asociaci\u00f3n de Hombres y Mujeres Nuevos de Panam\u00e1(AHMNP)<br \/>\u2022 Asociaci\u00f3n Viviendo Positivamente (VP)<br \/>\u2022 Grupo G\u00e9nesis Panam\u00e1 Positivo (GGP+)<br \/>\u2022 Asociaci\u00f3n Paname\u00f1a de Personas Trans (APPT)<\/p>\t\t\t\t\t\t\t\t<\/div>\n\t\t\t\t<\/div>\n\t\t\t\t\t<\/div>\n\t\t<\/div>\n\t\t\t\t\t<\/div>\n\t\t<\/section>\n\t\t\t\t<\/div>\n\t\t","protected":false},"excerpt":{"rendered":"<p>Muchas personas sufren persecuci\u00f3n y violencia debido a su orientaci\u00f3n sexual y\/o identidad de g\u00e9nero. En muchos lugares el ser, [&hellip;]<\/p>\n","protected":false},"author":5,"featured_media":0,"parent":0,"menu_order":0,"comment_status":"closed","ping_status":"closed","template":"","meta":{"site-sidebar-layout":"default","site-content-layout":"","ast-site-content-layout":"default","site-content-style":"default","site-sidebar-style":"default","ast-global-header-display":"","ast-banner-title-visibility":"","ast-main-header-display":"","ast-hfb-above-header-display":"","ast-hfb-below-header-display":"","ast-hfb-mobile-header-display":"","site-post-title":"","ast-breadcrumbs-content":"","ast-featured-img":"","footer-sml-layout":"","ast-disable-related-posts":"","theme-transparent-header-meta":"","adv-header-id-meta":"","stick-header-meta":"","header-above-stick-meta":"","header-main-stick-meta":"","header-below-stick-meta":"","astra-migrate-meta-layouts":"default","ast-page-background-enabled":"default","ast-page-background-meta":{"desktop":{"background-color":"var(--ast-global-color-5)","background-image":"","background-repeat":"repeat","background-position":"center center","background-size":"auto","background-attachment":"scroll","background-type":"","background-media":"","overlay-type":"","overlay-color":"","overlay-opacity":"","overlay-gradient":""},"tablet":{"background-color":"","background-image":"","background-repeat":"repeat","background-position":"center center","background-size":"auto","background-attachment":"scroll","background-type":"","background-media":"","overlay-type":"","overlay-color":"","overlay-opacity":"","overlay-gradient":""},"mobile":{"background-color":"","background-image":"","background-repeat":"repeat","background-position":"center center","background-size":"auto","background-attachment":"scroll","background-type":"","background-media":"","overlay-type":"","overlay-color":"","overlay-opacity":"","overlay-gradient":""}},"ast-content-background-meta":{"desktop":{"background-color":"var(--ast-global-color-4)","background-image":"","background-repeat":"repeat","background-position":"center center","background-size":"auto","background-attachment":"scroll","background-type":"","background-media":"","overlay-type":"","overlay-color":"","overlay-opacity":"","overlay-gradient":""},"tablet":{"background-color":"var(--ast-global-color-4)","background-image":"","background-repeat":"repeat","background-position":"center center","background-size":"auto","background-attachment":"scroll","background-type":"","background-media":"","overlay-type":"","overlay-color":"","overlay-opacity":"","overlay-gradient":""},"mobile":{"background-color":"var(--ast-global-color-4)","background-image":"","background-repeat":"repeat","background-position":"center center","background-size":"auto","background-attachment":"scroll","background-type":"","background-media":"","overlay-type":"","overlay-color":"","overlay-opacity":"","overlay-gradient":""}},"footnotes":""},"class_list":["post-335","page","type-page","status-publish","hentry"],"rttpg_featured_image_url":null,"rttpg_author":{"display_name":"Administrador Web","author_link":"https:\/\/www.mingob.gob.pa\/onpar\/author\/nbarrios\/"},"rttpg_comment":0,"rttpg_category":null,"rttpg_excerpt":"Muchas personas sufren persecuci\u00f3n y violencia debido a su orientaci\u00f3n sexual y\/o identidad de g\u00e9nero. En muchos lugares el ser, [&hellip;]","_links":{"self":[{"href":"https:\/\/www.mingob.gob.pa\/onpar\/wp-json\/wp\/v2\/pages\/335","targetHints":{"allow":["GET"]}}],"collection":[{"href":"https:\/\/www.mingob.gob.pa\/onpar\/wp-json\/wp\/v2\/pages"}],"about":[{"href":"https:\/\/www.mingob.gob.pa\/onpar\/wp-json\/wp\/v2\/types\/page"}],"author":[{"embeddable":true,"href":"https:\/\/www.mingob.gob.pa\/onpar\/wp-json\/wp\/v2\/users\/5"}],"replies":[{"embeddable":true,"href":"https:\/\/www.mingob.gob.pa\/onpar\/wp-json\/wp\/v2\/comments?post=335"}],"version-history":[{"count":5,"href":"https:\/\/www.mingob.gob.pa\/onpar\/wp-json\/wp\/v2\/pages\/335\/revisions"}],"predecessor-version":[{"id":3778,"href":"https:\/\/www.mingob.gob.pa\/onpar\/wp-json\/wp\/v2\/pages\/335\/revisions\/3778"}],"wp:attachment":[{"href":"https:\/\/www.mingob.gob.pa\/onpar\/wp-json\/wp\/v2\/media?parent=335"}],"curies":[{"name":"wp","href":"https:\/\/api.w.org\/{rel}","templated":true}]}}