{"id":560,"date":"2017-05-11T18:45:39","date_gmt":"2017-05-11T18:45:39","guid":{"rendered":"http:\/\/www.mingob.gob.pa\/prueba\/?page_id=560"},"modified":"2025-01-07T12:07:57","modified_gmt":"2025-01-07T17:07:57","slug":"lanzamiento-de-integrarte","status":"publish","type":"page","link":"https:\/\/www.mingob.gob.pa\/integrarte\/lanzamiento-de-integrarte\/","title":{"rendered":"Lanzamiento de IntegrArte"},"content":{"rendered":"<p>[av_one_half first min_height=\u00bb vertical_alignment=\u00bb space=\u00bb custom_margin=\u00bb margin=&#8217;0px&#8217; padding=&#8217;0px&#8217; border=\u00bb border_color=\u00bb radius=&#8217;0px&#8217; background_color=\u00bb src=\u00bb background_position=&#8217;top left&#8217; background_repeat=&#8217;no-repeat&#8217; animation=\u00bb mobile_display=\u00bb av_uid=&#8217;av-vx2y0&#8242;]<br \/>\n[av_textblock size=\u00bb font_color=\u00bb color=\u00bb av-medium-font-size=\u00bb av-small-font-size=\u00bb av-mini-font-size=\u00bb av_uid=&#8217;av-rj1wg&#8217; id=\u00bb custom_class=\u00bb admin_preview_bg=\u00bb]<\/p>\n<p style=\"text-align: justify;\">El Ministerio de Gobierno, a trav\u00e9s del Sistema Penitenciario realiz\u00f3 el exitoso lanzamiento de la marca penitenciaria Integrarte el pasado 6 de octubre de 2016.<\/p>\n<p style=\"text-align: justify;\">El Lanzamiento se dio <em>\u00a0<\/em>con un desfile de modas donde hombres y mujeres privados de libertad lucieron cada una de las piezas de la nueva colecci\u00f3n <strong>\u201cPara\u00edso \u00c9tnico<\/strong>\u201d.<\/p>\n<p style=\"text-align: justify;\">La colecci\u00f3n Para\u00edso \u00c9tnico est\u00e1 basada en las t\u00e9cnicas tradicionales utilizadas para la elaboraci\u00f3n del traje t\u00edpico nacional, y de los trajes aut\u00f3ctonos de los pueblos ind\u00edgenas paname\u00f1os, combinados con el estilo de los a\u00f1os 70s y 80s, dando como resultado una imagen colorida, vibrante y fresca, propia de la identidad de nuestro Panam\u00e1.<\/p>\n<p style=\"text-align: justify;\">El resto de la colecci\u00f3n, incluye los mejores productos elaborados por las personas privadas de libertad en los talleres de los distintos centros penitenciarios a nivel nacional, que adem\u00e1s de ropa incluye accesorios, muebles de madera, art\u00edculos para el hogar, artesan\u00edas, todos estos productos se caracterizan por sus dise\u00f1os vanguardistas, funcionales y de calidad!!!<\/p>\n<p style=\"text-align: justify;\">El lanzamiento de<em>\u00a0<strong>IntegrArte<\/strong><\/em>, \u00a0reuni\u00f3 a importantes personalidades del mundo del dise\u00f1o y la moda, empresarios, del sector p\u00fablico y organizaciones internacionales no gubernamentales.<\/p>\n<p style=\"text-align: justify;\"><strong>IntegrArte<\/strong> forma parte de los proyectos y\u00a0 del plan estrat\u00e9gico del Ministerio de Gobierno que tiene entre sus objetivos la resocializaci\u00f3n de las personas privadas de libertad,\u00a0 procurando su reinserci\u00f3n a la sociedad cuando sean liberadas.<\/p>\n<p style=\"text-align: justify;\">La vicepresidente de la Rep\u00fablica y ministra de Relaciones Exteriores, Isabel de Saint Malo de Alvarado estuvo presente en el lanzamiento de\u00a0<em><strong>IntegrArte<\/strong>,\u00a0<\/em>respaldando el trabajo realizado por el Ministerio de Gobierno a trav\u00e9s del Sistema Penitenciario. Para la Vicepresidente, con la alianza que hemos formado se le ha dado otra din\u00e1mica a un t\u00e9rmino que era bastante trillado: \u201cla reinserci\u00f3n social\u201d y que ahora si ser\u00e1 posible. Un t\u00e9rmino que el Presidente de la Rep\u00fablica, Juan Carlos Varela Rodr\u00edguez, ha puesto como una de las prioridades para lograr un clima de paz y seguridad en el pa\u00eds.<\/p>\n<p>[\/av_textblock]<br \/>\n[\/av_one_half]<\/p>\n<p>[av_one_half min_height=\u00bb vertical_alignment=\u00bb space=\u00bb custom_margin=\u00bb margin=&#8217;0px&#8217; padding=&#8217;0px&#8217; border=\u00bb border_color=\u00bb radius=&#8217;0px&#8217; background_color=\u00bb src=\u00bb background_position=&#8217;top left&#8217; background_repeat=&#8217;no-repeat&#8217; animation=\u00bb mobile_display=\u00bb av_uid=&#8217;av-jidxc&#8217;]<\/p>\n<p>[av_image src=&#8217;https:\/\/www.mingob.gob.pa\/integrarte\/wp-content\/uploads\/sites\/12\/2017\/05\/IMG_2838.jpg&#8217; attachment=&#8217;717&#8242; attachment_size=&#8217;full&#8217; align=&#8217;center&#8217; styling=\u00bb hover=\u00bb link=\u00bb target=\u00bb caption=\u00bb font_size=\u00bb appearance=\u00bb overlay_opacity=&#8217;0.4&#8242; overlay_color=&#8217;#000000&#8242; overlay_text_color=&#8217;#ffffff&#8217; animation=&#8217;no-animation&#8217; av_uid=&#8217;av-78pgo&#8217;][\/av_image]<\/p>\n<p>[av_image src=&#8217;https:\/\/www.mingob.gob.pa\/integrarte\/wp-content\/uploads\/sites\/12\/2025\/01\/Lateral.jpg&#8217; attachment=&#8217;46279&#8242; attachment_size=&#8217;full&#8217; align=&#8217;center&#8217; styling=\u00bb hover=\u00bb link=\u00bb target=\u00bb caption=\u00bb font_size=\u00bb appearance=\u00bb overlay_opacity=&#8217;0.4&#8242; overlay_color=&#8217;#000000&#8242; overlay_text_color=&#8217;#ffffff&#8217; copyright=\u00bb animation=&#8217;no-animation&#8217; av_uid=&#8217;av-g2l4w&#8217; id=\u00bb custom_class=\u00bb admin_preview_bg=\u00bb][\/av_image]<\/p>\n<p>[\/av_one_half]<\/p>\n","protected":false},"excerpt":{"rendered":"<p>[av_one_half first min_height=\u00bb vertical_alignment=\u00bb space=\u00bb custom_margin=\u00bb margin=&#8217;0px&#8217; padding=&#8217;0px&#8217; border=\u00bb border_color=\u00bb radius=&#8217;0px&#8217; background_color=\u00bb src=\u00bb background_position=&#8217;top left&#8217; background_repeat=&#8217;no-repeat&#8217; animation=\u00bb mobile_display=\u00bb av_uid=&#8217;av-vx2y0&#8242;] [av_textblock [&hellip;]<\/p>\n","protected":false},"author":5,"featured_media":0,"parent":0,"menu_order":0,"comment_status":"closed","ping_status":"closed","template":"","meta":{"site-sidebar-layout":"default","site-content-layout":"","ast-site-content-layout":"default","site-content-style":"default","site-sidebar-style":"default","ast-global-header-display":"","ast-banner-title-visibility":"","ast-main-header-display":"","ast-hfb-above-header-display":"","ast-hfb-below-header-display":"","ast-hfb-mobile-header-display":"","site-post-title":"","ast-breadcrumbs-content":"","ast-featured-img":"","footer-sml-layout":"","ast-disable-related-posts":"","theme-transparent-header-meta":"","adv-header-id-meta":"","stick-header-meta":"","header-above-stick-meta":"","header-main-stick-meta":"","header-below-stick-meta":"","astra-migrate-meta-layouts":"default","ast-page-background-enabled":"default","ast-page-background-meta":{"desktop":{"background-color":"var(--ast-global-color-5)","background-image":"","background-repeat":"repeat","background-position":"center center","background-size":"auto","background-attachment":"scroll","background-type":"","background-media":"","overlay-type":"","overlay-color":"","overlay-opacity":"","overlay-gradient":""},"tablet":{"background-color":"","background-image":"","background-repeat":"repeat","background-position":"center center","background-size":"auto","background-attachment":"scroll","background-type":"","background-media":"","overlay-type":"","overlay-color":"","overlay-opacity":"","overlay-gradient":""},"mobile":{"background-color":"","background-image":"","background-repeat":"repeat","background-position":"center center","background-size":"auto","background-attachment":"scroll","background-type":"","background-media":"","overlay-type":"","overlay-color":"","overlay-opacity":"","overlay-gradient":""}},"ast-content-background-meta":{"desktop":{"background-color":"var(--ast-global-color-4)","background-image":"","background-repeat":"repeat","background-position":"center center","background-size":"auto","background-attachment":"scroll","background-type":"","background-media":"","overlay-type":"","overlay-color":"","overlay-opacity":"","overlay-gradient":""},"tablet":{"background-color":"var(--ast-global-color-4)","background-image":"","background-repeat":"repeat","background-position":"center center","background-size":"auto","background-attachment":"scroll","background-type":"","background-media":"","overlay-type":"","overlay-color":"","overlay-opacity":"","overlay-gradient":""},"mobile":{"background-color":"var(--ast-global-color-4)","background-image":"","background-repeat":"repeat","background-position":"center center","background-size":"auto","background-attachment":"scroll","background-type":"","background-media":"","overlay-type":"","overlay-color":"","overlay-opacity":"","overlay-gradient":""}},"footnotes":""},"class_list":["post-560","page","type-page","status-publish","hentry"],"_links":{"self":[{"href":"https:\/\/www.mingob.gob.pa\/integrarte\/wp-json\/wp\/v2\/pages\/560","targetHints":{"allow":["GET"]}}],"collection":[{"href":"https:\/\/www.mingob.gob.pa\/integrarte\/wp-json\/wp\/v2\/pages"}],"about":[{"href":"https:\/\/www.mingob.gob.pa\/integrarte\/wp-json\/wp\/v2\/types\/page"}],"author":[{"embeddable":true,"href":"https:\/\/www.mingob.gob.pa\/integrarte\/wp-json\/wp\/v2\/users\/5"}],"replies":[{"embeddable":true,"href":"https:\/\/www.mingob.gob.pa\/integrarte\/wp-json\/wp\/v2\/comments?post=560"}],"version-history":[{"count":3,"href":"https:\/\/www.mingob.gob.pa\/integrarte\/wp-json\/wp\/v2\/pages\/560\/revisions"}],"predecessor-version":[{"id":46280,"href":"https:\/\/www.mingob.gob.pa\/integrarte\/wp-json\/wp\/v2\/pages\/560\/revisions\/46280"}],"wp:attachment":[{"href":"https:\/\/www.mingob.gob.pa\/integrarte\/wp-json\/wp\/v2\/media?parent=560"}],"curies":[{"name":"wp","href":"https:\/\/api.w.org\/{rel}","templated":true}]}}