{"id":46493,"date":"2026-04-29T10:39:24","date_gmt":"2026-04-29T15:39:24","guid":{"rendered":"https:\/\/www.mingob.gob.pa\/integrarte\/?page_id=46493"},"modified":"2026-04-29T12:20:58","modified_gmt":"2026-04-29T17:20:58","slug":"sobre-nosotros","status":"publish","type":"page","link":"https:\/\/www.mingob.gob.pa\/integrarte\/sobre-nosotros\/","title":{"rendered":"Sobre Nosotros"},"content":{"rendered":"\t\t<div data-elementor-type=\"wp-page\" data-elementor-id=\"46493\" class=\"elementor elementor-46493\">\n\t\t\t\t\t\t<section class=\"elementor-section elementor-top-section elementor-element elementor-element-ef02a47 elementor-section-boxed elementor-section-height-default elementor-section-height-default\" data-id=\"ef02a47\" data-element_type=\"section\" data-e-type=\"section\" data-settings=\"{&quot;background_background&quot;:&quot;classic&quot;}\">\n\t\t\t\t\t\t<div class=\"elementor-container elementor-column-gap-default\">\n\t\t\t\t\t<div class=\"elementor-column elementor-col-25 elementor-top-column elementor-element elementor-element-63ba155\" data-id=\"63ba155\" data-element_type=\"column\" data-e-type=\"column\">\n\t\t\t<div class=\"elementor-widget-wrap\">\n\t\t\t\t\t\t\t<\/div>\n\t\t<\/div>\n\t\t\t\t<div class=\"elementor-column elementor-col-50 elementor-top-column elementor-element elementor-element-78793e2\" data-id=\"78793e2\" data-element_type=\"column\" data-e-type=\"column\">\n\t\t\t<div class=\"elementor-widget-wrap elementor-element-populated\">\n\t\t\t\t\t\t<div class=\"elementor-element elementor-element-59a85b2 elementor-widget elementor-widget-heading\" data-id=\"59a85b2\" data-element_type=\"widget\" data-e-type=\"widget\" data-widget_type=\"heading.default\">\n\t\t\t\t<div class=\"elementor-widget-container\">\n\t\t\t\t\t<h1 class=\"elementor-heading-title elementor-size-default\">Nuestro Proceso<\/h1>\t\t\t\t<\/div>\n\t\t\t\t<\/div>\n\t\t\t\t\t<\/div>\n\t\t<\/div>\n\t\t\t\t<div class=\"elementor-column elementor-col-25 elementor-top-column elementor-element elementor-element-e80867e\" data-id=\"e80867e\" data-element_type=\"column\" data-e-type=\"column\">\n\t\t\t<div class=\"elementor-widget-wrap\">\n\t\t\t\t\t\t\t<\/div>\n\t\t<\/div>\n\t\t\t\t\t<\/div>\n\t\t<\/section>\n\t\t\t\t<section class=\"elementor-section elementor-top-section elementor-element elementor-element-f25c5fa elementor-section-boxed elementor-section-height-default elementor-section-height-default\" data-id=\"f25c5fa\" data-element_type=\"section\" data-e-type=\"section\" data-settings=\"{&quot;background_background&quot;:&quot;classic&quot;}\">\n\t\t\t\t\t\t<div class=\"elementor-container elementor-column-gap-default\">\n\t\t\t\t\t<div class=\"elementor-column elementor-col-100 elementor-top-column elementor-element elementor-element-2c3beed\" data-id=\"2c3beed\" data-element_type=\"column\" data-e-type=\"column\">\n\t\t\t<div class=\"elementor-widget-wrap elementor-element-populated\">\n\t\t\t\t\t\t<div class=\"elementor-element elementor-element-9c2688c elementor-widget elementor-widget-text-editor\" data-id=\"9c2688c\" data-element_type=\"widget\" data-e-type=\"widget\" data-widget_type=\"text-editor.default\">\n\t\t\t\t<div class=\"elementor-widget-container\">\n\t\t\t\t\t\t\t\t\t<div id=\"comp-mobm4w1k\" class=\"_root_mubql_1 container comp-mobm4w1k\"><div id=\"comp-mobm4w1o\" class=\"container _internalContainerRoot_1mvr8_1 comp-mobm4w1o comp-mobm4w1o-container\" data-testid=\"internal-container-root\"><div class=\"_backgroundLayer_1mvr8_24\" data-testid=\"internal-container-background-layer\"><div id=\"comp-mobm4w22\" class=\"comp-mobm4w22 _background_sbo9q_1 background\" data-motion-part=\"BG_LAYER comp-mobm4w22\"><span style=\"font-size: 1.5em; font-weight: bold;\">01 Selecci\u00f3n de Retazos<\/span><\/div><\/div><\/div><\/div><div id=\"comp-mobm4wc6\" class=\"_WRichTextNewSkin_6s3d3_171 _supportTableDesign_6s3d3_60 comp-mobm4wc6 _wrichtext_aqg9v_1 wrichtext wixui-rich-text\" data-testid=\"richTextElement\"><p>Recogemos y clasificamos cada retazo de tela, asegurando que cada fibra tenga un prop\u00f3sito y una historia.<\/p><\/div>\t\t\t\t\t\t\t\t<\/div>\n\t\t\t\t<\/div>\n\t\t\t\t\t<\/div>\n\t\t<\/div>\n\t\t\t\t\t<\/div>\n\t\t<\/section>\n\t\t\t\t<section class=\"elementor-section elementor-top-section elementor-element elementor-element-ecd65a6 elementor-section-boxed elementor-section-height-default elementor-section-height-default\" data-id=\"ecd65a6\" data-element_type=\"section\" data-e-type=\"section\" data-settings=\"{&quot;background_background&quot;:&quot;classic&quot;}\">\n\t\t\t\t\t\t<div class=\"elementor-container elementor-column-gap-default\">\n\t\t\t\t\t<div class=\"elementor-column elementor-col-100 elementor-top-column elementor-element elementor-element-1bda391\" data-id=\"1bda391\" data-element_type=\"column\" data-e-type=\"column\">\n\t\t\t<div class=\"elementor-widget-wrap elementor-element-populated\">\n\t\t\t\t\t\t<div class=\"elementor-element elementor-element-58cb7d3 elementor-widget elementor-widget-text-editor\" data-id=\"58cb7d3\" data-element_type=\"widget\" data-e-type=\"widget\" data-widget_type=\"text-editor.default\">\n\t\t\t\t<div class=\"elementor-widget-container\">\n\t\t\t\t\t\t\t\t\t<div id=\"comp-mobm4w1k\" class=\"_root_mubql_1 container comp-mobm4w1k\"><div id=\"comp-mobm4w1o\" class=\"container _internalContainerRoot_1mvr8_1 comp-mobm4w1o comp-mobm4w1o-container\" data-testid=\"internal-container-root\"><div class=\"_backgroundLayer_1mvr8_24\" data-testid=\"internal-container-background-layer\"><div id=\"comp-mobm4w22\" class=\"comp-mobm4w22 _background_sbo9q_1 background\" data-motion-part=\"BG_LAYER comp-mobm4w22\"><div class=\"_backgroundLayer_1mvr8_24\" data-testid=\"internal-container-background-layer\"><div id=\"comp-mobm4wgr\" class=\"comp-mobm4wgr _background_sbo9q_1 background\" data-motion-part=\"BG_LAYER comp-mobm4wgr\"><span style=\"font-size: 1.1em; font-weight: bold;\">02 <\/span><span style=\"font-size: 1.1em; font-weight: bold;\">Transformaci\u00f3n Artesanal<\/span><\/div><\/div><div id=\"comp-mobm4wiv\" class=\"_WRichTextNewSkin_6s3d3_171 _supportTableDesign_6s3d3_60 comp-mobm4wiv _wrichtext_aqg9v_1 wrichtext wixui-rich-text\" data-testid=\"richTextElement\"><p><span style=\"font-size: 16px;\">Nuestros artesanos trabajan con paciencia y maestr\u00eda para transformar estos fragmentos en piezas \u00fanicas y de alta calidad.<\/span><\/p><\/div><\/div><\/div><\/div><\/div>\t\t\t\t\t\t\t\t<\/div>\n\t\t\t\t<\/div>\n\t\t\t\t\t<\/div>\n\t\t<\/div>\n\t\t\t\t\t<\/div>\n\t\t<\/section>\n\t\t\t\t<section class=\"elementor-section elementor-top-section elementor-element elementor-element-bf89dc2 elementor-section-boxed elementor-section-height-default elementor-section-height-default\" data-id=\"bf89dc2\" data-element_type=\"section\" data-e-type=\"section\" data-settings=\"{&quot;background_background&quot;:&quot;classic&quot;}\">\n\t\t\t\t\t\t<div class=\"elementor-container elementor-column-gap-default\">\n\t\t\t\t\t<div class=\"elementor-column elementor-col-100 elementor-top-column elementor-element elementor-element-cfe6c43\" data-id=\"cfe6c43\" data-element_type=\"column\" data-e-type=\"column\">\n\t\t\t<div class=\"elementor-widget-wrap elementor-element-populated\">\n\t\t\t\t\t\t<div class=\"elementor-element elementor-element-8fb61c5 elementor-widget elementor-widget-text-editor\" data-id=\"8fb61c5\" data-element_type=\"widget\" data-e-type=\"widget\" data-widget_type=\"text-editor.default\">\n\t\t\t\t<div class=\"elementor-widget-container\">\n\t\t\t\t\t\t\t\t\t<div id=\"comp-mobm4wp1\" class=\"_root_mubql_1 container comp-mobm4wp1\"><div id=\"comp-mobm4wp52\" class=\"container _internalContainerRoot_1mvr8_1 comp-mobm4wp52 comp-mobm4wp52-container\" data-testid=\"internal-container-root\"><div class=\"_backgroundLayer_1mvr8_24\" data-testid=\"internal-container-background-layer\"><div id=\"comp-mobm4wpj\" class=\"comp-mobm4wpj _background_sbo9q_1 background\" data-motion-part=\"BG_LAYER comp-mobm4wpj\"><span style=\"font-size: 1.1em; font-weight: bold;\">03 <\/span><span style=\"font-size: 1.1em; font-weight: bold;\">Revisi\u00f3n y Finalizaci\u00f3n<\/span><\/div><\/div><div id=\"comp-mobm4wrr\" class=\"_WRichTextNewSkin_6s3d3_171 _supportTableDesign_6s3d3_60 comp-mobm4wrr _wrichtext_aqg9v_1 wrichtext wixui-rich-text\" data-testid=\"richTextElement\"><p><span style=\"font-size: 16px;\">Cada producto pasa por una revisi\u00f3n exhaustiva para garantizar que cumpla con nuestros est\u00e1ndares de excelencia y calidad.<\/span><\/p><\/div><\/div><\/div>\t\t\t\t\t\t\t\t<\/div>\n\t\t\t\t<\/div>\n\t\t\t\t\t<\/div>\n\t\t<\/div>\n\t\t\t\t\t<\/div>\n\t\t<\/section>\n\t\t\t\t<section class=\"elementor-section elementor-top-section elementor-element elementor-element-559b618 elementor-section-boxed elementor-section-height-default elementor-section-height-default\" data-id=\"559b618\" data-element_type=\"section\" data-e-type=\"section\" data-settings=\"{&quot;background_background&quot;:&quot;classic&quot;}\">\n\t\t\t\t\t\t<div class=\"elementor-container elementor-column-gap-default\">\n\t\t\t\t\t<div class=\"elementor-column elementor-col-100 elementor-top-column elementor-element elementor-element-196c0e9\" data-id=\"196c0e9\" data-element_type=\"column\" data-e-type=\"column\">\n\t\t\t<div class=\"elementor-widget-wrap elementor-element-populated\">\n\t\t\t\t\t\t<div class=\"elementor-element elementor-element-0f70cb1 elementor-widget elementor-widget-heading\" data-id=\"0f70cb1\" data-element_type=\"widget\" data-e-type=\"widget\" data-widget_type=\"heading.default\">\n\t\t\t\t<div class=\"elementor-widget-container\">\n\t\t\t\t\t<h2 class=\"elementor-heading-title elementor-size-default\">Impacto Social<\/h2>\t\t\t\t<\/div>\n\t\t\t\t<\/div>\n\t\t\t\t<div class=\"elementor-element elementor-element-dc34b36 elementor-widget__width-initial elementor-widget elementor-widget-text-editor\" data-id=\"dc34b36\" data-element_type=\"widget\" data-e-type=\"widget\" data-widget_type=\"text-editor.default\">\n\t\t\t\t<div class=\"elementor-widget-container\">\n\t\t\t\t\t\t\t\t\t<div class=\"_backgroundLayer_1mvr8_24\" data-testid=\"internal-container-background-layer\"><div data-motion-part=\"BG_LAYER comp-mobm53en\">Nuestra misi\u00f3n va m\u00e1s all\u00e1 de la artesan\u00eda; transformamos vidas y familias a trav\u00e9s de la oportunidad y el trabajo.<\/div><\/div>\t\t\t\t\t\t\t\t<\/div>\n\t\t\t\t<\/div>\n\t\t\t\t\t<\/div>\n\t\t<\/div>\n\t\t\t\t\t<\/div>\n\t\t<\/section>\n\t\t\t\t<section class=\"elementor-section elementor-top-section elementor-element elementor-element-1858e51 elementor-section-boxed elementor-section-height-default elementor-section-height-default\" data-id=\"1858e51\" data-element_type=\"section\" data-e-type=\"section\" data-settings=\"{&quot;background_background&quot;:&quot;classic&quot;}\">\n\t\t\t\t\t\t<div class=\"elementor-container elementor-column-gap-wider\">\n\t\t\t\t\t<div class=\"elementor-column elementor-col-33 elementor-top-column elementor-element elementor-element-dae9ac2\" data-id=\"dae9ac2\" data-element_type=\"column\" data-e-type=\"column\" data-settings=\"{&quot;background_background&quot;:&quot;classic&quot;}\">\n\t\t\t<div class=\"elementor-widget-wrap elementor-element-populated\">\n\t\t\t\t\t\t<div class=\"elementor-element elementor-element-fccc2f7 eael-infobox-content-align--center elementor-invisible elementor-widget elementor-widget-eael-info-box\" data-id=\"fccc2f7\" data-element_type=\"widget\" data-e-type=\"widget\" data-settings=\"{&quot;_animation&quot;:&quot;rotateInUpRight&quot;}\" data-widget_type=\"eael-info-box.default\">\n\t\t\t\t<div class=\"elementor-widget-container\">\n\t\t\t\t\t        <div class=\"eael-infobox icon-on-top\">\n\t            <div class=\"infobox-content\">\n                    <div class=\"infobox-title-section\">\n                <h2 class=\"title\">50+<\/h2>            <\/div>\n            <div><p>Familias directamente beneficiadas<\/p><\/div>        <\/div>\n            <\/div>\n\n\t\t\t\t\t\t<\/div>\n\t\t\t\t<\/div>\n\t\t\t\t\t<\/div>\n\t\t<\/div>\n\t\t\t\t<div class=\"elementor-column elementor-col-33 elementor-top-column elementor-element elementor-element-3b79236\" data-id=\"3b79236\" data-element_type=\"column\" data-e-type=\"column\" data-settings=\"{&quot;background_background&quot;:&quot;classic&quot;}\">\n\t\t\t<div class=\"elementor-widget-wrap elementor-element-populated\">\n\t\t\t\t\t\t<div class=\"elementor-element elementor-element-a32dd1a eael-infobox-content-align--center elementor-invisible elementor-widget elementor-widget-eael-info-box\" data-id=\"a32dd1a\" data-element_type=\"widget\" data-e-type=\"widget\" data-settings=\"{&quot;_animation&quot;:&quot;rotateIn&quot;}\" data-widget_type=\"eael-info-box.default\">\n\t\t\t\t<div class=\"elementor-widget-container\">\n\t\t\t\t\t        <div class=\"eael-infobox icon-on-top\">\n\t            <div class=\"infobox-content\">\n                    <div class=\"infobox-title-section\">\n                <h2 class=\"title\">150+<\/h2>            <\/div>\n            <div><p>Personas privadas de libertad que trabajan<\/p><\/div>        <\/div>\n            <\/div>\n\n\t\t\t\t\t\t<\/div>\n\t\t\t\t<\/div>\n\t\t\t\t\t<\/div>\n\t\t<\/div>\n\t\t\t\t<div class=\"elementor-column elementor-col-33 elementor-top-column elementor-element elementor-element-a0b5e00\" data-id=\"a0b5e00\" data-element_type=\"column\" data-e-type=\"column\" data-settings=\"{&quot;background_background&quot;:&quot;classic&quot;}\">\n\t\t\t<div class=\"elementor-widget-wrap elementor-element-populated\">\n\t\t\t\t\t\t<div class=\"elementor-element elementor-element-7d9c2d8 eael-infobox-content-align--center eael-infobox-icon-bg-shape-none eael-infobox-icon-hover-bg-shape-none elementor-invisible elementor-widget elementor-widget-eael-info-box\" data-id=\"7d9c2d8\" data-element_type=\"widget\" data-e-type=\"widget\" data-settings=\"{&quot;_animation&quot;:&quot;rotateInUpLeft&quot;}\" data-widget_type=\"eael-info-box.default\">\n\t\t\t\t<div class=\"elementor-widget-container\">\n\t\t\t\t\t        <div class=\"eael-infobox icon-on-top\">\n\t            <div class=\"infobox-icon\">\n\n            \n            \n                            <div class=\"infobox-icon-wrap\">\n                    <span class=\"infobox-icon-number\"><\/span>\n                <\/div>\n            \n        <\/div>\n            <div class=\"infobox-content\">\n                    <div class=\"infobox-title-section\">\n                <h2 class=\"title\">100%<\/h2>            <\/div>\n            <div><p>Retazos de tela reutilizados<\/p><\/div>        <\/div>\n            <\/div>\n\n\t\t\t\t\t\t<\/div>\n\t\t\t\t<\/div>\n\t\t\t\t\t<\/div>\n\t\t<\/div>\n\t\t\t\t\t<\/div>\n\t\t<\/section>\n\t\t\t\t<\/div>\n\t\t","protected":false},"excerpt":{"rendered":"<p>Nuestro Proceso 01 Selecci\u00f3n de Retazos Recogemos y clasificamos cada retazo de tela, asegurando que cada fibra tenga un prop\u00f3sito [&hellip;]<\/p>\n","protected":false},"author":24,"featured_media":0,"parent":0,"menu_order":0,"comment_status":"closed","ping_status":"closed","template":"","meta":{"site-sidebar-layout":"no-sidebar","site-content-layout":"","ast-site-content-layout":"full-width-container","site-content-style":"default","site-sidebar-style":"default","ast-global-header-display":"","ast-banner-title-visibility":"","ast-main-header-display":"","ast-hfb-above-header-display":"","ast-hfb-below-header-display":"","ast-hfb-mobile-header-display":"","site-post-title":"disabled","ast-breadcrumbs-content":"","ast-featured-img":"disabled","footer-sml-layout":"","ast-disable-related-posts":"","theme-transparent-header-meta":"","adv-header-id-meta":"","stick-header-meta":"","header-above-stick-meta":"","header-main-stick-meta":"","header-below-stick-meta":"","astra-migrate-meta-layouts":"default","ast-page-background-enabled":"default","ast-page-background-meta":{"desktop":{"background-color":"var(--ast-global-color-5)","background-image":"","background-repeat":"repeat","background-position":"center center","background-size":"auto","background-attachment":"scroll","background-type":"","background-media":"","overlay-type":"","overlay-color":"","overlay-opacity":"","overlay-gradient":""},"tablet":{"background-color":"","background-image":"","background-repeat":"repeat","background-position":"center center","background-size":"auto","background-attachment":"scroll","background-type":"","background-media":"","overlay-type":"","overlay-color":"","overlay-opacity":"","overlay-gradient":""},"mobile":{"background-color":"","background-image":"","background-repeat":"repeat","background-position":"center center","background-size":"auto","background-attachment":"scroll","background-type":"","background-media":"","overlay-type":"","overlay-color":"","overlay-opacity":"","overlay-gradient":""}},"ast-content-background-meta":{"desktop":{"background-color":"var(--ast-global-color-4)","background-image":"","background-repeat":"repeat","background-position":"center center","background-size":"auto","background-attachment":"scroll","background-type":"","background-media":"","overlay-type":"","overlay-color":"","overlay-opacity":"","overlay-gradient":""},"tablet":{"background-color":"var(--ast-global-color-4)","background-image":"","background-repeat":"repeat","background-position":"center center","background-size":"auto","background-attachment":"scroll","background-type":"","background-media":"","overlay-type":"","overlay-color":"","overlay-opacity":"","overlay-gradient":""},"mobile":{"background-color":"var(--ast-global-color-4)","background-image":"","background-repeat":"repeat","background-position":"center center","background-size":"auto","background-attachment":"scroll","background-type":"","background-media":"","overlay-type":"","overlay-color":"","overlay-opacity":"","overlay-gradient":""}},"footnotes":""},"class_list":["post-46493","page","type-page","status-publish","hentry"],"_links":{"self":[{"href":"https:\/\/www.mingob.gob.pa\/integrarte\/wp-json\/wp\/v2\/pages\/46493","targetHints":{"allow":["GET"]}}],"collection":[{"href":"https:\/\/www.mingob.gob.pa\/integrarte\/wp-json\/wp\/v2\/pages"}],"about":[{"href":"https:\/\/www.mingob.gob.pa\/integrarte\/wp-json\/wp\/v2\/types\/page"}],"author":[{"embeddable":true,"href":"https:\/\/www.mingob.gob.pa\/integrarte\/wp-json\/wp\/v2\/users\/24"}],"replies":[{"embeddable":true,"href":"https:\/\/www.mingob.gob.pa\/integrarte\/wp-json\/wp\/v2\/comments?post=46493"}],"version-history":[{"count":5,"href":"https:\/\/www.mingob.gob.pa\/integrarte\/wp-json\/wp\/v2\/pages\/46493\/revisions"}],"predecessor-version":[{"id":46558,"href":"https:\/\/www.mingob.gob.pa\/integrarte\/wp-json\/wp\/v2\/pages\/46493\/revisions\/46558"}],"wp:attachment":[{"href":"https:\/\/www.mingob.gob.pa\/integrarte\/wp-json\/wp\/v2\/media?parent=46493"}],"curies":[{"name":"wp","href":"https:\/\/api.w.org\/{rel}","templated":true}]}}