{"id":769,"date":"2018-10-05T15:43:04","date_gmt":"2018-10-05T20:43:04","guid":{"rendered":"http:\/\/www.mingob.gob.pa\/iei\/?page_id=769"},"modified":"2025-11-24T11:33:35","modified_gmt":"2025-11-24T16:33:35","slug":"centros-de-custodia-y-cumplimiento","status":"publish","type":"page","link":"https:\/\/www.mingob.gob.pa\/iei\/centros-de-custodia-y-cumplimiento\/","title":{"rendered":"Centros de Custodia y Cumplimiento"},"content":{"rendered":"\t\t<div data-elementor-type=\"wp-page\" data-elementor-id=\"769\" class=\"elementor elementor-769\">\n\t\t\t\t\t\t<section class=\"elementor-section elementor-top-section elementor-element elementor-element-c0e5152 elementor-section-boxed elementor-section-height-default elementor-section-height-default\" data-id=\"c0e5152\" data-element_type=\"section\" data-e-type=\"section\">\n\t\t\t\t\t\t<div class=\"elementor-container elementor-column-gap-default\">\n\t\t\t\t\t<div class=\"elementor-column elementor-col-100 elementor-top-column elementor-element elementor-element-fb233eb\" data-id=\"fb233eb\" data-element_type=\"column\" data-e-type=\"column\">\n\t\t\t<div class=\"elementor-widget-wrap elementor-element-populated\">\n\t\t\t\t\t\t<div class=\"elementor-element elementor-element-93fa457 elementor-widget__width-initial elementor-widget elementor-widget-image\" data-id=\"93fa457\" data-element_type=\"widget\" data-e-type=\"widget\" data-widget_type=\"image.default\">\n\t\t\t\t<div class=\"elementor-widget-container\">\n\t\t\t\t\t\t\t\t\t\t\t\t\t\t\t<img fetchpriority=\"high\" decoding=\"async\" width=\"1030\" height=\"433\" src=\"https:\/\/www.mingob.gob.pa\/iei\/wp-content\/uploads\/sites\/21\/2018\/10\/Mapa_de_Panam\u00e1-1030x433.png\" class=\"attachment-large size-large wp-image-974\" alt=\"\" srcset=\"https:\/\/www.mingob.gob.pa\/iei\/wp-content\/uploads\/sites\/21\/2018\/10\/Mapa_de_Panam\u00e1-1030x433.png 1030w, https:\/\/www.mingob.gob.pa\/iei\/wp-content\/uploads\/sites\/21\/2018\/10\/Mapa_de_Panam\u00e1-300x126.png 300w, https:\/\/www.mingob.gob.pa\/iei\/wp-content\/uploads\/sites\/21\/2018\/10\/Mapa_de_Panam\u00e1-768x323.png 768w, https:\/\/www.mingob.gob.pa\/iei\/wp-content\/uploads\/sites\/21\/2018\/10\/Mapa_de_Panam\u00e1-705x297.png 705w, https:\/\/www.mingob.gob.pa\/iei\/wp-content\/uploads\/sites\/21\/2018\/10\/Mapa_de_Panam\u00e1-600x253.png 600w, https:\/\/www.mingob.gob.pa\/iei\/wp-content\/uploads\/sites\/21\/2018\/10\/Mapa_de_Panam\u00e1.png 1200w\" sizes=\"(max-width: 1030px) 100vw, 1030px\" \/>\t\t\t\t\t\t\t\t\t\t\t\t\t\t\t<\/div>\n\t\t\t\t<\/div>\n\t\t\t\t<div data-eael-wrapper-link=\"{&quot;url&quot;:&quot;https:\\\/\\\/www.mingob.gob.pa\\\/iei\\\/centro-de-cumplimiento-chiriqui\\\/&quot;,&quot;is_external&quot;:&quot;&quot;,&quot;nofollow&quot;:&quot;&quot;}\" class=\"eael-non-traditional-link elementor-element elementor-element-ca06708 elementor-widget__width-initial elementor-absolute elementor-widget elementor-widget-sina_flip_box\" data-id=\"ca06708\" data-element_type=\"widget\" data-e-type=\"widget\" data-settings=\"{&quot;_position&quot;:&quot;absolute&quot;}\" data-widget_type=\"sina_flip_box.default\">\n\t\t\t\t<div class=\"elementor-widget-container\">\n\t\t\t\t\t\t\t<div class=\"sina-flipbox \">\r\n\t\t\t<div class=\"sina-flipbox-front sina-flipbox-effect-zoom\">\r\n\t\t\t\t\t\t\t\t\t<div class=\"sina-flipbox-icon\">\r\n\t\t\t\t\t\t<i class=\"icofont icofont-close-circled\"><\/i>\r\n\t\t\t\t\t<\/div>\r\n\t\t\t\t\r\n\t\t\t\t<div class=\"sina-flipbox-content\">\r\n\t\t\t\t\t\r\n\t\t\t\t\t\t\t\t\t<\/div>\r\n\t\t\t<\/div>\r\n\t\t\t<div class=\"sina-flipbox-back sina-flipbox-effect-zoom\">\r\n\t\t\t\t\t\t\t\t\t<div class=\"sina-flipbox-icon\">\r\n\t\t\t\t\t\t<i class=\"icofont icofont-circled-up\"><\/i>\r\n\t\t\t\t\t<\/div>\r\n\t\t\t\t\r\n\t\t\t\t<div class=\"sina-flipbox-content\">\r\n\t\t\t\t\t\r\n\t\t\t\t\t\t\t\t\t<\/div>\r\n\t\t\t<\/div>\r\n\t\t<\/div><!-- .sina-flipbox -->\r\n\t\t\t\t\t\t<\/div>\n\t\t\t\t<\/div>\n\t\t\t\t<div data-eael-wrapper-link=\"{&quot;url&quot;:&quot;https:\\\/\\\/www.mingob.gob.pa\\\/iei\\\/centro-de-cumplimiento-panama\\\/&quot;,&quot;is_external&quot;:&quot;&quot;,&quot;nofollow&quot;:&quot;&quot;}\" class=\"eael-non-traditional-link elementor-element elementor-element-09d6047 elementor-widget__width-initial elementor-absolute elementor-widget elementor-widget-sina_flip_box\" data-id=\"09d6047\" data-element_type=\"widget\" data-e-type=\"widget\" data-settings=\"{&quot;_position&quot;:&quot;absolute&quot;}\" data-widget_type=\"sina_flip_box.default\">\n\t\t\t\t<div class=\"elementor-widget-container\">\n\t\t\t\t\t\t\t<div class=\"sina-flipbox \">\r\n\t\t\t<div class=\"sina-flipbox-front sina-flipbox-effect-zoom\">\r\n\t\t\t\t\t\t\t\t\t<div class=\"sina-flipbox-icon\">\r\n\t\t\t\t\t\t<i class=\"icofont icofont-close-circled\"><\/i>\r\n\t\t\t\t\t<\/div>\r\n\t\t\t\t\r\n\t\t\t\t<div class=\"sina-flipbox-content\">\r\n\t\t\t\t\t\r\n\t\t\t\t\t\t\t\t\t<\/div>\r\n\t\t\t<\/div>\r\n\t\t\t<div class=\"sina-flipbox-back sina-flipbox-effect-zoom\">\r\n\t\t\t\t\t\t\t\t\t<div class=\"sina-flipbox-icon\">\r\n\t\t\t\t\t\t<i class=\"icofont icofont-circled-up\"><\/i>\r\n\t\t\t\t\t<\/div>\r\n\t\t\t\t\r\n\t\t\t\t<div class=\"sina-flipbox-content\">\r\n\t\t\t\t\t\r\n\t\t\t\t\t\t\t\t\t<\/div>\r\n\t\t\t<\/div>\r\n\t\t<\/div><!-- .sina-flipbox -->\r\n\t\t\t\t\t\t<\/div>\n\t\t\t\t<\/div>\n\t\t\t\t\t<\/div>\n\t\t<\/div>\n\t\t\t\t\t<\/div>\n\t\t<\/section>\n\t\t\t\t<section class=\"elementor-section elementor-top-section elementor-element elementor-element-d0ba0d2 elementor-section-boxed elementor-section-height-default elementor-section-height-default\" data-id=\"d0ba0d2\" data-element_type=\"section\" data-e-type=\"section\">\n\t\t\t\t\t\t<div class=\"elementor-container elementor-column-gap-default\">\n\t\t\t\t\t<div class=\"elementor-column elementor-col-100 elementor-top-column elementor-element elementor-element-a776717\" data-id=\"a776717\" data-element_type=\"column\" data-e-type=\"column\">\n\t\t\t<div class=\"elementor-widget-wrap elementor-element-populated\">\n\t\t\t\t\t\t<div data-eael-wrapper-link=\"{&quot;url&quot;:&quot;https:\\\/\\\/www.mingob.gob.pa\\\/iei\\\/centro-de-cumplimiento-herrera\\\/&quot;,&quot;is_external&quot;:&quot;&quot;,&quot;nofollow&quot;:&quot;&quot;}\" class=\"eael-non-traditional-link elementor-element elementor-element-efcae59 elementor-widget__width-initial elementor-absolute elementor-widget elementor-widget-sina_flip_box\" data-id=\"efcae59\" data-element_type=\"widget\" data-e-type=\"widget\" data-settings=\"{&quot;_position&quot;:&quot;absolute&quot;}\" data-widget_type=\"sina_flip_box.default\">\n\t\t\t\t<div class=\"elementor-widget-container\">\n\t\t\t\t\t\t\t<div class=\"sina-flipbox \">\r\n\t\t\t<div class=\"sina-flipbox-front sina-flipbox-effect-zoom\">\r\n\t\t\t\t\t\t\t\t\t<div class=\"sina-flipbox-icon\">\r\n\t\t\t\t\t\t<i class=\"icofont icofont-close-circled\"><\/i>\r\n\t\t\t\t\t<\/div>\r\n\t\t\t\t\r\n\t\t\t\t<div class=\"sina-flipbox-content\">\r\n\t\t\t\t\t\r\n\t\t\t\t\t\t\t\t\t<\/div>\r\n\t\t\t<\/div>\r\n\t\t\t<div class=\"sina-flipbox-back sina-flipbox-effect-zoom\">\r\n\t\t\t\t\t\t\t\t\t<div class=\"sina-flipbox-icon\">\r\n\t\t\t\t\t\t<i class=\"icofont icofont-circled-up\"><\/i>\r\n\t\t\t\t\t<\/div>\r\n\t\t\t\t\r\n\t\t\t\t<div class=\"sina-flipbox-content\">\r\n\t\t\t\t\t\r\n\t\t\t\t\t\t\t\t\t<\/div>\r\n\t\t\t<\/div>\r\n\t\t<\/div><!-- .sina-flipbox -->\r\n\t\t\t\t\t\t<\/div>\n\t\t\t\t<\/div>\n\t\t\t\t\t<\/div>\n\t\t<\/div>\n\t\t\t\t\t<\/div>\n\t\t<\/section>\n\t\t\t\t<section class=\"elementor-section elementor-top-section elementor-element elementor-element-748724d elementor-section-boxed elementor-section-height-default elementor-section-height-default\" data-id=\"748724d\" data-element_type=\"section\" data-e-type=\"section\">\n\t\t\t\t\t\t<div class=\"elementor-container elementor-column-gap-default\">\n\t\t\t\t\t<div class=\"elementor-column elementor-col-100 elementor-top-column elementor-element elementor-element-2842326\" data-id=\"2842326\" data-element_type=\"column\" data-e-type=\"column\">\n\t\t\t<div class=\"elementor-widget-wrap elementor-element-populated\">\n\t\t\t\t\t\t<div data-eael-wrapper-link=\"{&quot;url&quot;:&quot;https:\\\/\\\/www.mingob.gob.pa\\\/iei\\\/centros-de-cumplimiento-colon\\\/&quot;,&quot;is_external&quot;:&quot;&quot;,&quot;nofollow&quot;:&quot;&quot;}\" class=\"eael-non-traditional-link elementor-element elementor-element-3ec6bba elementor-widget__width-initial elementor-absolute elementor-widget elementor-widget-sina_flip_box\" data-id=\"3ec6bba\" data-element_type=\"widget\" data-e-type=\"widget\" data-settings=\"{&quot;_position&quot;:&quot;absolute&quot;}\" data-widget_type=\"sina_flip_box.default\">\n\t\t\t\t<div class=\"elementor-widget-container\">\n\t\t\t\t\t\t\t<div class=\"sina-flipbox \">\r\n\t\t\t<div class=\"sina-flipbox-front sina-flipbox-effect-zoom\">\r\n\t\t\t\t\t\t\t\t\t<div class=\"sina-flipbox-icon\">\r\n\t\t\t\t\t\t<i class=\"icofont icofont-close-circled\"><\/i>\r\n\t\t\t\t\t<\/div>\r\n\t\t\t\t\r\n\t\t\t\t<div class=\"sina-flipbox-content\">\r\n\t\t\t\t\t\r\n\t\t\t\t\t\t\t\t\t<\/div>\r\n\t\t\t<\/div>\r\n\t\t\t<div class=\"sina-flipbox-back sina-flipbox-effect-zoom\">\r\n\t\t\t\t\t\t\t\t\t<div class=\"sina-flipbox-icon\">\r\n\t\t\t\t\t\t<i class=\"icofont icofont-circled-up\"><\/i>\r\n\t\t\t\t\t<\/div>\r\n\t\t\t\t\r\n\t\t\t\t<div class=\"sina-flipbox-content\">\r\n\t\t\t\t\t\r\n\t\t\t\t\t\t\t\t\t<\/div>\r\n\t\t\t<\/div>\r\n\t\t<\/div><!-- .sina-flipbox -->\r\n\t\t\t\t\t\t<\/div>\n\t\t\t\t<\/div>\n\t\t\t\t\t<\/div>\n\t\t<\/div>\n\t\t\t\t\t<\/div>\n\t\t<\/section>\n\t\t\t\t<section class=\"elementor-section elementor-top-section elementor-element elementor-element-228f441 elementor-section-boxed elementor-section-height-default elementor-section-height-default\" data-id=\"228f441\" data-element_type=\"section\" data-e-type=\"section\">\n\t\t\t\t\t\t<div class=\"elementor-container elementor-column-gap-default\">\n\t\t\t\t\t<div class=\"elementor-column elementor-col-100 elementor-top-column elementor-element elementor-element-2ca68d6\" data-id=\"2ca68d6\" data-element_type=\"column\" data-e-type=\"column\">\n\t\t\t<div class=\"elementor-widget-wrap elementor-element-populated\">\n\t\t\t\t\t\t<div class=\"elementor-element elementor-element-d9e0027 elementor-widget elementor-widget-text-editor\" data-id=\"d9e0027\" data-element_type=\"widget\" data-e-type=\"widget\" data-widget_type=\"text-editor.default\">\n\t\t\t\t<div class=\"elementor-widget-container\">\n\t\t\t\t\t\t\t\t\t<section class=\"av_textblock_section \"><div class=\"avia_textblock \"><p>Seg\u00fan Ley 40 de 1999.<\/p><p><strong>Los J\u00f3venes en Centros de custodia<\/strong> se encuentran bajo detenci\u00f3n provisional, en investigaci\u00f3n no han sido sancionados. (Art\u00edculo 64).<\/p><p><em>\u201cArt\u00edculo 154. Centros de custodia. Los adolescentes contra quienes se haya decretado detenci\u00f3n provisional, no podr\u00e1n ser enviados a los centros de cumplimiento. Es responsabilidad del Ministerio P\u00fablico que todo adolescente que haya sido detenido provisionalmente sea conducido a un centro de custodia, el cual funcionar\u00e1 con un reglamento interno que disponga sobre las medidas de seguridad requeridas y sobre la atenci\u00f3n que recibir\u00e1n los adolescentes por parte de especialistas.<\/em><\/p><p><em>Art\u00edculo 65. Plazo m\u00e1ximo de la detenci\u00f3n provisional y de otras medidas cautelares. Plazo m\u00e1ximo de la detenci\u00f3n provisional y de otras medidas cautelares. La detenci\u00f3n provisional tendr\u00e1 un plazo m\u00e1ximo de nueve meses improrrogables, salvo que se trate de delito de homicidio doloso, caso en el que la detenci\u00f3n podr\u00e1 mantenerse hasta que concluya el proceso\u2026\u201d<\/em><\/p><p><strong>Los J\u00f3venes en Centros de cumplimiento<\/strong> se encuentran sancionados por la autoridad competente y la direcci\u00f3n de los centros tiene como labor primordial facilitar el cumplimiento de las sanciones de acuerdo con el plan individual de cumplimiento, y en todo momento acatar\u00e1 las decisiones y las \u00f3rdenes de los jueces de cumplimiento. (Art\u00edculo 152. Direcci\u00f3n del centro de cumplimiento).<\/p><p><em>\u201cArt\u00edculo 149. Centro de cumplimiento. El centro de cumplimiento es la instituci\u00f3n en donde se cumplen las sanciones privativas de libertad. En los centros de cumplimiento no se admitir\u00e1n adolescentes sin orden previa y escrita de la autoridad judicial competente\u2026\u201d<\/em><\/p><p><strong>J\u00f3venes en centros de transici\u00f3n<\/strong> son aquellos que seg\u00fan la normativa son trasladados: \u201cuna vez cumpla los dieciocho a\u00f1os de edad, para que contin\u00fae cumpliendo la sanci\u00f3n de prisi\u00f3n hasta que cumpla los veinticinco a\u00f1os de edad.<\/p><p><em>\u00abArt\u00edculo 150. Cumplimiento de la privaci\u00f3n de libertad en centros penitenciarios o centros de transici\u00f3n. El juez de cumplimiento ordenar\u00e1 de inmediato el traslado del adolescente o la adolescente a pabellones separados en un centro penitenciario o a un centro de transici\u00f3n, una vez cumpla los dieciocho a\u00f1os de edad, para que contin\u00fae cumpliendo la sanci\u00f3n de prisi\u00f3n hasta que cumpla los veinticinco a\u00f1os de edad.\u00bb<\/em><\/p><\/div><\/section>\t\t\t\t\t\t\t\t<\/div>\n\t\t\t\t<\/div>\n\t\t\t\t\t<\/div>\n\t\t<\/div>\n\t\t\t\t\t<\/div>\n\t\t<\/section>\n\t\t\t\t<\/div>\n\t\t","protected":false},"excerpt":{"rendered":"<p>Seg\u00fan Ley 40 de 1999. Los J\u00f3venes en Centros de custodia se encuentran bajo detenci\u00f3n provisional, en investigaci\u00f3n no han [&hellip;]<\/p>\n","protected":false},"author":5,"featured_media":0,"parent":0,"menu_order":0,"comment_status":"closed","ping_status":"closed","template":"","meta":{"site-sidebar-layout":"default","site-content-layout":"","ast-site-content-layout":"default","site-content-style":"default","site-sidebar-style":"default","ast-global-header-display":"","ast-banner-title-visibility":"","ast-main-header-display":"","ast-hfb-above-header-display":"","ast-hfb-below-header-display":"","ast-hfb-mobile-header-display":"","site-post-title":"","ast-breadcrumbs-content":"","ast-featured-img":"","footer-sml-layout":"","ast-disable-related-posts":"","theme-transparent-header-meta":"","adv-header-id-meta":"","stick-header-meta":"","header-above-stick-meta":"","header-main-stick-meta":"","header-below-stick-meta":"","astra-migrate-meta-layouts":"default","ast-page-background-enabled":"default","ast-page-background-meta":{"desktop":{"background-color":"var(--ast-global-color-5)","background-image":"","background-repeat":"repeat","background-position":"center center","background-size":"auto","background-attachment":"scroll","background-type":"","background-media":"","overlay-type":"","overlay-color":"","overlay-opacity":"","overlay-gradient":""},"tablet":{"background-color":"","background-image":"","background-repeat":"repeat","background-position":"center center","background-size":"auto","background-attachment":"scroll","background-type":"","background-media":"","overlay-type":"","overlay-color":"","overlay-opacity":"","overlay-gradient":""},"mobile":{"background-color":"","background-image":"","background-repeat":"repeat","background-position":"center center","background-size":"auto","background-attachment":"scroll","background-type":"","background-media":"","overlay-type":"","overlay-color":"","overlay-opacity":"","overlay-gradient":""}},"ast-content-background-meta":{"desktop":{"background-color":"var(--ast-global-color-4)","background-image":"","background-repeat":"repeat","background-position":"center center","background-size":"auto","background-attachment":"scroll","background-type":"","background-media":"","overlay-type":"","overlay-color":"","overlay-opacity":"","overlay-gradient":""},"tablet":{"background-color":"var(--ast-global-color-4)","background-image":"","background-repeat":"repeat","background-position":"center center","background-size":"auto","background-attachment":"scroll","background-type":"","background-media":"","overlay-type":"","overlay-color":"","overlay-opacity":"","overlay-gradient":""},"mobile":{"background-color":"var(--ast-global-color-4)","background-image":"","background-repeat":"repeat","background-position":"center center","background-size":"auto","background-attachment":"scroll","background-type":"","background-media":"","overlay-type":"","overlay-color":"","overlay-opacity":"","overlay-gradient":""}},"footnotes":""},"class_list":["post-769","page","type-page","status-publish","hentry"],"rttpg_featured_image_url":null,"rttpg_author":{"display_name":"Administrador Web","author_link":"https:\/\/www.mingob.gob.pa\/iei\/author\/nbarrios\/"},"rttpg_comment":0,"rttpg_category":null,"rttpg_excerpt":"Seg\u00fan Ley 40 de 1999. Los J\u00f3venes en Centros de custodia se encuentran bajo detenci\u00f3n provisional, en investigaci\u00f3n no han [&hellip;]","_links":{"self":[{"href":"https:\/\/www.mingob.gob.pa\/iei\/wp-json\/wp\/v2\/pages\/769","targetHints":{"allow":["GET"]}}],"collection":[{"href":"https:\/\/www.mingob.gob.pa\/iei\/wp-json\/wp\/v2\/pages"}],"about":[{"href":"https:\/\/www.mingob.gob.pa\/iei\/wp-json\/wp\/v2\/types\/page"}],"author":[{"embeddable":true,"href":"https:\/\/www.mingob.gob.pa\/iei\/wp-json\/wp\/v2\/users\/5"}],"replies":[{"embeddable":true,"href":"https:\/\/www.mingob.gob.pa\/iei\/wp-json\/wp\/v2\/comments?post=769"}],"version-history":[{"count":5,"href":"https:\/\/www.mingob.gob.pa\/iei\/wp-json\/wp\/v2\/pages\/769\/revisions"}],"predecessor-version":[{"id":53654,"href":"https:\/\/www.mingob.gob.pa\/iei\/wp-json\/wp\/v2\/pages\/769\/revisions\/53654"}],"wp:attachment":[{"href":"https:\/\/www.mingob.gob.pa\/iei\/wp-json\/wp\/v2\/media?parent=769"}],"curies":[{"name":"wp","href":"https:\/\/api.w.org\/{rel}","templated":true}]}}