{"id":713,"date":"2018-10-02T12:07:32","date_gmt":"2018-10-02T17:07:32","guid":{"rendered":"http:\/\/www.mingob.gob.pa\/iei\/?page_id=713"},"modified":"2025-11-12T13:21:56","modified_gmt":"2025-11-12T18:21:56","slug":"perfil-de-los-jovenes-infractores","status":"publish","type":"page","link":"https:\/\/www.mingob.gob.pa\/iei\/perfil-de-los-jovenes-infractores\/","title":{"rendered":"Perfil de los J\u00f3venes Infractores"},"content":{"rendered":"\t\t<div data-elementor-type=\"wp-page\" data-elementor-id=\"713\" class=\"elementor elementor-713\">\n\t\t\t\t\t\t<section class=\"elementor-section elementor-top-section elementor-element elementor-element-e76cd0c elementor-section-boxed elementor-section-height-default elementor-section-height-default\" data-id=\"e76cd0c\" data-element_type=\"section\" data-e-type=\"section\">\n\t\t\t\t\t\t<div class=\"elementor-container elementor-column-gap-default\">\n\t\t\t\t\t<div class=\"elementor-column elementor-col-100 elementor-top-column elementor-element elementor-element-9e0f82d\" data-id=\"9e0f82d\" data-element_type=\"column\" data-e-type=\"column\">\n\t\t\t<div class=\"elementor-widget-wrap elementor-element-populated\">\n\t\t\t\t\t\t<div class=\"elementor-element elementor-element-ae9b4d5 elementor-widget elementor-widget-text-editor\" data-id=\"ae9b4d5\" data-element_type=\"widget\" data-e-type=\"widget\" data-widget_type=\"text-editor.default\">\n\t\t\t\t<div class=\"elementor-widget-container\">\n\t\t\t\t\t\t\t\t\t<p>La edad de mayor incidencia, en el momento del inicio de la medida judicial, es a los 16,17 a\u00f1os, habiendo un bajo porcentaje\u00a0 de femeninas el cual var\u00eda de un 5% a 10%<br \/>Podr\u00eda decirse que los j\u00f3venes privados de libertad\u00a0 presentan diferentes tipos de carencias y niveles de intensidad seg\u00fan los casos y, por tanto, con consecuencias distintas en la esfera socio personal.<\/p>\t\t\t\t\t\t\t\t<\/div>\n\t\t\t\t<\/div>\n\t\t\t\t\t<\/div>\n\t\t<\/div>\n\t\t\t\t\t<\/div>\n\t\t<\/section>\n\t\t\t\t<section class=\"elementor-section elementor-top-section elementor-element elementor-element-6868713 elementor-section-boxed elementor-section-height-default elementor-section-height-default\" data-id=\"6868713\" data-element_type=\"section\" data-e-type=\"section\">\n\t\t\t\t\t\t<div class=\"elementor-container elementor-column-gap-default\">\n\t\t\t\t\t<div class=\"elementor-column elementor-col-50 elementor-top-column elementor-element elementor-element-740a196\" data-id=\"740a196\" data-element_type=\"column\" data-e-type=\"column\">\n\t\t\t<div class=\"elementor-widget-wrap elementor-element-populated\">\n\t\t\t\t\t\t<div class=\"elementor-element elementor-element-5c2f6fc elementor-widget elementor-widget-image\" data-id=\"5c2f6fc\" data-element_type=\"widget\" data-e-type=\"widget\" data-widget_type=\"image.default\">\n\t\t\t\t<div class=\"elementor-widget-container\">\n\t\t\t\t\t\t\t\t\t\t\t\t\t\t\t\t<a href=\"https:\/\/www.mingob.gob.pa\/iei\/wp-content\/uploads\/sites\/21\/2019\/01\/MG_6802.jpg\" data-elementor-open-lightbox=\"yes\" data-e-action-hash=\"#elementor-action%3Aaction%3Dlightbox%26settings%3DeyJpZCI6MTIxMywidXJsIjoiaHR0cHM6XC9cL3d3dy5taW5nb2IuZ29iLnBhXC9pZWlcL3dwLWNvbnRlbnRcL3VwbG9hZHNcL3NpdGVzXC8yMVwvMjAxOVwvMDFcL01HXzY4MDIuanBnIn0%3D\">\n\t\t\t\t\t\t\t<img fetchpriority=\"high\" decoding=\"async\" width=\"1030\" height=\"687\" src=\"https:\/\/www.mingob.gob.pa\/iei\/wp-content\/uploads\/sites\/21\/2019\/01\/MG_6802-1030x687.jpg\" class=\"attachment-large size-large wp-image-1213\" alt=\"\" srcset=\"https:\/\/www.mingob.gob.pa\/iei\/wp-content\/uploads\/sites\/21\/2019\/01\/MG_6802-1030x687.jpg 1030w, https:\/\/www.mingob.gob.pa\/iei\/wp-content\/uploads\/sites\/21\/2019\/01\/MG_6802-300x200.jpg 300w, https:\/\/www.mingob.gob.pa\/iei\/wp-content\/uploads\/sites\/21\/2019\/01\/MG_6802-768x512.jpg 768w, https:\/\/www.mingob.gob.pa\/iei\/wp-content\/uploads\/sites\/21\/2019\/01\/MG_6802-705x470.jpg 705w, https:\/\/www.mingob.gob.pa\/iei\/wp-content\/uploads\/sites\/21\/2019\/01\/MG_6802-600x400.jpg 600w, https:\/\/www.mingob.gob.pa\/iei\/wp-content\/uploads\/sites\/21\/2019\/01\/MG_6802.jpg 1200w\" sizes=\"(max-width: 1030px) 100vw, 1030px\" \/>\t\t\t\t\t\t\t\t<\/a>\n\t\t\t\t\t\t\t\t\t\t\t\t\t\t\t<\/div>\n\t\t\t\t<\/div>\n\t\t\t\t\t<\/div>\n\t\t<\/div>\n\t\t\t\t<div class=\"elementor-column elementor-col-50 elementor-top-column elementor-element elementor-element-484e2c2\" data-id=\"484e2c2\" data-element_type=\"column\" data-e-type=\"column\">\n\t\t\t<div class=\"elementor-widget-wrap elementor-element-populated\">\n\t\t\t\t\t\t<div class=\"elementor-element elementor-element-ae5c9f5 elementor-widget elementor-widget-text-editor\" data-id=\"ae5c9f5\" data-element_type=\"widget\" data-e-type=\"widget\" data-widget_type=\"text-editor.default\">\n\t\t\t\t<div class=\"elementor-widget-container\">\n\t\t\t\t\t\t\t\t\t<h3><b>Los derechos humanos de los adolescentes<\/b><\/h3><p>Los Adolescentes privados de libertad son sujeto de derechos humanos, tal y como lo establecen la Convenci\u00f3n de los Derechos del Ni\u00f1o, las Reglas M\u00ednimas de Naciones Unidas para la Protecci\u00f3n de los J\u00f3venes Privados de Libertad, y las Directrices de Naciones Unidas para la Prevenci\u00f3n de la delincuencia Juvenil, as\u00ed como las Reglas de Beijing, Las Reglas de La Habana y la Corte interamericana de Derechos humanos.<\/p>\t\t\t\t\t\t\t\t<\/div>\n\t\t\t\t<\/div>\n\t\t\t\t\t<\/div>\n\t\t<\/div>\n\t\t\t\t\t<\/div>\n\t\t<\/section>\n\t\t\t\t<section class=\"elementor-section elementor-top-section elementor-element elementor-element-fd3d698 elementor-section-boxed elementor-section-height-default elementor-section-height-default\" data-id=\"fd3d698\" data-element_type=\"section\" data-e-type=\"section\">\n\t\t\t\t\t\t<div class=\"elementor-container elementor-column-gap-default\">\n\t\t\t\t\t<div class=\"elementor-column elementor-col-100 elementor-top-column elementor-element elementor-element-5e6dda1\" data-id=\"5e6dda1\" data-element_type=\"column\" data-e-type=\"column\">\n\t\t\t<div class=\"elementor-widget-wrap elementor-element-populated\">\n\t\t\t\t\t\t<div class=\"elementor-element elementor-element-c0b2876 elementor-widget elementor-widget-text-editor\" data-id=\"c0b2876\" data-element_type=\"widget\" data-e-type=\"widget\" data-widget_type=\"text-editor.default\">\n\t\t\t\t<div class=\"elementor-widget-container\">\n\t\t\t\t\t\t\t\t\t<h3>Importante<\/h3><p>En atenci\u00f3n a lo consagrado en la Convenci\u00f3n de los Derechos del Ni\u00f1o, la Corte Interamericana de Derechos Humanos reconoce como obligaci\u00f3n de los Estados, garantizar el <b>DERECHO A LA VIDA <\/b>de los J\u00f3venes, que de acuerdo al Comit\u00e9 de los Derechos del Ni\u00f1o, representa la supervivencia y el desarrollo del Joven, que de una manera amplia abarca lo f\u00edsico, mental, espiritual, moral, psicol\u00f3gico y social.<\/p>\t\t\t\t\t\t\t\t<\/div>\n\t\t\t\t<\/div>\n\t\t\t\t\t<\/div>\n\t\t<\/div>\n\t\t\t\t\t<\/div>\n\t\t<\/section>\n\t\t\t\t<section class=\"elementor-section elementor-top-section elementor-element elementor-element-7907d82 elementor-section-boxed elementor-section-height-default elementor-section-height-default\" data-id=\"7907d82\" data-element_type=\"section\" data-e-type=\"section\">\n\t\t\t\t\t\t<div class=\"elementor-container elementor-column-gap-default\">\n\t\t\t\t\t<div class=\"elementor-column elementor-col-33 elementor-top-column elementor-element elementor-element-49d6abe\" data-id=\"49d6abe\" data-element_type=\"column\" data-e-type=\"column\">\n\t\t\t<div class=\"elementor-widget-wrap elementor-element-populated\">\n\t\t\t\t\t\t<div class=\"elementor-element elementor-element-b4247e1 elementor-widget elementor-widget-image\" data-id=\"b4247e1\" data-element_type=\"widget\" data-e-type=\"widget\" data-widget_type=\"image.default\">\n\t\t\t\t<div class=\"elementor-widget-container\">\n\t\t\t\t\t\t\t\t\t\t\t\t\t\t\t<img decoding=\"async\" width=\"1030\" height=\"687\" src=\"https:\/\/www.mingob.gob.pa\/iei\/wp-content\/uploads\/sites\/21\/2018\/10\/IMG_4208-1030x687.jpg\" class=\"attachment-large size-large wp-image-765\" alt=\"\" srcset=\"https:\/\/www.mingob.gob.pa\/iei\/wp-content\/uploads\/sites\/21\/2018\/10\/IMG_4208-1030x687.jpg 1030w, https:\/\/www.mingob.gob.pa\/iei\/wp-content\/uploads\/sites\/21\/2018\/10\/IMG_4208-300x200.jpg 300w, https:\/\/www.mingob.gob.pa\/iei\/wp-content\/uploads\/sites\/21\/2018\/10\/IMG_4208-768x512.jpg 768w, https:\/\/www.mingob.gob.pa\/iei\/wp-content\/uploads\/sites\/21\/2018\/10\/IMG_4208-705x470.jpg 705w, https:\/\/www.mingob.gob.pa\/iei\/wp-content\/uploads\/sites\/21\/2018\/10\/IMG_4208-600x400.jpg 600w, https:\/\/www.mingob.gob.pa\/iei\/wp-content\/uploads\/sites\/21\/2018\/10\/IMG_4208.jpg 1200w\" sizes=\"(max-width: 1030px) 100vw, 1030px\" \/>\t\t\t\t\t\t\t\t\t\t\t\t\t\t\t<\/div>\n\t\t\t\t<\/div>\n\t\t\t\t\t<\/div>\n\t\t<\/div>\n\t\t\t\t<div class=\"elementor-column elementor-col-33 elementor-top-column elementor-element elementor-element-17c4625\" data-id=\"17c4625\" data-element_type=\"column\" data-e-type=\"column\">\n\t\t\t<div class=\"elementor-widget-wrap elementor-element-populated\">\n\t\t\t\t\t\t<div class=\"elementor-element elementor-element-107c11c elementor-widget elementor-widget-image\" data-id=\"107c11c\" data-element_type=\"widget\" data-e-type=\"widget\" data-widget_type=\"image.default\">\n\t\t\t\t<div class=\"elementor-widget-container\">\n\t\t\t\t\t\t\t\t\t\t\t\t\t\t\t<img decoding=\"async\" width=\"1030\" height=\"687\" src=\"https:\/\/www.mingob.gob.pa\/iei\/wp-content\/uploads\/sites\/21\/2018\/10\/IMG_3844-1030x687.jpg\" class=\"attachment-large size-large wp-image-761\" alt=\"\" srcset=\"https:\/\/www.mingob.gob.pa\/iei\/wp-content\/uploads\/sites\/21\/2018\/10\/IMG_3844-1030x687.jpg 1030w, https:\/\/www.mingob.gob.pa\/iei\/wp-content\/uploads\/sites\/21\/2018\/10\/IMG_3844-300x200.jpg 300w, https:\/\/www.mingob.gob.pa\/iei\/wp-content\/uploads\/sites\/21\/2018\/10\/IMG_3844-768x512.jpg 768w, https:\/\/www.mingob.gob.pa\/iei\/wp-content\/uploads\/sites\/21\/2018\/10\/IMG_3844-705x470.jpg 705w, https:\/\/www.mingob.gob.pa\/iei\/wp-content\/uploads\/sites\/21\/2018\/10\/IMG_3844-600x400.jpg 600w, https:\/\/www.mingob.gob.pa\/iei\/wp-content\/uploads\/sites\/21\/2018\/10\/IMG_3844.jpg 1200w\" sizes=\"(max-width: 1030px) 100vw, 1030px\" \/>\t\t\t\t\t\t\t\t\t\t\t\t\t\t\t<\/div>\n\t\t\t\t<\/div>\n\t\t\t\t\t<\/div>\n\t\t<\/div>\n\t\t\t\t<div class=\"elementor-column elementor-col-33 elementor-top-column elementor-element elementor-element-796989a\" data-id=\"796989a\" data-element_type=\"column\" data-e-type=\"column\">\n\t\t\t<div class=\"elementor-widget-wrap elementor-element-populated\">\n\t\t\t\t\t\t<div class=\"elementor-element elementor-element-6f0e3ff elementor-widget elementor-widget-image\" data-id=\"6f0e3ff\" data-element_type=\"widget\" data-e-type=\"widget\" data-widget_type=\"image.default\">\n\t\t\t\t<div class=\"elementor-widget-container\">\n\t\t\t\t\t\t\t\t\t\t\t\t\t\t\t<img loading=\"lazy\" decoding=\"async\" width=\"1030\" height=\"687\" src=\"https:\/\/www.mingob.gob.pa\/iei\/wp-content\/uploads\/sites\/21\/2018\/10\/IMG_9832-1030x687.jpg\" class=\"attachment-large size-large wp-image-760\" alt=\"\" srcset=\"https:\/\/www.mingob.gob.pa\/iei\/wp-content\/uploads\/sites\/21\/2018\/10\/IMG_9832-1030x687.jpg 1030w, https:\/\/www.mingob.gob.pa\/iei\/wp-content\/uploads\/sites\/21\/2018\/10\/IMG_9832-300x200.jpg 300w, https:\/\/www.mingob.gob.pa\/iei\/wp-content\/uploads\/sites\/21\/2018\/10\/IMG_9832-768x512.jpg 768w, https:\/\/www.mingob.gob.pa\/iei\/wp-content\/uploads\/sites\/21\/2018\/10\/IMG_9832-705x470.jpg 705w, https:\/\/www.mingob.gob.pa\/iei\/wp-content\/uploads\/sites\/21\/2018\/10\/IMG_9832-600x400.jpg 600w, https:\/\/www.mingob.gob.pa\/iei\/wp-content\/uploads\/sites\/21\/2018\/10\/IMG_9832.jpg 1200w\" sizes=\"(max-width: 1030px) 100vw, 1030px\" \/>\t\t\t\t\t\t\t\t\t\t\t\t\t\t\t<\/div>\n\t\t\t\t<\/div>\n\t\t\t\t\t<\/div>\n\t\t<\/div>\n\t\t\t\t\t<\/div>\n\t\t<\/section>\n\t\t\t\t<section class=\"elementor-section elementor-top-section elementor-element elementor-element-402f161 elementor-section-boxed elementor-section-height-default elementor-section-height-default\" data-id=\"402f161\" data-element_type=\"section\" data-e-type=\"section\">\n\t\t\t\t\t\t<div class=\"elementor-container elementor-column-gap-default\">\n\t\t\t\t\t<div class=\"elementor-column elementor-col-100 elementor-top-column elementor-element elementor-element-eb14137\" data-id=\"eb14137\" data-element_type=\"column\" data-e-type=\"column\">\n\t\t\t<div class=\"elementor-widget-wrap elementor-element-populated\">\n\t\t\t\t\t\t<div class=\"elementor-element elementor-element-5afd177 elementor-widget elementor-widget-text-editor\" data-id=\"5afd177\" data-element_type=\"widget\" data-e-type=\"widget\" data-widget_type=\"text-editor.default\">\n\t\t\t\t<div class=\"elementor-widget-container\">\n\t\t\t\t\t\t\t\t\t<h3><b>Todo Joven deber\u00e1 disponer<\/b><\/h3><p>En todo momento de agua limpia y potable,\u00a0 por lo tanto, la Comisi\u00f3n insta a los Estados a garantizar que todos los j\u00f3venes privados de libertad reciban una dieta nutritiva, atendiendo su edad, salud, condici\u00f3n\u00a0 f\u00edsica, religi\u00f3n y cultura.<br \/>Adem\u00e1s los alimentos deben ser preparados y\u00a0 servidos de forma higi\u00e9nica por lo menos en tres comidas al d\u00eda, con intervalos razonables entre ellas.<\/p>\t\t\t\t\t\t\t\t<\/div>\n\t\t\t\t<\/div>\n\t\t\t\t\t<\/div>\n\t\t<\/div>\n\t\t\t\t\t<\/div>\n\t\t<\/section>\n\t\t\t\t<\/div>\n\t\t","protected":false},"excerpt":{"rendered":"<p>La edad de mayor incidencia, en el momento del inicio de la medida judicial, es a los 16,17 a\u00f1os, habiendo [&hellip;]<\/p>\n","protected":false},"author":5,"featured_media":0,"parent":0,"menu_order":0,"comment_status":"closed","ping_status":"closed","template":"","meta":{"site-sidebar-layout":"default","site-content-layout":"","ast-site-content-layout":"default","site-content-style":"default","site-sidebar-style":"default","ast-global-header-display":"","ast-banner-title-visibility":"","ast-main-header-display":"","ast-hfb-above-header-display":"","ast-hfb-below-header-display":"","ast-hfb-mobile-header-display":"","site-post-title":"","ast-breadcrumbs-content":"","ast-featured-img":"","footer-sml-layout":"","ast-disable-related-posts":"","theme-transparent-header-meta":"","adv-header-id-meta":"","stick-header-meta":"","header-above-stick-meta":"","header-main-stick-meta":"","header-below-stick-meta":"","astra-migrate-meta-layouts":"default","ast-page-background-enabled":"default","ast-page-background-meta":{"desktop":{"background-color":"var(--ast-global-color-5)","background-image":"","background-repeat":"repeat","background-position":"center center","background-size":"auto","background-attachment":"scroll","background-type":"","background-media":"","overlay-type":"","overlay-color":"","overlay-opacity":"","overlay-gradient":""},"tablet":{"background-color":"","background-image":"","background-repeat":"repeat","background-position":"center center","background-size":"auto","background-attachment":"scroll","background-type":"","background-media":"","overlay-type":"","overlay-color":"","overlay-opacity":"","overlay-gradient":""},"mobile":{"background-color":"","background-image":"","background-repeat":"repeat","background-position":"center center","background-size":"auto","background-attachment":"scroll","background-type":"","background-media":"","overlay-type":"","overlay-color":"","overlay-opacity":"","overlay-gradient":""}},"ast-content-background-meta":{"desktop":{"background-color":"var(--ast-global-color-4)","background-image":"","background-repeat":"repeat","background-position":"center center","background-size":"auto","background-attachment":"scroll","background-type":"","background-media":"","overlay-type":"","overlay-color":"","overlay-opacity":"","overlay-gradient":""},"tablet":{"background-color":"var(--ast-global-color-4)","background-image":"","background-repeat":"repeat","background-position":"center center","background-size":"auto","background-attachment":"scroll","background-type":"","background-media":"","overlay-type":"","overlay-color":"","overlay-opacity":"","overlay-gradient":""},"mobile":{"background-color":"var(--ast-global-color-4)","background-image":"","background-repeat":"repeat","background-position":"center center","background-size":"auto","background-attachment":"scroll","background-type":"","background-media":"","overlay-type":"","overlay-color":"","overlay-opacity":"","overlay-gradient":""}},"footnotes":""},"class_list":["post-713","page","type-page","status-publish","hentry"],"rttpg_featured_image_url":null,"rttpg_author":{"display_name":"Administrador Web","author_link":"https:\/\/www.mingob.gob.pa\/iei\/author\/nbarrios\/"},"rttpg_comment":0,"rttpg_category":null,"rttpg_excerpt":"La edad de mayor incidencia, en el momento del inicio de la medida judicial, es a los 16,17 a\u00f1os, habiendo [&hellip;]","_links":{"self":[{"href":"https:\/\/www.mingob.gob.pa\/iei\/wp-json\/wp\/v2\/pages\/713","targetHints":{"allow":["GET"]}}],"collection":[{"href":"https:\/\/www.mingob.gob.pa\/iei\/wp-json\/wp\/v2\/pages"}],"about":[{"href":"https:\/\/www.mingob.gob.pa\/iei\/wp-json\/wp\/v2\/types\/page"}],"author":[{"embeddable":true,"href":"https:\/\/www.mingob.gob.pa\/iei\/wp-json\/wp\/v2\/users\/5"}],"replies":[{"embeddable":true,"href":"https:\/\/www.mingob.gob.pa\/iei\/wp-json\/wp\/v2\/comments?post=713"}],"version-history":[{"count":5,"href":"https:\/\/www.mingob.gob.pa\/iei\/wp-json\/wp\/v2\/pages\/713\/revisions"}],"predecessor-version":[{"id":53315,"href":"https:\/\/www.mingob.gob.pa\/iei\/wp-json\/wp\/v2\/pages\/713\/revisions\/53315"}],"wp:attachment":[{"href":"https:\/\/www.mingob.gob.pa\/iei\/wp-json\/wp\/v2\/media?parent=713"}],"curies":[{"name":"wp","href":"https:\/\/api.w.org\/{rel}","templated":true}]}}