{"id":700,"date":"2018-10-02T11:35:15","date_gmt":"2018-10-02T16:35:15","guid":{"rendered":"http:\/\/www.mingob.gob.pa\/iei\/?page_id=700"},"modified":"2025-11-12T13:13:24","modified_gmt":"2025-11-12T18:13:24","slug":"marco-legal-nacional","status":"publish","type":"page","link":"https:\/\/www.mingob.gob.pa\/iei\/marco-legal-nacional\/","title":{"rendered":"Marco Legal Nacional"},"content":{"rendered":"\t\t<div data-elementor-type=\"wp-page\" data-elementor-id=\"700\" class=\"elementor elementor-700\">\n\t\t\t\t\t\t<section class=\"elementor-section elementor-top-section elementor-element elementor-element-951d6b7 elementor-section-boxed elementor-section-height-default elementor-section-height-default\" data-id=\"951d6b7\" data-element_type=\"section\" data-e-type=\"section\">\n\t\t\t\t\t\t<div class=\"elementor-container elementor-column-gap-default\">\n\t\t\t\t\t<div class=\"elementor-column elementor-col-100 elementor-top-column elementor-element elementor-element-1dc90d1\" data-id=\"1dc90d1\" data-element_type=\"column\" data-e-type=\"column\">\n\t\t\t<div class=\"elementor-widget-wrap elementor-element-populated\">\n\t\t\t\t\t\t<div class=\"elementor-element elementor-element-d41f853 elementor-widget elementor-widget-text-editor\" data-id=\"d41f853\" data-element_type=\"widget\" data-e-type=\"widget\" data-widget_type=\"text-editor.default\">\n\t\t\t\t<div class=\"elementor-widget-container\">\n\t\t\t\t\t\t\t\t\t<p style=\"text-align: justify;\">Mediante la Ley 42 del 14 de septiembre de 2017, de Carrera Penitenciaria. Que a trav\u00e9s de la cual se crea el Departamento de Inspector\u00eda General En la Direcci\u00f3n General del Sistema Penitenciario y en el Instituto de Estudios Interdisciplinarios.<\/p><p style=\"text-align: justify;\"><strong>Art\u00edculo 78. <\/strong>Inspector\u00eda general. En la Direcci\u00f3n General del Sistema Penitenciario y en el Instituto de Estudios Interdisciplinarios, seg\u00fan el caso, la unidad de inspector\u00eda general es la encargada de la inspecci\u00f3n e investigaci\u00f3n de asuntos internos, as\u00ed como de la investigaci\u00f3n de las violaciones que cometan los servidores p\u00fablicos de Carrera Penitenciaria a la ley, el reglamento disciplinario, protocolos, manuales de procedimiento y dem\u00e1s normas especiales que regulen el funcionamiento de ambas instituciones. Dichas investigaciones ser\u00e1n realizadas de oficio o por denuncia.<\/p><p style=\"text-align: justify;\">Decreto ejecutivo 180 de 14 de septiembre 2017.<\/p><p style=\"text-align: justify;\">Se crea el reglamento de la ley 42 del 14 de septiembre de 2017, de Carrera Penitenciaria.<\/p><h3>Cap\u00edtulo III<\/h3><p style=\"text-align: justify;\"><strong>Art\u00edculo 44.<\/strong> Las unidades de Inspector\u00eda General funcionaran en la Direcci\u00f3n del Sistema Penitenciario y en el Instituto de Estudios Interdisciplinario ser\u00e1n las encargadas para efecto de este reglamento, las encargadas de realizar las investigaciones de las faltas administrativas de los servidores p\u00fablicos de carrera penitenciaria. Dichas investigaciones ser\u00e1n realizadas de oficio o por denuncia.<\/p><p style=\"text-align: justify;\"><strong>Art\u00edculo 45.\u00a0<\/strong>Realizar las investigaciones por el Director General del Sistema Penitenciario y el Director del Instituto de Estudios Interdisciplinarios en los casos que los servidores de carrera penitenciaria, infrinja las disposiciones legales y el r\u00e9gimen disciplinario, c\u00f3digos<\/p><p style=\"text-align: justify;\">Elaborar el informe producto de las investigaciones realizadas a los servidores p\u00fablicos de carrera penitenciaria y remitirlas al Director del Instituto de Estudios Interdisciplinario<\/p><p style=\"text-align: justify;\">Realizar las investigaciones objetiva e imparcial sobre las denuncias quejas o acusaciones que se presenten en contra de los servidores de Carrera Penitenciaria.<\/p><p style=\"text-align: justify;\"><strong>Art\u00edculo 127.<\/strong> El art\u00edculo 34 de la Ley 55 de 2003 queda as\u00ed: Art\u00edculo 34. La Direcci\u00f3n de todo centro penitenciario estar\u00e1 a cargo de un funcionario civil designado por el director general, que deber\u00e1 cumplir con los requisitos siguientes:<\/p><p style=\"text-align: justify;\">1. Ser paname\u00f1o.<\/p><p style=\"text-align: justify;\">2. Haber cumplido treinta a\u00f1os de edad.<\/p><p style=\"text-align: justify;\">3. Tener t\u00edtulo universitario, preferiblemente Licenciado en Derecho y Ciencias Pol\u00edticas o especialidad en estudios penitenciarios, penales y\/o afines.<\/p><p style=\"text-align: justify;\">4. Tener m\u00ednimo tres a\u00f1os de experiencia profesional.<\/p><p style=\"text-align: justify;\">5. No haber sido condenado por delito doloso en los \u00faltimos diez a\u00f1os.<\/p><p style=\"text-align: justify;\">6. Poseer valores morales reconocidos en la comunidad.<\/p><p style=\"text-align: justify;\">7. Si ha sido servidor p\u00fablico, no haber faltado de manera evidente al C\u00f3digo de \u00c9tica de los Servidores P\u00fablicos. El subdirector del centro penitenciario deber\u00e1 cumplir con los mismos requisitos que se exigen para ser director de un centro penitenciario.<\/p><section class=\"av_textblock_section \"><div class=\"avia_textblock  \"><ul><li>Ley 40 de 1999 del R\u00e9gimen Especial de Responsabilidad Penal para la Adolescencia Comprende las modificaciones, adiciones y derogaciones aprobadas por la Ley 38 de 2000, 46 de 2003, Ley 48 de 2004, Ley 15 de 2007, Ley 6 de 2010 y Ley 32 de 2010.<\/li><li>Ley 87 de 2010, que modifica un art\u00edculo del texto \u00fanico de la Ley 40 de 1999, sobre el R\u00e9gimen Especial de Responsabilidad Penal para la Adolescencia, y crea nuevos despachos dentro de esta jurisdicci\u00f3n.<\/li><\/ul><\/div><\/section><p>\u00a0<\/p>\t\t\t\t\t\t\t\t<\/div>\n\t\t\t\t<\/div>\n\t\t\t\t\t<\/div>\n\t\t<\/div>\n\t\t\t\t\t<\/div>\n\t\t<\/section>\n\t\t\t\t<section class=\"elementor-section elementor-top-section elementor-element elementor-element-0b83806 elementor-section-boxed elementor-section-height-default elementor-section-height-default\" data-id=\"0b83806\" data-element_type=\"section\" data-e-type=\"section\">\n\t\t\t\t\t\t<div class=\"elementor-container elementor-column-gap-default\">\n\t\t\t\t\t<div class=\"elementor-column elementor-col-100 elementor-top-column elementor-element elementor-element-b69024d\" data-id=\"b69024d\" data-element_type=\"column\" data-e-type=\"column\">\n\t\t\t<div class=\"elementor-widget-wrap elementor-element-populated\">\n\t\t\t\t\t\t<div class=\"elementor-element elementor-element-4940b52 elementor-tabs-view-horizontal elementor-widget elementor-widget-tabs\" data-id=\"4940b52\" data-element_type=\"widget\" data-e-type=\"widget\" data-widget_type=\"tabs.default\">\n\t\t\t\t<div class=\"elementor-widget-container\">\n\t\t\t\t\t\t\t<div class=\"elementor-tabs\">\n\t\t\t<div class=\"elementor-tabs-wrapper\" role=\"tablist\" >\n\t\t\t\t\t\t\t\t\t<div id=\"elementor-tab-title-7681\" class=\"elementor-tab-title elementor-tab-desktop-title\" aria-selected=\"true\" data-tab=\"1\" role=\"tab\" tabindex=\"0\" aria-controls=\"elementor-tab-content-7681\" aria-expanded=\"false\">Sistemas de Naciones Unidas<\/div>\n\t\t\t\t\t\t\t\t\t<div id=\"elementor-tab-title-7682\" class=\"elementor-tab-title elementor-tab-desktop-title\" aria-selected=\"false\" data-tab=\"2\" role=\"tab\" tabindex=\"-1\" aria-controls=\"elementor-tab-content-7682\" aria-expanded=\"false\">Sistema Interamericano de Derechos Humanos<\/div>\n\t\t\t\t\t\t\t<\/div>\n\t\t\t<div class=\"elementor-tabs-content-wrapper\" role=\"tablist\" aria-orientation=\"vertical\">\n\t\t\t\t\t\t\t\t\t<div class=\"elementor-tab-title elementor-tab-mobile-title\" aria-selected=\"true\" data-tab=\"1\" role=\"tab\" tabindex=\"0\" aria-controls=\"elementor-tab-content-7681\" aria-expanded=\"false\">Sistemas de Naciones Unidas<\/div>\n\t\t\t\t\t<div id=\"elementor-tab-content-7681\" class=\"elementor-tab-content elementor-clearfix\" data-tab=\"1\" role=\"tabpanel\" aria-labelledby=\"elementor-tab-title-7681\" tabindex=\"0\" hidden=\"false\"><div id=\"tab-id-1-container\" class=\"tab_content active_tab_content\" aria-hidden=\"false\"><div class=\"tab_inner_content invers-color\"><h3>Est\u00e1ndares Internacionales<\/h3><ul><li>Convenci\u00f3n sobre los Derechos del Ni\u00f1o, Adoptada y abierta a la firma y ratificaci\u00f3n por la Asamblea General en su resoluci\u00f3n 44\/25, de 20 de noviembre de 1989 Entrada en vigor: 2 de septiembre de 1990, de conformidad con el art\u00edculo 49 Aprobada por Panam\u00e1 mediante Ley 15 de 6 de noviembre de 1990. Publicada en Gaceta Oficial 16 de noviembre de 1990.<\/li><li>Observaci\u00f3n General No. 10 del Comit\u00e9 de los Derechos del Ni\u00f1o 25 de abril de 2007.<\/li><li>Observaci\u00f3n General No. 14 del Comit\u00e9 de los Derechos del Ni\u00f1o 29 de mayo de 2013.<\/li><li>Reglas M\u00ednimas de las Naciones Unidas para la Administraci\u00f3n de la Justicia de Menores (Reglas de Beijing) Adoptadas por la Asamblea General de Naciones Unidas el 28 de noviembre de 1985 mediante resoluci\u00f3n 40\/33.<\/li><li>Reglas de las Naciones Unidas para la Protecci\u00f3n de Menores Privados de Libertad (Reglas de la Habana) Adoptadas por la Asamblea General de Naciones Unidas el 14 de diciembre de 1990 mediante resoluci\u00f3n 45\/113.<\/li><li>Reglas M\u00ednimas de las Naciones Unidas sobre las Medidas no Privativas de la Libertad (Reglas de Tokio) Adoptadas por la Asamblea General de Naciones Unidas el 14 de diciembre de 1990 mediante resoluci\u00f3n 45\/110.<\/li><li>Directrices de las Naciones Unidas para la Prevenci\u00f3n de la Delincuencia Juvenil (Declaraci\u00f3n de Riad) Adoptadas por la Asamblea General de Naciones Unidas el 14 de diciembre de 1990 mediante resoluci\u00f3n 45\/112.<\/li><li>Reglas M\u00ednimas de las Naciones Unidas para el Tratamiento de los Reclusos (Reglas Nelson Mandela) Adoptadas por la Asamblea General de Naciones Unidas el 15 de diciembre de 2015 mediante resoluci\u00f3n 70\/175.<\/li><li>Procedimientos para la Aplicaci\u00f3n Efectiva de las Reglas M\u00ednimas para el Tratamiento de Reclusos Aprobados por el Consejo Econ\u00f3mico y Social en su resoluci\u00f3n 1984\/47 de 25 de mayo de 1984.<\/li><li>Principios B\u00e1sicos para el Tratamiento de Reclusos Adoptados por la Asamblea General de Naciones Unidas el 14 de diciembre de 1990 mediante resoluci\u00f3n 45\/111.<\/li><li>Conjunto de Principios para la Protecci\u00f3n de todas las Personas sometidas a Cualquier Forma de Detenci\u00f3n o Prisi\u00f3n Adoptados por la Asamblea General de Naciones Unidas el 9 de diciembre de 1988 mediante resoluci\u00f3n 43\/173.<\/li><li>Reglas de las Naciones Unidas para el Tratamiento de las Reclusas y Medidas no Privativas de la Libertad para Mujeres Delincuentes (Reglas de Bangkok) Adoptadas por la Asamblea General de Naciones Unidas el 16 de marzo de 2011 mediante resoluci\u00f3n 65\/229.<\/li><li>Declaraci\u00f3n Universal de Derechos Humanos Adoptada por la Asamblea General de Naciones Unidas el10 de diciembre de 1948 mediante resoluci\u00f3n 217 A (III).<\/li><li>Pacto Internacional de Derechos Civiles y Pol\u00edticos Adoptado por la Asamblea General de Naciones Unidas el 16 de diciembre de 1966 mediante resoluci\u00f3n 2200 A (XXI).<\/li><li>Convenci\u00f3n Internacional para la Protecci\u00f3n de todas las Personas contra las Desapariciones Forzadas Adoptada por la Asamblea General de Naciones Unidas el 20 de diciembre de 2006 mediante resoluci\u00f3n 61\/177.<\/li><\/ul><\/div><\/div><\/div>\n\t\t\t\t\t\t\t\t\t<div class=\"elementor-tab-title elementor-tab-mobile-title\" aria-selected=\"false\" data-tab=\"2\" role=\"tab\" tabindex=\"-1\" aria-controls=\"elementor-tab-content-7682\" aria-expanded=\"false\">Sistema Interamericano de Derechos Humanos<\/div>\n\t\t\t\t\t<div id=\"elementor-tab-content-7682\" class=\"elementor-tab-content elementor-clearfix\" data-tab=\"2\" role=\"tabpanel\" aria-labelledby=\"elementor-tab-title-7682\" tabindex=\"0\" hidden=\"hidden\"><div id=\"tab-id-2-container\" class=\"tab_content active_tab_content\" aria-hidden=\"false\"><div class=\"tab_inner_content invers-color\"><h3>Est\u00e1ndares Internacionales<\/h3><ul><li>Convenci\u00f3n Americana sobre Derechos Humanos Adoptados por la Organizaci\u00f3n de Estados Americanos el 22 de noviembre de 1969 y entrada en vigor el 18 de julio de 1978.<\/li><li>Convenci\u00f3n Interamericana para Prevenir y Sancionar la Tortura Adoptada por la Organizaci\u00f3n de Estados Americanos el 9 de diciembre de 1985 y entrada en vigor el 28 de febrero de 1987.<\/li><li>Convenci\u00f3n Interamericana sobre Desaparici\u00f3n Forzada de Personas Adoptada por la Organizaci\u00f3n de Estados Americanos el 9 de junio de 1994 y entrada en vigor el 28 de marzo de 1996.<\/li><li>Principios y Buenas Pr\u00e1cticas sobre la Protecci\u00f3n de las Personas Privadas de Libertad en las Am\u00e9ricas Adoptados por la Comisi\u00f3n Interamericana de Derechos Humanos en 2008 mediante resoluci\u00f3n 1\/08.<\/li><li>Sentencias de las Corte Interamericana de Derechos Humanos Caso \u201cInstituto de Reeducaci\u00f3n del Menor\u201d vs. Paraguay Corte Interamericana de Derechos Humanos. 2 de septiembre de 2004. Sentencia sobre Excepciones Preliminares, Fondo, Reparaciones y Costas. Parr\u00e1 147- 231.<\/li><\/ul><\/div><\/div><\/div>\n\t\t\t\t\t\t\t<\/div>\n\t\t<\/div>\n\t\t\t\t\t\t<\/div>\n\t\t\t\t<\/div>\n\t\t\t\t\t<\/div>\n\t\t<\/div>\n\t\t\t\t\t<\/div>\n\t\t<\/section>\n\t\t\t\t<\/div>\n\t\t","protected":false},"excerpt":{"rendered":"<p>Mediante la Ley 42 del 14 de septiembre de 2017, de Carrera Penitenciaria. Que a trav\u00e9s de la cual se [&hellip;]<\/p>\n","protected":false},"author":5,"featured_media":0,"parent":0,"menu_order":0,"comment_status":"closed","ping_status":"closed","template":"","meta":{"site-sidebar-layout":"default","site-content-layout":"","ast-site-content-layout":"default","site-content-style":"default","site-sidebar-style":"default","ast-global-header-display":"","ast-banner-title-visibility":"","ast-main-header-display":"","ast-hfb-above-header-display":"","ast-hfb-below-header-display":"","ast-hfb-mobile-header-display":"","site-post-title":"","ast-breadcrumbs-content":"","ast-featured-img":"","footer-sml-layout":"","ast-disable-related-posts":"","theme-transparent-header-meta":"","adv-header-id-meta":"","stick-header-meta":"","header-above-stick-meta":"","header-main-stick-meta":"","header-below-stick-meta":"","astra-migrate-meta-layouts":"default","ast-page-background-enabled":"default","ast-page-background-meta":{"desktop":{"background-color":"var(--ast-global-color-5)","background-image":"","background-repeat":"repeat","background-position":"center center","background-size":"auto","background-attachment":"scroll","background-type":"","background-media":"","overlay-type":"","overlay-color":"","overlay-opacity":"","overlay-gradient":""},"tablet":{"background-color":"","background-image":"","background-repeat":"repeat","background-position":"center center","background-size":"auto","background-attachment":"scroll","background-type":"","background-media":"","overlay-type":"","overlay-color":"","overlay-opacity":"","overlay-gradient":""},"mobile":{"background-color":"","background-image":"","background-repeat":"repeat","background-position":"center center","background-size":"auto","background-attachment":"scroll","background-type":"","background-media":"","overlay-type":"","overlay-color":"","overlay-opacity":"","overlay-gradient":""}},"ast-content-background-meta":{"desktop":{"background-color":"var(--ast-global-color-4)","background-image":"","background-repeat":"repeat","background-position":"center center","background-size":"auto","background-attachment":"scroll","background-type":"","background-media":"","overlay-type":"","overlay-color":"","overlay-opacity":"","overlay-gradient":""},"tablet":{"background-color":"var(--ast-global-color-4)","background-image":"","background-repeat":"repeat","background-position":"center center","background-size":"auto","background-attachment":"scroll","background-type":"","background-media":"","overlay-type":"","overlay-color":"","overlay-opacity":"","overlay-gradient":""},"mobile":{"background-color":"var(--ast-global-color-4)","background-image":"","background-repeat":"repeat","background-position":"center center","background-size":"auto","background-attachment":"scroll","background-type":"","background-media":"","overlay-type":"","overlay-color":"","overlay-opacity":"","overlay-gradient":""}},"footnotes":""},"class_list":["post-700","page","type-page","status-publish","hentry"],"rttpg_featured_image_url":null,"rttpg_author":{"display_name":"Administrador Web","author_link":"https:\/\/www.mingob.gob.pa\/iei\/author\/nbarrios\/"},"rttpg_comment":0,"rttpg_category":null,"rttpg_excerpt":"Mediante la Ley 42 del 14 de septiembre de 2017, de Carrera Penitenciaria. Que a trav\u00e9s de la cual se [&hellip;]","_links":{"self":[{"href":"https:\/\/www.mingob.gob.pa\/iei\/wp-json\/wp\/v2\/pages\/700","targetHints":{"allow":["GET"]}}],"collection":[{"href":"https:\/\/www.mingob.gob.pa\/iei\/wp-json\/wp\/v2\/pages"}],"about":[{"href":"https:\/\/www.mingob.gob.pa\/iei\/wp-json\/wp\/v2\/types\/page"}],"author":[{"embeddable":true,"href":"https:\/\/www.mingob.gob.pa\/iei\/wp-json\/wp\/v2\/users\/5"}],"replies":[{"embeddable":true,"href":"https:\/\/www.mingob.gob.pa\/iei\/wp-json\/wp\/v2\/comments?post=700"}],"version-history":[{"count":5,"href":"https:\/\/www.mingob.gob.pa\/iei\/wp-json\/wp\/v2\/pages\/700\/revisions"}],"predecessor-version":[{"id":53309,"href":"https:\/\/www.mingob.gob.pa\/iei\/wp-json\/wp\/v2\/pages\/700\/revisions\/53309"}],"wp:attachment":[{"href":"https:\/\/www.mingob.gob.pa\/iei\/wp-json\/wp\/v2\/media?parent=700"}],"curies":[{"name":"wp","href":"https:\/\/api.w.org\/{rel}","templated":true}]}}