{"id":606,"date":"2018-09-14T17:51:34","date_gmt":"2018-09-14T17:51:34","guid":{"rendered":"http:\/\/www.mingob.gob.pa\/iei\/?page_id=606"},"modified":"2025-11-12T12:59:53","modified_gmt":"2025-11-12T17:59:53","slug":"convenios","status":"publish","type":"page","link":"https:\/\/www.mingob.gob.pa\/iei\/convenios\/","title":{"rendered":"Convenios"},"content":{"rendered":"\t\t<div data-elementor-type=\"wp-page\" data-elementor-id=\"606\" class=\"elementor elementor-606\">\n\t\t\t\t\t\t<section class=\"elementor-section elementor-top-section elementor-element elementor-element-3a6e63a elementor-section-boxed elementor-section-height-default elementor-section-height-default\" data-id=\"3a6e63a\" data-element_type=\"section\" data-e-type=\"section\">\n\t\t\t\t\t\t<div class=\"elementor-container elementor-column-gap-default\">\n\t\t\t\t\t<div class=\"elementor-column elementor-col-100 elementor-top-column elementor-element elementor-element-f67a72c\" data-id=\"f67a72c\" data-element_type=\"column\" data-e-type=\"column\">\n\t\t\t<div class=\"elementor-widget-wrap elementor-element-populated\">\n\t\t\t\t\t\t<div class=\"elementor-element elementor-element-7a9822e elementor-widget elementor-widget-text-editor\" data-id=\"7a9822e\" data-element_type=\"widget\" data-e-type=\"widget\" data-widget_type=\"text-editor.default\">\n\t\t\t\t<div class=\"elementor-widget-container\">\n\t\t\t\t\t\t\t\t\t<ol><li style=\"text-align: justify;\"><a href=\"https:\/\/www.mingob.gob.pa\/iei\/wp-content\/uploads\/sites\/21\/2018\/10\/USMA-MARCO.pdf\" target=\"_blank\" rel=\"noopener noreferrer\">Convenio marco de cooperaci\u00f3n entre el Ministerio de Gobierno y la Universidad Santa Mar\u00eda La Antigua (USMA).<\/a><\/li><li style=\"text-align: justify;\"><a href=\"https:\/\/www.mingob.gob.pa\/iei\/wp-content\/uploads\/sites\/21\/2018\/10\/UNV.-TECNOLOGICA.pdf\" target=\"_blank\" rel=\"noopener noreferrer\">Convenio marco de cooperaci\u00f3n entre el Ministerio de Gobierno y la Universidad Tecnol\u00f3gica de Panam\u00e1.<\/a><\/li><li style=\"text-align: justify;\"><a href=\"https:\/\/www.mingob.gob.pa\/iei\/wp-content\/uploads\/sites\/21\/2018\/10\/PROBSIDA.pdf\" target=\"_blank\" rel=\"noopener noreferrer\">Convenio de colaboraci\u00f3n y trabajo conjunto entre el Ministerio de Gobierno y la Fundaci\u00f3n Pro Bienestar y Dignidad de las personas afectadas por el VIH\/Sida (PROBIDSIDA).<\/a><\/li><li style=\"text-align: justify;\"><a href=\"https:\/\/www.mingob.gob.pa\/iei\/wp-content\/uploads\/sites\/21\/2018\/10\/INAMU.pdf\" target=\"_blank\" rel=\"noopener noreferrer\">Convenio de cooperaci\u00f3n t\u00e9cnica\u00a0entre el Ministerio de Gobierno y el Instituto Nacional de la Mujer.<\/a><\/li><li style=\"text-align: justify;\">Convenio marco de asistencia t\u00e9cnica\u00a0cient\u00edfica\u00a0y cultural entre el Ministerio de Gobierno\u00a0y la Universidad\u00a0de Panam\u00e1.<\/li><li style=\"text-align: justify;\"><a href=\"https:\/\/www.mingob.gob.pa\/iei\/wp-content\/uploads\/sites\/21\/2018\/10\/UDELAS.pdf\" target=\"_blank\" rel=\"noopener noreferrer\">Convenio de cooperaci\u00f3n\u00a0cient\u00edfica, t\u00e9cnica\u00a0y cultural entre la Universidad de las Am\u00e9ricas\u00a0y el Ministerio de Gobierno.<\/a><\/li><li style=\"text-align: justify;\"><a href=\"https:\/\/www.mingob.gob.pa\/iei\/wp-content\/uploads\/sites\/21\/2018\/10\/SENADIS.pdf\" target=\"_blank\" rel=\"noopener noreferrer\">Convenio de cooperaci\u00f3n\u00a0interinstitucional y asistencia rec\u00edproca entre el Ministerio de Gobierno y la Secretar\u00eda Nacional de Discapacidad.<\/a><\/li><li style=\"text-align: justify;\"><a href=\"https:\/\/www.mingob.gob.pa\/iei\/wp-content\/uploads\/sites\/21\/2018\/10\/CONVENIO-SERTV-MINGOB.pdf\" target=\"_blank\" rel=\"noopener noreferrer\">Convenio marco de cooperaci\u00f3n\u00a0y asistencia t\u00e9cnica\u00a0entre el Ministerio de Gobierno y el Sistema Estatal de Radio y Televisi\u00f3n\u00a0(SERTV).<\/a><\/li><li style=\"text-align: justify;\"><a href=\"https:\/\/www.mingob.gob.pa\/iei\/wp-content\/uploads\/sites\/21\/2018\/10\/ACUERDO-DE-GESTI\u00d3N-DE-PROYECTO-PARA-LA-AMPLIACI\u00d3N-DEL-PROGRAMA-DE-SEGURIDAD-INTEGRAL-ENTRE-EL-MINISTERIO-DE-SEGURIDAD-P\u00daBLICA-Y-EL-MINISTERIO-DE-GOBIERNO.pdf\" target=\"_blank\" rel=\"noopener noreferrer\">Acuerdo de gesti\u00f3n de proyecto para la ampliaci\u00f3n\u00a0del programa de seguridad integral entre el Ministerio de Seguridad P\u00fablica\u00a0y el Ministerio\u00a0de Gobierno.<\/a><\/li><li style=\"text-align: justify;\"><a href=\"https:\/\/www.mingob.gob.pa\/iei\/wp-content\/uploads\/sites\/21\/2018\/10\/CONVENIO-DE-COOPERACI\u00d3N-ENTRE-LA-C\u00c1MARA-DE-COMERCIO-INDUSTRIAS-Y-AGRICULTURA-DE-PANAM\u00c1-Y-EL-MINISTERIO-DE-GOBIERNO.pdf\" target=\"_blank\" rel=\"noopener noreferrer\">Convenio de Cooperaci\u00f3n entre la C\u00e1mara de Comercio, Industrias y Agricultura de Panam\u00e1 y el Ministerio de Gobierno.<\/a><\/li><li style=\"text-align: justify;\"><a href=\"https:\/\/www.mingob.gob.pa\/iei\/wp-content\/uploads\/sites\/21\/2018\/10\/CONVENIO-DE-COMPLEMENTARIEDAD-PRESUPUESTARIA.pdf\" target=\"_blank\" rel=\"noopener noreferrer\">Convenio de cooperaci\u00f3n entre el Ministerio de Seguridad P\u00fablica y el Ministerio de Gobierno de complementariedad presupuestaria para el Nuevo Centro de Custodia de Menores y J\u00f3venes en Conflicto de la Ley.<\/a><\/li><li style=\"text-align: justify;\"><a href=\"https:\/\/www.mingob.gob.pa\/iei\/wp-content\/uploads\/sites\/21\/2018\/10\/CONVENIO-INTERINSTITUCIONAL-DE-COOPERACI\u00d3N-Y-ASISTENCIA-ENTRE-EL-MINISTERIO-DE-SEGURIDAD-P\u00daBLICA-EL-MINISTERIO-DE-SALUD-Y-EL-MINISTERIO-DE-GOBIERNO-PARA-EL-DISE\u00d1O-EJECUCI\u00d3N-Y-EVAL.pdf\" target=\"_blank\" rel=\"noopener noreferrer\">Convenio interinstitucional de cooperaci\u00f3n y asistencia entre el Ministerio de Seguridad P\u00fablica, el Ministerio de Salud y el Ministerio de Gobierno para el Dise\u00f1o, Ejecuci\u00f3n y Evaluaci\u00f3n del proyecto piloto de comunidad terap\u00e9utica\u00a0destinado a adolescentes privados de libertad del Centro de Cumplimiento de Pacora.\u00a0<b>\u00a0<\/b><\/a><\/li><li style=\"text-align: justify;\"><a href=\"https:\/\/www.mingob.gob.pa\/iei\/wp-content\/uploads\/sites\/21\/2018\/10\/ADENDA-N1-AL-CONVENIO-DE-COOPERACI\u00d3N-ENTRE-LA-C\u00c1MARA-DE-COMERCIO-INDUSTRIAS-Y-AGRICULTURA-DE-PANAM\u00c1-Y-EL-MINISTERIO-DE-GOBIERNO.pdf\" target=\"_blank\" rel=\"noopener noreferrer\">Adenda N1 al convenio de cooperaci\u00f3n entre la C\u00e1mara de Comercio, Industrias y Agricultura de Panam\u00e1 y el Ministerio de Gobierno.<\/a><\/li><li style=\"text-align: justify;\"><a href=\"https:\/\/www.mingob.gob.pa\/iei\/wp-content\/uploads\/sites\/21\/2018\/10\/CONVENIO-MARCO-DE-COOPERACI\u00d3N-ENTRE-EL-MINISTERIO-DE-GOBIERNO-Y-LA-AUTORIDAD-DE-LA-MICRO-PEQUE\u00d1A-Y-MEDIANA-EMPRESA-AMPYME.pdf\" target=\"_blank\" rel=\"noopener noreferrer\">Convenio marco de cooperaci\u00f3n entre el Ministerio de Gobierno y la Autoridad de la Micro, Peque\u00f1a y Mediana Empresa (AMPYME).<\/a><\/li><\/ol>\t\t\t\t\t\t\t\t<\/div>\n\t\t\t\t<\/div>\n\t\t\t\t\t<\/div>\n\t\t<\/div>\n\t\t\t\t\t<\/div>\n\t\t<\/section>\n\t\t\t\t<\/div>\n\t\t","protected":false},"excerpt":{"rendered":"<p>Convenio marco de cooperaci\u00f3n entre el Ministerio de Gobierno y la Universidad Santa Mar\u00eda La Antigua (USMA). Convenio marco de [&hellip;]<\/p>\n","protected":false},"author":5,"featured_media":0,"parent":0,"menu_order":0,"comment_status":"closed","ping_status":"closed","template":"","meta":{"site-sidebar-layout":"default","site-content-layout":"","ast-site-content-layout":"default","site-content-style":"default","site-sidebar-style":"default","ast-global-header-display":"","ast-banner-title-visibility":"","ast-main-header-display":"","ast-hfb-above-header-display":"","ast-hfb-below-header-display":"","ast-hfb-mobile-header-display":"","site-post-title":"","ast-breadcrumbs-content":"","ast-featured-img":"","footer-sml-layout":"","ast-disable-related-posts":"","theme-transparent-header-meta":"","adv-header-id-meta":"","stick-header-meta":"","header-above-stick-meta":"","header-main-stick-meta":"","header-below-stick-meta":"","astra-migrate-meta-layouts":"default","ast-page-background-enabled":"default","ast-page-background-meta":{"desktop":{"background-color":"var(--ast-global-color-5)","background-image":"","background-repeat":"repeat","background-position":"center center","background-size":"auto","background-attachment":"scroll","background-type":"","background-media":"","overlay-type":"","overlay-color":"","overlay-opacity":"","overlay-gradient":""},"tablet":{"background-color":"","background-image":"","background-repeat":"repeat","background-position":"center center","background-size":"auto","background-attachment":"scroll","background-type":"","background-media":"","overlay-type":"","overlay-color":"","overlay-opacity":"","overlay-gradient":""},"mobile":{"background-color":"","background-image":"","background-repeat":"repeat","background-position":"center center","background-size":"auto","background-attachment":"scroll","background-type":"","background-media":"","overlay-type":"","overlay-color":"","overlay-opacity":"","overlay-gradient":""}},"ast-content-background-meta":{"desktop":{"background-color":"var(--ast-global-color-4)","background-image":"","background-repeat":"repeat","background-position":"center center","background-size":"auto","background-attachment":"scroll","background-type":"","background-media":"","overlay-type":"","overlay-color":"","overlay-opacity":"","overlay-gradient":""},"tablet":{"background-color":"var(--ast-global-color-4)","background-image":"","background-repeat":"repeat","background-position":"center center","background-size":"auto","background-attachment":"scroll","background-type":"","background-media":"","overlay-type":"","overlay-color":"","overlay-opacity":"","overlay-gradient":""},"mobile":{"background-color":"var(--ast-global-color-4)","background-image":"","background-repeat":"repeat","background-position":"center center","background-size":"auto","background-attachment":"scroll","background-type":"","background-media":"","overlay-type":"","overlay-color":"","overlay-opacity":"","overlay-gradient":""}},"footnotes":""},"class_list":["post-606","page","type-page","status-publish","hentry"],"rttpg_featured_image_url":null,"rttpg_author":{"display_name":"Administrador Web","author_link":"https:\/\/www.mingob.gob.pa\/iei\/author\/nbarrios\/"},"rttpg_comment":0,"rttpg_category":null,"rttpg_excerpt":"Convenio marco de cooperaci\u00f3n entre el Ministerio de Gobierno y la Universidad Santa Mar\u00eda La Antigua (USMA). Convenio marco de [&hellip;]","_links":{"self":[{"href":"https:\/\/www.mingob.gob.pa\/iei\/wp-json\/wp\/v2\/pages\/606","targetHints":{"allow":["GET"]}}],"collection":[{"href":"https:\/\/www.mingob.gob.pa\/iei\/wp-json\/wp\/v2\/pages"}],"about":[{"href":"https:\/\/www.mingob.gob.pa\/iei\/wp-json\/wp\/v2\/types\/page"}],"author":[{"embeddable":true,"href":"https:\/\/www.mingob.gob.pa\/iei\/wp-json\/wp\/v2\/users\/5"}],"replies":[{"embeddable":true,"href":"https:\/\/www.mingob.gob.pa\/iei\/wp-json\/wp\/v2\/comments?post=606"}],"version-history":[{"count":3,"href":"https:\/\/www.mingob.gob.pa\/iei\/wp-json\/wp\/v2\/pages\/606\/revisions"}],"predecessor-version":[{"id":53303,"href":"https:\/\/www.mingob.gob.pa\/iei\/wp-json\/wp\/v2\/pages\/606\/revisions\/53303"}],"wp:attachment":[{"href":"https:\/\/www.mingob.gob.pa\/iei\/wp-json\/wp\/v2\/media?parent=606"}],"curies":[{"name":"wp","href":"https:\/\/api.w.org\/{rel}","templated":true}]}}