{"id":52,"date":"2018-06-07T16:45:03","date_gmt":"2018-06-07T16:45:03","guid":{"rendered":"http:\/\/www.mingob.gob.pa\/iei\/?page_id=52"},"modified":"2025-11-12T15:14:38","modified_gmt":"2025-11-12T20:14:38","slug":"sala-de-prensa","status":"publish","type":"page","link":"https:\/\/www.mingob.gob.pa\/iei\/sala-de-prensa\/","title":{"rendered":"Sala de Prensa"},"content":{"rendered":"\t\t<div data-elementor-type=\"wp-page\" data-elementor-id=\"52\" class=\"elementor elementor-52\">\n\t\t\t\t\t\t<section class=\"elementor-section elementor-top-section elementor-element elementor-element-3a07729 elementor-section-boxed elementor-section-height-default elementor-section-height-default\" data-id=\"3a07729\" data-element_type=\"section\" data-e-type=\"section\">\n\t\t\t\t\t\t<div class=\"elementor-container elementor-column-gap-default\">\n\t\t\t\t\t<div class=\"elementor-column elementor-col-100 elementor-top-column elementor-element elementor-element-2c00e97\" data-id=\"2c00e97\" data-element_type=\"column\" data-e-type=\"column\">\n\t\t\t<div class=\"elementor-widget-wrap elementor-element-populated\">\n\t\t\t\t\t\t<div class=\"elementor-element elementor-element-6d1ee6a elementor-widget elementor-widget-shortcode\" data-id=\"6d1ee6a\" data-element_type=\"widget\" data-e-type=\"widget\" data-widget_type=\"shortcode.default\">\n\t\t\t\t<div class=\"elementor-widget-container\">\n\t\t\t\t\t\t\t<div class=\"elementor-shortcode\"><style type='text\/css' media='all'>#rt-tpg-container-2441010508 .rt-holder .rt-woo-info .price{color:#0367bf;}body .rt-tpg-container .rt-tpg-isotope-buttons .selected,\n\t\t\t\t\t#rt-tpg-container-2441010508 .layout12 .rt-holder:hover .rt-detail,\n\t\t\t\t\t#rt-tpg-container-2441010508 .isotope8 .rt-holder:hover .rt-detail,\n\t\t\t\t\t#rt-tpg-container-2441010508 .carousel8 .rt-holder:hover .rt-detail,\n\t\t\t\t\t#rt-tpg-container-2441010508 .layout13 .rt-holder .overlay .post-info,\n\t\t\t\t\t#rt-tpg-container-2441010508 .isotope9 .rt-holder .overlay .post-info,\n\t\t\t\t\t#rt-tpg-container-2441010508.rt-tpg-container .layout4 .rt-holder .rt-detail,\n\t\t\t\t\t.rt-modal-2441010508 .md-content,\n\t\t\t\t\t.rt-modal-2441010508 .md-content > .rt-md-content-holder .rt-md-content,\n\t\t\t\t\t.rt-popup-wrap-2441010508.rt-popup-wrap .rt-popup-navigation-wrap,\n\t\t\t\t\t#rt-tpg-container-2441010508 .carousel9 .rt-holder .overlay .post-info{background-color:#0367bf;}#rt-tpg-container-2441010508 .layout5 .rt-holder .overlay, #rt-tpg-container-2441010508 .isotope2 .rt-holder .overlay, #rt-tpg-container-2441010508 .carousel2 .rt-holder .overlay,#rt-tpg-container-2441010508 .layout15 .rt-holder h3, #rt-tpg-container-2441010508 .isotope11 .rt-holder h3, #rt-tpg-container-2441010508 .carousel11 .rt-holder h3, #rt-tpg-container-2441010508 .layout16 .rt-holder h3,\n\t\t\t\t\t#rt-tpg-container-2441010508 .isotope12 .rt-holder h3, #rt-tpg-container-2441010508 .carousel12 .rt-holder h3 {background-color:rgba(3,103,191,0.8);}#rt-tpg-container-2441010508 .read-more a{border-radius:px;}#rt-tpg-container-2441010508 .rt-img-holder img.rt-img-responsive,#rt-tpg-container-2441010508 .rt-img-holder,\n\t\t\t\t\t#rt-tpg-container-2441010508 .rt-post-overlay .post-img,\n\t\t\t\t\t#rt-tpg-container-2441010508 .post-sm .post-img,\n\t\t\t\t\t#rt-tpg-container-2441010508 .rt-post-grid .post-img,\n\t\t\t\t\t#rt-tpg-container-2441010508 .post-img img {border-radius:px;}<\/style><div class='rt-container-fluid rt-tpg-container tpg-shortcode-main-wrapper ' id='rt-tpg-container-2441010508'   data-layout='layout1' data-grid-style='even' data-desktop-col='3'  data-tab-col='2'  data-mobile-col='1' data-sc-id='53375'><div data-title='Loading ...' class='rt-row rt-content-loader   layout1 tpg-even '><div class=\"rt-col-md-4 rt-col-sm-6 rt-col-xs-12 even-grid-item rt-grid-item\" data-id=\"53891\"><div class=\"rt-holder\"><div class=\"rt-img-holder\"><a data-id=\"53891\" class=\"\" href=\"https:\/\/www.mingob.gob.pa\/iei\/pandeportes-impulsa-clinicas-deportivas-en-el-centro-de-cumplimiento-de-menores-en-las-garzas\/\"><img fetchpriority=\"high\" decoding=\"async\" width=\"1280\" height=\"960\" src=\"https:\/\/www.mingob.gob.pa\/iei\/wp-content\/uploads\/sites\/21\/2026\/04\/WhatsApp-Image-2026-04-15-at-6.33.34-PM.jpeg?wsr\" class=\"rt-img-responsive \" alt=\"\" \/><\/a><\/div><div class='rt-detail'><h3 class=\"entry-title\"><a data-id=\"53891\" class=\"\" href=\"https:\/\/www.mingob.gob.pa\/iei\/pandeportes-impulsa-clinicas-deportivas-en-el-centro-de-cumplimiento-de-menores-en-las-garzas\/\">Pandeportes impulsa cl\u00ednicas deportivas en el Centro de Cumplimiento de Menores en Las Garzas<\/a><\/h3><div class='post-meta-user  '><span class='date'><i class='flaticon-calendar '><\/i>15 de abril de 2026<\/span><\/div><div class='tpg-excerpt'>Panam\u00e1, 15 de abril 2026.-\u00a0Como parte de un esfuerzo articulado entre instituciones, personal de Pandeportes...<\/div><div class='post-meta '><span class='read-more'><a data-id='53891' class='' href='https:\/\/www.mingob.gob.pa\/iei\/pandeportes-impulsa-clinicas-deportivas-en-el-centro-de-cumplimiento-de-menores-en-las-garzas\/'>Read More<\/a><\/span><\/div><\/div><\/div><\/div><div class=\"rt-col-md-4 rt-col-sm-6 rt-col-xs-12 even-grid-item rt-grid-item\" data-id=\"53882\"><div class=\"rt-holder\"><div class=\"rt-img-holder\"><a data-id=\"53882\" class=\"\" href=\"https:\/\/www.mingob.gob.pa\/iei\/un-grupo-de-adolescentes-del-iei-vivieron-una-bonita-experiencia-en-la-gran-la-lagunita-en-chame\/\"><img decoding=\"async\" width=\"1600\" height=\"1200\" src=\"https:\/\/www.mingob.gob.pa\/iei\/wp-content\/uploads\/sites\/21\/2026\/03\/WhatsApp-Image-2026-03-28-at-5.50.46-PM.jpeg?wsr\" class=\"rt-img-responsive \" alt=\"\" \/><\/a><\/div><div class='rt-detail'><h3 class=\"entry-title\"><a data-id=\"53882\" class=\"\" href=\"https:\/\/www.mingob.gob.pa\/iei\/un-grupo-de-adolescentes-del-iei-vivieron-una-bonita-experiencia-en-la-gran-la-lagunita-en-chame\/\">Un grupo de adolescentes del IEI vivieron una bonita experiencia en La Gran La Lagunita en Chame<\/a><\/h3><div class='post-meta-user  '><span class='date'><i class='flaticon-calendar '><\/i>28 de marzo de 2026<\/span><\/div><div class='tpg-excerpt'>Chame, Sor\u00e1 28 de marzo de 2026.- Un grupo de adolescentes del curso de gastronom\u00eda...<\/div><div class='post-meta '><span class='read-more'><a data-id='53882' class='' href='https:\/\/www.mingob.gob.pa\/iei\/un-grupo-de-adolescentes-del-iei-vivieron-una-bonita-experiencia-en-la-gran-la-lagunita-en-chame\/'>Read More<\/a><\/span><\/div><\/div><\/div><\/div><div class=\"rt-col-md-4 rt-col-sm-6 rt-col-xs-12 even-grid-item rt-grid-item\" data-id=\"53871\"><div class=\"rt-holder\"><div class=\"rt-img-holder\"><a data-id=\"53871\" class=\"\" href=\"https:\/\/www.mingob.gob.pa\/iei\/centros-penitenciarios-de-chiriqui-tambien-exponen-sus-trabajos-en-la-feria-internacional-de-david\/\"><img decoding=\"async\" width=\"1600\" height=\"1200\" src=\"https:\/\/www.mingob.gob.pa\/iei\/wp-content\/uploads\/sites\/21\/2026\/03\/WhatsApp-Image-2026-03-20-at-8.36.47-AM.jpeg?wsr\" class=\"rt-img-responsive \" alt=\"\" \/><\/a><\/div><div class='rt-detail'><h3 class=\"entry-title\"><a data-id=\"53871\" class=\"\" href=\"https:\/\/www.mingob.gob.pa\/iei\/centros-penitenciarios-de-chiriqui-tambien-exponen-sus-trabajos-en-la-feria-internacional-de-david\/\">Centros Penitenciarios de Chiriqu\u00ed tambi\u00e9n exponen sus trabajos en la Feria Internacional de David<\/a><\/h3><div class='post-meta-user  '><span class='date'><i class='flaticon-calendar '><\/i>19 de marzo de 2026<\/span><\/div><div class='tpg-excerpt'>David, Chiriqu\u00ed, 19 de marzo de 2026.-\u00a0La Feria Internacional de David se convirti\u00f3 en un...<\/div><div class='post-meta '><span class='read-more'><a data-id='53871' class='' href='https:\/\/www.mingob.gob.pa\/iei\/centros-penitenciarios-de-chiriqui-tambien-exponen-sus-trabajos-en-la-feria-internacional-de-david\/'>Read More<\/a><\/span><\/div><\/div><\/div><\/div><div class=\"rt-col-md-4 rt-col-sm-6 rt-col-xs-12 even-grid-item rt-grid-item\" data-id=\"53853\"><div class=\"rt-holder\"><div class=\"rt-img-holder\"><a data-id=\"53853\" class=\"\" href=\"https:\/\/www.mingob.gob.pa\/iei\/curso-de-informatica-les-abre-nuevas-oportunidades-de-crecimiento-a-los-jovenes-infractores-del-iei\/\"><img loading=\"lazy\" decoding=\"async\" width=\"899\" height=\"1599\" src=\"https:\/\/www.mingob.gob.pa\/iei\/wp-content\/uploads\/sites\/21\/2026\/02\/WhatsApp-Image-2026-02-03-at-5.10.29-PM.jpeg?wsr\" class=\"rt-img-responsive \" alt=\"\" \/><\/a><\/div><div class='rt-detail'><h3 class=\"entry-title\"><a data-id=\"53853\" class=\"\" href=\"https:\/\/www.mingob.gob.pa\/iei\/curso-de-informatica-les-abre-nuevas-oportunidades-de-crecimiento-a-los-jovenes-infractores-del-iei\/\">Curso de inform\u00e1tica les abre nuevas oportunidades de crecimiento a los j\u00f3venes infractores del IEI<\/a><\/h3><div class='post-meta-user  '><span class='date'><i class='flaticon-calendar '><\/i>3 de febrero de 2026<\/span><\/div><div class='tpg-excerpt'>Panam\u00e1, martes 3 de febrero de 2026.-\u00a0Con una clase participativa y pr\u00e1ctica, 17 menores infractores...<\/div><div class='post-meta '><span class='read-more'><a data-id='53853' class='' href='https:\/\/www.mingob.gob.pa\/iei\/curso-de-informatica-les-abre-nuevas-oportunidades-de-crecimiento-a-los-jovenes-infractores-del-iei\/'>Read More<\/a><\/span><\/div><\/div><\/div><\/div><div class=\"rt-col-md-4 rt-col-sm-6 rt-col-xs-12 even-grid-item rt-grid-item\" data-id=\"53385\"><div class=\"rt-holder\"><div class=\"rt-img-holder\"><a data-id=\"53385\" class=\"\" href=\"https:\/\/www.mingob.gob.pa\/iei\/refuerzan-lazos-afectivos-entre-madres-e-hijos-privados-de-libertad\/\"><img loading=\"lazy\" decoding=\"async\" width=\"1600\" height=\"1066\" src=\"https:\/\/www.mingob.gob.pa\/iei\/wp-content\/uploads\/sites\/21\/2025\/10\/WhatsApp-Image-2025-10-22-at-3.28.26-PM.jpeg?wsr\" class=\"rt-img-responsive \" alt=\"\" \/><\/a><\/div><div class='rt-detail'><h3 class=\"entry-title\"><a data-id=\"53385\" class=\"\" href=\"https:\/\/www.mingob.gob.pa\/iei\/refuerzan-lazos-afectivos-entre-madres-e-hijos-privados-de-libertad\/\">Refuerzan lazos afectivos entre madres e hijos privados de libertad<\/a><\/h3><div class='post-meta-user  '><span class='date'><i class='flaticon-calendar '><\/i>10 de octubre de 2025<\/span><\/div><div class='tpg-excerpt'>Panam\u00e1, 10 de octubre de 2025.-\u00a0Continuando con iniciativas que fortalezcan el v\u00ednculo familiar entre madres...<\/div><div class='post-meta '><span class='read-more'><a data-id='53385' class='' href='https:\/\/www.mingob.gob.pa\/iei\/refuerzan-lazos-afectivos-entre-madres-e-hijos-privados-de-libertad\/'>Read More<\/a><\/span><\/div><\/div><\/div><\/div><div class=\"rt-col-md-4 rt-col-sm-6 rt-col-xs-12 even-grid-item rt-grid-item\" data-id=\"53384\"><div class=\"rt-holder\"><div class=\"rt-img-holder\"><a data-id=\"53384\" class=\"\" href=\"https:\/\/www.mingob.gob.pa\/iei\/adolescentes-en-conflicto-con-la-ley-presentan-sus-planes-de-negocios-tras-culminar-curso-de-emprendimiento\/\"><img loading=\"lazy\" decoding=\"async\" width=\"1030\" height=\"687\" src=\"https:\/\/www.mingob.gob.pa\/iei\/wp-content\/uploads\/sites\/21\/2025\/10\/adolecentes.jpeg?wsr\" class=\"rt-img-responsive \" alt=\"\" \/><\/a><\/div><div class='rt-detail'><h3 class=\"entry-title\"><a data-id=\"53384\" class=\"\" href=\"https:\/\/www.mingob.gob.pa\/iei\/adolescentes-en-conflicto-con-la-ley-presentan-sus-planes-de-negocios-tras-culminar-curso-de-emprendimiento\/\">Adolescentes en conflicto con la ley presentan sus planes de negocios tras culminar curso de emprendimiento<\/a><\/h3><div class='post-meta-user  '><span class='date'><i class='flaticon-calendar '><\/i>1 de octubre de 2025<\/span><\/div><div class='tpg-excerpt'>Panam\u00e1, 1 de octubre de 2025.- Las adolescentes en conflictos con la ley del Centro...<\/div><div class='post-meta '><span class='read-more'><a data-id='53384' class='' href='https:\/\/www.mingob.gob.pa\/iei\/adolescentes-en-conflicto-con-la-ley-presentan-sus-planes-de-negocios-tras-culminar-curso-de-emprendimiento\/'>Read More<\/a><\/span><\/div><\/div><\/div><\/div><div class=\"rt-col-md-4 rt-col-sm-6 rt-col-xs-12 even-grid-item rt-grid-item\" data-id=\"53195\"><div class=\"rt-holder\"><div class=\"rt-img-holder\"><a data-id=\"53195\" class=\"\" href=\"https:\/\/www.mingob.gob.pa\/iei\/no-debemos-permitir-que-el-pasado-sea-un-obstaculo-y-las-dificultades-limites-ganador-del-concurso-de-oratoria\/\"><img loading=\"lazy\" decoding=\"async\" width=\"1200\" height=\"675\" src=\"https:\/\/www.mingob.gob.pa\/iei\/wp-content\/uploads\/sites\/21\/2025\/08\/WhatsApp-Image-2025-08-29-at-3.16.51-PM.jpeg?wsr\" class=\"rt-img-responsive \" alt=\"\" \/><\/a><\/div><div class='rt-detail'><h3 class=\"entry-title\"><a data-id=\"53195\" class=\"\" href=\"https:\/\/www.mingob.gob.pa\/iei\/no-debemos-permitir-que-el-pasado-sea-un-obstaculo-y-las-dificultades-limites-ganador-del-concurso-de-oratoria\/\">\u00abNo debemos permitir que el pasado sea un obst\u00e1culo y las dificultades l\u00edmites\u00bb, ganador del concurso de oratoria<\/a><\/h3><div class='post-meta-user  '><span class='date'><i class='flaticon-calendar '><\/i>29 de agosto de 2025<\/span><\/div><div class='tpg-excerpt'>Panam\u00e1, 29 de agosto de 2025.-\u00a0Entre presentaciones art\u00edsticas, la emoci\u00f3n de las barras y la...<\/div><div class='post-meta '><span class='read-more'><a data-id='53195' class='' href='https:\/\/www.mingob.gob.pa\/iei\/no-debemos-permitir-que-el-pasado-sea-un-obstaculo-y-las-dificultades-limites-ganador-del-concurso-de-oratoria\/'>Read More<\/a><\/span><\/div><\/div><\/div><\/div><div class=\"rt-col-md-4 rt-col-sm-6 rt-col-xs-12 even-grid-item rt-grid-item\" data-id=\"53183\"><div class=\"rt-holder\"><div class=\"rt-img-holder\"><a data-id=\"53183\" class=\"\" href=\"https:\/\/www.mingob.gob.pa\/iei\/psicologos-conmemoran-su-dia-con-una-jornada-de-actualizacion-academica\/\"><img loading=\"lazy\" decoding=\"async\" width=\"1200\" height=\"800\" src=\"https:\/\/www.mingob.gob.pa\/iei\/wp-content\/uploads\/sites\/21\/2025\/06\/WhatsApp-Image-2025-06-20-at-1.16.31-PM-2.jpeg?wsr\" class=\"rt-img-responsive \" alt=\"\" \/><\/a><\/div><div class='rt-detail'><h3 class=\"entry-title\"><a data-id=\"53183\" class=\"\" href=\"https:\/\/www.mingob.gob.pa\/iei\/psicologos-conmemoran-su-dia-con-una-jornada-de-actualizacion-academica\/\">Psic\u00f3logos conmemoran su d\u00eda con una jornada de actualizaci\u00f3n acad\u00e9mica<\/a><\/h3><div class='post-meta-user  '><span class='date'><i class='flaticon-calendar '><\/i>20 de junio de 2025<\/span><\/div><div class='tpg-excerpt'>Panam\u00e1, 20 de junio de 2025.-\u00a0Con motivo del D\u00eda del Psic\u00f3logo que se conmemora el...<\/div><div class='post-meta '><span class='read-more'><a data-id='53183' class='' href='https:\/\/www.mingob.gob.pa\/iei\/psicologos-conmemoran-su-dia-con-una-jornada-de-actualizacion-academica\/'>Read More<\/a><\/span><\/div><\/div><\/div><\/div><div class=\"rt-col-md-4 rt-col-sm-6 rt-col-xs-12 even-grid-item rt-grid-item\" data-id=\"53176\"><div class=\"rt-holder\"><div class=\"rt-img-holder\"><a data-id=\"53176\" class=\"\" href=\"https:\/\/www.mingob.gob.pa\/iei\/embajada-de-turquia-ofrece-taller-de-cocina-a-jovenes-del-centro-de-cumplimiento-de-menores-de-las-garzas\/\"><img loading=\"lazy\" decoding=\"async\" width=\"1200\" height=\"800\" src=\"https:\/\/www.mingob.gob.pa\/iei\/wp-content\/uploads\/sites\/21\/2025\/05\/WhatsApp-Image-2025-05-24-at-8.52.01-AM-2.jpeg?wsr\" class=\"rt-img-responsive \" alt=\"\" \/><\/a><\/div><div class='rt-detail'><h3 class=\"entry-title\"><a data-id=\"53176\" class=\"\" href=\"https:\/\/www.mingob.gob.pa\/iei\/embajada-de-turquia-ofrece-taller-de-cocina-a-jovenes-del-centro-de-cumplimiento-de-menores-de-las-garzas\/\">Embajada de Turqu\u00eda ofrece taller de cocina a j\u00f3venes del Centro de Cumplimiento de Menores de Las Garzas<\/a><\/h3><div class='post-meta-user  '><span class='date'><i class='flaticon-calendar '><\/i>24 de mayo de 2025<\/span><\/div><div class='tpg-excerpt'>Panam\u00e1, 24 de mayo de 2025.-\u00a0Unos diez j\u00f3venes que se encuentran privados de libertad en...<\/div><div class='post-meta '><span class='read-more'><a data-id='53176' class='' href='https:\/\/www.mingob.gob.pa\/iei\/embajada-de-turquia-ofrece-taller-de-cocina-a-jovenes-del-centro-de-cumplimiento-de-menores-de-las-garzas\/'>Read More<\/a><\/span><\/div><\/div><\/div><\/div><\/div><div class='rt-pagination-wrap' data-total-pages='3' data-posts-per-page='9' data-type='pagination'  ><div class=\"rt-pagination\" ><ul class=\"pagination-list\"><li class=\"active\"><span>1<\/span><\/li><li><a data-paged='2' href='https:\/\/www.mingob.gob.pa\/iei\/wp-json\/wp\/v2\/pages\/52\/page\/2\/'>2<\/a><\/li><li><a data-paged='3' href='https:\/\/www.mingob.gob.pa\/iei\/wp-json\/wp\/v2\/pages\/52\/page\/3\/'>3<\/a><\/li><\/ul><\/div><\/div><\/div><\/div>\n\t\t\t\t\t\t<\/div>\n\t\t\t\t<\/div>\n\t\t\t\t\t<\/div>\n\t\t<\/div>\n\t\t\t\t\t<\/div>\n\t\t<\/section>\n\t\t\t\t<\/div>\n\t\t","protected":false},"excerpt":{"rendered":"","protected":false},"author":3,"featured_media":0,"parent":0,"menu_order":0,"comment_status":"closed","ping_status":"closed","template":"","meta":{"site-sidebar-layout":"default","site-content-layout":"","ast-site-content-layout":"default","site-content-style":"default","site-sidebar-style":"default","ast-global-header-display":"","ast-banner-title-visibility":"","ast-main-header-display":"","ast-hfb-above-header-display":"","ast-hfb-below-header-display":"","ast-hfb-mobile-header-display":"","site-post-title":"","ast-breadcrumbs-content":"","ast-featured-img":"","footer-sml-layout":"","ast-disable-related-posts":"","theme-transparent-header-meta":"","adv-header-id-meta":"","stick-header-meta":"","header-above-stick-meta":"","header-main-stick-meta":"","header-below-stick-meta":"","astra-migrate-meta-layouts":"default","ast-page-background-enabled":"default","ast-page-background-meta":{"desktop":{"background-color":"var(--ast-global-color-5)","background-image":"","background-repeat":"repeat","background-position":"center center","background-size":"auto","background-attachment":"scroll","background-type":"","background-media":"","overlay-type":"","overlay-color":"","overlay-opacity":"","overlay-gradient":""},"tablet":{"background-color":"","background-image":"","background-repeat":"repeat","background-position":"center center","background-size":"auto","background-attachment":"scroll","background-type":"","background-media":"","overlay-type":"","overlay-color":"","overlay-opacity":"","overlay-gradient":""},"mobile":{"background-color":"","background-image":"","background-repeat":"repeat","background-position":"center center","background-size":"auto","background-attachment":"scroll","background-type":"","background-media":"","overlay-type":"","overlay-color":"","overlay-opacity":"","overlay-gradient":""}},"ast-content-background-meta":{"desktop":{"background-color":"var(--ast-global-color-4)","background-image":"","background-repeat":"repeat","background-position":"center center","background-size":"auto","background-attachment":"scroll","background-type":"","background-media":"","overlay-type":"","overlay-color":"","overlay-opacity":"","overlay-gradient":""},"tablet":{"background-color":"var(--ast-global-color-4)","background-image":"","background-repeat":"repeat","background-position":"center center","background-size":"auto","background-attachment":"scroll","background-type":"","background-media":"","overlay-type":"","overlay-color":"","overlay-opacity":"","overlay-gradient":""},"mobile":{"background-color":"var(--ast-global-color-4)","background-image":"","background-repeat":"repeat","background-position":"center center","background-size":"auto","background-attachment":"scroll","background-type":"","background-media":"","overlay-type":"","overlay-color":"","overlay-opacity":"","overlay-gradient":""}},"footnotes":""},"class_list":["post-52","page","type-page","status-publish","hentry"],"rttpg_featured_image_url":null,"rttpg_author":{"display_name":"YAMILETH RIOS","author_link":"https:\/\/www.mingob.gob.pa\/iei\/author\/yamileth\/"},"rttpg_comment":0,"rttpg_category":"","rttpg_excerpt":null,"_links":{"self":[{"href":"https:\/\/www.mingob.gob.pa\/iei\/wp-json\/wp\/v2\/pages\/52","targetHints":{"allow":["GET"]}}],"collection":[{"href":"https:\/\/www.mingob.gob.pa\/iei\/wp-json\/wp\/v2\/pages"}],"about":[{"href":"https:\/\/www.mingob.gob.pa\/iei\/wp-json\/wp\/v2\/types\/page"}],"author":[{"embeddable":true,"href":"https:\/\/www.mingob.gob.pa\/iei\/wp-json\/wp\/v2\/users\/3"}],"replies":[{"embeddable":true,"href":"https:\/\/www.mingob.gob.pa\/iei\/wp-json\/wp\/v2\/comments?post=52"}],"version-history":[{"count":5,"href":"https:\/\/www.mingob.gob.pa\/iei\/wp-json\/wp\/v2\/pages\/52\/revisions"}],"predecessor-version":[{"id":53382,"href":"https:\/\/www.mingob.gob.pa\/iei\/wp-json\/wp\/v2\/pages\/52\/revisions\/53382"}],"wp:attachment":[{"href":"https:\/\/www.mingob.gob.pa\/iei\/wp-json\/wp\/v2\/media?parent=52"}],"curies":[{"name":"wp","href":"https:\/\/api.w.org\/{rel}","templated":true}]}}