{"id":277,"date":"2018-08-16T19:40:05","date_gmt":"2018-08-16T19:40:05","guid":{"rendered":"http:\/\/www.mingob.gob.pa\/iei\/?page_id=277"},"modified":"2025-11-20T13:36:52","modified_gmt":"2025-11-20T18:36:52","slug":"historia","status":"publish","type":"page","link":"https:\/\/www.mingob.gob.pa\/iei\/historia\/","title":{"rendered":"Historia"},"content":{"rendered":"\t\t<div data-elementor-type=\"wp-page\" data-elementor-id=\"277\" class=\"elementor elementor-277\">\n\t\t\t\t\t\t<section class=\"elementor-section elementor-top-section elementor-element elementor-element-dc05171 elementor-section-boxed elementor-section-height-default elementor-section-height-default\" data-id=\"dc05171\" data-element_type=\"section\" data-e-type=\"section\">\n\t\t\t\t\t\t<div class=\"elementor-container elementor-column-gap-default\">\n\t\t\t\t\t<div class=\"elementor-column elementor-col-100 elementor-top-column elementor-element elementor-element-caeb9f5\" data-id=\"caeb9f5\" data-element_type=\"column\" data-e-type=\"column\">\n\t\t\t<div class=\"elementor-widget-wrap elementor-element-populated\">\n\t\t\t\t\t\t<div class=\"elementor-element elementor-element-220c715 elementor-widget elementor-widget-text-editor\" data-id=\"220c715\" data-element_type=\"widget\" data-e-type=\"widget\" data-widget_type=\"text-editor.default\">\n\t\t\t\t<div class=\"elementor-widget-container\">\n\t\t\t\t\t\t\t\t\t<section class=\"av_textblock_section \"><div class=\"avia_textblock \"><p>El Instituto de Estudios Interdisciplinarios (IEI), fue creado por la Ley N\u00b040 de Agosto del 1999 \u201cDel R\u00e9gimen Especial de Responsabilidad Penal Para la Adolescencia\u201d.<\/p><p>Sus funciones y alcance fueron modificados por la Ley N\u00b015 de mayo del 2007, marco legal que determina que el IEI es la autoridad competente en resocializaci\u00f3n por lo que lleva a cabo las acciones relativas al cumplimiento de las medidas cautelares privativas de libertad y no privativas de libertad, al igual que las sanciones impuestas a los adolescentes.<\/p><\/div><\/section>\t\t\t\t\t\t\t\t<\/div>\n\t\t\t\t<\/div>\n\t\t\t\t\t<\/div>\n\t\t<\/div>\n\t\t\t\t\t<\/div>\n\t\t<\/section>\n\t\t\t\t<section class=\"elementor-section elementor-top-section elementor-element elementor-element-28f72de elementor-section-boxed elementor-section-height-default elementor-section-height-default\" data-id=\"28f72de\" data-element_type=\"section\" data-e-type=\"section\">\n\t\t\t\t\t\t<div class=\"elementor-container elementor-column-gap-default\">\n\t\t\t\t\t<div class=\"elementor-column elementor-col-100 elementor-top-column elementor-element elementor-element-c4db019\" data-id=\"c4db019\" data-element_type=\"column\" data-e-type=\"column\">\n\t\t\t<div class=\"elementor-widget-wrap elementor-element-populated\">\n\t\t\t\t\t\t<div class=\"elementor-element elementor-element-02f8421 elementor-widget elementor-widget-timeline-widget-addon\" data-id=\"02f8421\" data-element_type=\"widget\" data-e-type=\"widget\" data-widget_type=\"timeline-widget-addon.default\">\n\t\t\t\t<div class=\"elementor-widget-container\">\n\t\t\t\t\t<!-- ========= Timeline Widget Addon For Elementor 1.6.24 ========= -->\n<div id=\"twae-wrapper-02f8421\" class=\"twae-vertical twae-wrapper  twae-both-sided\">   \n    <div class=\"twae-start\"><\/div>    \n    <div id=\"twea-timeline-02f8421\" class=\"twae-timeline\" ><!-- Start of Story Repeater Content --><div id=\"story-aa6a7e5\" class=\"twae-story twae-repeater-item twae-story-right twae-story-no-icon\"><!-- Story Label --><div class=\"twae-labels\"><div class=\"twae-label-big\">1951<\/div><\/div><!-- Story Icon --><div class=\"twae-icon\"><i aria-hidden=\"true\" class=\"far fa-clock\"><\/i><\/div><!-- Story Arrow --><div class=\"twae-arrow\"><\/div><!-- Start of Story Content --><div class=\"twae-content\"><!-- Story Title --><div class=\"twae-title\">Ministerio de Gobierno y Justicia <\/div><!-- Story Description --><div class=\"twae-description\"><p><strong>Tutelar de menores (43 a\u00f1os)<\/strong><\/p><\/div><\/div><\/div><!-- Start of Story Repeater Content --><div id=\"story-5b6d83e\" class=\"twae-story twae-repeater-item twae-story-left twae-story-no-icon\"><!-- Story Label --><div class=\"twae-labels\"><div class=\"twae-label-big\">1995<\/div><\/div><!-- Story Icon --><div class=\"twae-icon\"><i aria-hidden=\"true\" class=\"fas fa-user-friends\"><\/i><\/div><!-- Story Arrow --><div class=\"twae-arrow\"><\/div><!-- Start of Story Content --><div class=\"twae-content\"><!-- Story Title --><div class=\"twae-title\">CSJ - \u00d3rgano Judicial Jurisdicci\u00f3n de J\u00f3venes<\/div><\/div><\/div><!-- Start of Story Repeater Content --><div id=\"story-6b18ff3\" class=\"twae-story twae-repeater-item twae-story-right twae-story-no-icon\"><!-- Story Label --><div class=\"twae-labels\"><div class=\"twae-label-big\">1999-2003<\/div><\/div><!-- Story Icon --><div class=\"twae-icon\"><i aria-hidden=\"true\" class=\"fas fa-book\"><\/i><\/div><!-- Story Arrow --><div class=\"twae-arrow\"><\/div><!-- Start of Story Content --><div class=\"twae-content\"><!-- Story Title --><div class=\"twae-title\">1999 Nace Ley 40 - IEI<\/div><!-- Story Description --><div class=\"twae-description\"><p><strong>2000 MINJUMNFA \u2013 2003 MIDES<\/strong><\/p><\/div><\/div><\/div><!-- Start of Story Repeater Content --><div id=\"story-6866d0f\" class=\"twae-story twae-repeater-item twae-story-left twae-story-no-icon\"><!-- Story Label --><div class=\"twae-labels\"><div class=\"twae-label-big\">2007<\/div><\/div><!-- Story Icon --><div class=\"twae-icon\"><i aria-hidden=\"true\" class=\"fas fa-id-card-alt\"><\/i><\/div><!-- Story Arrow --><div class=\"twae-arrow\"><\/div><!-- Start of Story Content --><div class=\"twae-content\"><!-- Story Title --><div class=\"twae-title\">Ministerio de Gobierno y Justicia<\/div><!-- Story Description --><div class=\"twae-description\"><p><strong>Add Description Here<\/strong><\/p><\/div><\/div><\/div><!-- Start of Story Repeater Content --><div id=\"story-3cffed6\" class=\"twae-story twae-repeater-item twae-story-right twae-story-no-icon\"><!-- Story Label --><div class=\"twae-labels\"><div class=\"twae-label-big\">2010-2018<\/div><\/div><!-- Story Icon --><div class=\"twae-icon\"><i aria-hidden=\"true\" class=\"fas fa-compress-alt\"><\/i><\/div><!-- Story Arrow --><div class=\"twae-arrow\"><\/div><!-- Start of Story Content --><div class=\"twae-content\"><!-- Story Title --><div class=\"twae-title\">Ministerio de Gobierno<\/div><\/div><\/div><\/div>\n    <div class=\"twae-end\"><\/div>\n    <\/div><style type=\"text\/css\">@media (max-width: 1024px){ .twae-wrapper{--tw-ybx-size: 80px !important;}}@media (max-width: 767px){ .twae-wrapper{--tw-ybx-size: 80px !important}}<\/style>\t\t\t\t<\/div>\n\t\t\t\t<\/div>\n\t\t\t\t\t<\/div>\n\t\t<\/div>\n\t\t\t\t\t<\/div>\n\t\t<\/section>\n\t\t\t\t<section class=\"elementor-section elementor-top-section elementor-element elementor-element-c58ca55 elementor-section-boxed elementor-section-height-default elementor-section-height-default\" data-id=\"c58ca55\" data-element_type=\"section\" data-e-type=\"section\">\n\t\t\t\t\t\t<div class=\"elementor-container elementor-column-gap-default\">\n\t\t\t\t\t<div class=\"elementor-column elementor-col-100 elementor-top-column elementor-element elementor-element-246dbe5\" data-id=\"246dbe5\" data-element_type=\"column\" data-e-type=\"column\">\n\t\t\t<div class=\"elementor-widget-wrap elementor-element-populated\">\n\t\t\t\t\t\t<div class=\"elementor-element elementor-element-45950e8 elementor-widget elementor-widget-text-editor\" data-id=\"45950e8\" data-element_type=\"widget\" data-e-type=\"widget\" data-widget_type=\"text-editor.default\">\n\t\t\t\t<div class=\"elementor-widget-container\">\n\t\t\t\t\t\t\t\t\t<section class=\"av_textblock_section \"><div class=\"avia_textblock  \"><p><strong>Ministerio de Gobierno y Justicia \u2013 Tutelar de Menores (1951)<\/strong><\/p><p>En el a\u00f1o 1951 se inici\u00f3 la gran batalla por los derechos de los ni\u00f1os logr\u00e1ndose la creaci\u00f3n del Tribunal Tutelar de Menores en donde fue nombrada la primera juez en defensa del R\u00e9gimen especial de responsabilidad penal para los adolescentes. Adem\u00e1s, se aprob\u00f3 el traslado de la partida de funcionamiento que estaba bajo control de la Corte Suprema de Justicia, lo que garantiz\u00f3 la existencia de los recursos econ\u00f3micos para cumplir con la ley.<\/p><p>La ley estipula en sus art\u00edculos, la forma como se desarrollan las investigaciones y el procedimiento para juzgar a los adolescentes cuya edad oscilen entre los 14 y 17 a\u00f1os.<\/p><p>El Tutelar de Menores fue creado en 1951 como parte del Ministerio de Gobierno y Justicia y el centro para ubicar a los J\u00f3venes era en la Avenida de los Poetas, Chorrillo pr\u00f3ximo al antiguo Mercado Perif\u00e9rico de Barraza, ocupaba un terreno inmenso, el cual conectaba con el G-1, como se le llamaba a la comandancia del General Manuel Antonio Noriega.<\/p><p>Se encontraban distribuidos en oficinas administrativas, pabellones para los varones, ni\u00f1as y ni\u00f1os peque\u00f1os, atendidos por el equipo de especialistas en Trabajo social, psicolog\u00eda y psiquiatra, adem\u00e1s de un completo cuerpo de custodios.<\/p><p>El trabajo no fue f\u00e1cil, debido a que los j\u00f3venes de esos tiempos eran muy duros y constantemente se enfrentaban a los custodios para evadirse del centro.<\/p><p>Luego en 1988 se inaugura el Centro de Resocializaci\u00f3n de Tocumen y un Plan Piloto de Farmacodependencia elaborado\u00a0 por el Departamento de Psicolog\u00eda y los doctores Carlos Smith y Carlos Leiro.<\/p><p>Al darse la invasi\u00f3n a Panam\u00e1 por parte de Estados Unidos el 20 de diciembre de 1989 el centro fue trasladado a las instalaciones del Centro de Resocializaci\u00f3n de Tocumen (CRT), donde se atend\u00eda a los j\u00f3venes sentados en bloques igual que los t\u00e9cnicos. Posteriormente, en vista de las necesidades el Ministerio de Gobierno y Justicia designan las instalaciones del Internado G\u00f3mez y G\u00f3mez, centro de capacitaci\u00f3n de la DIGEDECOM, para continuar con su labor, hasta el a\u00f1o de 1995.<\/p><p>Debido a las carencias existentes se declar\u00f3 el periodo a cargo del Presidente Guillermo Endara y Vicepresidente Arias Calder\u00f3n como la \u00e9poca de oro de la instituci\u00f3n, siendo favorecidos con flotas de veh\u00edculos, dos ambulancias y un coaster para el traslado del personal, adem\u00e1s las instalaciones fueron construidas en la actual Casa Hogar Metro Amigos, donde el centro recibe las oficinas administrativas y t\u00e9cnicas.<\/p><p><strong>Corte Suprema de Justicia \u2013 \u00d3rgano Judicial 1995 \u2013 Jurisdicci\u00f3n de J\u00f3venes<\/strong><\/p><p>La creaci\u00f3n del C\u00f3digo de la Familia con la Ley N\u00b0 3, descentraliza al Tutelar de Menores para crear los Juzgados de Menores a Nivel Nacional. Con la entrada en vigencia de esta excerta legal se incorpora la jurisdicci\u00f3n especial de menores al \u00d3rgano Judicial, este suceso abre la tercera etapa de la protecci\u00f3n judicial de la ni\u00f1ez, etapa que aguarda a\u00fan una serie de cambios importantes cuyo anuncio data de m\u00e1s de una d\u00e9cada.<\/p><p>La Constituci\u00f3n de 1904 no contiene disposiciones que hagan especial referencia a la ni\u00f1ez y la adolescencia. Sin embargo, su Art\u00edculo N\u00b0 15 ya recoge el principio b\u00e1sico del Estado de derecho: <em>\u201cLas autoridades de la Rep\u00fablica est\u00e1n instituidas para proteger a todas las personas, residentes o transe\u00fantes, en sus vidas, honra y bienes, asegurar el respeto rec\u00edproco de los derechos naturales, constitucionales y legales, previniendo y castigando los delitos.\u201d<\/em> Desde aquel entonces, la inserci\u00f3n de ni\u00f1os y adolescentes en el ordenamiento jur\u00eddico se basa mayormente en beneficiarlos con servicios de salud y educaci\u00f3n.<\/p><p><strong>Ley N\u00b0 40 de 1999 \u2013 Instituto de Estudios Interdisciplinarios<\/strong><\/p><p>El 26 de Agosto de 1999 se crea la Ley N\u00b0 40 del R\u00e9gimen Especial para la Responsabilidad Penal para la Adolescencia, por la necesidad de responsabilizar a los j\u00f3venes de sus faltas y continuar con la labor de inserci\u00f3n. En esta ocasi\u00f3n se traslada al Ministerio\u00a0 de la Mujer, la Ni\u00f1ez, la juventud y la Familia (MINJUMNFA) en el a\u00f1o 2000 y posteriormente al Ministerio de Desarrollo Social (MIDES) en el 2003.<\/p><p>Luego de varias modificaciones a la Ley el 12 de Junio del 2003, se traslada al Ministerio de Gobierno y Justicia en el 2007, en donde el Instituto de Estudios Interdisciplinarios \u00a0se muda a la Plaza Sun Tower, en El Dorado.<\/p><p>Se inicia la Construcci\u00f3n del Centro de Cumplimiento de Las Garzas y comienza la elaboraci\u00f3n de Modelo Intervenci\u00f3n Integral para adolescentes en conflicto con la ley penal a cargo de t\u00e9cnicos como Fidelia Soto, Itza Reina y Jacqueline Sol\u00eds. Su \u00faltima modificaci\u00f3n ocurre en el 2010.<\/p><p>La instituci\u00f3n ha contado con muchos logros como lo son \u00a0el inicio del Programa de Post-Liberado, Medidas Cautelar que forman parte del Departamento de Sanciones y Medidas No Privativas de Libertad, el programa de Comunidad Terap\u00e9utica, la construcci\u00f3n de nuevos centros, tales como el Centro de Transici\u00f3n para la poblaci\u00f3n que cumpla la mayor\u00eda de edad, los Centros de Custodia y Cumplimiento Basilio Lakas de Col\u00f3n y\u00a0 de Herrera, entre otros muchos avances.<\/p><p>En el a\u00f1o 2021 el\u00a0 Instituto de Estudios Interdisciplinarios se traslada al Edificio Condado Business Center, ubicado en V\u00eda Ricardo J. Alfaro tercer piso.<\/p><\/div><\/section><div class=\"flex_column av_one_half  flex_column_div av-zero-column-padding first  avia-builder-el-4  el_after_av_textblock  el_before_av_one_half  column-top-margin\"><div class=\"avia-image-container  av-styling-    avia-builder-el-5  avia-builder-el-no-sibling  avia-align-center \"><div class=\"avia-image-container-inner\"><div class=\"avia-image-overlay-wrap\"><a href=\"https:\/\/www.mingob.gob.pa\/iei\/wp-content\/uploads\/sites\/21\/2018\/08\/historia-IEI-1.png\"><img fetchpriority=\"high\" decoding=\"async\" class=\"avia_image alignnone\" src=\"https:\/\/www.mingob.gob.pa\/iei\/wp-content\/uploads\/sites\/21\/2018\/08\/historia-IEI-1.png\" alt=\"\" width=\"277\" height=\"275\" data-lazy-loaded=\"true\" \/><\/a><\/div><\/div><\/div><\/div><div class=\"flex_column av_one_half  flex_column_div av-zero-column-padding   avia-builder-el-6  el_after_av_one_half  avia-builder-el-last  column-top-margin\"><section class=\"av_textblock_section \"><div class=\"avia_textblock  \"><p>Vistas del taller de ebanister\u00eda del Tutelar de Menores, tomadas en 1958. En este taller los menores infractores se dedican a la fabricaci\u00f3n de muebles, para luego venderlos. El Tutelar de Menores fue creado en 1951 como parte del Ministerio de Gobierno y Justicia. En 1995 se cre\u00f3 la Jurisdicci\u00f3n de Menores, que reemplaz\u00f3 al tribunal tutelar de menores y los centros de menores pasaron al control y administraci\u00f3n de la Corte Suprema de Justicia.\u00a0<strong><em>Foto EPASA<\/em><\/strong><\/p><\/div><\/section><\/div>\t\t\t\t\t\t\t\t<\/div>\n\t\t\t\t<\/div>\n\t\t\t\t\t<\/div>\n\t\t<\/div>\n\t\t\t\t\t<\/div>\n\t\t<\/section>\n\t\t\t\t<\/div>\n\t\t","protected":false},"excerpt":{"rendered":"<p>El Instituto de Estudios Interdisciplinarios (IEI), fue creado por la Ley N\u00b040 de Agosto del 1999 \u201cDel R\u00e9gimen Especial de [&hellip;]<\/p>\n","protected":false},"author":5,"featured_media":0,"parent":0,"menu_order":0,"comment_status":"closed","ping_status":"closed","template":"","meta":{"site-sidebar-layout":"default","site-content-layout":"","ast-site-content-layout":"default","site-content-style":"default","site-sidebar-style":"default","ast-global-header-display":"","ast-banner-title-visibility":"","ast-main-header-display":"","ast-hfb-above-header-display":"","ast-hfb-below-header-display":"","ast-hfb-mobile-header-display":"","site-post-title":"","ast-breadcrumbs-content":"","ast-featured-img":"","footer-sml-layout":"","ast-disable-related-posts":"","theme-transparent-header-meta":"","adv-header-id-meta":"","stick-header-meta":"","header-above-stick-meta":"","header-main-stick-meta":"","header-below-stick-meta":"","astra-migrate-meta-layouts":"default","ast-page-background-enabled":"default","ast-page-background-meta":{"desktop":{"background-color":"var(--ast-global-color-5)","background-image":"","background-repeat":"repeat","background-position":"center center","background-size":"auto","background-attachment":"scroll","background-type":"","background-media":"","overlay-type":"","overlay-color":"","overlay-opacity":"","overlay-gradient":""},"tablet":{"background-color":"","background-image":"","background-repeat":"repeat","background-position":"center center","background-size":"auto","background-attachment":"scroll","background-type":"","background-media":"","overlay-type":"","overlay-color":"","overlay-opacity":"","overlay-gradient":""},"mobile":{"background-color":"","background-image":"","background-repeat":"repeat","background-position":"center center","background-size":"auto","background-attachment":"scroll","background-type":"","background-media":"","overlay-type":"","overlay-color":"","overlay-opacity":"","overlay-gradient":""}},"ast-content-background-meta":{"desktop":{"background-color":"var(--ast-global-color-4)","background-image":"","background-repeat":"repeat","background-position":"center center","background-size":"auto","background-attachment":"scroll","background-type":"","background-media":"","overlay-type":"","overlay-color":"","overlay-opacity":"","overlay-gradient":""},"tablet":{"background-color":"var(--ast-global-color-4)","background-image":"","background-repeat":"repeat","background-position":"center center","background-size":"auto","background-attachment":"scroll","background-type":"","background-media":"","overlay-type":"","overlay-color":"","overlay-opacity":"","overlay-gradient":""},"mobile":{"background-color":"var(--ast-global-color-4)","background-image":"","background-repeat":"repeat","background-position":"center center","background-size":"auto","background-attachment":"scroll","background-type":"","background-media":"","overlay-type":"","overlay-color":"","overlay-opacity":"","overlay-gradient":""}},"footnotes":""},"class_list":["post-277","page","type-page","status-publish","hentry"],"rttpg_featured_image_url":null,"rttpg_author":{"display_name":"Administrador Web","author_link":"https:\/\/www.mingob.gob.pa\/iei\/author\/nbarrios\/"},"rttpg_comment":0,"rttpg_category":null,"rttpg_excerpt":"El Instituto de Estudios Interdisciplinarios (IEI), fue creado por la Ley N\u00b040 de Agosto del 1999 \u201cDel R\u00e9gimen Especial de [&hellip;]","_links":{"self":[{"href":"https:\/\/www.mingob.gob.pa\/iei\/wp-json\/wp\/v2\/pages\/277","targetHints":{"allow":["GET"]}}],"collection":[{"href":"https:\/\/www.mingob.gob.pa\/iei\/wp-json\/wp\/v2\/pages"}],"about":[{"href":"https:\/\/www.mingob.gob.pa\/iei\/wp-json\/wp\/v2\/types\/page"}],"author":[{"embeddable":true,"href":"https:\/\/www.mingob.gob.pa\/iei\/wp-json\/wp\/v2\/users\/5"}],"replies":[{"embeddable":true,"href":"https:\/\/www.mingob.gob.pa\/iei\/wp-json\/wp\/v2\/comments?post=277"}],"version-history":[{"count":5,"href":"https:\/\/www.mingob.gob.pa\/iei\/wp-json\/wp\/v2\/pages\/277\/revisions"}],"predecessor-version":[{"id":53492,"href":"https:\/\/www.mingob.gob.pa\/iei\/wp-json\/wp\/v2\/pages\/277\/revisions\/53492"}],"wp:attachment":[{"href":"https:\/\/www.mingob.gob.pa\/iei\/wp-json\/wp\/v2\/media?parent=277"}],"curies":[{"name":"wp","href":"https:\/\/api.w.org\/{rel}","templated":true}]}}