{"id":271,"date":"2018-08-16T19:29:33","date_gmt":"2018-08-16T19:29:33","guid":{"rendered":"http:\/\/www.mingob.gob.pa\/iei\/?page_id=271"},"modified":"2020-12-30T20:38:26","modified_gmt":"2020-12-31T01:38:26","slug":"marco-legal","status":"publish","type":"page","link":"https:\/\/www.mingob.gob.pa\/iei\/marco-legal\/","title":{"rendered":"Marco Legal"},"content":{"rendered":"<p>[av_one_full first min_height=\u00bb vertical_alignment=\u00bb space=\u00bb custom_margin=\u00bb margin=&#8217;0px&#8217; padding=&#8217;0px&#8217; border=\u00bb border_color=\u00bb radius=&#8217;0px&#8217; background_color=\u00bb src=\u00bb background_position=&#8217;top left&#8217; background_repeat=&#8217;no-repeat&#8217; animation=\u00bb mobile_display=\u00bb]<\/p>\n<p>[av_textblock size=\u00bb font_color=\u00bb color=\u00bb]<\/p>\n<ul>\n<li style=\"text-align: justify\">Ley 40 de 1999 del R\u00e9gimen Especial de Responsabilidad Penal para la Adolescencia Comprende las modificaciones, adiciones y derogaciones aprobadas por la Ley 38 de 2000, 46 de 2003, Ley 48 de 2004, Ley 15 de 2007, Ley 6 de 2010 y Ley 32 de 2010.<\/li>\n<li style=\"text-align: justify\">Ley 87 de 2010, que modifica un art\u00edculo del texto \u00fanico de la Ley 40 de 1999, sobre el R\u00e9gimen Especial de Responsabilidad Penal para la Adolescencia, y crea nuevos despachos dentro de esta jurisdicci\u00f3n<\/li>\n<li style=\"text-align: justify\">Ley 42 de 2016, que desarrolla la Carrera Penitenciaria y dicta otras disposiciones<\/li>\n<\/ul>\n<p>[\/av_textblock]<\/p>\n<p>[\/av_one_full][av_one_full first min_height=\u00bb vertical_alignment=\u00bb space=\u00bb custom_margin=\u00bb margin=&#8217;0px&#8217; padding=&#8217;0px&#8217; border=\u00bb border_color=\u00bb radius=&#8217;0px&#8217; background_color=\u00bb src=\u00bb background_position=&#8217;top left&#8217; background_repeat=&#8217;no-repeat&#8217; animation=\u00bb mobile_display=\u00bb]<\/p>\n<p>[av_textblock size=\u00bb font_color=\u00bb color=\u00bb]<\/p>\n<blockquote>\n<h3>Est\u00e1ndares<strong>\u00a0Internacionales del Sistema de Naciones Unidas<\/strong><\/h3>\n<\/blockquote>\n<ul>\n<li style=\"text-align: justify\">Convenci\u00f3n sobre los Derechos del Ni\u00f1o, Adoptada y abierta a la firma y ratificaci\u00f3n por la Asamblea General en su resoluci\u00f3n 44\/25, de 20 de noviembre de 1989 Entrada en vigor: 2 de septiembre de 1990, de conformidad con el art\u00edculo 49 Aprobada por Panam\u00e1 mediante Ley 15 de 6 de noviembre de 1990. Publicada en Gaceta Oficial 16 de noviembre de 1990.<\/li>\n<li style=\"text-align: justify\">Observaci\u00f3n General No. 10 del Comit\u00e9 de los Derechos del Ni\u00f1o 25 de abril de 2007<\/li>\n<li style=\"text-align: justify\">Observaci\u00f3n General No. 14 del Comit\u00e9 de los Derechos del Ni\u00f1o 29 de mayo de 2013<\/li>\n<li style=\"text-align: justify\">Reglas M\u00ednimas de las Naciones Unidas para la Administraci\u00f3n de la Justicia de Menores (Reglas de Beijing) Adoptadas por la Asamblea General de Naciones Unidas el 28 de noviembre de 1985 mediante resoluci\u00f3n 40\/33<\/li>\n<li style=\"text-align: justify\">Reglas de las Naciones Unidas para la Protecci\u00f3n de Menores Privados de Libertad (Reglas de la Habana) Adoptadas por la Asamblea General de Naciones Unidas el 14 de diciembre de 1990 mediante resoluci\u00f3n 45\/113<\/li>\n<li style=\"text-align: justify\">Reglas M\u00ednimas de las Naciones Unidas sobre las Medidas no Privativas de la Libertad (Reglas de Tokio) Adoptadas por la Asamblea General de Naciones Unidas el 14 de diciembre de 1990 mediante resoluci\u00f3n 45\/110<\/li>\n<li style=\"text-align: justify\">Directrices de las Naciones Unidas para la Prevenci\u00f3n de la Delincuencia Juvenil (Declaraci\u00f3n de Riad) Adoptadas por la Asamblea General de Naciones Unidas el 14 de diciembre de 1990 mediante resoluci\u00f3n 45\/112<\/li>\n<li style=\"text-align: justify\">Reglas M\u00ednimas de las Naciones Unidas para el Tratamiento de los Reclusos (Reglas Nelson Mandela) Adoptadas por la Asamblea General de Naciones Unidas el 15 de diciembre de 2015 mediante resoluci\u00f3n 70\/175<\/li>\n<li style=\"text-align: justify\">Procedimientos para la Aplicaci\u00f3n Efectiva de las Reglas M\u00ednimas para el Tratamiento de Reclusos Aprobados por el Consejo Econ\u00f3mico y Social en su resoluci\u00f3n 1984\/47 de 25 de mayo de 1984<\/li>\n<li style=\"text-align: justify\">Principios B\u00e1sicos para el Tratamiento de Reclusos Adoptados por la Asamblea General de Naciones Unidas el 14 de diciembre de 1990 mediante resoluci\u00f3n 45\/111<\/li>\n<li style=\"text-align: justify\">Conjunto de Principios para la Protecci\u00f3n de todas las Personas sometidas a Cualquier Forma de Detenci\u00f3n o Prisi\u00f3n Adoptados por la Asamblea General de Naciones Unidas el 9 de diciembre de 1988 mediante resoluci\u00f3n 43\/173<\/li>\n<li style=\"text-align: justify\">Reglas de las Naciones Unidas para el Tratamiento de las Reclusas y Medidas no Privativas de la Libertad para Mujeres Delincuentes (Reglas de Bangkok) Adoptadas por la Asamblea General de Naciones Unidas el 16 de marzo de 2011 mediante resoluci\u00f3n 65\/229.<\/li>\n<li style=\"text-align: justify\">Declaraci\u00f3n Universal de Derechos Humanos Adoptada por la Asamblea General de Naciones Unidas el10 de diciembre de 1948 mediante resoluci\u00f3n 217 A (III).<\/li>\n<li style=\"text-align: justify\">Pacto Internacional de Derechos Civiles y Pol\u00edticos Adoptado por la Asamblea General de Naciones Unidas el 16 de diciembre de 1966 mediante resoluci\u00f3n 2200 A (XXI)<\/li>\n<li style=\"text-align: justify\">Convenci\u00f3n Internacional para la Protecci\u00f3n de todas las Personas contra las Desapariciones Forzadas Adoptada por la Asamblea General de Naciones Unidas el 20 de diciembre de 2006 mediante resoluci\u00f3n 61\/177<\/li>\n<\/ul>\n<p>[\/av_textblock]<\/p>\n<p>[\/av_one_full][av_one_full first min_height=\u00bb vertical_alignment=\u00bb space=\u00bb custom_margin=\u00bb margin=&#8217;0px&#8217; padding=&#8217;0px&#8217; border=\u00bb border_color=\u00bb radius=&#8217;0px&#8217; background_color=\u00bb src=\u00bb background_position=&#8217;top left&#8217; background_repeat=&#8217;no-repeat&#8217; animation=\u00bb mobile_display=\u00bb]<\/p>\n<p>[av_textblock size=\u00bb font_color=\u00bb color=\u00bb]<\/p>\n<blockquote>\n<h3>Est\u00e1ndares<strong>\u00a0Internacionales del Sistema Interamericano de Derechos Humanos.<\/strong><\/h3>\n<\/blockquote>\n<ul>\n<li>Convenci\u00f3n Americana sobre Derechos Humanos Adoptados por la Organizaci\u00f3n de Estados Americanos el 22 de noviembre de 1969 y entrada en vigor el 18 de julio de 1978.<\/li>\n<li>Convenci\u00f3n Interamericana para Prevenir y Sancionar la Tortura Adoptada por la Organizaci\u00f3n de Estados Americanos el 9 de diciembre de 1985 y entrada en vigor el 28 de febrero de 1987<\/li>\n<li>Convenci\u00f3n Interamericana sobre Desaparici\u00f3n Forzada de Personas Adoptada por la Organizaci\u00f3n de Estados Americanos el 9 de junio de 1994 y entrada en vigor el 28 de marzo de 1996<\/li>\n<li>Principios y Buenas Pr\u00e1cticas sobre la Protecci\u00f3n de las Personas Privadas de Libertad en las Am\u00e9ricas Adoptados por la Comisi\u00f3n Interamericana de Derechos Humanos en 2008 mediante resoluci\u00f3n 1\/08<\/li>\n<li>Sentencias de las Corte Interamericana de Derechos Humanos Caso \u201cInstituto de Reeducaci\u00f3n del Menor\u201d vs. Paraguay Corte Interamericana de Derechos Humanos. 2 de septiembre de 2004. Sentencia sobre Excepciones Preliminares, Fondo, Reparaciones y Costas. Parr\u00e1 147- 231<\/li>\n<\/ul>\n<p>[\/av_textblock]<\/p>\n<p>[\/av_one_full]<\/p>\n","protected":false},"excerpt":{"rendered":"<p>[av_one_full first min_height=\u00bb vertical_alignment=\u00bb space=\u00bb custom_margin=\u00bb margin=&#8217;0px&#8217; padding=&#8217;0px&#8217; border=\u00bb border_color=\u00bb radius=&#8217;0px&#8217; background_color=\u00bb src=\u00bb background_position=&#8217;top left&#8217; background_repeat=&#8217;no-repeat&#8217; animation=\u00bb mobile_display=\u00bb] [av_textblock size=\u00bb [&hellip;]<\/p>\n","protected":false},"author":5,"featured_media":0,"parent":0,"menu_order":0,"comment_status":"closed","ping_status":"closed","template":"","meta":{"site-sidebar-layout":"default","site-content-layout":"","ast-site-content-layout":"default","site-content-style":"default","site-sidebar-style":"default","ast-global-header-display":"","ast-banner-title-visibility":"","ast-main-header-display":"","ast-hfb-above-header-display":"","ast-hfb-below-header-display":"","ast-hfb-mobile-header-display":"","site-post-title":"","ast-breadcrumbs-content":"","ast-featured-img":"","footer-sml-layout":"","ast-disable-related-posts":"","theme-transparent-header-meta":"","adv-header-id-meta":"","stick-header-meta":"","header-above-stick-meta":"","header-main-stick-meta":"","header-below-stick-meta":"","astra-migrate-meta-layouts":"default","ast-page-background-enabled":"default","ast-page-background-meta":{"desktop":{"background-color":"var(--ast-global-color-5)","background-image":"","background-repeat":"repeat","background-position":"center center","background-size":"auto","background-attachment":"scroll","background-type":"","background-media":"","overlay-type":"","overlay-color":"","overlay-opacity":"","overlay-gradient":""},"tablet":{"background-color":"","background-image":"","background-repeat":"repeat","background-position":"center center","background-size":"auto","background-attachment":"scroll","background-type":"","background-media":"","overlay-type":"","overlay-color":"","overlay-opacity":"","overlay-gradient":""},"mobile":{"background-color":"","background-image":"","background-repeat":"repeat","background-position":"center center","background-size":"auto","background-attachment":"scroll","background-type":"","background-media":"","overlay-type":"","overlay-color":"","overlay-opacity":"","overlay-gradient":""}},"ast-content-background-meta":{"desktop":{"background-color":"var(--ast-global-color-4)","background-image":"","background-repeat":"repeat","background-position":"center center","background-size":"auto","background-attachment":"scroll","background-type":"","background-media":"","overlay-type":"","overlay-color":"","overlay-opacity":"","overlay-gradient":""},"tablet":{"background-color":"var(--ast-global-color-4)","background-image":"","background-repeat":"repeat","background-position":"center center","background-size":"auto","background-attachment":"scroll","background-type":"","background-media":"","overlay-type":"","overlay-color":"","overlay-opacity":"","overlay-gradient":""},"mobile":{"background-color":"var(--ast-global-color-4)","background-image":"","background-repeat":"repeat","background-position":"center center","background-size":"auto","background-attachment":"scroll","background-type":"","background-media":"","overlay-type":"","overlay-color":"","overlay-opacity":"","overlay-gradient":""}},"footnotes":""},"class_list":["post-271","page","type-page","status-publish","hentry"],"rttpg_featured_image_url":null,"rttpg_author":{"display_name":"Administrador Web","author_link":"https:\/\/www.mingob.gob.pa\/iei\/author\/nbarrios\/"},"rttpg_comment":0,"rttpg_category":null,"rttpg_excerpt":"[av_one_full first min_height=\u00bb vertical_alignment=\u00bb space=\u00bb custom_margin=\u00bb margin=&#8217;0px&#8217; padding=&#8217;0px&#8217; border=\u00bb border_color=\u00bb radius=&#8217;0px&#8217; background_color=\u00bb src=\u00bb background_position=&#8217;top left&#8217; background_repeat=&#8217;no-repeat&#8217; animation=\u00bb mobile_display=\u00bb] [av_textblock size=\u00bb [&hellip;]","_links":{"self":[{"href":"https:\/\/www.mingob.gob.pa\/iei\/wp-json\/wp\/v2\/pages\/271","targetHints":{"allow":["GET"]}}],"collection":[{"href":"https:\/\/www.mingob.gob.pa\/iei\/wp-json\/wp\/v2\/pages"}],"about":[{"href":"https:\/\/www.mingob.gob.pa\/iei\/wp-json\/wp\/v2\/types\/page"}],"author":[{"embeddable":true,"href":"https:\/\/www.mingob.gob.pa\/iei\/wp-json\/wp\/v2\/users\/5"}],"replies":[{"embeddable":true,"href":"https:\/\/www.mingob.gob.pa\/iei\/wp-json\/wp\/v2\/comments?post=271"}],"version-history":[{"count":0,"href":"https:\/\/www.mingob.gob.pa\/iei\/wp-json\/wp\/v2\/pages\/271\/revisions"}],"wp:attachment":[{"href":"https:\/\/www.mingob.gob.pa\/iei\/wp-json\/wp\/v2\/media?parent=271"}],"curies":[{"name":"wp","href":"https:\/\/api.w.org\/{rel}","templated":true}]}}