{"id":23,"date":"2018-06-06T20:18:17","date_gmt":"2018-06-06T20:18:17","guid":{"rendered":"http:\/\/www.mingob.gob.pa\/iei\/?page_id=23"},"modified":"2025-11-24T11:40:55","modified_gmt":"2025-11-24T16:40:55","slug":"nuestra-mision-y-vision","status":"publish","type":"page","link":"https:\/\/www.mingob.gob.pa\/iei\/nuestra-mision-y-vision\/","title":{"rendered":"Nuestra Misi\u00f3n y Visi\u00f3n"},"content":{"rendered":"\t\t<div data-elementor-type=\"wp-page\" data-elementor-id=\"23\" class=\"elementor elementor-23\">\n\t\t\t\t\t\t<section class=\"elementor-section elementor-top-section elementor-element elementor-element-2daa60d elementor-section-boxed elementor-section-height-default elementor-section-height-default\" data-id=\"2daa60d\" data-element_type=\"section\" data-e-type=\"section\">\n\t\t\t\t\t\t<div class=\"elementor-container elementor-column-gap-default\">\n\t\t\t\t\t<div class=\"elementor-column elementor-col-100 elementor-top-column elementor-element elementor-element-1b98d79\" data-id=\"1b98d79\" data-element_type=\"column\" data-e-type=\"column\">\n\t\t\t<div class=\"elementor-widget-wrap elementor-element-populated\">\n\t\t\t\t\t\t<div class=\"elementor-element elementor-element-7b64d6a elementor-widget elementor-widget-text-editor\" data-id=\"7b64d6a\" data-element_type=\"widget\" data-e-type=\"widget\" data-widget_type=\"text-editor.default\">\n\t\t\t\t<div class=\"elementor-widget-container\">\n\t\t\t\t\t\t\t\t\t<div class=\"flex_column av_one_half flex_column_div av-zero-column-padding first avia-builder-el-2 el_after_av_one_full el_before_av_one_half column-top-margin\"><article class=\"iconbox iconbox_left avia-builder-el-3 el_before_av_textblock avia-builder-el-first \"><div class=\"iconbox_content\"><header class=\"entry-content-header\"><h3 class=\"iconbox_content_title \">Misi\u00f3n<\/h3><\/header><div class=\"iconbox_content_container \">\u00a0<\/div><\/div><footer class=\"entry-footer\"><\/footer><\/article><section class=\"av_textblock_section \"><div class=\"avia_textblock \"><p class=\"Informacindecontacto\" align=\"left\">Administrar, estudiar, investigar y emplear las ciencias sociales con la cooperaci\u00f3n de varias disciplinas para diagnosticar necesidades, problemas y aplicar m\u00e9todos cient\u00edficos, a trav\u00e9s de programas que le permita desarrollar al m\u00e1ximo sus capacidades, fundamentado en principios y valores sociales que contribuyan a la integraci\u00f3n social de los adolescentes que se encuentren en conflicto con la Ley Penal, cuya esencia es la educaci\u00f3n, d\u00e1ndole herramientas para la integraci\u00f3n social y nuevas habilidades para la vida.<\/p><\/div><\/section><\/div><div class=\"flex_column av_one_half flex_column_div av-zero-column-padding avia-builder-el-5 el_after_av_one_half avia-builder-el-last column-top-margin\"><article class=\"iconbox iconbox_left avia-builder-el-6 el_before_av_textblock avia-builder-el-first \"><div class=\"iconbox_content\"><header class=\"entry-content-header\"><h3 class=\"iconbox_content_title \">Visi\u00f3n<\/h3><\/header><div class=\"iconbox_content_container \">\u00a0<\/div><\/div><footer class=\"entry-footer\"><\/footer><\/article><section class=\"av_textblock_section \"><div class=\"avia_textblock \"><p class=\"Informacindecontacto\" style=\"text-align: left;\" align=\"left\">Instituto creado con la responsabilidad de administrar y brindar los servicios y mecanismos de protecci\u00f3n necesarios, aplicando las ciencias sociales para el cumplimiento de los fines de la sanci\u00f3n, enmarcados dentro del principio de especialidad establecido por la Ley y en est\u00e1ndar internacional de derechos humanos para el tratamiento de los adolescentes en conflicto con la Ley 40 Penal que contribuya a educar, insertar e integrar a la sociedad para la vida.<\/p><\/div><\/section><\/div>\t\t\t\t\t\t\t\t<\/div>\n\t\t\t\t<\/div>\n\t\t\t\t\t<\/div>\n\t\t<\/div>\n\t\t\t\t\t<\/div>\n\t\t<\/section>\n\t\t\t\t<\/div>\n\t\t","protected":false},"excerpt":{"rendered":"<p>Misi\u00f3n \u00a0 Administrar, estudiar, investigar y emplear las ciencias sociales con la cooperaci\u00f3n de varias disciplinas para diagnosticar necesidades, problemas [&hellip;]<\/p>\n","protected":false},"author":3,"featured_media":0,"parent":0,"menu_order":0,"comment_status":"closed","ping_status":"closed","template":"","meta":{"site-sidebar-layout":"default","site-content-layout":"","ast-site-content-layout":"default","site-content-style":"default","site-sidebar-style":"default","ast-global-header-display":"","ast-banner-title-visibility":"","ast-main-header-display":"","ast-hfb-above-header-display":"","ast-hfb-below-header-display":"","ast-hfb-mobile-header-display":"","site-post-title":"","ast-breadcrumbs-content":"","ast-featured-img":"","footer-sml-layout":"","ast-disable-related-posts":"","theme-transparent-header-meta":"","adv-header-id-meta":"","stick-header-meta":"","header-above-stick-meta":"","header-main-stick-meta":"","header-below-stick-meta":"","astra-migrate-meta-layouts":"default","ast-page-background-enabled":"default","ast-page-background-meta":{"desktop":{"background-color":"var(--ast-global-color-5)","background-image":"","background-repeat":"repeat","background-position":"center center","background-size":"auto","background-attachment":"scroll","background-type":"","background-media":"","overlay-type":"","overlay-color":"","overlay-opacity":"","overlay-gradient":""},"tablet":{"background-color":"","background-image":"","background-repeat":"repeat","background-position":"center center","background-size":"auto","background-attachment":"scroll","background-type":"","background-media":"","overlay-type":"","overlay-color":"","overlay-opacity":"","overlay-gradient":""},"mobile":{"background-color":"","background-image":"","background-repeat":"repeat","background-position":"center center","background-size":"auto","background-attachment":"scroll","background-type":"","background-media":"","overlay-type":"","overlay-color":"","overlay-opacity":"","overlay-gradient":""}},"ast-content-background-meta":{"desktop":{"background-color":"var(--ast-global-color-4)","background-image":"","background-repeat":"repeat","background-position":"center center","background-size":"auto","background-attachment":"scroll","background-type":"","background-media":"","overlay-type":"","overlay-color":"","overlay-opacity":"","overlay-gradient":""},"tablet":{"background-color":"var(--ast-global-color-4)","background-image":"","background-repeat":"repeat","background-position":"center center","background-size":"auto","background-attachment":"scroll","background-type":"","background-media":"","overlay-type":"","overlay-color":"","overlay-opacity":"","overlay-gradient":""},"mobile":{"background-color":"var(--ast-global-color-4)","background-image":"","background-repeat":"repeat","background-position":"center center","background-size":"auto","background-attachment":"scroll","background-type":"","background-media":"","overlay-type":"","overlay-color":"","overlay-opacity":"","overlay-gradient":""}},"footnotes":""},"class_list":["post-23","page","type-page","status-publish","hentry"],"rttpg_featured_image_url":null,"rttpg_author":{"display_name":"YAMILETH RIOS","author_link":"https:\/\/www.mingob.gob.pa\/iei\/author\/yamileth\/"},"rttpg_comment":0,"rttpg_category":null,"rttpg_excerpt":"Misi\u00f3n \u00a0 Administrar, estudiar, investigar y emplear las ciencias sociales con la cooperaci\u00f3n de varias disciplinas para diagnosticar necesidades, problemas [&hellip;]","_links":{"self":[{"href":"https:\/\/www.mingob.gob.pa\/iei\/wp-json\/wp\/v2\/pages\/23","targetHints":{"allow":["GET"]}}],"collection":[{"href":"https:\/\/www.mingob.gob.pa\/iei\/wp-json\/wp\/v2\/pages"}],"about":[{"href":"https:\/\/www.mingob.gob.pa\/iei\/wp-json\/wp\/v2\/types\/page"}],"author":[{"embeddable":true,"href":"https:\/\/www.mingob.gob.pa\/iei\/wp-json\/wp\/v2\/users\/3"}],"replies":[{"embeddable":true,"href":"https:\/\/www.mingob.gob.pa\/iei\/wp-json\/wp\/v2\/comments?post=23"}],"version-history":[{"count":5,"href":"https:\/\/www.mingob.gob.pa\/iei\/wp-json\/wp\/v2\/pages\/23\/revisions"}],"predecessor-version":[{"id":53660,"href":"https:\/\/www.mingob.gob.pa\/iei\/wp-json\/wp\/v2\/pages\/23\/revisions\/53660"}],"wp:attachment":[{"href":"https:\/\/www.mingob.gob.pa\/iei\/wp-json\/wp\/v2\/media?parent=23"}],"curies":[{"name":"wp","href":"https:\/\/api.w.org\/{rel}","templated":true}]}}