{"id":839,"date":"2018-08-10T19:23:04","date_gmt":"2018-08-10T19:23:04","guid":{"rendered":"http:\/\/www.mingob.gob.pa\/hub-humanitario\/?page_id=839"},"modified":"2026-02-10T15:20:09","modified_gmt":"2026-02-10T15:20:09","slug":"transferencia-de-conocimiento","status":"publish","type":"page","link":"https:\/\/www.mingob.gob.pa\/hub-humanitario\/transferencia-de-conocimiento\/","title":{"rendered":"Transferencia de Conocimiento"},"content":{"rendered":"\t\t<div data-elementor-type=\"wp-page\" data-elementor-id=\"839\" class=\"elementor elementor-839\">\n\t\t\t\t\t\t<section class=\"elementor-section elementor-top-section elementor-element elementor-element-48f0a2a5 elementor-section-boxed elementor-section-height-default elementor-section-height-default\" data-id=\"48f0a2a5\" data-element_type=\"section\" data-e-type=\"section\">\n\t\t\t\t\t\t<div class=\"elementor-container elementor-column-gap-default\">\n\t\t\t\t\t<div class=\"elementor-column elementor-col-100 elementor-top-column elementor-element elementor-element-1a2d95c8\" data-id=\"1a2d95c8\" data-element_type=\"column\" data-e-type=\"column\">\n\t\t\t<div class=\"elementor-widget-wrap elementor-element-populated\">\n\t\t\t\t\t\t<div class=\"elementor-element elementor-element-124fdb6f elementor-widget elementor-widget-text-editor\" data-id=\"124fdb6f\" data-element_type=\"widget\" data-e-type=\"widget\" data-widget_type=\"text-editor.default\">\n\t\t\t\t<div class=\"elementor-widget-container\">\n\t\t\t\t\t\t\t\t\t<p style=\"text-align: justify;\"><strong>Conceptos y Objetivos <\/strong><\/p><p style=\"text-align: justify;\">El Centro de Transferencia de Conocimientos (CTC) se plantea como instancia del Centro Log\u00edstico Regional de Asistencia Humanitaria (CLRAH) establecida para el desarrollo de actividades dirigidas a la generaci\u00f3n y difusi\u00f3n de conocimientos,\u00a0 capacitaci\u00f3n, desarrollo de habilidades e intercambio de experiencias en materia de ayuda humanitaria.\u00a0 El CTC se establecer\u00e1 como una Unidad Auxiliar de la Oficina de la Administraci\u00f3n del CLRAH.<\/p><p style=\"text-align: justify;\">Dentro de los objetivos estrat\u00e9gicos del CTC se establece:<\/p><ol style=\"text-align: justify;\"><li>Servir como punto de enlace para la identificaci\u00f3n, consolidaci\u00f3n y visibilidad de las capacidades y conocimientos disponibles a nivel nacional y regional en temas de asistencia humanitaria.<\/li><li>Actuar como recurso para la promoci\u00f3n de experticia y capacitaci\u00f3n, as\u00ed como apoyar en la difusi\u00f3n de datos y estad\u00edsticos disponibles, y los resultados de estudios e investigaciones.<\/li><li>Desarrollar las alianzas estrat\u00e9gicas con organismos nacionales e internacionales para asegurar el cumplimiento y seguimiento de los est\u00e1ndares y tendencias internacionales<\/li><\/ol><p style=\"text-align: justify;\">Para alcanzar estos objetivos, el CTC podr\u00e1 formar una red de conocimiento que contar\u00e1 con especialistas, acad\u00e9micos y expertos en las distintas \u00e1reas log\u00edsticas y humanitarias, tanto a nivel nacional como internacional, y con quienes se podr\u00e1n organizar y desarrollar:<\/p><ol style=\"text-align: justify;\"><li style=\"text-align: justify;\">Capacitaciones en log\u00edstica y cadena de suministros, facilitaci\u00f3n de servicios, asistencia humanitaria, entre otros temas afines<\/li><li style=\"text-align: justify;\">Simulaciones y simulacros<\/li><li style=\"text-align: justify;\">Organizaci\u00f3n de seminarios, foros y otros eventos de difusi\u00f3n<\/li><li style=\"text-align: justify;\">Preparaci\u00f3n de documentos t\u00e9cnicos, estudios e investigaciones que coadyuve a la integraci\u00f3n de los actores humanitarios nacionales e internacionales<\/li><li style=\"text-align: justify;\">Otras actividades con el resto de los actores de car\u00e1cter humanitario.<\/li><\/ol><p style=\"text-align: justify;\"><strong>\u00c1reas de Enfoque <\/strong><\/p><p style=\"text-align: justify;\">Para la realizaci\u00f3n de las actividades del Centro de Transferencia de Conocimiento, inicialmente se han establecido tres \u00e1reas de enfoque: (1) Desarrollo y fortalecimiento de\u00a0capacidades, (2) Visibilidad del conocimiento y <em>expertise<\/em> local e internacional, y (3) Difusi\u00f3n de la informaci\u00f3n.<\/p><p style=\"text-align: justify;\">Bajo el enfoque de <strong>desarrollo y fortalecimiento de capacidades<\/strong> se espera identificar e impulsar el conocimiento existente en las \u00e1reas tem\u00e1ticas pertinentes a los objetivos del CLRAH y CTC, as\u00ed como facilitar la transferencia de conocimiento y experiencias ante la identificaci\u00f3n de necesidades de desarrollar habilidades.<\/p><p style=\"text-align: justify;\">Las acciones bajo esa \u00e1rea de enfoque ser\u00e1n:<\/p><ol style=\"text-align: justify;\"><li>Apoyar al mapeo de las capacidades t\u00e9cnicas y las necesidades existentes<\/li><li>Actuar como una plataforma que permita el enlace entre capacidad\/necesidad<\/li><li>Establecer alianzas para la creaci\u00f3n de un repositorio de capacidades y necesidades<\/li><\/ol><p style=\"text-align: justify;\">Por medio de la <strong>visibilidad del conocimiento o <em>expertise<\/em> local e internacional<\/strong> se busca integrar los esfuerzos realizados por las diferentes instancias que generan nuevo conocimiento e interact\u00faan en el entorno de la asistencia humanitaria para que el mismo sea difundido entre todos los actores y lograr el aprendizaje de los resultados y experiencias de terceros.<\/p><p style=\"text-align: justify;\">Por medio de este eje se propone:<\/p><ol style=\"text-align: justify;\"><li>Fungir como enlace entre la academia, organismos y Estados para el desarrollo de estudios e investigaciones afines a los intereses humanitarios nacionales y regionales<\/li><li>Apoyar en la difusi\u00f3n y publicaci\u00f3n de casos de \u00e9xito desarrollados por los sistemas nacionales de la regi\u00f3n, haciendo \u00e9nfasis en la respuesta nacional<\/li><li>Apoyar en la organizaci\u00f3n y coordinaci\u00f3n de eventos que promuevan el intercambio de experiencia nacional y regional<\/li><\/ol><p style=\"text-align: justify;\">A trav\u00e9s del \u00e1rea de enfoque <strong>difusi\u00f3n de informaci\u00f3n<\/strong>, el CTC propone el desarrollo de mecanismos que permitan difundir todas las acciones y esfuerzos realizados por las distintas entidades nacionales e internacionales que participan en la acci\u00f3n humanitaria.\u00a0 El principal mecanismo ser\u00e1 la recolecci\u00f3n, generaci\u00f3n y visualizaci\u00f3n de estad\u00edsticas relevantes, informaci\u00f3n tem\u00e1tica y resultados espec\u00edficos de investigaciones, y que en su conjunto otorguen un valor agregado para la toma de decisiones operativas y log\u00edsticas en la atenci\u00f3n humanitaria.<\/p>\t\t\t\t\t\t\t\t<\/div>\n\t\t\t\t<\/div>\n\t\t\t\t\t<\/div>\n\t\t<\/div>\n\t\t\t\t\t<\/div>\n\t\t<\/section>\n\t\t\t\t<\/div>\n\t\t","protected":false},"excerpt":{"rendered":"<p>Conceptos y Objetivos El Centro de Transferencia de Conocimientos (CTC) se plantea como instancia del Centro Log\u00edstico Regional de Asistencia [&hellip;]<\/p>\n","protected":false},"author":5,"featured_media":0,"parent":0,"menu_order":0,"comment_status":"closed","ping_status":"closed","template":"","meta":{"site-sidebar-layout":"default","site-content-layout":"","ast-site-content-layout":"default","site-content-style":"default","site-sidebar-style":"default","ast-global-header-display":"","ast-banner-title-visibility":"","ast-main-header-display":"","ast-hfb-above-header-display":"","ast-hfb-below-header-display":"","ast-hfb-mobile-header-display":"","site-post-title":"","ast-breadcrumbs-content":"","ast-featured-img":"","footer-sml-layout":"","ast-disable-related-posts":"","theme-transparent-header-meta":"","adv-header-id-meta":"","stick-header-meta":"","header-above-stick-meta":"","header-main-stick-meta":"","header-below-stick-meta":"","astra-migrate-meta-layouts":"default","ast-page-background-enabled":"default","ast-page-background-meta":{"desktop":{"background-color":"var(--ast-global-color-5)","background-image":"","background-repeat":"repeat","background-position":"center center","background-size":"auto","background-attachment":"scroll","background-type":"","background-media":"","overlay-type":"","overlay-color":"","overlay-opacity":"","overlay-gradient":""},"tablet":{"background-color":"","background-image":"","background-repeat":"repeat","background-position":"center center","background-size":"auto","background-attachment":"scroll","background-type":"","background-media":"","overlay-type":"","overlay-color":"","overlay-opacity":"","overlay-gradient":""},"mobile":{"background-color":"","background-image":"","background-repeat":"repeat","background-position":"center center","background-size":"auto","background-attachment":"scroll","background-type":"","background-media":"","overlay-type":"","overlay-color":"","overlay-opacity":"","overlay-gradient":""}},"ast-content-background-meta":{"desktop":{"background-color":"var(--ast-global-color-4)","background-image":"","background-repeat":"repeat","background-position":"center center","background-size":"auto","background-attachment":"scroll","background-type":"","background-media":"","overlay-type":"","overlay-color":"","overlay-opacity":"","overlay-gradient":""},"tablet":{"background-color":"var(--ast-global-color-4)","background-image":"","background-repeat":"repeat","background-position":"center center","background-size":"auto","background-attachment":"scroll","background-type":"","background-media":"","overlay-type":"","overlay-color":"","overlay-opacity":"","overlay-gradient":""},"mobile":{"background-color":"var(--ast-global-color-4)","background-image":"","background-repeat":"repeat","background-position":"center center","background-size":"auto","background-attachment":"scroll","background-type":"","background-media":"","overlay-type":"","overlay-color":"","overlay-opacity":"","overlay-gradient":""}},"footnotes":""},"class_list":["post-839","page","type-page","status-publish","hentry"],"rttpg_featured_image_url":null,"rttpg_author":{"display_name":"Administrador Web","author_link":"https:\/\/www.mingob.gob.pa\/hub-humanitario\/author\/nbarrios\/"},"rttpg_comment":0,"rttpg_category":null,"rttpg_excerpt":"Conceptos y Objetivos El Centro de Transferencia de Conocimientos (CTC) se plantea como instancia del Centro Log\u00edstico Regional de Asistencia [&hellip;]","_links":{"self":[{"href":"https:\/\/www.mingob.gob.pa\/hub-humanitario\/wp-json\/wp\/v2\/pages\/839","targetHints":{"allow":["GET"]}}],"collection":[{"href":"https:\/\/www.mingob.gob.pa\/hub-humanitario\/wp-json\/wp\/v2\/pages"}],"about":[{"href":"https:\/\/www.mingob.gob.pa\/hub-humanitario\/wp-json\/wp\/v2\/types\/page"}],"author":[{"embeddable":true,"href":"https:\/\/www.mingob.gob.pa\/hub-humanitario\/wp-json\/wp\/v2\/users\/5"}],"replies":[{"embeddable":true,"href":"https:\/\/www.mingob.gob.pa\/hub-humanitario\/wp-json\/wp\/v2\/comments?post=839"}],"version-history":[{"count":3,"href":"https:\/\/www.mingob.gob.pa\/hub-humanitario\/wp-json\/wp\/v2\/pages\/839\/revisions"}],"predecessor-version":[{"id":50834,"href":"https:\/\/www.mingob.gob.pa\/hub-humanitario\/wp-json\/wp\/v2\/pages\/839\/revisions\/50834"}],"wp:attachment":[{"href":"https:\/\/www.mingob.gob.pa\/hub-humanitario\/wp-json\/wp\/v2\/media?parent=839"}],"curies":[{"name":"wp","href":"https:\/\/api.w.org\/{rel}","templated":true}]}}