{"id":50013,"date":"2025-09-09T20:21:23","date_gmt":"2025-09-09T20:21:23","guid":{"rendered":"https:\/\/www.mingob.gob.pa\/hub-humanitario\/?page_id=50013"},"modified":"2026-04-23T16:26:49","modified_gmt":"2026-04-23T16:26:49","slug":"investigaciones-sobre-el-clrah","status":"publish","type":"page","link":"https:\/\/www.mingob.gob.pa\/hub-humanitario\/investigaciones-sobre-el-clrah\/","title":{"rendered":"Investigaciones sobre el CLRAH"},"content":{"rendered":"\t\t<div data-elementor-type=\"wp-page\" data-elementor-id=\"50013\" class=\"elementor elementor-50013\">\n\t\t\t\t\t\t<section class=\"elementor-section elementor-top-section elementor-element elementor-element-8eb9384 elementor-section-boxed elementor-section-height-default elementor-section-height-default\" data-id=\"8eb9384\" data-element_type=\"section\" data-e-type=\"section\">\n\t\t\t\t\t\t<div class=\"elementor-container elementor-column-gap-default\">\n\t\t\t\t\t<div class=\"elementor-column elementor-col-100 elementor-top-column elementor-element elementor-element-07bdfe8\" data-id=\"07bdfe8\" data-element_type=\"column\" data-e-type=\"column\">\n\t\t\t<div class=\"elementor-widget-wrap elementor-element-populated\">\n\t\t\t\t\t\t<div class=\"elementor-element elementor-element-71d9719 elementor-widget elementor-widget-heading\" data-id=\"71d9719\" data-element_type=\"widget\" data-e-type=\"widget\" data-widget_type=\"heading.default\">\n\t\t\t\t<div class=\"elementor-widget-container\">\n\t\t\t\t\t<h2 class=\"elementor-heading-title elementor-size-default\">An\u00e1lisis de la red de asistencia humanitaria del Centro Log\u00edstico Regional de Asistencia Humanitaria (CLRAH)<\/h2>\t\t\t\t<\/div>\n\t\t\t\t<\/div>\n\t\t\t\t<div class=\"elementor-element elementor-element-48ece68 elementor-widget elementor-widget-button\" data-id=\"48ece68\" data-element_type=\"widget\" data-e-type=\"widget\" data-widget_type=\"button.default\">\n\t\t\t\t<div class=\"elementor-widget-container\">\n\t\t\t\t\t\t\t\t\t<div class=\"elementor-button-wrapper\">\n\t\t\t\t\t<a class=\"elementor-button elementor-button-link elementor-size-sm\" href=\"https:\/\/www.mingob.gob.pa\/hub-humanitario\/wp-content\/uploads\/sites\/19\/2025\/11\/Analisis-de-la-red-de-asistencia-humanitaria-CAP-LIBRO.pdf\" target=\"_blank\" rel=\"nofollow\">\n\t\t\t\t\t\t<span class=\"elementor-button-content-wrapper\">\n\t\t\t\t\t\t\t\t\t<span class=\"elementor-button-text\">Descarga PDF<\/span>\n\t\t\t\t\t<\/span>\n\t\t\t\t\t<\/a>\n\t\t\t\t<\/div>\n\t\t\t\t\t\t\t\t<\/div>\n\t\t\t\t<\/div>\n\t\t\t\t<div class=\"elementor-element elementor-element-89d5f24 elementor-widget elementor-widget-shortcode\" data-id=\"89d5f24\" data-element_type=\"widget\" data-e-type=\"widget\" data-widget_type=\"shortcode.default\">\n\t\t\t\t<div class=\"elementor-widget-container\">\n\t\t\t\t\t\t\t<div class=\"elementor-shortcode\"><div class=\"_df_book df-lite\" id=\"df_50054\"  _slug=\"analisis-de-la-red-de-asistencia-humanitaria\" data-title=\"analisis-de-la-red-de-asistencia-humanitaria\" wpoptions=\"true\" thumbtype=\"\" ><\/div><script class=\"df-shortcode-script\" nowprocket type=\"application\/javascript\">window.option_df_50054 = {\"outline\":[],\"autoEnableOutline\":\"false\",\"autoEnableThumbnail\":\"false\",\"overwritePDFOutline\":\"false\",\"direction\":\"1\",\"pageSize\":\"0\",\"source\":\"https:\\\/\\\/www.mingob.gob.pa\\\/hub-humanitario\\\/wp-content\\\/uploads\\\/sites\\\/19\\\/2025\\\/11\\\/Analisis-de-la-red-de-asistencia-humanitaria-CAP-LIBRO.pdf\",\"wpOptions\":\"true\"}; if(window.DFLIP && window.DFLIP.parseBooks){window.DFLIP.parseBooks();}<\/script><\/div>\n\t\t\t\t\t\t<\/div>\n\t\t\t\t<\/div>\n\t\t\t\t\t<\/div>\n\t\t<\/div>\n\t\t\t\t\t<\/div>\n\t\t<\/section>\n\t\t\t\t<section class=\"elementor-section elementor-top-section elementor-element elementor-element-08d6180 elementor-section-boxed elementor-section-height-default elementor-section-height-default\" data-id=\"08d6180\" data-element_type=\"section\" data-e-type=\"section\">\n\t\t\t\t\t\t<div class=\"elementor-container elementor-column-gap-default\">\n\t\t\t\t\t<div class=\"elementor-column elementor-col-100 elementor-top-column elementor-element elementor-element-e4b21b8\" data-id=\"e4b21b8\" data-element_type=\"column\" data-e-type=\"column\">\n\t\t\t<div class=\"elementor-widget-wrap elementor-element-populated\">\n\t\t\t\t\t\t<div class=\"elementor-element elementor-element-7f9f5e7 elementor-widget elementor-widget-heading\" data-id=\"7f9f5e7\" data-element_type=\"widget\" data-e-type=\"widget\" data-widget_type=\"heading.default\">\n\t\t\t\t<div class=\"elementor-widget-container\">\n\t\t\t\t\t<h2 class=\"elementor-heading-title elementor-size-default\">Panama clustering model for disaster preparation and humanitarian assistance in Latin America <\/h2>\t\t\t\t<\/div>\n\t\t\t\t<\/div>\n\t\t\t\t<div class=\"elementor-element elementor-element-e2f5f37 elementor-widget elementor-widget-button\" data-id=\"e2f5f37\" data-element_type=\"widget\" data-e-type=\"widget\" data-widget_type=\"button.default\">\n\t\t\t\t<div class=\"elementor-widget-container\">\n\t\t\t\t\t\t\t\t\t<div class=\"elementor-button-wrapper\">\n\t\t\t\t\t<a class=\"elementor-button elementor-button-link elementor-size-sm\" href=\"https:\/\/www.mingob.gob.pa\/hub-humanitario\/wp-content\/uploads\/sites\/19\/2026\/04\/Article-Panama-Clustering-Model-for-DP-and-HA-in-Latin-America.pdf\" target=\"_blank\">\n\t\t\t\t\t\t<span class=\"elementor-button-content-wrapper\">\n\t\t\t\t\t\t\t\t\t<span class=\"elementor-button-text\">Descargar PDF<\/span>\n\t\t\t\t\t<\/span>\n\t\t\t\t\t<\/a>\n\t\t\t\t<\/div>\n\t\t\t\t\t\t\t\t<\/div>\n\t\t\t\t<\/div>\n\t\t\t\t<div class=\"elementor-element elementor-element-6d67842 elementor-widget elementor-widget-shortcode\" data-id=\"6d67842\" data-element_type=\"widget\" data-e-type=\"widget\" data-widget_type=\"shortcode.default\">\n\t\t\t\t<div class=\"elementor-widget-container\">\n\t\t\t\t\t\t\t<div class=\"elementor-shortcode\"><div class=\"_df_book df-lite\" id=\"df_51030\"  _slug=\"model-for-disaster-preparation\" data-title=\"model-for-disaster-preparation\" wpoptions=\"true\" thumbtype=\"\" ><\/div><script class=\"df-shortcode-script\" nowprocket type=\"application\/javascript\">window.option_df_51030 = {\"outline\":[],\"autoEnableOutline\":\"false\",\"autoEnableThumbnail\":\"false\",\"overwritePDFOutline\":\"false\",\"direction\":\"1\",\"pageSize\":\"0\",\"source\":\"https:\\\/\\\/www.mingob.gob.pa\\\/hub-humanitario\\\/wp-content\\\/uploads\\\/sites\\\/19\\\/2026\\\/04\\\/Article-Panama-Clustering-Model-for-DP-and-HA-in-Latin-America.pdf\",\"wpOptions\":\"true\"}; if(window.DFLIP && window.DFLIP.parseBooks){window.DFLIP.parseBooks();}<\/script><\/div>\n\t\t\t\t\t\t<\/div>\n\t\t\t\t<\/div>\n\t\t\t\t\t<\/div>\n\t\t<\/div>\n\t\t\t\t\t<\/div>\n\t\t<\/section>\n\t\t\t\t<section class=\"elementor-section elementor-top-section elementor-element elementor-element-6f9f62a0 elementor-section-boxed elementor-section-height-default elementor-section-height-default\" data-id=\"6f9f62a0\" data-element_type=\"section\" data-e-type=\"section\">\n\t\t\t\t\t\t<div class=\"elementor-container elementor-column-gap-default\">\n\t\t\t\t\t<div class=\"elementor-column elementor-col-100 elementor-top-column elementor-element elementor-element-6bebbc6e\" data-id=\"6bebbc6e\" data-element_type=\"column\" data-e-type=\"column\">\n\t\t\t<div class=\"elementor-widget-wrap elementor-element-populated\">\n\t\t\t\t\t\t<div class=\"elementor-element elementor-element-70ec1efe elementor-widget elementor-widget-text-editor\" data-id=\"70ec1efe\" data-element_type=\"widget\" data-e-type=\"widget\" data-widget_type=\"text-editor.default\">\n\t\t\t\t<div class=\"elementor-widget-container\">\n\t\t\t\t\t\t\t\t\t<h3>Tesis acad\u00e9micas disponibles:<\/h3><hr \/><p><strong data-start=\"90\" data-end=\"208\">La instituci\u00f3n pone a disposici\u00f3n de la ciudadan\u00eda las tesis siguientes realizadas por estudiantes e investigadores.<\/strong><br data-start=\"208\" data-end=\"211\" \/>En esta secci\u00f3n encontrar\u00e1s las portadas de los trabajos acad\u00e9micos desarrollados.<br data-start=\"293\" data-end=\"296\" \/>Si deseas consultarlos en su totalidad, te invitamos a acercarte a nuestras instalaciones, donde podr\u00e1s revisarlos con mayor detalle.<\/p>\t\t\t\t\t\t\t\t<\/div>\n\t\t\t\t<\/div>\n\t\t\t\t\t<\/div>\n\t\t<\/div>\n\t\t\t\t\t<\/div>\n\t\t<\/section>\n\t\t\t\t<section class=\"elementor-section elementor-top-section elementor-element elementor-element-a65b722 elementor-section-boxed elementor-section-height-default elementor-section-height-default\" data-id=\"a65b722\" data-element_type=\"section\" data-e-type=\"section\">\n\t\t\t\t\t\t<div class=\"elementor-container elementor-column-gap-default\">\n\t\t\t\t\t<div class=\"elementor-column elementor-col-25 elementor-top-column elementor-element elementor-element-f72a715\" data-id=\"f72a715\" data-element_type=\"column\" data-e-type=\"column\">\n\t\t\t<div class=\"elementor-widget-wrap elementor-element-populated\">\n\t\t\t\t\t\t<div class=\"elementor-element elementor-element-a2f3702 elementor-widget elementor-widget-image\" data-id=\"a2f3702\" data-element_type=\"widget\" data-e-type=\"widget\" data-widget_type=\"image.default\">\n\t\t\t\t<div class=\"elementor-widget-container\">\n\t\t\t\t\t\t\t\t\t\t\t\t\t\t\t\t<a href=\"https:\/\/www.mingob.gob.pa\/hub-humanitario\/wp-content\/uploads\/sites\/19\/2025\/09\/kjl.jpeg\" data-elementor-open-lightbox=\"yes\" data-e-action-hash=\"#elementor-action%3Aaction%3Dlightbox%26settings%3DeyJpZCI6NTAwOTEsInVybCI6Imh0dHBzOlwvXC93d3cubWluZ29iLmdvYi5wYVwvaHViLWh1bWFuaXRhcmlvXC93cC1jb250ZW50XC91cGxvYWRzXC9zaXRlc1wvMTlcLzIwMjVcLzA5XC9ramwuanBlZyJ9\">\n\t\t\t\t\t\t\t<img fetchpriority=\"high\" decoding=\"async\" width=\"584\" height=\"800\" src=\"https:\/\/www.mingob.gob.pa\/hub-humanitario\/wp-content\/uploads\/sites\/19\/2025\/09\/kjl.jpeg\" class=\"attachment-large size-large wp-image-50091\" alt=\"\" srcset=\"https:\/\/www.mingob.gob.pa\/hub-humanitario\/wp-content\/uploads\/sites\/19\/2025\/09\/kjl.jpeg 584w, https:\/\/www.mingob.gob.pa\/hub-humanitario\/wp-content\/uploads\/sites\/19\/2025\/09\/kjl-219x300.jpeg 219w, https:\/\/www.mingob.gob.pa\/hub-humanitario\/wp-content\/uploads\/sites\/19\/2025\/09\/kjl-515x705.jpeg 515w\" sizes=\"(max-width: 584px) 100vw, 584px\" \/>\t\t\t\t\t\t\t\t<\/a>\n\t\t\t\t\t\t\t\t\t\t\t\t\t\t\t<\/div>\n\t\t\t\t<\/div>\n\t\t\t\t\t<\/div>\n\t\t<\/div>\n\t\t\t\t<div class=\"elementor-column elementor-col-25 elementor-top-column elementor-element elementor-element-a34df5f\" data-id=\"a34df5f\" data-element_type=\"column\" data-e-type=\"column\">\n\t\t\t<div class=\"elementor-widget-wrap elementor-element-populated\">\n\t\t\t\t\t\t<div class=\"elementor-element elementor-element-2f59671 elementor-widget elementor-widget-image\" data-id=\"2f59671\" data-element_type=\"widget\" data-e-type=\"widget\" data-widget_type=\"image.default\">\n\t\t\t\t<div class=\"elementor-widget-container\">\n\t\t\t\t\t\t\t\t\t\t\t\t\t\t\t\t<a href=\"https:\/\/www.mingob.gob.pa\/hub-humanitario\/wp-content\/uploads\/sites\/19\/2025\/09\/WhatsApp-Image-2025-09-10-at-2.14.39-PM.jpeg\" data-elementor-open-lightbox=\"yes\" data-e-action-hash=\"#elementor-action%3Aaction%3Dlightbox%26settings%3DeyJpZCI6NTAwODgsInVybCI6Imh0dHBzOlwvXC93d3cubWluZ29iLmdvYi5wYVwvaHViLWh1bWFuaXRhcmlvXC93cC1jb250ZW50XC91cGxvYWRzXC9zaXRlc1wvMTlcLzIwMjVcLzA5XC9XaGF0c0FwcC1JbWFnZS0yMDI1LTA5LTEwLWF0LTIuMTQuMzktUE0uanBlZyJ9\">\n\t\t\t\t\t\t\t<img decoding=\"async\" width=\"576\" height=\"800\" src=\"https:\/\/www.mingob.gob.pa\/hub-humanitario\/wp-content\/uploads\/sites\/19\/2025\/09\/WhatsApp-Image-2025-09-10-at-2.14.39-PM.jpeg\" class=\"attachment-large size-large wp-image-50088\" alt=\"\" srcset=\"https:\/\/www.mingob.gob.pa\/hub-humanitario\/wp-content\/uploads\/sites\/19\/2025\/09\/WhatsApp-Image-2025-09-10-at-2.14.39-PM.jpeg 576w, https:\/\/www.mingob.gob.pa\/hub-humanitario\/wp-content\/uploads\/sites\/19\/2025\/09\/WhatsApp-Image-2025-09-10-at-2.14.39-PM-216x300.jpeg 216w, https:\/\/www.mingob.gob.pa\/hub-humanitario\/wp-content\/uploads\/sites\/19\/2025\/09\/WhatsApp-Image-2025-09-10-at-2.14.39-PM-508x705.jpeg 508w\" sizes=\"(max-width: 576px) 100vw, 576px\" \/>\t\t\t\t\t\t\t\t<\/a>\n\t\t\t\t\t\t\t\t\t\t\t\t\t\t\t<\/div>\n\t\t\t\t<\/div>\n\t\t\t\t\t<\/div>\n\t\t<\/div>\n\t\t\t\t<div class=\"elementor-column elementor-col-25 elementor-top-column elementor-element elementor-element-6bba1a1\" data-id=\"6bba1a1\" data-element_type=\"column\" data-e-type=\"column\">\n\t\t\t<div class=\"elementor-widget-wrap elementor-element-populated\">\n\t\t\t\t\t\t<div class=\"elementor-element elementor-element-c684a67 elementor-widget elementor-widget-image\" data-id=\"c684a67\" data-element_type=\"widget\" data-e-type=\"widget\" data-widget_type=\"image.default\">\n\t\t\t\t<div class=\"elementor-widget-container\">\n\t\t\t\t\t\t\t\t\t\t\t\t\t\t\t\t<a href=\"https:\/\/www.mingob.gob.pa\/hub-humanitario\/wp-content\/uploads\/sites\/19\/2025\/09\/WhatsApp-Image-2025-09-10-at-2.11.40-PM-1.jpeg\" data-elementor-open-lightbox=\"yes\" data-e-action-hash=\"#elementor-action%3Aaction%3Dlightbox%26settings%3DeyJpZCI6NTAwODksInVybCI6Imh0dHBzOlwvXC93d3cubWluZ29iLmdvYi5wYVwvaHViLWh1bWFuaXRhcmlvXC93cC1jb250ZW50XC91cGxvYWRzXC9zaXRlc1wvMTlcLzIwMjVcLzA5XC9XaGF0c0FwcC1JbWFnZS0yMDI1LTA5LTEwLWF0LTIuMTEuNDAtUE0tMS5qcGVnIn0%3D\">\n\t\t\t\t\t\t\t<img decoding=\"async\" width=\"584\" height=\"800\" src=\"https:\/\/www.mingob.gob.pa\/hub-humanitario\/wp-content\/uploads\/sites\/19\/2025\/09\/WhatsApp-Image-2025-09-10-at-2.11.40-PM-1.jpeg\" class=\"attachment-large size-large wp-image-50089\" alt=\"\" srcset=\"https:\/\/www.mingob.gob.pa\/hub-humanitario\/wp-content\/uploads\/sites\/19\/2025\/09\/WhatsApp-Image-2025-09-10-at-2.11.40-PM-1.jpeg 584w, https:\/\/www.mingob.gob.pa\/hub-humanitario\/wp-content\/uploads\/sites\/19\/2025\/09\/WhatsApp-Image-2025-09-10-at-2.11.40-PM-1-219x300.jpeg 219w, https:\/\/www.mingob.gob.pa\/hub-humanitario\/wp-content\/uploads\/sites\/19\/2025\/09\/WhatsApp-Image-2025-09-10-at-2.11.40-PM-1-515x705.jpeg 515w\" sizes=\"(max-width: 584px) 100vw, 584px\" \/>\t\t\t\t\t\t\t\t<\/a>\n\t\t\t\t\t\t\t\t\t\t\t\t\t\t\t<\/div>\n\t\t\t\t<\/div>\n\t\t\t\t\t<\/div>\n\t\t<\/div>\n\t\t\t\t<div class=\"elementor-column elementor-col-25 elementor-top-column elementor-element elementor-element-8e337c1\" data-id=\"8e337c1\" data-element_type=\"column\" data-e-type=\"column\">\n\t\t\t<div class=\"elementor-widget-wrap elementor-element-populated\">\n\t\t\t\t\t\t<div class=\"elementor-element elementor-element-7419695 elementor-widget elementor-widget-image\" data-id=\"7419695\" data-element_type=\"widget\" data-e-type=\"widget\" data-widget_type=\"image.default\">\n\t\t\t\t<div class=\"elementor-widget-container\">\n\t\t\t\t\t\t\t\t\t\t\t\t\t\t\t\t<a href=\"https:\/\/www.mingob.gob.pa\/hub-humanitario\/wp-content\/uploads\/sites\/19\/2025\/09\/WhatsApp-Image-2025-09-10-at-2.14.39-PM-1.jpeg\" data-elementor-open-lightbox=\"yes\" data-e-action-hash=\"#elementor-action%3Aaction%3Dlightbox%26settings%3DeyJpZCI6NTAwODcsInVybCI6Imh0dHBzOlwvXC93d3cubWluZ29iLmdvYi5wYVwvaHViLWh1bWFuaXRhcmlvXC93cC1jb250ZW50XC91cGxvYWRzXC9zaXRlc1wvMTlcLzIwMjVcLzA5XC9XaGF0c0FwcC1JbWFnZS0yMDI1LTA5LTEwLWF0LTIuMTQuMzktUE0tMS5qcGVnIn0%3D\">\n\t\t\t\t\t\t\t<img loading=\"lazy\" decoding=\"async\" width=\"583\" height=\"800\" src=\"https:\/\/www.mingob.gob.pa\/hub-humanitario\/wp-content\/uploads\/sites\/19\/2025\/09\/WhatsApp-Image-2025-09-10-at-2.14.39-PM-1.jpeg\" class=\"attachment-large size-large wp-image-50087\" alt=\"\" srcset=\"https:\/\/www.mingob.gob.pa\/hub-humanitario\/wp-content\/uploads\/sites\/19\/2025\/09\/WhatsApp-Image-2025-09-10-at-2.14.39-PM-1.jpeg 583w, https:\/\/www.mingob.gob.pa\/hub-humanitario\/wp-content\/uploads\/sites\/19\/2025\/09\/WhatsApp-Image-2025-09-10-at-2.14.39-PM-1-219x300.jpeg 219w, https:\/\/www.mingob.gob.pa\/hub-humanitario\/wp-content\/uploads\/sites\/19\/2025\/09\/WhatsApp-Image-2025-09-10-at-2.14.39-PM-1-514x705.jpeg 514w\" sizes=\"(max-width: 583px) 100vw, 583px\" \/>\t\t\t\t\t\t\t\t<\/a>\n\t\t\t\t\t\t\t\t\t\t\t\t\t\t\t<\/div>\n\t\t\t\t<\/div>\n\t\t\t\t\t<\/div>\n\t\t<\/div>\n\t\t\t\t\t<\/div>\n\t\t<\/section>\n\t\t\t\t<section class=\"elementor-section elementor-top-section elementor-element elementor-element-24409df elementor-section-boxed elementor-section-height-default elementor-section-height-default\" data-id=\"24409df\" data-element_type=\"section\" data-e-type=\"section\">\n\t\t\t\t\t\t<div class=\"elementor-container elementor-column-gap-default\">\n\t\t\t\t\t<div class=\"elementor-column elementor-col-100 elementor-top-column elementor-element elementor-element-0a4d3b5\" data-id=\"0a4d3b5\" data-element_type=\"column\" data-e-type=\"column\">\n\t\t\t<div class=\"elementor-widget-wrap elementor-element-populated\">\n\t\t\t\t\t\t<div class=\"elementor-element elementor-element-2855bd2 elementor-widget elementor-widget-image\" data-id=\"2855bd2\" data-element_type=\"widget\" data-e-type=\"widget\" data-widget_type=\"image.default\">\n\t\t\t\t<div class=\"elementor-widget-container\">\n\t\t\t\t\t\t\t\t\t\t\t\t\t\t\t<img loading=\"lazy\" decoding=\"async\" width=\"1030\" height=\"579\" src=\"https:\/\/www.mingob.gob.pa\/hub-humanitario\/wp-content\/uploads\/sites\/19\/2026\/04\/PPT-para-entregar-la-tesis_pages-to-jpg-0001-1030x579.jpg\" class=\"attachment-large size-large wp-image-51009\" alt=\"\" srcset=\"https:\/\/www.mingob.gob.pa\/hub-humanitario\/wp-content\/uploads\/sites\/19\/2026\/04\/PPT-para-entregar-la-tesis_pages-to-jpg-0001-1030x579.jpg 1030w, https:\/\/www.mingob.gob.pa\/hub-humanitario\/wp-content\/uploads\/sites\/19\/2026\/04\/PPT-para-entregar-la-tesis_pages-to-jpg-0001-300x169.jpg 300w, https:\/\/www.mingob.gob.pa\/hub-humanitario\/wp-content\/uploads\/sites\/19\/2026\/04\/PPT-para-entregar-la-tesis_pages-to-jpg-0001-768x432.jpg 768w, https:\/\/www.mingob.gob.pa\/hub-humanitario\/wp-content\/uploads\/sites\/19\/2026\/04\/PPT-para-entregar-la-tesis_pages-to-jpg-0001-1536x864.jpg 1536w, https:\/\/www.mingob.gob.pa\/hub-humanitario\/wp-content\/uploads\/sites\/19\/2026\/04\/PPT-para-entregar-la-tesis_pages-to-jpg-0001.jpg 2000w\" sizes=\"(max-width: 1030px) 100vw, 1030px\" \/>\t\t\t\t\t\t\t\t\t\t\t\t\t\t\t<\/div>\n\t\t\t\t<\/div>\n\t\t\t\t\t<\/div>\n\t\t<\/div>\n\t\t\t\t\t<\/div>\n\t\t<\/section>\n\t\t\t\t<\/div>\n\t\t","protected":false},"excerpt":{"rendered":"<p>An\u00e1lisis de la red de asistencia humanitaria del Centro Log\u00edstico Regional de Asistencia Humanitaria (CLRAH) Descarga PDF Panama clustering model [&hellip;]<\/p>\n","protected":false},"author":5,"featured_media":0,"parent":0,"menu_order":0,"comment_status":"closed","ping_status":"closed","template":"","meta":{"site-sidebar-layout":"default","site-content-layout":"","ast-site-content-layout":"default","site-content-style":"default","site-sidebar-style":"default","ast-global-header-display":"","ast-banner-title-visibility":"","ast-main-header-display":"","ast-hfb-above-header-display":"","ast-hfb-below-header-display":"","ast-hfb-mobile-header-display":"","site-post-title":"","ast-breadcrumbs-content":"","ast-featured-img":"","footer-sml-layout":"","ast-disable-related-posts":"","theme-transparent-header-meta":"","adv-header-id-meta":"","stick-header-meta":"","header-above-stick-meta":"","header-main-stick-meta":"","header-below-stick-meta":"","astra-migrate-meta-layouts":"default","ast-page-background-enabled":"default","ast-page-background-meta":{"desktop":{"background-color":"var(--ast-global-color-5)","background-image":"","background-repeat":"repeat","background-position":"center center","background-size":"auto","background-attachment":"scroll","background-type":"","background-media":"","overlay-type":"","overlay-color":"","overlay-opacity":"","overlay-gradient":""},"tablet":{"background-color":"","background-image":"","background-repeat":"repeat","background-position":"center center","background-size":"auto","background-attachment":"scroll","background-type":"","background-media":"","overlay-type":"","overlay-color":"","overlay-opacity":"","overlay-gradient":""},"mobile":{"background-color":"","background-image":"","background-repeat":"repeat","background-position":"center center","background-size":"auto","background-attachment":"scroll","background-type":"","background-media":"","overlay-type":"","overlay-color":"","overlay-opacity":"","overlay-gradient":""}},"ast-content-background-meta":{"desktop":{"background-color":"var(--ast-global-color-4)","background-image":"","background-repeat":"repeat","background-position":"center center","background-size":"auto","background-attachment":"scroll","background-type":"","background-media":"","overlay-type":"","overlay-color":"","overlay-opacity":"","overlay-gradient":""},"tablet":{"background-color":"var(--ast-global-color-4)","background-image":"","background-repeat":"repeat","background-position":"center center","background-size":"auto","background-attachment":"scroll","background-type":"","background-media":"","overlay-type":"","overlay-color":"","overlay-opacity":"","overlay-gradient":""},"mobile":{"background-color":"var(--ast-global-color-4)","background-image":"","background-repeat":"repeat","background-position":"center center","background-size":"auto","background-attachment":"scroll","background-type":"","background-media":"","overlay-type":"","overlay-color":"","overlay-opacity":"","overlay-gradient":""}},"footnotes":""},"class_list":["post-50013","page","type-page","status-publish","hentry"],"rttpg_featured_image_url":null,"rttpg_author":{"display_name":"Administrador Web","author_link":"https:\/\/www.mingob.gob.pa\/hub-humanitario\/author\/nbarrios\/"},"rttpg_comment":0,"rttpg_category":null,"rttpg_excerpt":"An\u00e1lisis de la red de asistencia humanitaria del Centro Log\u00edstico Regional de Asistencia Humanitaria (CLRAH) Descarga PDF Panama clustering model [&hellip;]","_links":{"self":[{"href":"https:\/\/www.mingob.gob.pa\/hub-humanitario\/wp-json\/wp\/v2\/pages\/50013","targetHints":{"allow":["GET"]}}],"collection":[{"href":"https:\/\/www.mingob.gob.pa\/hub-humanitario\/wp-json\/wp\/v2\/pages"}],"about":[{"href":"https:\/\/www.mingob.gob.pa\/hub-humanitario\/wp-json\/wp\/v2\/types\/page"}],"author":[{"embeddable":true,"href":"https:\/\/www.mingob.gob.pa\/hub-humanitario\/wp-json\/wp\/v2\/users\/5"}],"replies":[{"embeddable":true,"href":"https:\/\/www.mingob.gob.pa\/hub-humanitario\/wp-json\/wp\/v2\/comments?post=50013"}],"version-history":[{"count":5,"href":"https:\/\/www.mingob.gob.pa\/hub-humanitario\/wp-json\/wp\/v2\/pages\/50013\/revisions"}],"predecessor-version":[{"id":51043,"href":"https:\/\/www.mingob.gob.pa\/hub-humanitario\/wp-json\/wp\/v2\/pages\/50013\/revisions\/51043"}],"wp:attachment":[{"href":"https:\/\/www.mingob.gob.pa\/hub-humanitario\/wp-json\/wp\/v2\/media?parent=50013"}],"curies":[{"name":"wp","href":"https:\/\/api.w.org\/{rel}","templated":true}]}}