{"id":493,"date":"2018-04-11T16:31:49","date_gmt":"2018-04-11T16:31:49","guid":{"rendered":"http:\/\/www.mingob.gob.pa\/hub-humanitario\/?page_id=493"},"modified":"2025-11-27T18:58:12","modified_gmt":"2025-11-27T18:58:12","slug":"sala-de-prensa","status":"publish","type":"page","link":"https:\/\/www.mingob.gob.pa\/hub-humanitario\/sala-de-prensa\/","title":{"rendered":"Sala de Prensa"},"content":{"rendered":"\t\t<div data-elementor-type=\"wp-page\" data-elementor-id=\"493\" class=\"elementor elementor-493\">\n\t\t\t\t\t\t<section class=\"elementor-section elementor-top-section elementor-element elementor-element-b27b6dd elementor-section-boxed elementor-section-height-default elementor-section-height-default\" data-id=\"b27b6dd\" data-element_type=\"section\" data-e-type=\"section\">\n\t\t\t\t\t\t<div class=\"elementor-container elementor-column-gap-default\">\n\t\t\t\t\t<div class=\"elementor-column elementor-col-100 elementor-top-column elementor-element elementor-element-03830d1\" data-id=\"03830d1\" data-element_type=\"column\" data-e-type=\"column\">\n\t\t\t<div class=\"elementor-widget-wrap elementor-element-populated\">\n\t\t\t\t\t\t<div class=\"elementor-element elementor-element-886f427 elementor-widget elementor-widget-spacer\" data-id=\"886f427\" data-element_type=\"widget\" data-e-type=\"widget\" data-widget_type=\"spacer.default\">\n\t\t\t\t<div class=\"elementor-widget-container\">\n\t\t\t\t\t\t\t<div class=\"elementor-spacer\">\n\t\t\t<div class=\"elementor-spacer-inner\"><\/div>\n\t\t<\/div>\n\t\t\t\t\t\t<\/div>\n\t\t\t\t<\/div>\n\t\t\t\t\t<\/div>\n\t\t<\/div>\n\t\t\t\t\t<\/div>\n\t\t<\/section>\n\t\t\t\t<section class=\"elementor-section elementor-top-section elementor-element elementor-element-4bbaaa5 elementor-section-boxed elementor-section-height-default elementor-section-height-default\" data-id=\"4bbaaa5\" data-element_type=\"section\" data-e-type=\"section\">\n\t\t\t\t\t\t<div class=\"elementor-container elementor-column-gap-default\">\n\t\t\t\t\t<div class=\"elementor-column elementor-col-100 elementor-top-column elementor-element elementor-element-457a8b5\" data-id=\"457a8b5\" data-element_type=\"column\" data-e-type=\"column\">\n\t\t\t<div class=\"elementor-widget-wrap elementor-element-populated\">\n\t\t\t\t\t\t<div class=\"elementor-element elementor-element-f57d8b9 elementor-widget elementor-widget-shortcode\" data-id=\"f57d8b9\" data-element_type=\"widget\" data-e-type=\"widget\" data-widget_type=\"shortcode.default\">\n\t\t\t\t<div class=\"elementor-widget-container\">\n\t\t\t\t\t\t\t<div class=\"elementor-shortcode\"><style type='text\/css' media='all'>#rt-tpg-container-303578402 .rt-holder .rt-woo-info .price{color:#0367bf;}body .rt-tpg-container .rt-tpg-isotope-buttons .selected,\n\t\t\t\t\t#rt-tpg-container-303578402 .layout12 .rt-holder:hover .rt-detail,\n\t\t\t\t\t#rt-tpg-container-303578402 .isotope8 .rt-holder:hover .rt-detail,\n\t\t\t\t\t#rt-tpg-container-303578402 .carousel8 .rt-holder:hover .rt-detail,\n\t\t\t\t\t#rt-tpg-container-303578402 .layout13 .rt-holder .overlay .post-info,\n\t\t\t\t\t#rt-tpg-container-303578402 .isotope9 .rt-holder .overlay .post-info,\n\t\t\t\t\t#rt-tpg-container-303578402.rt-tpg-container .layout4 .rt-holder .rt-detail,\n\t\t\t\t\t.rt-modal-303578402 .md-content,\n\t\t\t\t\t.rt-modal-303578402 .md-content > .rt-md-content-holder .rt-md-content,\n\t\t\t\t\t.rt-popup-wrap-303578402.rt-popup-wrap .rt-popup-navigation-wrap,\n\t\t\t\t\t#rt-tpg-container-303578402 .carousel9 .rt-holder .overlay .post-info{background-color:#0367bf;}#rt-tpg-container-303578402 .layout5 .rt-holder .overlay, #rt-tpg-container-303578402 .isotope2 .rt-holder .overlay, #rt-tpg-container-303578402 .carousel2 .rt-holder .overlay,#rt-tpg-container-303578402 .layout15 .rt-holder h3, #rt-tpg-container-303578402 .isotope11 .rt-holder h3, #rt-tpg-container-303578402 .carousel11 .rt-holder h3, #rt-tpg-container-303578402 .layout16 .rt-holder h3,\n\t\t\t\t\t#rt-tpg-container-303578402 .isotope12 .rt-holder h3, #rt-tpg-container-303578402 .carousel12 .rt-holder h3 {background-color:rgba(3,103,191,0.8);}#rt-tpg-container-303578402 .read-more a{border-radius:px;}#rt-tpg-container-303578402 .rt-img-holder img.rt-img-responsive,#rt-tpg-container-303578402 .rt-img-holder,\n\t\t\t\t\t#rt-tpg-container-303578402 .rt-post-overlay .post-img,\n\t\t\t\t\t#rt-tpg-container-303578402 .post-sm .post-img,\n\t\t\t\t\t#rt-tpg-container-303578402 .rt-post-grid .post-img,\n\t\t\t\t\t#rt-tpg-container-303578402 .post-img img {border-radius:px;}<\/style><div class='rt-container-fluid rt-tpg-container tpg-shortcode-main-wrapper  loading' id='rt-tpg-container-303578402'   data-layout='layout1' data-grid-style='even' data-desktop-col='3'  data-tab-col='2'  data-mobile-col='1' data-sc-id='50279'><div class=\"tpg-widget-heading-wrapper heading-style1 \"><span class=\"tpg-widget-heading-line line-left\"><\/span><h2 class=\"tpg-widget-heading\">Sala de Prensa<\/h2><span class=\"tpg-widget-heading-line\"><\/span><\/div><div data-title='Loading ...' class='rt-row rt-content-loader   layout1 tpg-even '><div class=\"rt-col-md-4 rt-col-sm-6 rt-col-xs-12 even-grid-item rt-grid-item\" data-id=\"50202\"><div class=\"rt-holder\"><div class=\"rt-img-holder\"><a data-id=\"50202\" class=\"\" href=\"https:\/\/www.mingob.gob.pa\/hub-humanitario\/unos-141-universitarios-se-interesaron-en-conocer-el-clrah\/\"><img fetchpriority=\"high\" decoding=\"async\" width=\"1030\" height=\"772\" src=\"https:\/\/www.mingob.gob.pa\/hub-humanitario\/wp-content\/uploads\/sites\/19\/2025\/11\/141universitarios.jpeg?wsr\" class=\"rt-img-responsive \" alt=\"\" \/><\/a><\/div><div class='rt-detail'><h3 class=\"entry-title\"><a data-id=\"50202\" class=\"\" href=\"https:\/\/www.mingob.gob.pa\/hub-humanitario\/unos-141-universitarios-se-interesaron-en-conocer-el-clrah\/\">Unos 141 universitarios se interesaron en conocer el CLRAH<\/a><\/h3><div class='post-meta-user  '><span class='date'><i class='flaticon-calendar '><\/i>25 septiembre, 2025<\/span><\/div><div class='tpg-excerpt'>Panam\u00e1, 25 de septiembre de 2025. Conocer el funcionamiento y las operaciones de las instalaciones...<\/div><div class='post-meta '><span class='read-more'><a data-id='50202' class='' href='https:\/\/www.mingob.gob.pa\/hub-humanitario\/unos-141-universitarios-se-interesaron-en-conocer-el-clrah\/'>Read More<\/a><\/span><\/div><\/div><\/div><\/div><div class=\"rt-col-md-4 rt-col-sm-6 rt-col-xs-12 even-grid-item rt-grid-item\" data-id=\"50082\"><div class=\"rt-holder\"><div class=\"rt-img-holder\"><a data-id=\"50082\" class=\"\" href=\"https:\/\/www.mingob.gob.pa\/hub-humanitario\/instalaciones-del-clarh-utilizadas-para-simulacro-de-emergencias-medicas\/\"><img decoding=\"async\" width=\"1067\" height=\"800\" src=\"https:\/\/www.mingob.gob.pa\/hub-humanitario\/wp-content\/uploads\/sites\/19\/2025\/09\/WhatsApp-Image-2025-09-10-at-3.19.28-PM.jpeg?wsr\" class=\"rt-img-responsive \" alt=\"\" \/><\/a><\/div><div class='rt-detail'><h3 class=\"entry-title\"><a data-id=\"50082\" class=\"\" href=\"https:\/\/www.mingob.gob.pa\/hub-humanitario\/instalaciones-del-clarh-utilizadas-para-simulacro-de-emergencias-medicas\/\">Instalaciones del CLARH utilizadas para Simulacro de Emergencias M\u00e9dicas<\/a><\/h3><div class='post-meta-user  '><span class='date'><i class='flaticon-calendar '><\/i>10 septiembre, 2025<\/span><\/div><div class='tpg-excerpt'>Panam\u00e1, 10 de septiembre de 2025.-\u00a0Las \u00e1reas adyacentes al Centro Log\u00edstico Regional de Asistencia Humanitaria...<\/div><div class='post-meta '><span class='read-more'><a data-id='50082' class='' href='https:\/\/www.mingob.gob.pa\/hub-humanitario\/instalaciones-del-clarh-utilizadas-para-simulacro-de-emergencias-medicas\/'>Read More<\/a><\/span><\/div><\/div><\/div><\/div><div class=\"rt-col-md-4 rt-col-sm-6 rt-col-xs-12 even-grid-item rt-grid-item\" data-id=\"50005\"><div class=\"rt-holder\"><div class=\"rt-img-holder\"><a data-id=\"50005\" class=\"\" href=\"https:\/\/www.mingob.gob.pa\/hub-humanitario\/el-clrah-promueve-dos-investigaciones-cientificas-ineditas\/\"><img decoding=\"async\" width=\"1200\" height=\"674\" src=\"https:\/\/www.mingob.gob.pa\/hub-humanitario\/wp-content\/uploads\/sites\/19\/2025\/01\/CLRAH_actualizadoSINAPROC012021.jpg?wsr\" class=\"rt-img-responsive \" alt=\"\" \/><\/a><\/div><div class='rt-detail'><h3 class=\"entry-title\"><a data-id=\"50005\" class=\"\" href=\"https:\/\/www.mingob.gob.pa\/hub-humanitario\/el-clrah-promueve-dos-investigaciones-cientificas-ineditas\/\">El CLRAH promueve dos investigaciones cient\u00edficas in\u00e9ditas<\/a><\/h3><div class='post-meta-user  '><span class='date'><i class='flaticon-calendar '><\/i>9 septiembre, 2025<\/span><\/div><div class='tpg-excerpt'>La transferencia de conocimientos y la investigaci\u00f3n son unas de las principales facilidades que ofrece...<\/div><div class='post-meta '><span class='read-more'><a data-id='50005' class='' href='https:\/\/www.mingob.gob.pa\/hub-humanitario\/el-clrah-promueve-dos-investigaciones-cientificas-ineditas\/'>Read More<\/a><\/span><\/div><\/div><\/div><\/div><div class=\"rt-col-md-4 rt-col-sm-6 rt-col-xs-12 even-grid-item rt-grid-item\" data-id=\"49842\"><div class=\"rt-holder\"><div class=\"rt-img-holder\"><a data-id=\"49842\" class=\"\" href=\"https:\/\/www.mingob.gob.pa\/hub-humanitario\/alocucion-dia-de-la-asistencia-humanitaria\/\"><img loading=\"lazy\" decoding=\"async\" width=\"1200\" height=\"675\" src=\"https:\/\/www.mingob.gob.pa\/hub-humanitario\/wp-content\/uploads\/sites\/19\/2025\/08\/WhatsApp-Image-2025-08-28-at-2.25.32-PM-2.jpeg?wsr\" class=\"rt-img-responsive \" alt=\"\" \/><\/a><\/div><div class='rt-detail'><h3 class=\"entry-title\"><a data-id=\"49842\" class=\"\" href=\"https:\/\/www.mingob.gob.pa\/hub-humanitario\/alocucion-dia-de-la-asistencia-humanitaria\/\">Alocuci\u00f3n D\u00eda de la Asistencia Humanitaria<\/a><\/h3><div class='post-meta-user  '><span class='date'><i class='flaticon-calendar '><\/i>19 agosto, 2025<\/span><\/div><div class='tpg-excerpt'>Hoy se cumple 22 a\u00f1os, del nefasto drama humano, que dej\u00f3 sin vida a 22...<\/div><div class='post-meta '><span class='read-more'><a data-id='49842' class='' href='https:\/\/www.mingob.gob.pa\/hub-humanitario\/alocucion-dia-de-la-asistencia-humanitaria\/'>Read More<\/a><\/span><\/div><\/div><\/div><\/div><div class=\"rt-col-md-4 rt-col-sm-6 rt-col-xs-12 even-grid-item rt-grid-item\" data-id=\"49832\"><div class=\"rt-holder\"><div class=\"rt-img-holder\"><a data-id=\"49832\" class=\"\" href=\"https:\/\/www.mingob.gob.pa\/hub-humanitario\/gobernadores-del-pais-visitan-el-centro-logistico-regional-de-asistencia-humanitaria\/\"><img loading=\"lazy\" decoding=\"async\" width=\"963\" height=\"642\" src=\"https:\/\/www.mingob.gob.pa\/hub-humanitario\/wp-content\/uploads\/sites\/19\/2025\/06\/WhatsApp-Image-2025-06-18-at-4.58.37-PM.jpeg?wsr\" class=\"rt-img-responsive \" alt=\"\" \/><\/a><\/div><div class='rt-detail'><h3 class=\"entry-title\"><a data-id=\"49832\" class=\"\" href=\"https:\/\/www.mingob.gob.pa\/hub-humanitario\/gobernadores-del-pais-visitan-el-centro-logistico-regional-de-asistencia-humanitaria\/\">Gobernadores del pa\u00eds visitan el Centro Log\u00edstico Regional de Asistencia Humanitaria<\/a><\/h3><div class='post-meta-user  '><span class='date'><i class='flaticon-calendar '><\/i>18 junio, 2025<\/span><\/div><div class='tpg-excerpt'>Panam\u00e1, 18 de junio de 2025.-\u00a0Gobernadores de la Rep\u00fablica de Panam\u00e1 y los de las...<\/div><div class='post-meta '><span class='read-more'><a data-id='49832' class='' href='https:\/\/www.mingob.gob.pa\/hub-humanitario\/gobernadores-del-pais-visitan-el-centro-logistico-regional-de-asistencia-humanitaria\/'>Read More<\/a><\/span><\/div><\/div><\/div><\/div><div class=\"rt-col-md-4 rt-col-sm-6 rt-col-xs-12 even-grid-item rt-grid-item\" data-id=\"49818\"><div class=\"rt-holder\"><div class=\"rt-img-holder\"><a data-id=\"49818\" class=\"\" href=\"https:\/\/www.mingob.gob.pa\/hub-humanitario\/centro-logistico-regional-recibe-visita-internacional\/\"><img loading=\"lazy\" decoding=\"async\" width=\"963\" height=\"642\" src=\"https:\/\/www.mingob.gob.pa\/hub-humanitario\/wp-content\/uploads\/sites\/19\/2025\/05\/WhatsApp-Image-2025-05-28-at-4.04.40-PM-2.jpeg?wsr\" class=\"rt-img-responsive \" alt=\"\" \/><\/a><\/div><div class='rt-detail'><h3 class=\"entry-title\"><a data-id=\"49818\" class=\"\" href=\"https:\/\/www.mingob.gob.pa\/hub-humanitario\/centro-logistico-regional-recibe-visita-internacional\/\">Centro Log\u00edstico Regional recibe visita internacional<\/a><\/h3><div class='post-meta-user  '><span class='date'><i class='flaticon-calendar '><\/i>28 mayo, 2025<\/span><\/div><div class='tpg-excerpt'>Panam\u00e1, 28 de mayo de 2025.-\u00a0Un grupo de m\u00e1s de 40 estudiantes acompa\u00f1ados por profesores...<\/div><div class='post-meta '><span class='read-more'><a data-id='49818' class='' href='https:\/\/www.mingob.gob.pa\/hub-humanitario\/centro-logistico-regional-recibe-visita-internacional\/'>Read More<\/a><\/span><\/div><\/div><\/div><\/div><div class=\"rt-col-md-4 rt-col-sm-6 rt-col-xs-12 even-grid-item rt-grid-item\" data-id=\"49666\"><div class=\"rt-holder\"><div class=\"rt-img-holder\"><a data-id=\"49666\" class=\"\" href=\"https:\/\/www.mingob.gob.pa\/hub-humanitario\/representantes-de-la-asociacion-de-municipios-de-mexico-recorrieron-el-clarh\/\"><img loading=\"lazy\" decoding=\"async\" width=\"1200\" height=\"800\" src=\"https:\/\/www.mingob.gob.pa\/hub-humanitario\/wp-content\/uploads\/sites\/19\/2025\/03\/WhatsApp-Image-2025-03-25-at-11.57.12-AM-1.jpeg?wsr\" class=\"rt-img-responsive \" alt=\"\" \/><\/a><\/div><div class='rt-detail'><h3 class=\"entry-title\"><a data-id=\"49666\" class=\"\" href=\"https:\/\/www.mingob.gob.pa\/hub-humanitario\/representantes-de-la-asociacion-de-municipios-de-mexico-recorrieron-el-clarh\/\">Representantes de la Asociaci\u00f3n de Municipios de M\u00e9xico recorrieron el CLARH<\/a><\/h3><div class='post-meta-user  '><span class='date'><i class='flaticon-calendar '><\/i>25 marzo, 2025<\/span><\/div><div class='tpg-excerpt'>Panam\u00e1, 25 de marzo de 2025.-\u00a0Un recorrido para conocer el funcionamiento y las operaciones del...<\/div><div class='post-meta '><span class='read-more'><a data-id='49666' class='' href='https:\/\/www.mingob.gob.pa\/hub-humanitario\/representantes-de-la-asociacion-de-municipios-de-mexico-recorrieron-el-clarh\/'>Read More<\/a><\/span><\/div><\/div><\/div><\/div><div class=\"rt-col-md-4 rt-col-sm-6 rt-col-xs-12 even-grid-item rt-grid-item\" data-id=\"49657\"><div class=\"rt-holder\"><div class=\"rt-img-holder\"><a data-id=\"49657\" class=\"\" href=\"https:\/\/www.mingob.gob.pa\/hub-humanitario\/mingob-y-udi-fortalecen-alianzas-estrategicas-de-ensenanza-aprendizaje\/\"><img loading=\"lazy\" decoding=\"async\" width=\"1067\" height=\"800\" src=\"https:\/\/www.mingob.gob.pa\/hub-humanitario\/wp-content\/uploads\/sites\/19\/2025\/03\/WhatsApp-Image-2025-03-20-at-2.06.19-PM.jpeg?wsr\" class=\"rt-img-responsive \" alt=\"\" \/><\/a><\/div><div class='rt-detail'><h3 class=\"entry-title\"><a data-id=\"49657\" class=\"\" href=\"https:\/\/www.mingob.gob.pa\/hub-humanitario\/mingob-y-udi-fortalecen-alianzas-estrategicas-de-ensenanza-aprendizaje\/\">Mingob y UDI fortalecen alianzas estrat\u00e9gicas de ense\u00f1anza-aprendizaje<\/a><\/h3><div class='post-meta-user  '><span class='date'><i class='flaticon-calendar '><\/i>20 marzo, 2025<\/span><\/div><div class='tpg-excerpt'>Panam\u00e1, 20 de marzo de 2025.-\u00a0Un acuerdo de Cooperaci\u00f3n Acad\u00e9mica, T\u00e9cnica y Cient\u00edfica, fue firmado...<\/div><div class='post-meta '><span class='read-more'><a data-id='49657' class='' href='https:\/\/www.mingob.gob.pa\/hub-humanitario\/mingob-y-udi-fortalecen-alianzas-estrategicas-de-ensenanza-aprendizaje\/'>Read More<\/a><\/span><\/div><\/div><\/div><\/div><div class=\"rt-col-md-4 rt-col-sm-6 rt-col-xs-12 even-grid-item rt-grid-item\" data-id=\"49647\"><div class=\"rt-holder\"><div class=\"rt-img-holder\"><a data-id=\"49647\" class=\"\" href=\"https:\/\/www.mingob.gob.pa\/hub-humanitario\/mingob-recibe-donacion-de-insumos-y-equipo-de-proteccion-busqueda-y-rescate\/\"><img loading=\"lazy\" decoding=\"async\" width=\"1067\" height=\"800\" src=\"https:\/\/www.mingob.gob.pa\/hub-humanitario\/wp-content\/uploads\/sites\/19\/2025\/02\/WhatsApp-Image-2025-02-25-at-4.59.00-PM.jpeg?wsr\" class=\"rt-img-responsive \" alt=\"\" \/><\/a><\/div><div class='rt-detail'><h3 class=\"entry-title\"><a data-id=\"49647\" class=\"\" href=\"https:\/\/www.mingob.gob.pa\/hub-humanitario\/mingob-recibe-donacion-de-insumos-y-equipo-de-proteccion-busqueda-y-rescate\/\">Mingob recibe donaci\u00f3n de insumos y equipo de protecci\u00f3n, b\u00fasqueda y rescate<\/a><\/h3><div class='post-meta-user  '><span class='date'><i class='flaticon-calendar '><\/i>25 febrero, 2025<\/span><\/div><div class='tpg-excerpt'>Panam\u00e1, 25 de febrero de 2025.-\u00a0El Ministerio de Gobierno (Mingob) a trav\u00e9s del Centro Log\u00edstico...<\/div><div class='post-meta '><span class='read-more'><a data-id='49647' class='' href='https:\/\/www.mingob.gob.pa\/hub-humanitario\/mingob-recibe-donacion-de-insumos-y-equipo-de-proteccion-busqueda-y-rescate\/'>Read More<\/a><\/span><\/div><\/div><\/div><\/div><\/div><div class='rt-pagination-wrap' data-total-pages='2' data-posts-per-page='9' data-type='pagination'  ><div class=\"rt-pagination\" ><ul class=\"pagination-list\"><li class=\"active\"><span>1<\/span><\/li><li><a data-paged='2' href='https:\/\/www.mingob.gob.pa\/hub-humanitario\/wp-json\/wp\/v2\/pages\/493\/page\/2\/'>2<\/a><\/li><\/ul><\/div><\/div><\/div><\/div>\n\t\t\t\t\t\t<\/div>\n\t\t\t\t<\/div>\n\t\t\t\t\t<\/div>\n\t\t<\/div>\n\t\t\t\t\t<\/div>\n\t\t<\/section>\n\t\t\t\t<\/div>\n\t\t","protected":false},"excerpt":{"rendered":"","protected":false},"author":5,"featured_media":0,"parent":0,"menu_order":0,"comment_status":"closed","ping_status":"closed","template":"","meta":{"site-sidebar-layout":"default","site-content-layout":"","ast-site-content-layout":"default","site-content-style":"default","site-sidebar-style":"default","ast-global-header-display":"","ast-banner-title-visibility":"","ast-main-header-display":"","ast-hfb-above-header-display":"","ast-hfb-below-header-display":"","ast-hfb-mobile-header-display":"","site-post-title":"disabled","ast-breadcrumbs-content":"","ast-featured-img":"","footer-sml-layout":"","ast-disable-related-posts":"","theme-transparent-header-meta":"","adv-header-id-meta":"","stick-header-meta":"","header-above-stick-meta":"","header-main-stick-meta":"","header-below-stick-meta":"","astra-migrate-meta-layouts":"default","ast-page-background-enabled":"default","ast-page-background-meta":{"desktop":{"background-color":"var(--ast-global-color-5)","background-image":"","background-repeat":"repeat","background-position":"center center","background-size":"auto","background-attachment":"scroll","background-type":"","background-media":"","overlay-type":"","overlay-color":"","overlay-opacity":"","overlay-gradient":""},"tablet":{"background-color":"","background-image":"","background-repeat":"repeat","background-position":"center center","background-size":"auto","background-attachment":"scroll","background-type":"","background-media":"","overlay-type":"","overlay-color":"","overlay-opacity":"","overlay-gradient":""},"mobile":{"background-color":"","background-image":"","background-repeat":"repeat","background-position":"center center","background-size":"auto","background-attachment":"scroll","background-type":"","background-media":"","overlay-type":"","overlay-color":"","overlay-opacity":"","overlay-gradient":""}},"ast-content-background-meta":{"desktop":{"background-color":"var(--ast-global-color-4)","background-image":"","background-repeat":"repeat","background-position":"center center","background-size":"auto","background-attachment":"scroll","background-type":"","background-media":"","overlay-type":"","overlay-color":"","overlay-opacity":"","overlay-gradient":""},"tablet":{"background-color":"var(--ast-global-color-4)","background-image":"","background-repeat":"repeat","background-position":"center center","background-size":"auto","background-attachment":"scroll","background-type":"","background-media":"","overlay-type":"","overlay-color":"","overlay-opacity":"","overlay-gradient":""},"mobile":{"background-color":"var(--ast-global-color-4)","background-image":"","background-repeat":"repeat","background-position":"center center","background-size":"auto","background-attachment":"scroll","background-type":"","background-media":"","overlay-type":"","overlay-color":"","overlay-opacity":"","overlay-gradient":""}},"footnotes":""},"class_list":["post-493","page","type-page","status-publish","hentry"],"rttpg_featured_image_url":null,"rttpg_author":{"display_name":"Administrador Web","author_link":"https:\/\/www.mingob.gob.pa\/hub-humanitario\/author\/nbarrios\/"},"rttpg_comment":0,"rttpg_category":"","rttpg_excerpt":null,"_links":{"self":[{"href":"https:\/\/www.mingob.gob.pa\/hub-humanitario\/wp-json\/wp\/v2\/pages\/493","targetHints":{"allow":["GET"]}}],"collection":[{"href":"https:\/\/www.mingob.gob.pa\/hub-humanitario\/wp-json\/wp\/v2\/pages"}],"about":[{"href":"https:\/\/www.mingob.gob.pa\/hub-humanitario\/wp-json\/wp\/v2\/types\/page"}],"author":[{"embeddable":true,"href":"https:\/\/www.mingob.gob.pa\/hub-humanitario\/wp-json\/wp\/v2\/users\/5"}],"replies":[{"embeddable":true,"href":"https:\/\/www.mingob.gob.pa\/hub-humanitario\/wp-json\/wp\/v2\/comments?post=493"}],"version-history":[{"count":5,"href":"https:\/\/www.mingob.gob.pa\/hub-humanitario\/wp-json\/wp\/v2\/pages\/493\/revisions"}],"predecessor-version":[{"id":50667,"href":"https:\/\/www.mingob.gob.pa\/hub-humanitario\/wp-json\/wp\/v2\/pages\/493\/revisions\/50667"}],"wp:attachment":[{"href":"https:\/\/www.mingob.gob.pa\/hub-humanitario\/wp-json\/wp\/v2\/media?parent=493"}],"curies":[{"name":"wp","href":"https:\/\/api.w.org\/{rel}","templated":true}]}}