{"id":48553,"date":"2023-11-21T14:36:21","date_gmt":"2023-11-21T14:36:21","guid":{"rendered":"https:\/\/www.mingob.gob.pa\/hub-humanitario\/?page_id=48553"},"modified":"2025-11-25T17:07:51","modified_gmt":"2025-11-25T17:07:51","slug":"alocucion-5-anos-fortaleciendo-a-la-comunidad-humanitaria","status":"publish","type":"page","link":"https:\/\/www.mingob.gob.pa\/hub-humanitario\/alocucion-5-anos-fortaleciendo-a-la-comunidad-humanitaria\/","title":{"rendered":"Alocuci\u00f3n 5 a\u00f1os Fortaleciendo a la Comunidad Humanitaria"},"content":{"rendered":"\t\t<div data-elementor-type=\"wp-page\" data-elementor-id=\"48553\" class=\"elementor elementor-48553\">\n\t\t\t\t\t\t<section class=\"elementor-section elementor-top-section elementor-element elementor-element-a2ca5b8 elementor-section-boxed elementor-section-height-default elementor-section-height-default\" data-id=\"a2ca5b8\" data-element_type=\"section\" data-e-type=\"section\">\n\t\t\t\t\t\t<div class=\"elementor-container elementor-column-gap-default\">\n\t\t\t\t\t<div class=\"elementor-column elementor-col-100 elementor-top-column elementor-element elementor-element-0c2f0ce\" data-id=\"0c2f0ce\" data-element_type=\"column\" data-e-type=\"column\">\n\t\t\t<div class=\"elementor-widget-wrap elementor-element-populated\">\n\t\t\t\t\t\t<div class=\"elementor-element elementor-element-56b2832 elementor-widget-divider--view-line elementor-widget elementor-widget-divider\" data-id=\"56b2832\" data-element_type=\"widget\" data-e-type=\"widget\" data-widget_type=\"divider.default\">\n\t\t\t\t<div class=\"elementor-widget-container\">\n\t\t\t\t\t\t\t<div class=\"elementor-divider\">\n\t\t\t<span class=\"elementor-divider-separator\">\n\t\t\t\t\t\t<\/span>\n\t\t<\/div>\n\t\t\t\t\t\t<\/div>\n\t\t\t\t<\/div>\n\t\t\t\t\t<\/div>\n\t\t<\/div>\n\t\t\t\t\t<\/div>\n\t\t<\/section>\n\t\t\t\t<section class=\"elementor-section elementor-top-section elementor-element elementor-element-f30c9bb elementor-section-boxed elementor-section-height-default elementor-section-height-default\" data-id=\"f30c9bb\" data-element_type=\"section\" data-e-type=\"section\">\n\t\t\t\t\t\t<div class=\"elementor-container elementor-column-gap-default\">\n\t\t\t\t\t<div class=\"elementor-column elementor-col-25 elementor-top-column elementor-element elementor-element-d333227\" data-id=\"d333227\" data-element_type=\"column\" data-e-type=\"column\">\n\t\t\t<div class=\"elementor-widget-wrap elementor-element-populated\">\n\t\t\t\t\t\t<div class=\"elementor-element elementor-element-3babee5 elementor-widget elementor-widget-image\" data-id=\"3babee5\" data-element_type=\"widget\" data-e-type=\"widget\" data-widget_type=\"image.default\">\n\t\t\t\t<div class=\"elementor-widget-container\">\n\t\t\t\t\t\t\t\t\t\t\t\t\t\t\t\t<a href=\"https:\/\/www.mingob.gob.pa\/hub-humanitario\/wp-content\/uploads\/sites\/19\/2023\/11\/hub_Mesa-de-trabajo-1.jpg\" data-elementor-open-lightbox=\"yes\" data-e-action-hash=\"#elementor-action%3Aaction%3Dlightbox%26settings%3DeyJpZCI6NDg1NzgsInVybCI6Imh0dHBzOlwvXC93d3cubWluZ29iLmdvYi5wYVwvaHViLWh1bWFuaXRhcmlvXC93cC1jb250ZW50XC91cGxvYWRzXC9zaXRlc1wvMTlcLzIwMjNcLzExXC9odWJfTWVzYS1kZS10cmFiYWpvLTEuanBnIn0%3D\">\n\t\t\t\t\t\t\t<img fetchpriority=\"high\" decoding=\"async\" width=\"640\" height=\"800\" src=\"https:\/\/www.mingob.gob.pa\/hub-humanitario\/wp-content\/uploads\/sites\/19\/2023\/11\/hub_Mesa-de-trabajo-1.jpg\" class=\"attachment-large size-large wp-image-48578\" alt=\"\" srcset=\"https:\/\/www.mingob.gob.pa\/hub-humanitario\/wp-content\/uploads\/sites\/19\/2023\/11\/hub_Mesa-de-trabajo-1.jpg 640w, https:\/\/www.mingob.gob.pa\/hub-humanitario\/wp-content\/uploads\/sites\/19\/2023\/11\/hub_Mesa-de-trabajo-1-240x300.jpg 240w, https:\/\/www.mingob.gob.pa\/hub-humanitario\/wp-content\/uploads\/sites\/19\/2023\/11\/hub_Mesa-de-trabajo-1-564x705.jpg 564w\" sizes=\"(max-width: 640px) 100vw, 640px\" \/>\t\t\t\t\t\t\t\t<\/a>\n\t\t\t\t\t\t\t\t\t\t\t\t\t\t\t<\/div>\n\t\t\t\t<\/div>\n\t\t\t\t\t<\/div>\n\t\t<\/div>\n\t\t\t\t<div class=\"elementor-column elementor-col-25 elementor-top-column elementor-element elementor-element-a9aa08b\" data-id=\"a9aa08b\" data-element_type=\"column\" data-e-type=\"column\">\n\t\t\t<div class=\"elementor-widget-wrap elementor-element-populated\">\n\t\t\t\t\t\t<div class=\"elementor-element elementor-element-b423e8e elementor-widget elementor-widget-image\" data-id=\"b423e8e\" data-element_type=\"widget\" data-e-type=\"widget\" data-widget_type=\"image.default\">\n\t\t\t\t<div class=\"elementor-widget-container\">\n\t\t\t\t\t\t\t\t\t\t\t\t\t\t\t\t<a href=\"https:\/\/www.mingob.gob.pa\/hub-humanitario\/wp-content\/uploads\/sites\/19\/2023\/11\/hub-02.jpg\" data-elementor-open-lightbox=\"yes\" data-e-action-hash=\"#elementor-action%3Aaction%3Dlightbox%26settings%3DeyJpZCI6NDg1NzcsInVybCI6Imh0dHBzOlwvXC93d3cubWluZ29iLmdvYi5wYVwvaHViLWh1bWFuaXRhcmlvXC93cC1jb250ZW50XC91cGxvYWRzXC9zaXRlc1wvMTlcLzIwMjNcLzExXC9odWItMDIuanBnIn0%3D\">\n\t\t\t\t\t\t\t<img decoding=\"async\" width=\"640\" height=\"800\" src=\"https:\/\/www.mingob.gob.pa\/hub-humanitario\/wp-content\/uploads\/sites\/19\/2023\/11\/hub-02.jpg\" class=\"attachment-large size-large wp-image-48577\" alt=\"\" srcset=\"https:\/\/www.mingob.gob.pa\/hub-humanitario\/wp-content\/uploads\/sites\/19\/2023\/11\/hub-02.jpg 640w, https:\/\/www.mingob.gob.pa\/hub-humanitario\/wp-content\/uploads\/sites\/19\/2023\/11\/hub-02-240x300.jpg 240w, https:\/\/www.mingob.gob.pa\/hub-humanitario\/wp-content\/uploads\/sites\/19\/2023\/11\/hub-02-564x705.jpg 564w\" sizes=\"(max-width: 640px) 100vw, 640px\" \/>\t\t\t\t\t\t\t\t<\/a>\n\t\t\t\t\t\t\t\t\t\t\t\t\t\t\t<\/div>\n\t\t\t\t<\/div>\n\t\t\t\t\t<\/div>\n\t\t<\/div>\n\t\t\t\t<div class=\"elementor-column elementor-col-25 elementor-top-column elementor-element elementor-element-880dcba\" data-id=\"880dcba\" data-element_type=\"column\" data-e-type=\"column\">\n\t\t\t<div class=\"elementor-widget-wrap elementor-element-populated\">\n\t\t\t\t\t\t<div class=\"elementor-element elementor-element-53d0e05 elementor-widget elementor-widget-image\" data-id=\"53d0e05\" data-element_type=\"widget\" data-e-type=\"widget\" data-widget_type=\"image.default\">\n\t\t\t\t<div class=\"elementor-widget-container\">\n\t\t\t\t\t\t\t\t\t\t\t\t\t\t\t\t<a href=\"https:\/\/www.mingob.gob.pa\/hub-humanitario\/wp-content\/uploads\/sites\/19\/2023\/11\/hub-03.jpg\" data-elementor-open-lightbox=\"yes\" data-e-action-hash=\"#elementor-action%3Aaction%3Dlightbox%26settings%3DeyJpZCI6NDg1NzYsInVybCI6Imh0dHBzOlwvXC93d3cubWluZ29iLmdvYi5wYVwvaHViLWh1bWFuaXRhcmlvXC93cC1jb250ZW50XC91cGxvYWRzXC9zaXRlc1wvMTlcLzIwMjNcLzExXC9odWItMDMuanBnIn0%3D\">\n\t\t\t\t\t\t\t<img decoding=\"async\" width=\"640\" height=\"800\" src=\"https:\/\/www.mingob.gob.pa\/hub-humanitario\/wp-content\/uploads\/sites\/19\/2023\/11\/hub-03.jpg\" class=\"attachment-large size-large wp-image-48576\" alt=\"\" srcset=\"https:\/\/www.mingob.gob.pa\/hub-humanitario\/wp-content\/uploads\/sites\/19\/2023\/11\/hub-03.jpg 640w, https:\/\/www.mingob.gob.pa\/hub-humanitario\/wp-content\/uploads\/sites\/19\/2023\/11\/hub-03-240x300.jpg 240w, https:\/\/www.mingob.gob.pa\/hub-humanitario\/wp-content\/uploads\/sites\/19\/2023\/11\/hub-03-564x705.jpg 564w\" sizes=\"(max-width: 640px) 100vw, 640px\" \/>\t\t\t\t\t\t\t\t<\/a>\n\t\t\t\t\t\t\t\t\t\t\t\t\t\t\t<\/div>\n\t\t\t\t<\/div>\n\t\t\t\t\t<\/div>\n\t\t<\/div>\n\t\t\t\t<div class=\"elementor-column elementor-col-25 elementor-top-column elementor-element elementor-element-6d7f9b0\" data-id=\"6d7f9b0\" data-element_type=\"column\" data-e-type=\"column\">\n\t\t\t<div class=\"elementor-widget-wrap elementor-element-populated\">\n\t\t\t\t\t\t<div class=\"elementor-element elementor-element-b00ac90 elementor-widget elementor-widget-image\" data-id=\"b00ac90\" data-element_type=\"widget\" data-e-type=\"widget\" data-widget_type=\"image.default\">\n\t\t\t\t<div class=\"elementor-widget-container\">\n\t\t\t\t\t\t\t\t\t\t\t\t\t\t\t\t<a href=\"https:\/\/www.mingob.gob.pa\/hub-humanitario\/wp-content\/uploads\/sites\/19\/2023\/11\/hub-04.jpg\" data-elementor-open-lightbox=\"yes\" data-e-action-hash=\"#elementor-action%3Aaction%3Dlightbox%26settings%3DeyJpZCI6NDg1NzQsInVybCI6Imh0dHBzOlwvXC93d3cubWluZ29iLmdvYi5wYVwvaHViLWh1bWFuaXRhcmlvXC93cC1jb250ZW50XC91cGxvYWRzXC9zaXRlc1wvMTlcLzIwMjNcLzExXC9odWItMDQuanBnIn0%3D\">\n\t\t\t\t\t\t\t<img loading=\"lazy\" decoding=\"async\" width=\"640\" height=\"800\" src=\"https:\/\/www.mingob.gob.pa\/hub-humanitario\/wp-content\/uploads\/sites\/19\/2023\/11\/hub-04.jpg\" class=\"attachment-large size-large wp-image-48574\" alt=\"\" srcset=\"https:\/\/www.mingob.gob.pa\/hub-humanitario\/wp-content\/uploads\/sites\/19\/2023\/11\/hub-04.jpg 640w, https:\/\/www.mingob.gob.pa\/hub-humanitario\/wp-content\/uploads\/sites\/19\/2023\/11\/hub-04-240x300.jpg 240w, https:\/\/www.mingob.gob.pa\/hub-humanitario\/wp-content\/uploads\/sites\/19\/2023\/11\/hub-04-564x705.jpg 564w\" sizes=\"(max-width: 640px) 100vw, 640px\" \/>\t\t\t\t\t\t\t\t<\/a>\n\t\t\t\t\t\t\t\t\t\t\t\t\t\t\t<\/div>\n\t\t\t\t<\/div>\n\t\t\t\t\t<\/div>\n\t\t<\/div>\n\t\t\t\t\t<\/div>\n\t\t<\/section>\n\t\t\t\t<section class=\"elementor-section elementor-top-section elementor-element elementor-element-5b05f47 elementor-section-boxed elementor-section-height-default elementor-section-height-default\" data-id=\"5b05f47\" data-element_type=\"section\" data-e-type=\"section\">\n\t\t\t\t\t\t<div class=\"elementor-container elementor-column-gap-default\">\n\t\t\t\t\t<div class=\"elementor-column elementor-col-100 elementor-top-column elementor-element elementor-element-fe1807e\" data-id=\"fe1807e\" data-element_type=\"column\" data-e-type=\"column\">\n\t\t\t<div class=\"elementor-widget-wrap elementor-element-populated\">\n\t\t\t\t\t\t<div class=\"elementor-element elementor-element-97c89a1 elementor-widget-divider--view-line elementor-widget elementor-widget-divider\" data-id=\"97c89a1\" data-element_type=\"widget\" data-e-type=\"widget\" data-widget_type=\"divider.default\">\n\t\t\t\t<div class=\"elementor-widget-container\">\n\t\t\t\t\t\t\t<div class=\"elementor-divider\">\n\t\t\t<span class=\"elementor-divider-separator\">\n\t\t\t\t\t\t<\/span>\n\t\t<\/div>\n\t\t\t\t\t\t<\/div>\n\t\t\t\t<\/div>\n\t\t\t\t\t<\/div>\n\t\t<\/div>\n\t\t\t\t\t<\/div>\n\t\t<\/section>\n\t\t\t\t<section class=\"elementor-section elementor-top-section elementor-element elementor-element-ba5e5e2 elementor-section-boxed elementor-section-height-default elementor-section-height-default\" data-id=\"ba5e5e2\" data-element_type=\"section\" data-e-type=\"section\">\n\t\t\t\t\t\t<div class=\"elementor-container elementor-column-gap-default\">\n\t\t\t\t\t<div class=\"elementor-column elementor-col-100 elementor-top-column elementor-element elementor-element-fe382da\" data-id=\"fe382da\" data-element_type=\"column\" data-e-type=\"column\">\n\t\t\t<div class=\"elementor-widget-wrap elementor-element-populated\">\n\t\t\t\t\t\t<div class=\"elementor-element elementor-element-84acae2 elementor-widget elementor-widget-text-editor\" data-id=\"84acae2\" data-element_type=\"widget\" data-e-type=\"widget\" data-widget_type=\"text-editor.default\">\n\t\t\t\t<div class=\"elementor-widget-container\">\n\t\t\t\t\t\t\t\t\t<p>Un 18 de noviembre del a\u00f1o 2018, se inaugura el \u00a0Centro Log\u00edstico Regional de Asistencia Humanitaria, CLRAH, el Hub Humanitario, el primero y \u00fanico en todo el Continente Americano.\u00a0 En estos primeros cinco a\u00f1os, nos hemos convertido en lo que somos hoy, la <strong><em>Plataforma Log\u00edstica Humanitaria de la Rep\u00fablica de Panam\u00e1<\/em><\/strong>, logro alcanzado por un gran equipo de trabajo \u00a0que laboramos en el Hub Humanitario.<\/p><p>El CLRAH est\u00e1 conformado por organizaciones e instituciones denominadas Usuarios; siendo la Federaci\u00f3n Internacional de la Cruz Roja y Media Luna Roja, el primer Usuario Internacional, en el 2018, luego se incorpor\u00f3 en el 2019, el Sistema Nacional de Protecci\u00f3n Civil, SINAPROC como Usuario Nacional y en el 2020, se suma el Dep\u00f3sito de Respuesta Humanitaria de las Naciones Unidas, UNHRD, segundo Usuario Internacional en conformar la Triada Humanitaria de la Rep\u00fablica de Panam\u00e1.<\/p><p>Durante este tiempo, hemos transformado la palabra socio, con la incorporaci\u00f3n de aliados estrat\u00e9gicos al Hub como modelo de colaboraci\u00f3n humanitaria; destacando el valor que representan los Organismos Internacionales, Regionales, la Academia y la empresa privada, entre otros, como <strong><em>\u201cSocios Estrat\u00e9gicos\u201d<\/em><\/strong> del Centro Log\u00edstico, al reafirmar nuestro papel como un propulsor de alianzas estrat\u00e9gicas en beneficio de la comunidad humanitaria.<\/p><p>Nos hemos convertido en el <strong><em>\u201cRecinto de Buenas Practicas Humanitarias<\/em><\/strong>\u201d, como se evidenci\u00f3 en estos \u00faltimos a\u00f1os, especialmente durante la crisis humanitaria de la Pandemia del COVID 19, cuando se consolid\u00f3 el Traslado Interno como mecanismo de facilitaci\u00f3n de procesos log\u00edsticos humanitarios y el desarrollo de alianzas estrat\u00e9gicas con el sector humanitario y privado, constituy\u00e9ndonos en un referente global en asistencia y log\u00edstica humanitaria.<\/p><p>En 52 meses de gesti\u00f3n hemos logrado ser un destino acad\u00e9mico importante a trav\u00e9s del Centro de Transferencia de Conocimientos llamado CTC, transfiriendo conocimientos en asistencia y log\u00edstica humanitaria a m\u00e1s de 3000 personas en toda la regi\u00f3n Latinoamericana y el Caribe.<\/p><p>M\u00e1s de 25 millones de d\u00f3lares fueron los aportes del Estado Paname\u00f1o en la construcci\u00f3n del Hub Humanitario, el cual ha representado para el pa\u00eds, un aporte significativo de retorno de la inversi\u00f3n en el \u00e1mbito diplom\u00e1tico, laboral y estrat\u00e9gico con la contrataci\u00f3n de mano de obra paname\u00f1a calificada que trabajamos en pro de la asistencia y log\u00edstica humanitaria de la Regi\u00f3n; as\u00ed como en el fortalecimiento de la eficiencia y eficacia de las operaciones\u00a0 humanitarias, que realizan cada uno de nuestros Usuarios; beneficiando as\u00ed a todo el conglomerado Americano.<\/p><p>Nos hemos consolidado como el facilitador log\u00edstico humanitario por excelencia para la regi\u00f3n, al implementar el proceso aduanero, llamado TrasIado Interno (TI), adaptado para incorporar consideraciones especiales para la carga humanitaria, reduciendo el uso de formularios manuales y disminuyendo documentos y procesos de tr\u00e1mites, adem\u00e1s de capturar datos en tiempo real de la carga\u00a0 humanitaria movilizada por parte de los Usuarios desde el CLRAH.<\/p><p>En plena pandemia entregamos el primer Informe de Evaluaci\u00f3n de Capacidades Log\u00edsticas de la Rep\u00fablica de Panam\u00e1 en el contexto humanitario, el cual consiste en el mapeo de la infraestructura y servicios log\u00edsticos para la preparaci\u00f3n y respuesta ante desastres del pa\u00eds.\u00a0\u00a0 De esta manera nos reinventamos y somos m\u00e1s <strong>RESILIENTE<\/strong>.<\/p><p>Hemos aprendido de nuestras experiencias y reafirmamos nuestro papel como <strong><em>\u201cimpulsador de alianzas estrat\u00e9gicas y de transferencia de conocimientos\u201d. <\/em><\/strong><\/p><p>Ser la Plataforma Log\u00edstica Humanitaria de la Rep\u00fablica de Panam\u00e1, no hubiese sido posible sino fuera de la mano\u00a0 sus socios y aliados a trav\u00e9s de <strong><em>\u201cAlianzas Estrat\u00e9gicas, con enfoque humanitario\u201d<\/em><\/strong>; las cuales nos han permitido realizar una mejor asistencia y log\u00edstica humanitaria al servicio de las poblaciones impactadas por desastres en la Regi\u00f3n Latinoamericana y El Caribe.<\/p><p>19 acuerdos, convenios y MOU han sido firmados, aunado a que m\u00e1s de 25 Organismos Internacionales y Regionales; Instituciones Nacionales, Gobiernos, Empresa Privada, la Academia han permitido fortalecer nuestras capacidades log\u00edsticas humanitarias y transferencia de conocimientos al servicio de los pa\u00edses del Continente Americano.<\/p><p>El Centro de Coordinaci\u00f3n para la Prevenci\u00f3n de los Desastres en Am\u00e9rica Central y Rep\u00fablica Dominicana, CEPREDENAC y la Direcci\u00f3n Ejecutiva del Proyecto Mesoam\u00e9rica, DEPM fueron nuestros primeros socios estrat\u00e9gicos internacionales, sigui\u00f3 la Ciudad Humanitaria Internacional en Dub\u00e1i, el referente del HUB Humanitario, los cuales han permitido fortalecer las alianzas estrat\u00e9gicas humanitarias de la Regi\u00f3n Mesoamericana, Centroamericana y el Caribe.<\/p><p>Otros Organismos, Organizaciones Internacionales e instituciones nacionales como la Agencia Brasile\u00f1a de Cooperaci\u00f3n, la Asociaci\u00f3n Estados del Caribe, el Benem\u00e9rito Cuerpo de Bomberos de Panam\u00e1, el Consejo Empresarial Log\u00edstico, la empresa privada como DHL-DRT y London &amp; Regional y la Academia como UdelIstmo han sido cruciales en el desarrollo y desempe\u00f1o del Hub Humanitario.<\/p><p>Sin embargo, no podemos dejar de mencionar y agradecer a otros actores, que durante este tiempo han sido parte del Centro Log\u00edstico como son el Cl\u00faster Log\u00edstico de las Naciones Unidas, el Gabinete Log\u00edstico y el de Gesti\u00f3n de Riesgo, Georgia Tech, Eurobusiness School, Echo y BHA\u00a0 quienes han cre\u00eddo en nosotros y se han sumado a las labores humanitarias, facilitaci\u00f3n log\u00edstica y de transferencia de conocimientos realizadas en estos primeros 5 a\u00f1os de gesti\u00f3n, Socios Estrat\u00e9gicos, Gracias.<\/p><p>El futuro del Hub Humanitario, est\u00e1 escrito, tenemos que promover y desarrollar con RECURSOS, lo que hemos denominado ECOSISTEMA HUMANITARIO, a fin de lograr una mejor interlocuci\u00f3n entre los actores humanitarios, sus socios estrat\u00e9gicos y usuarios con nuevos actores; coadyuvando as\u00ed, con las necesidades y requerimientos de la comunidad humanitaria desde Panam\u00e1 hacia el resto de mundo.<\/p><p>Nuestros principales desaf\u00edos y retos es continuar promoviendo el uso de tecnolog\u00edas y plataformas pr\u00e1cticas que mejoren la eficiencia y efectividad de la carga humanitaria y la cadena de suministros para ayudar a reducir costos, disminuir la huella de carbono y beneficiar al ambiente de forma sostenible y renovable, promoviendo el Nearshoring Regional, la log\u00edstica Verde e Inversa, en t\u00e9rminos generales a trav\u00e9s de sus Usuarios al 2030, como una Organizaci\u00f3n a la vanguardia de las necesidades de todos los pa\u00edses de la regi\u00f3n, independiente, con recursos propios y con alcance internacional no solo a trav\u00e9s de nuestros Usuarios Internacionales sino como una Plataforma Internacional Log\u00edstica, fomentando una arquitectura humanitaria s\u00f3lida y sostenible con enfoques prospectivos y participativos, que coadyuven a la misi\u00f3n del Hub Humanitario.<\/p><p>Muchas Gracias,<\/p><p><strong>Alberto Sierra y <\/strong><\/p><p><strong>Su Equipo de Trabajo<\/strong><\/p>\t\t\t\t\t\t\t\t<\/div>\n\t\t\t\t<\/div>\n\t\t\t\t\t<\/div>\n\t\t<\/div>\n\t\t\t\t\t<\/div>\n\t\t<\/section>\n\t\t\t\t<\/div>\n\t\t","protected":false},"excerpt":{"rendered":"<p>Un 18 de noviembre del a\u00f1o 2018, se inaugura el \u00a0Centro Log\u00edstico Regional de Asistencia Humanitaria, CLRAH, el Hub Humanitario, [&hellip;]<\/p>\n","protected":false},"author":5,"featured_media":0,"parent":0,"menu_order":0,"comment_status":"closed","ping_status":"closed","template":"","meta":{"site-sidebar-layout":"default","site-content-layout":"","ast-site-content-layout":"default","site-content-style":"default","site-sidebar-style":"default","ast-global-header-display":"","ast-banner-title-visibility":"","ast-main-header-display":"","ast-hfb-above-header-display":"","ast-hfb-below-header-display":"","ast-hfb-mobile-header-display":"","site-post-title":"","ast-breadcrumbs-content":"","ast-featured-img":"","footer-sml-layout":"","ast-disable-related-posts":"","theme-transparent-header-meta":"","adv-header-id-meta":"","stick-header-meta":"","header-above-stick-meta":"","header-main-stick-meta":"","header-below-stick-meta":"","astra-migrate-meta-layouts":"default","ast-page-background-enabled":"default","ast-page-background-meta":{"desktop":{"background-color":"var(--ast-global-color-5)","background-image":"","background-repeat":"repeat","background-position":"center center","background-size":"auto","background-attachment":"scroll","background-type":"","background-media":"","overlay-type":"","overlay-color":"","overlay-opacity":"","overlay-gradient":""},"tablet":{"background-color":"","background-image":"","background-repeat":"repeat","background-position":"center center","background-size":"auto","background-attachment":"scroll","background-type":"","background-media":"","overlay-type":"","overlay-color":"","overlay-opacity":"","overlay-gradient":""},"mobile":{"background-color":"","background-image":"","background-repeat":"repeat","background-position":"center center","background-size":"auto","background-attachment":"scroll","background-type":"","background-media":"","overlay-type":"","overlay-color":"","overlay-opacity":"","overlay-gradient":""}},"ast-content-background-meta":{"desktop":{"background-color":"var(--ast-global-color-4)","background-image":"","background-repeat":"repeat","background-position":"center center","background-size":"auto","background-attachment":"scroll","background-type":"","background-media":"","overlay-type":"","overlay-color":"","overlay-opacity":"","overlay-gradient":""},"tablet":{"background-color":"var(--ast-global-color-4)","background-image":"","background-repeat":"repeat","background-position":"center center","background-size":"auto","background-attachment":"scroll","background-type":"","background-media":"","overlay-type":"","overlay-color":"","overlay-opacity":"","overlay-gradient":""},"mobile":{"background-color":"var(--ast-global-color-4)","background-image":"","background-repeat":"repeat","background-position":"center center","background-size":"auto","background-attachment":"scroll","background-type":"","background-media":"","overlay-type":"","overlay-color":"","overlay-opacity":"","overlay-gradient":""}},"footnotes":""},"class_list":["post-48553","page","type-page","status-publish","hentry"],"rttpg_featured_image_url":null,"rttpg_author":{"display_name":"Administrador Web","author_link":"https:\/\/www.mingob.gob.pa\/hub-humanitario\/author\/nbarrios\/"},"rttpg_comment":0,"rttpg_category":null,"rttpg_excerpt":"Un 18 de noviembre del a\u00f1o 2018, se inaugura el \u00a0Centro Log\u00edstico Regional de Asistencia Humanitaria, CLRAH, el Hub Humanitario, [&hellip;]","_links":{"self":[{"href":"https:\/\/www.mingob.gob.pa\/hub-humanitario\/wp-json\/wp\/v2\/pages\/48553","targetHints":{"allow":["GET"]}}],"collection":[{"href":"https:\/\/www.mingob.gob.pa\/hub-humanitario\/wp-json\/wp\/v2\/pages"}],"about":[{"href":"https:\/\/www.mingob.gob.pa\/hub-humanitario\/wp-json\/wp\/v2\/types\/page"}],"author":[{"embeddable":true,"href":"https:\/\/www.mingob.gob.pa\/hub-humanitario\/wp-json\/wp\/v2\/users\/5"}],"replies":[{"embeddable":true,"href":"https:\/\/www.mingob.gob.pa\/hub-humanitario\/wp-json\/wp\/v2\/comments?post=48553"}],"version-history":[{"count":5,"href":"https:\/\/www.mingob.gob.pa\/hub-humanitario\/wp-json\/wp\/v2\/pages\/48553\/revisions"}],"predecessor-version":[{"id":50482,"href":"https:\/\/www.mingob.gob.pa\/hub-humanitario\/wp-json\/wp\/v2\/pages\/48553\/revisions\/50482"}],"wp:attachment":[{"href":"https:\/\/www.mingob.gob.pa\/hub-humanitario\/wp-json\/wp\/v2\/media?parent=48553"}],"curies":[{"name":"wp","href":"https:\/\/api.w.org\/{rel}","templated":true}]}}