{"id":48,"date":"2018-01-30T15:31:33","date_gmt":"2018-01-30T15:31:33","guid":{"rendered":"http:\/\/www.mingob.gob.pa\/hub-humanitario\/?page_id=48"},"modified":"2025-11-25T16:57:26","modified_gmt":"2025-11-25T16:57:26","slug":"por-que-panama","status":"publish","type":"page","link":"https:\/\/www.mingob.gob.pa\/hub-humanitario\/por-que-panama\/","title":{"rendered":"\u00bfPor qu\u00e9 Panam\u00e1?"},"content":{"rendered":"\t\t<div data-elementor-type=\"wp-page\" data-elementor-id=\"48\" class=\"elementor elementor-48\">\n\t\t\t\t\t\t<section class=\"elementor-section elementor-top-section elementor-element elementor-element-6fa7d15c elementor-section-boxed elementor-section-height-default elementor-section-height-default\" data-id=\"6fa7d15c\" data-element_type=\"section\" data-e-type=\"section\">\n\t\t\t\t\t\t<div class=\"elementor-container elementor-column-gap-default\">\n\t\t\t\t\t<div class=\"elementor-column elementor-col-100 elementor-top-column elementor-element elementor-element-3e998c02\" data-id=\"3e998c02\" data-element_type=\"column\" data-e-type=\"column\">\n\t\t\t<div class=\"elementor-widget-wrap elementor-element-populated\">\n\t\t\t\t\t\t<div class=\"elementor-element elementor-element-7dc23cfb elementor-widget elementor-widget-text-editor\" data-id=\"7dc23cfb\" data-element_type=\"widget\" data-e-type=\"widget\" data-widget_type=\"text-editor.default\">\n\t\t\t\t<div class=\"elementor-widget-container\">\n\t\t\t\t\t\t\t\t\t<p style=\"text-align: justify;\">La posici\u00f3n geoestrat\u00e9gica de Panam\u00e1; su plataforma de servicios log\u00edsticos y comerciales \u00fanica en la regi\u00f3n; la fuerte conectividad a\u00e9rea y mar\u00edtima; el entorno econ\u00f3mico, pol\u00edtico y ambiental estable; y su experiencia en la prestaci\u00f3n de servicios a los mercados internacionales son elementos que fundamentan al pa\u00eds como un centro de excelencia para las Am\u00e9ricas.<\/p><p style=\"text-align: justify;\">En referencia a su estabilidad ambiental, Panam\u00e1 se encuentra en la Zona de Convergencia Intertropical. Esta Zona es la regi\u00f3n que circula la tierra, cerca del ecuador, donde se da el choque de vientos del Caribe y Pac\u00edfico. La zona promueve la creaci\u00f3n de la temporada seca y lluviosa, en lugar de las cuatro estaciones. Esta zona promueve la formaci\u00f3n de humedad, la cual causa nubes de tormentas donde abunda la precipitaci\u00f3n y descargas el\u00e9ctricas. Esta Zona junto con La fuerza de Coriolis propicia la formaci\u00f3n de ciclones tropicales. Sin embargo, esta misma fuerza desv\u00eda la trayectoria de los ciclones hacia la derecha. Panam\u00e1 en muy pocas ocasiones se encuentra en la trayectoria de los ciclones debido a este efecto.<\/p><p style=\"text-align: justify;\">Estos elementos que lo posicionan como un Hub Log\u00edstico ofrecen las condiciones para escalar las capacidades existentes e impulsar la generaci\u00f3n de sinergias para la participaci\u00f3n, colaboraci\u00f3n y desarrollo de alianzas estrat\u00e9gicas de respuestas ante eventos de desastres y otras crisis regionales, consolidando as\u00ed el Hub Humanitario de Panam\u00e1.<\/p><p style=\"text-align: justify;\">Nuestro pa\u00eds ya es reconocido como un centro regional para las agencias, programas y fondos de las Naciones Unidas, as\u00ed como para varios actores de respuesta humanitaria que actualmente operan bodegas con art\u00edculos de ayuda y emergencia en Panam\u00e1.<\/p><p style=\"text-align: justify;\">La ubicaci\u00f3n es estrat\u00e9gica por su proximidad a las zonas propensas a los desastres, una menor vulnerabilidad ante los fen\u00f3menos naturales y una plataforma log\u00edstica que, en su conjunto, otorga beneficios directos a este cl\u00faster como lo son:<\/p><ul><li style=\"text-align: justify;\">Una mayor conectividad hacia las \u00e1reas con necesidades de ayuda.<\/li><li style=\"text-align: justify;\">La reducci\u00f3n de los tiempos y mejoras en las entregas de suministros, equipos y personal de apoyo.<\/li><li style=\"text-align: justify;\">La estandarizaci\u00f3n de los procesos y optimizaci\u00f3n de los costos.<\/li><li style=\"text-align: justify;\">El fomento a la continua innovaci\u00f3n de las operaciones log\u00edsticas y transferencia de conocimientos.<\/li><\/ul><p><img fetchpriority=\"high\" decoding=\"async\" class=\"size-full wp-image-981 aligncenter\" src=\"https:\/\/www.mingob.gob.pa\/hub-humanitario\/wp-content\/uploads\/sites\/19\/2018\/11\/Foto-Porque-Panam\u00e1-Imagen-conectividad.jpg\" alt=\"\" width=\"580\" height=\"800\" srcset=\"https:\/\/www.mingob.gob.pa\/hub-humanitario\/wp-content\/uploads\/sites\/19\/2018\/11\/Foto-Porque-Panam\u00e1-Imagen-conectividad.jpg 580w, https:\/\/www.mingob.gob.pa\/hub-humanitario\/wp-content\/uploads\/sites\/19\/2018\/11\/Foto-Porque-Panam\u00e1-Imagen-conectividad-218x300.jpg 218w, https:\/\/www.mingob.gob.pa\/hub-humanitario\/wp-content\/uploads\/sites\/19\/2018\/11\/Foto-Porque-Panam\u00e1-Imagen-conectividad-511x705.jpg 511w\" sizes=\"(max-width: 580px) 100vw, 580px\" \/><\/p>\t\t\t\t\t\t\t\t<\/div>\n\t\t\t\t<\/div>\n\t\t\t\t\t<\/div>\n\t\t<\/div>\n\t\t\t\t\t<\/div>\n\t\t<\/section>\n\t\t\t\t<\/div>\n\t\t","protected":false},"excerpt":{"rendered":"<p>La posici\u00f3n geoestrat\u00e9gica de Panam\u00e1; su plataforma de servicios log\u00edsticos y comerciales \u00fanica en la regi\u00f3n; la fuerte conectividad a\u00e9rea [&hellip;]<\/p>\n","protected":false},"author":24,"featured_media":0,"parent":0,"menu_order":0,"comment_status":"closed","ping_status":"closed","template":"","meta":{"site-sidebar-layout":"default","site-content-layout":"","ast-site-content-layout":"default","site-content-style":"default","site-sidebar-style":"default","ast-global-header-display":"","ast-banner-title-visibility":"","ast-main-header-display":"","ast-hfb-above-header-display":"","ast-hfb-below-header-display":"","ast-hfb-mobile-header-display":"","site-post-title":"","ast-breadcrumbs-content":"","ast-featured-img":"","footer-sml-layout":"","ast-disable-related-posts":"","theme-transparent-header-meta":"","adv-header-id-meta":"","stick-header-meta":"","header-above-stick-meta":"","header-main-stick-meta":"","header-below-stick-meta":"","astra-migrate-meta-layouts":"default","ast-page-background-enabled":"default","ast-page-background-meta":{"desktop":{"background-color":"var(--ast-global-color-5)","background-image":"","background-repeat":"repeat","background-position":"center center","background-size":"auto","background-attachment":"scroll","background-type":"","background-media":"","overlay-type":"","overlay-color":"","overlay-opacity":"","overlay-gradient":""},"tablet":{"background-color":"","background-image":"","background-repeat":"repeat","background-position":"center center","background-size":"auto","background-attachment":"scroll","background-type":"","background-media":"","overlay-type":"","overlay-color":"","overlay-opacity":"","overlay-gradient":""},"mobile":{"background-color":"","background-image":"","background-repeat":"repeat","background-position":"center center","background-size":"auto","background-attachment":"scroll","background-type":"","background-media":"","overlay-type":"","overlay-color":"","overlay-opacity":"","overlay-gradient":""}},"ast-content-background-meta":{"desktop":{"background-color":"var(--ast-global-color-4)","background-image":"","background-repeat":"repeat","background-position":"center center","background-size":"auto","background-attachment":"scroll","background-type":"","background-media":"","overlay-type":"","overlay-color":"","overlay-opacity":"","overlay-gradient":""},"tablet":{"background-color":"var(--ast-global-color-4)","background-image":"","background-repeat":"repeat","background-position":"center center","background-size":"auto","background-attachment":"scroll","background-type":"","background-media":"","overlay-type":"","overlay-color":"","overlay-opacity":"","overlay-gradient":""},"mobile":{"background-color":"var(--ast-global-color-4)","background-image":"","background-repeat":"repeat","background-position":"center center","background-size":"auto","background-attachment":"scroll","background-type":"","background-media":"","overlay-type":"","overlay-color":"","overlay-opacity":"","overlay-gradient":""}},"footnotes":""},"class_list":["post-48","page","type-page","status-publish","hentry"],"rttpg_featured_image_url":null,"rttpg_author":{"display_name":"egraell","author_link":"https:\/\/www.mingob.gob.pa\/hub-humanitario\/author\/egraell\/"},"rttpg_comment":0,"rttpg_category":null,"rttpg_excerpt":"La posici\u00f3n geoestrat\u00e9gica de Panam\u00e1; su plataforma de servicios log\u00edsticos y comerciales \u00fanica en la regi\u00f3n; la fuerte conectividad a\u00e9rea [&hellip;]","_links":{"self":[{"href":"https:\/\/www.mingob.gob.pa\/hub-humanitario\/wp-json\/wp\/v2\/pages\/48","targetHints":{"allow":["GET"]}}],"collection":[{"href":"https:\/\/www.mingob.gob.pa\/hub-humanitario\/wp-json\/wp\/v2\/pages"}],"about":[{"href":"https:\/\/www.mingob.gob.pa\/hub-humanitario\/wp-json\/wp\/v2\/types\/page"}],"author":[{"embeddable":true,"href":"https:\/\/www.mingob.gob.pa\/hub-humanitario\/wp-json\/wp\/v2\/users\/24"}],"replies":[{"embeddable":true,"href":"https:\/\/www.mingob.gob.pa\/hub-humanitario\/wp-json\/wp\/v2\/comments?post=48"}],"version-history":[{"count":5,"href":"https:\/\/www.mingob.gob.pa\/hub-humanitario\/wp-json\/wp\/v2\/pages\/48\/revisions"}],"predecessor-version":[{"id":50446,"href":"https:\/\/www.mingob.gob.pa\/hub-humanitario\/wp-json\/wp\/v2\/pages\/48\/revisions\/50446"}],"wp:attachment":[{"href":"https:\/\/www.mingob.gob.pa\/hub-humanitario\/wp-json\/wp\/v2\/media?parent=48"}],"curies":[{"name":"wp","href":"https:\/\/api.w.org\/{rel}","templated":true}]}}