{"id":474,"date":"2018-04-10T20:25:14","date_gmt":"2018-04-10T20:25:14","guid":{"rendered":"http:\/\/www.mingob.gob.pa\/hub-humanitario\/?page_id=474"},"modified":"2022-06-13T17:15:20","modified_gmt":"2022-06-13T17:15:20","slug":"usuarios","status":"publish","type":"page","link":"https:\/\/www.mingob.gob.pa\/hub-humanitario\/usuarios\/","title":{"rendered":"Usuarios"},"content":{"rendered":"<p>[av_textblock size=\u00bb font_color=\u00bb color=\u00bb av-medium-font-size=\u00bb av-small-font-size=\u00bb av-mini-font-size=\u00bb av_uid=&#8217;av-1jniwq&#8217; id=\u00bb custom_class=\u00bb admin_preview_bg=\u00bb]<\/p>\n<h3 style=\"text-align: justify;\">Centro Log\u00edstico Regional de Asistencia Humanitaria<\/h3>\n<hr \/>\n<p style=\"text-align: justify;\">Un grupo de tres instancias constituyen los usuarios iniciales de las instalaciones del CLRAH: dos de car\u00e1cter internacional y uno nacional. \u00c9stos son el Dep\u00f3sito de Respuesta Humanitaria de las Naciones Unidas (UNHRD) del Programa Mundial de Alimentos (PMA), la Federaci\u00f3n Internacional de la Cruz Roja y la Media Luna Roja (FIRC) y el Sistema Nacional de Protecci\u00f3n Civil (SINAPROC).<\/p>\n<p style=\"text-align: justify;\"><img fetchpriority=\"high\" decoding=\"async\" class=\"size-full wp-image-338 aligncenter\" src=\"https:\/\/www.mingob.gob.pa\/hub-humanitario\/wp-content\/uploads\/sites\/19\/2018\/03\/Usuarios.jpg\" alt=\"\" width=\"1200\" height=\"723\" srcset=\"https:\/\/www.mingob.gob.pa\/hub-humanitario\/wp-content\/uploads\/sites\/19\/2018\/03\/Usuarios.jpg 1200w, https:\/\/www.mingob.gob.pa\/hub-humanitario\/wp-content\/uploads\/sites\/19\/2018\/03\/Usuarios-300x181.jpg 300w, https:\/\/www.mingob.gob.pa\/hub-humanitario\/wp-content\/uploads\/sites\/19\/2018\/03\/Usuarios-768x463.jpg 768w, https:\/\/www.mingob.gob.pa\/hub-humanitario\/wp-content\/uploads\/sites\/19\/2018\/03\/Usuarios-1030x621.jpg 1030w, https:\/\/www.mingob.gob.pa\/hub-humanitario\/wp-content\/uploads\/sites\/19\/2018\/03\/Usuarios-705x425.jpg 705w, https:\/\/www.mingob.gob.pa\/hub-humanitario\/wp-content\/uploads\/sites\/19\/2018\/03\/Usuarios-600x362.jpg 600w\" sizes=\"(max-width: 1200px) 100vw, 1200px\" \/><strong>\u00a0\u00a0\u00a0\u00a0\u00a0\u00a0\u00a0\u00a0\u00a0\u00a0\u00a0\u00a0\u00a0\u00a0\u00a0\u00a0\u00a0\u00a0\u00a0\u00a0\u00a0\u00a0\u00a0\u00a0\u00a0\u00a0\u00a0\u00a0\u00a0\u00a0\u00a0\u00a0\u00a0\u00a0\u00a0\u00a0\u00a0\u00a0\u00a0\u00a0\u00a0\u00a0\u00a0\u00a0\u00a0\u00a0\u00a0\u00a0\u00a0\u00a0\u00a0\u00a0\u00a0\u00a0\u00a0\u00a0\u00a0\u00a0\u00a0\u00a0\u00a0\u00a0\u00a0\u00a0\u00a0\u00a0\u00a0\u00a0\u00a0\u00a0\u00a0\u00a0\u00a0<\/strong><strong>\u00a0 \u00a0 \u00a0 \u00a0 \u00a0 \u00a0 \u00a0 \u00a0 \u00a0 \u00a0 \u00a0 \u00a0 \u00a0 \u00a0 \u00a0 \u00a0 \u00a0 \u00a0 \u00a0 \u00a0 \u00a0 \u00a0 \u00a0 \u00a0 \u00a0 \u00a0 \u00a0 \u00a0 \u00a0 \u00a0 \u00a0 \u00a0 \u00a0 \u00a0 \u00a0 \u00a0 \u00a0 \u00a0 \u00a0 \u00a0 \u00a0 \u00a0 \u00a0 \u00a0 \u00a0 \u00a0 \u00a0 \u00a0 \u00a0 \u00a0 \u00a0 \u00a0 \u00a0 \u00a0 \u00a0 \u00a0 \u00a0 \u00a0 \u00a0 \u00a0 \u00a0 \u00a0 \u00a0 \u00a0 \u00a0 \u00a0 \u00a0 \u00a0 \u00a0 \u00a0 \u00a0 \u00a0 \u00a0 \u00a0 \u00a0 \u00a0 \u00a0 \u00a0 \u00a0 \u00a0 \u00a0 \u00a0 \u00a0 \u00a0 \u00a0 \u00a0 \u00a0 \u00a0 \u00a0 \u00a0 \u00a0 \u00a0 \u00a0 \u00a0 \u00a0 \u00a0 \u00a0 \u00a0 \u00a0 \u00a0 \u00a0 \u00a0 \u00a0 \u00a0 \u00a0 \u00a0 \u00a0 \u00a0 \u00a0 \u00a0 \u00a0 \u00a0 \u00a0 \u00a0 \u00a0 \u00a0<\/strong><\/p>\n<p>[\/av_textblock]<\/p>\n<p>[av_slideshow size=&#8217;extra_large&#8217; animation=&#8217;slide_up&#8217; conditional_play=\u00bb autoplay=&#8217;true&#8217; interval=&#8217;5&#8242; control_layout=&#8217;av-control-default&#8217; av_uid=&#8217;av-keire8hh&#8217; alb_description=\u00bb id=\u00bb custom_class=\u00bb]<br \/>\n[av_slide slide_type=&#8217;image&#8217; id=&#8217;45544&#8242; video=&#8217;https:\/\/&#8217; mobile_image=\u00bb fallback_link=&#8217;http:\/\/&#8217; video_ratio=&#8217;16:9&#8242; title=\u00bb heading_tag=\u00bb heading_class=\u00bb link_apply=\u00bb link=&#8217;lightbox&#8217; link_target=\u00bb av-medium-font-size-title=\u00bb av-small-font-size-title=\u00bb av-mini-font-size-title=\u00bb av-medium-font-size=\u00bb av-small-font-size=\u00bb av-mini-font-size=\u00bb av_uid=&#8217;av-e6j82&#8242;]<br \/>\nCentro Log\u00edstico Regional de Asistencia Humanitaria<br \/>\n[\/av_slide]<br \/>\n[av_slide slide_type=&#8217;image&#8217; id=&#8217;45576&#8242; video=&#8217;https:\/\/&#8217; mobile_image=\u00bb fallback_link=&#8217;http:\/\/&#8217; video_ratio=&#8217;16:9&#8242; title=\u00bb heading_tag=\u00bb heading_class=\u00bb link_apply=\u00bb link=&#8217;lightbox&#8217; link_target=\u00bb av-medium-font-size-title=\u00bb av-small-font-size-title=\u00bb av-mini-font-size-title=\u00bb av-medium-font-size=\u00bb av-small-font-size=\u00bb av-mini-font-size=\u00bb av_uid=&#8217;av-z162&#8242;][\/av_slide]<br \/>\n[av_slide slide_type=&#8217;image&#8217; id=&#8217;45546&#8242; video=&#8217;https:\/\/&#8217; mobile_image=\u00bb fallback_link=&#8217;http:\/\/&#8217; video_ratio=&#8217;16:9&#8242; title=\u00bb heading_tag=\u00bb heading_class=\u00bb link_apply=\u00bb link=&#8217;lightbox&#8217; link_target=\u00bb av-medium-font-size-title=\u00bb av-small-font-size-title=\u00bb av-mini-font-size-title=\u00bb av-medium-font-size=\u00bb av-small-font-size=\u00bb av-mini-font-size=\u00bb av_uid=&#8217;av-vs4my&#8217; video_controls=\u00bb video_mute=\u00bb video_loop=\u00bb video_autoplay=\u00bb]<br \/>\nUsuarios CLRAH<br \/>\n[\/av_slide]<br \/>\n[av_slide slide_type=&#8217;image&#8217; id=&#8217;45547&#8242; video=&#8217;https:\/\/&#8217; mobile_image=\u00bb fallback_link=&#8217;http:\/\/&#8217; video_ratio=&#8217;16:9&#8242; title=\u00bb heading_tag=\u00bb heading_class=\u00bb link_apply=\u00bb link=&#8217;lightbox&#8217; link_target=\u00bb av-medium-font-size-title=\u00bb av-small-font-size-title=\u00bb av-mini-font-size-title=\u00bb av-medium-font-size=\u00bb av-small-font-size=\u00bb av-mini-font-size=\u00bb av_uid=&#8217;av-ou99m&#8217; video_controls=\u00bb video_mute=\u00bb video_loop=\u00bb video_autoplay=\u00bb]<br \/>\nSinaproc<br \/>\n[\/av_slide]<br \/>\n[av_slide slide_type=&#8217;image&#8217; id=&#8217;45549&#8242; video=&#8217;https:\/\/&#8217; mobile_image=\u00bb fallback_link=&#8217;http:\/\/&#8217; video_ratio=&#8217;16:9&#8242; title=\u00bb heading_tag=\u00bb heading_class=\u00bb link_apply=\u00bb link=&#8217;lightbox&#8217; link_target=\u00bb av-medium-font-size-title=\u00bb av-small-font-size-title=\u00bb av-mini-font-size-title=\u00bb av-medium-font-size=\u00bb av-small-font-size=\u00bb av-mini-font-size=\u00bb av_uid=&#8217;av-in08a&#8217; video_controls=\u00bb video_mute=\u00bb video_loop=\u00bb video_autoplay=\u00bb]<br \/>\nFICR<br \/>\n[\/av_slide]<br \/>\n[av_slide slide_type=&#8217;image&#8217; id=&#8217;45550&#8242; video=&#8217;https:\/\/&#8217; mobile_image=\u00bb fallback_link=&#8217;http:\/\/&#8217; video_ratio=&#8217;16:9&#8242; title=\u00bb heading_tag=\u00bb heading_class=\u00bb link_apply=\u00bb link=&#8217;lightbox&#8217; link_target=\u00bb av-medium-font-size-title=\u00bb av-small-font-size-title=\u00bb av-mini-font-size-title=\u00bb av-medium-font-size=\u00bb av-small-font-size=\u00bb av-mini-font-size=\u00bb av_uid=&#8217;av-hu2ka&#8217; video_controls=\u00bb video_mute=\u00bb video_loop=\u00bb video_autoplay=\u00bb]<br \/>\nUNHRD<br \/>\n[\/av_slide]<br \/>\n[av_slide slide_type=&#8217;image&#8217; id=&#8217;45551&#8242; video=&#8217;https:\/\/&#8217; mobile_image=\u00bb fallback_link=&#8217;http:\/\/&#8217; video_ratio=&#8217;16:9&#8242; title=\u00bb heading_tag=\u00bb heading_class=\u00bb link_apply=\u00bb link=&#8217;lightbox&#8217; link_target=\u00bb av-medium-font-size-title=\u00bb av-small-font-size-title=\u00bb av-mini-font-size-title=\u00bb av-medium-font-size=\u00bb av-small-font-size=\u00bb av-mini-font-size=\u00bb av_uid=&#8217;av-b6twq&#8217; video_controls=\u00bb video_mute=\u00bb video_loop=\u00bb video_autoplay=\u00bb]<br \/>\nBodegas<br \/>\n[\/av_slide]<br \/>\n[\/av_slideshow]<\/p>\n","protected":false},"excerpt":{"rendered":"<p>[av_textblock size=\u00bb font_color=\u00bb color=\u00bb av-medium-font-size=\u00bb av-small-font-size=\u00bb av-mini-font-size=\u00bb av_uid=&#8217;av-1jniwq&#8217; id=\u00bb custom_class=\u00bb admin_preview_bg=\u00bb] Centro Log\u00edstico Regional de Asistencia Humanitaria Un grupo de [&hellip;]<\/p>\n","protected":false},"author":5,"featured_media":0,"parent":0,"menu_order":0,"comment_status":"closed","ping_status":"closed","template":"","meta":{"site-sidebar-layout":"default","site-content-layout":"","ast-site-content-layout":"default","site-content-style":"default","site-sidebar-style":"default","ast-global-header-display":"","ast-banner-title-visibility":"","ast-main-header-display":"","ast-hfb-above-header-display":"","ast-hfb-below-header-display":"","ast-hfb-mobile-header-display":"","site-post-title":"","ast-breadcrumbs-content":"","ast-featured-img":"","footer-sml-layout":"","ast-disable-related-posts":"","theme-transparent-header-meta":"","adv-header-id-meta":"","stick-header-meta":"","header-above-stick-meta":"","header-main-stick-meta":"","header-below-stick-meta":"","astra-migrate-meta-layouts":"default","ast-page-background-enabled":"default","ast-page-background-meta":{"desktop":{"background-color":"var(--ast-global-color-5)","background-image":"","background-repeat":"repeat","background-position":"center center","background-size":"auto","background-attachment":"scroll","background-type":"","background-media":"","overlay-type":"","overlay-color":"","overlay-opacity":"","overlay-gradient":""},"tablet":{"background-color":"","background-image":"","background-repeat":"repeat","background-position":"center center","background-size":"auto","background-attachment":"scroll","background-type":"","background-media":"","overlay-type":"","overlay-color":"","overlay-opacity":"","overlay-gradient":""},"mobile":{"background-color":"","background-image":"","background-repeat":"repeat","background-position":"center center","background-size":"auto","background-attachment":"scroll","background-type":"","background-media":"","overlay-type":"","overlay-color":"","overlay-opacity":"","overlay-gradient":""}},"ast-content-background-meta":{"desktop":{"background-color":"var(--ast-global-color-4)","background-image":"","background-repeat":"repeat","background-position":"center center","background-size":"auto","background-attachment":"scroll","background-type":"","background-media":"","overlay-type":"","overlay-color":"","overlay-opacity":"","overlay-gradient":""},"tablet":{"background-color":"var(--ast-global-color-4)","background-image":"","background-repeat":"repeat","background-position":"center center","background-size":"auto","background-attachment":"scroll","background-type":"","background-media":"","overlay-type":"","overlay-color":"","overlay-opacity":"","overlay-gradient":""},"mobile":{"background-color":"var(--ast-global-color-4)","background-image":"","background-repeat":"repeat","background-position":"center center","background-size":"auto","background-attachment":"scroll","background-type":"","background-media":"","overlay-type":"","overlay-color":"","overlay-opacity":"","overlay-gradient":""}},"footnotes":""},"class_list":["post-474","page","type-page","status-publish","hentry"],"rttpg_featured_image_url":null,"rttpg_author":{"display_name":"Administrador Web","author_link":"https:\/\/www.mingob.gob.pa\/hub-humanitario\/author\/nbarrios\/"},"rttpg_comment":0,"rttpg_category":null,"rttpg_excerpt":"[av_textblock size=\u00bb font_color=\u00bb color=\u00bb av-medium-font-size=\u00bb av-small-font-size=\u00bb av-mini-font-size=\u00bb av_uid=&#8217;av-1jniwq&#8217; id=\u00bb custom_class=\u00bb admin_preview_bg=\u00bb] Centro Log\u00edstico Regional de Asistencia Humanitaria Un grupo de [&hellip;]","_links":{"self":[{"href":"https:\/\/www.mingob.gob.pa\/hub-humanitario\/wp-json\/wp\/v2\/pages\/474","targetHints":{"allow":["GET"]}}],"collection":[{"href":"https:\/\/www.mingob.gob.pa\/hub-humanitario\/wp-json\/wp\/v2\/pages"}],"about":[{"href":"https:\/\/www.mingob.gob.pa\/hub-humanitario\/wp-json\/wp\/v2\/types\/page"}],"author":[{"embeddable":true,"href":"https:\/\/www.mingob.gob.pa\/hub-humanitario\/wp-json\/wp\/v2\/users\/5"}],"replies":[{"embeddable":true,"href":"https:\/\/www.mingob.gob.pa\/hub-humanitario\/wp-json\/wp\/v2\/comments?post=474"}],"version-history":[{"count":0,"href":"https:\/\/www.mingob.gob.pa\/hub-humanitario\/wp-json\/wp\/v2\/pages\/474\/revisions"}],"wp:attachment":[{"href":"https:\/\/www.mingob.gob.pa\/hub-humanitario\/wp-json\/wp\/v2\/media?parent=474"}],"curies":[{"name":"wp","href":"https:\/\/api.w.org\/{rel}","templated":true}]}}