{"id":45904,"date":"2020-10-19T15:17:11","date_gmt":"2020-10-19T15:17:11","guid":{"rendered":"http:\/\/www.mingob.gob.pa\/hub-humanitario\/?page_id=45904"},"modified":"2025-11-25T17:08:29","modified_gmt":"2025-11-25T17:08:29","slug":"evaluacion-de-capacidades-logisticas","status":"publish","type":"page","link":"https:\/\/www.mingob.gob.pa\/hub-humanitario\/evaluacion-de-capacidades-logisticas\/","title":{"rendered":"Evaluaci\u00f3n de Capacidades Log\u00edsticas"},"content":{"rendered":"\t\t<div data-elementor-type=\"wp-page\" data-elementor-id=\"45904\" class=\"elementor elementor-45904\">\n\t\t\t\t\t\t<section class=\"elementor-section elementor-top-section elementor-element elementor-element-9752f7b elementor-section-boxed elementor-section-height-default elementor-section-height-default\" data-id=\"9752f7b\" data-element_type=\"section\" data-e-type=\"section\">\n\t\t\t\t\t\t<div class=\"elementor-container elementor-column-gap-default\">\n\t\t\t\t\t<div class=\"elementor-column elementor-col-100 elementor-top-column elementor-element elementor-element-8f08b52\" data-id=\"8f08b52\" data-element_type=\"column\" data-e-type=\"column\">\n\t\t\t<div class=\"elementor-widget-wrap elementor-element-populated\">\n\t\t\t\t\t\t<div class=\"elementor-element elementor-element-1c0cff9 elementor-widget elementor-widget-image\" data-id=\"1c0cff9\" data-element_type=\"widget\" data-e-type=\"widget\" data-widget_type=\"image.default\">\n\t\t\t\t<div class=\"elementor-widget-container\">\n\t\t\t\t\t\t\t\t\t\t\t\t\t\t\t<img fetchpriority=\"high\" decoding=\"async\" width=\"829\" height=\"509\" src=\"https:\/\/www.mingob.gob.pa\/hub-humanitario\/wp-content\/uploads\/sites\/19\/2020\/10\/Informe-LCA.png?wsr\" class=\"attachment-large size-large wp-image-45909\" alt=\"\" srcset=\"https:\/\/www.mingob.gob.pa\/hub-humanitario\/wp-content\/uploads\/sites\/19\/2020\/10\/Informe-LCA.png 829w, https:\/\/www.mingob.gob.pa\/hub-humanitario\/wp-content\/uploads\/sites\/19\/2020\/10\/Informe-LCA-300x184.png 300w, https:\/\/www.mingob.gob.pa\/hub-humanitario\/wp-content\/uploads\/sites\/19\/2020\/10\/Informe-LCA-768x472.png 768w, https:\/\/www.mingob.gob.pa\/hub-humanitario\/wp-content\/uploads\/sites\/19\/2020\/10\/Informe-LCA-705x433.png 705w, https:\/\/www.mingob.gob.pa\/hub-humanitario\/wp-content\/uploads\/sites\/19\/2020\/10\/Informe-LCA-600x368.png 600w\" sizes=\"(max-width: 829px) 100vw, 829px\" \/>\t\t\t\t\t\t\t\t\t\t\t\t\t\t\t<\/div>\n\t\t\t\t<\/div>\n\t\t\t\t\t<\/div>\n\t\t<\/div>\n\t\t\t\t\t<\/div>\n\t\t<\/section>\n\t\t\t\t<section class=\"elementor-section elementor-top-section elementor-element elementor-element-7c96216a elementor-section-boxed elementor-section-height-default elementor-section-height-default\" data-id=\"7c96216a\" data-element_type=\"section\" data-e-type=\"section\">\n\t\t\t\t\t\t<div class=\"elementor-container elementor-column-gap-default\">\n\t\t\t\t\t<div class=\"elementor-column elementor-col-100 elementor-top-column elementor-element elementor-element-1fc23e1e\" data-id=\"1fc23e1e\" data-element_type=\"column\" data-e-type=\"column\">\n\t\t\t<div class=\"elementor-widget-wrap elementor-element-populated\">\n\t\t\t\t\t\t<div class=\"elementor-element elementor-element-430122e2 elementor-widget elementor-widget-text-editor\" data-id=\"430122e2\" data-element_type=\"widget\" data-e-type=\"widget\" data-widget_type=\"text-editor.default\">\n\t\t\t\t<div class=\"elementor-widget-container\">\n\t\t\t\t\t\t\t\t\t<p style=\"text-align: justify;\">El Centro Log\u00edstico Regional de Asistencia Humanitaria (CLRAH), como plataforma de facilitaci\u00f3n humanitaria, ha finalizado con el desarrollo del primer informe de Evaluaci\u00f3n de las Capacidades Log\u00edsticas de Panam\u00e1 en el contexto humanitario. Este proyecto, conocido en sus siglas en ingl\u00e9s como LCA (Logistics Capacity Assessment), consiste en el mapeo de la infraestructura y servicios log\u00edsticos para la preparaci\u00f3n y respuesta ante desastres en un pa\u00eds.\u00a0\u00a0Panam\u00e1 en su calidad de Hub Log\u00edstico y ahora, Hub Humanitario, se convierte as\u00ed en un punto estrat\u00e9gico para la formulaci\u00f3n de estrategias y ejecuci\u00f3n de operaciones nacionales y regionales ante situaciones de emergencias.<\/p><p style=\"text-align: justify;\">Este proyecto cont\u00f3 con el apoyo estrat\u00e9gico del Gabinete Log\u00edstico y la colaboraci\u00f3n del Centro de Investigaci\u00f3n de Georgia Tech Panam\u00e1, logrando la participaci\u00f3n de m\u00e1s de quince entidades pertenecientes al gobierno, sector privado y academia, a trav\u00e9s del suministro de datos disponibles y confiables.<\/p><p style=\"text-align: justify;\">Esta evaluaci\u00f3n ser\u00e1 publicada por el Programa Mundial de Alimentos en la plataforma Global del Cl\u00faster Log\u00edstico de las Naciones Unidas, y estar\u00e1 a disposici\u00f3n de la comunidad humanitaria.\u00a0 El CLRAH ha desarrollado el informe en su versi\u00f3n original en espa\u00f1ol y su respectiva versi\u00f3n traducida al idioma ingl\u00e9s, con el objetivo de alcanzar la divulgaci\u00f3n internacional de este estudio.<\/p>\t\t\t\t\t\t\t\t<\/div>\n\t\t\t\t<\/div>\n\t\t\t\t\t<\/div>\n\t\t<\/div>\n\t\t\t\t\t<\/div>\n\t\t<\/section>\n\t\t\t\t<section class=\"elementor-section elementor-top-section elementor-element elementor-element-737d1c0 elementor-section-boxed elementor-section-height-default elementor-section-height-default\" data-id=\"737d1c0\" data-element_type=\"section\" data-e-type=\"section\">\n\t\t\t\t\t\t<div class=\"elementor-container elementor-column-gap-default\">\n\t\t\t\t\t<div class=\"elementor-column elementor-col-100 elementor-top-column elementor-element elementor-element-6ae6c64\" data-id=\"6ae6c64\" data-element_type=\"column\" data-e-type=\"column\">\n\t\t\t<div class=\"elementor-widget-wrap elementor-element-populated\">\n\t\t\t\t\t\t<div class=\"elementor-element elementor-element-4b9f317 elementor-button-info elementor-align-center elementor-widget elementor-widget-button\" data-id=\"4b9f317\" data-element_type=\"widget\" data-e-type=\"widget\" data-widget_type=\"button.default\">\n\t\t\t\t<div class=\"elementor-widget-container\">\n\t\t\t\t\t\t\t\t\t<div class=\"elementor-button-wrapper\">\n\t\t\t\t\t<a class=\"elementor-button elementor-button-link elementor-size-sm\" href=\"https:\/\/dlca.logcluster.org\/es\/panama\" target=\"_blank\" rel=\"nofollow\">\n\t\t\t\t\t\t<span class=\"elementor-button-content-wrapper\">\n\t\t\t\t\t\t<span class=\"elementor-button-icon\">\n\t\t\t\t<i aria-hidden=\"true\" class=\"far fa-newspaper\"><\/i>\t\t\t<\/span>\n\t\t\t\t\t\t\t\t\t<span class=\"elementor-button-text\">Link de acceso<\/span>\n\t\t\t\t\t<\/span>\n\t\t\t\t\t<\/a>\n\t\t\t\t<\/div>\n\t\t\t\t\t\t\t\t<\/div>\n\t\t\t\t<\/div>\n\t\t\t\t\t<\/div>\n\t\t<\/div>\n\t\t\t\t\t<\/div>\n\t\t<\/section>\n\t\t\t\t<\/div>\n\t\t","protected":false},"excerpt":{"rendered":"<p>El Centro Log\u00edstico Regional de Asistencia Humanitaria (CLRAH), como plataforma de facilitaci\u00f3n humanitaria, ha finalizado con el desarrollo del primer [&hellip;]<\/p>\n","protected":false},"author":5,"featured_media":0,"parent":0,"menu_order":0,"comment_status":"closed","ping_status":"closed","template":"","meta":{"site-sidebar-layout":"default","site-content-layout":"","ast-site-content-layout":"default","site-content-style":"default","site-sidebar-style":"default","ast-global-header-display":"","ast-banner-title-visibility":"","ast-main-header-display":"","ast-hfb-above-header-display":"","ast-hfb-below-header-display":"","ast-hfb-mobile-header-display":"","site-post-title":"","ast-breadcrumbs-content":"","ast-featured-img":"","footer-sml-layout":"","ast-disable-related-posts":"","theme-transparent-header-meta":"","adv-header-id-meta":"","stick-header-meta":"","header-above-stick-meta":"","header-main-stick-meta":"","header-below-stick-meta":"","astra-migrate-meta-layouts":"default","ast-page-background-enabled":"default","ast-page-background-meta":{"desktop":{"background-color":"var(--ast-global-color-5)","background-image":"","background-repeat":"repeat","background-position":"center center","background-size":"auto","background-attachment":"scroll","background-type":"","background-media":"","overlay-type":"","overlay-color":"","overlay-opacity":"","overlay-gradient":""},"tablet":{"background-color":"","background-image":"","background-repeat":"repeat","background-position":"center center","background-size":"auto","background-attachment":"scroll","background-type":"","background-media":"","overlay-type":"","overlay-color":"","overlay-opacity":"","overlay-gradient":""},"mobile":{"background-color":"","background-image":"","background-repeat":"repeat","background-position":"center center","background-size":"auto","background-attachment":"scroll","background-type":"","background-media":"","overlay-type":"","overlay-color":"","overlay-opacity":"","overlay-gradient":""}},"ast-content-background-meta":{"desktop":{"background-color":"var(--ast-global-color-4)","background-image":"","background-repeat":"repeat","background-position":"center center","background-size":"auto","background-attachment":"scroll","background-type":"","background-media":"","overlay-type":"","overlay-color":"","overlay-opacity":"","overlay-gradient":""},"tablet":{"background-color":"var(--ast-global-color-4)","background-image":"","background-repeat":"repeat","background-position":"center center","background-size":"auto","background-attachment":"scroll","background-type":"","background-media":"","overlay-type":"","overlay-color":"","overlay-opacity":"","overlay-gradient":""},"mobile":{"background-color":"var(--ast-global-color-4)","background-image":"","background-repeat":"repeat","background-position":"center center","background-size":"auto","background-attachment":"scroll","background-type":"","background-media":"","overlay-type":"","overlay-color":"","overlay-opacity":"","overlay-gradient":""}},"footnotes":""},"class_list":["post-45904","page","type-page","status-publish","hentry"],"rttpg_featured_image_url":null,"rttpg_author":{"display_name":"Administrador Web","author_link":"https:\/\/www.mingob.gob.pa\/hub-humanitario\/author\/nbarrios\/"},"rttpg_comment":0,"rttpg_category":null,"rttpg_excerpt":"El Centro Log\u00edstico Regional de Asistencia Humanitaria (CLRAH), como plataforma de facilitaci\u00f3n humanitaria, ha finalizado con el desarrollo del primer [&hellip;]","_links":{"self":[{"href":"https:\/\/www.mingob.gob.pa\/hub-humanitario\/wp-json\/wp\/v2\/pages\/45904","targetHints":{"allow":["GET"]}}],"collection":[{"href":"https:\/\/www.mingob.gob.pa\/hub-humanitario\/wp-json\/wp\/v2\/pages"}],"about":[{"href":"https:\/\/www.mingob.gob.pa\/hub-humanitario\/wp-json\/wp\/v2\/types\/page"}],"author":[{"embeddable":true,"href":"https:\/\/www.mingob.gob.pa\/hub-humanitario\/wp-json\/wp\/v2\/users\/5"}],"replies":[{"embeddable":true,"href":"https:\/\/www.mingob.gob.pa\/hub-humanitario\/wp-json\/wp\/v2\/comments?post=45904"}],"version-history":[{"count":5,"href":"https:\/\/www.mingob.gob.pa\/hub-humanitario\/wp-json\/wp\/v2\/pages\/45904\/revisions"}],"predecessor-version":[{"id":50485,"href":"https:\/\/www.mingob.gob.pa\/hub-humanitario\/wp-json\/wp\/v2\/pages\/45904\/revisions\/50485"}],"wp:attachment":[{"href":"https:\/\/www.mingob.gob.pa\/hub-humanitario\/wp-json\/wp\/v2\/media?parent=45904"}],"curies":[{"name":"wp","href":"https:\/\/api.w.org\/{rel}","templated":true}]}}