{"id":45773,"date":"2020-10-06T16:52:39","date_gmt":"2020-10-06T16:52:39","guid":{"rendered":"http:\/\/www.mingob.gob.pa\/hub-humanitario\/?page_id=45773"},"modified":"2025-11-25T17:11:09","modified_gmt":"2025-11-25T17:11:09","slug":"actividades-educativas-2020","status":"publish","type":"page","link":"https:\/\/www.mingob.gob.pa\/hub-humanitario\/actividades-educativas-2020\/","title":{"rendered":"Actividades educativas, reuniones, visitas t\u00e9cnicas e informativas 2020"},"content":{"rendered":"\t\t<div data-elementor-type=\"wp-page\" data-elementor-id=\"45773\" class=\"elementor elementor-45773\">\n\t\t\t\t\t\t<section class=\"elementor-section elementor-top-section elementor-element elementor-element-52bb6090 elementor-section-boxed elementor-section-height-default elementor-section-height-default\" data-id=\"52bb6090\" data-element_type=\"section\" data-e-type=\"section\">\n\t\t\t\t\t\t<div class=\"elementor-container elementor-column-gap-default\">\n\t\t\t\t\t<div class=\"elementor-column elementor-col-100 elementor-top-column elementor-element elementor-element-503b8193\" data-id=\"503b8193\" data-element_type=\"column\" data-e-type=\"column\">\n\t\t\t<div class=\"elementor-widget-wrap elementor-element-populated\">\n\t\t\t\t\t\t<div class=\"elementor-element elementor-element-198ba3d1 elementor-widget elementor-widget-text-editor\" data-id=\"198ba3d1\" data-element_type=\"widget\" data-e-type=\"widget\" data-widget_type=\"text-editor.default\">\n\t\t\t\t<div class=\"elementor-widget-container\">\n\t\t\t\t\t\t\t\t\t<p style=\"text-align: justify;\">Durante a\u00f1o 2020, el Centro Log\u00edstico Regional de Asistencia Humanitaria (CLRAH) se convirti\u00f3 en un \u201crecinto\u201d de buenas pr\u00e1cticas humanitarias en la regi\u00f3n y a trav\u00e9s del Centro de Transferencia de Conocimientos (CTC), se reinvent\u00f3 y reestructur\u00f3 su organizaci\u00f3n acad\u00e9mica a causa del COVID-19.<\/p><p style=\"text-align: justify;\">En tal sentido, realizamos 32 actividades desagregadas en reuniones con un enfoque t\u00e9cnico y estrat\u00e9gico en el \u00e1mbito regional; tuvimos visitas restringidas de alto nivel de car\u00e1cter informativas, presentaciones virtuales; as\u00ed mismo hemos participado como panelistas y asistentes a talleres, seminarios virtuales y en medios de comunicaci\u00f3n como en capacitaciones nacionales e internacionales beneficiando a 755 personas, logrando compartir las experiencias, conocimientos y lecciones aprendidas en la gesti\u00f3n de la asistencia y log\u00edstica humanitaria, que se detallan a continuaci\u00f3n:<\/p><h3>Enero 2020<\/h3><table style=\"border-collapse: collapse; width: 98.87%; height: 24px;\" border=\"1\"><tbody><tr style=\"height: 24px;\"><td style=\"width: 8%; text-align: center; height: 24px;\"><strong>#<\/strong><\/td><td style=\"width: 13%; text-align: center; height: 24px;\"><strong>Fecha<\/strong><\/td><td style=\"width: 60%; text-align: center; height: 24px;\"><strong>Actividad<\/strong><\/td><td style=\"width: 16%; text-align: center; height: 24px;\"><strong>N\u00famero de Participantes<\/strong><\/td><\/tr><tr style=\"height: 24px;\"><td style=\"width: 8%; text-align: center; height: 24px;\">1<\/td><td style=\"width: 13%; text-align: center; height: 24px;\">16 &#8211; Enero<\/td><td style=\"width: 60%; height: 24px; text-align: justify;\">Reuni\u00f3n t\u00e9cnica con el Presidente Ejecutivo de Ciudad del Saber para el establecimiento de marco de coordinaci\u00f3n y cooperaci\u00f3n en materia educativa y de log\u00edstica.<\/td><td style=\"width: 16%; height: 24px; text-align: center;\">2<\/td><\/tr><\/tbody><\/table><h3>Febrero 2020<\/h3><table style=\"height: 225px; width: 98.8397%; border-collapse: collapse;\" border=\"1\"><tbody><tr style=\"height: 24px; border-style: none; border-color: #0000000;\"><td style=\"width: 8%; height: 24px; text-align: center;\">2<\/td><td style=\"width: 13%; height: 24px; text-align: center;\">2 &#8211; Febrero<\/td><td style=\"width: 60%; height: 24px; text-align: justify;\">Visita del Asesor Principal de OFDA-USAID, Tim Callagham y su equipo de trabajo para el establecimiento de alianzas de cooperaci\u00f3n.<\/td><td style=\"width: 16%; height: 24px; text-align: center;\">3<\/td><\/tr><tr style=\"height: 24px;\"><td style=\"width: 8%; height: 84px; text-align: center;\">3<\/td><td style=\"width: 13%; height: 84px; text-align: center;\">11 &#8211; Febrero<\/td><td style=\"width: 60%; height: 84px; text-align: justify;\">Visita y actividad educativa con estudiantes de Centennial College de Ontario\u2014Canad\u00e1 a trav\u00e9s de la alianza estrat\u00e9gica con la Fundaci\u00f3n Ciudad del Saber<\/td><td style=\"width: 16%; height: 84px; text-align: center;\">12<\/td><\/tr><tr style=\"height: 24px;\"><td style=\"width: 8%; height: 24px; text-align: center;\">4<\/td><td style=\"width: 13%; height: 24px; text-align: center;\">11 &#8211; Febrero<\/td><td style=\"width: 60%; height: 24px; text-align: justify;\">Reuni\u00f3n con el Presidente de la Cruz Roja Paname\u00f1a para fortalecer lazos de cooperaci\u00f3n y facilitaci\u00f3n log\u00edstica con el CLRAH.<\/td><td style=\"width: 16%; height: 24px; text-align: center;\">4<\/td><\/tr><tr style=\"height: 24px;\"><td style=\"width: 8%; height: 24px; text-align: center;\">5<\/td><td style=\"width: 13%; height: 24px; text-align: center;\">19 &#8211; Febrero<\/td><td style=\"width: 60%; height: 24px; text-align: justify;\">Visita de directivos y servidores p\u00fablicos del Ministerio de Comercio e Industria MICI) para el establecimiento de alianzas estrat\u00e9gicas<\/td><td style=\"width: 16%; height: 24px; text-align: center;\">15<\/td><\/tr><tr><td style=\"width: 8%; text-align: center;\">6<\/td><td style=\"width: 13%; text-align: center;\">28 &#8211; Febrero<\/td><td style=\"width: 60%; text-align: justify;\">Entrenamiento Introducci\u00f3n al Cluster Log\u00edstico<\/td><td style=\"width: 16%; text-align: center;\">2<\/td><\/tr><\/tbody><\/table><h3>Marzo 2020<\/h3><table style=\"border-collapse: collapse; width: 98.6758%;\" border=\"1\"><tbody><tr><td style=\"width: 8%; text-align: center;\">7<\/td><td style=\"width: 13%; text-align: center;\">1-31 Marzo<\/td><td style=\"width: 60%; text-align: justify;\">Reorganizaci\u00f3n y planificaci\u00f3n de actividades, conforme a la pandemia del COVID-19.<\/td><td style=\"width: 16%; text-align: center;\">0<\/td><\/tr><\/tbody><\/table><h3>Abril 2020<\/h3><table style=\"border-collapse: collapse; width: 99.0444%;\" border=\"1\"><tbody><tr><td style=\"width: 8%; text-align: center;\">8<\/td><td style=\"width: 13%; text-align: center;\">1 &#8211; 7 Abril<\/td><td style=\"width: 60%; text-align: justify;\">Reuni\u00f3n de coordinaci\u00f3n y planificaci\u00f3n estrat\u00e9gica sobre el COVID-19 con sus respectivos usuarios.<\/td><td style=\"width: 16%; text-align: center;\">5<\/td><\/tr><\/tbody><\/table><h3>Mayo 2020<\/h3><table style=\"border-collapse: collapse; width: 98.6667%; height: 48px;\" border=\"1\"><tbody><tr style=\"height: 24px;\"><td style=\"width: 8%; height: 24px; text-align: center;\">9<\/td><td style=\"width: 13%; height: 24px; text-align: center;\">1-30 Mayo<\/td><td style=\"width: 60%; height: 24px; text-align: justify;\">Participaci\u00f3n de los servidores p\u00fablicos del CLRAH en actividades educativas, informativas y de capacitaci\u00f3n en asistencia, log\u00edstica humanitaria y COVID-19.<\/td><td style=\"width: 16%; height: 24px; text-align: center;\">5<\/td><\/tr><tr style=\"height: 24px;\"><td style=\"width: 8%; height: 24px; text-align: center;\">10<\/td><td style=\"width: 13%; height: 24px; text-align: center;\">20 &#8211; Mayo<\/td><td style=\"width: 60%; height: 24px; text-align: justify;\">Participaci\u00f3n de la Segunda Reuni\u00f3n Virtual, ruta para el aporte cient\u00edfico ante la pandemia por COVID-19 en la regi\u00f3n SICA del \u201cComit\u00e9 Cient\u00edfico T\u00e9cnico\u201d del Sistema de Integraci\u00f3n Centroamericana (SICA)<\/td><td style=\"width: 16%; height: 24px; text-align: center;\">2<\/td><\/tr><\/tbody><\/table><h3>Junio 2020<\/h3><table style=\"border-collapse: collapse; width: 98.5569%;\" border=\"1\"><tbody><tr><td style=\"width: 8%; text-align: center;\">11<\/td><td style=\"width: 13%; text-align: center;\">3 &#8211; Junio<\/td><td style=\"width: 60%; text-align: justify;\">Participaci\u00f3n en el Panel Integraci\u00f3n de los HUBS Log\u00edsticos entre Panam\u00e1 y Per\u00fa.<\/td><td style=\"width: 16%; text-align: center;\">2<\/td><\/tr><tr><td style=\"width: 8%; text-align: center;\">12<\/td><td style=\"width: 13%; text-align: center;\">15 &#8211; Junio<\/td><td style=\"width: 60%; text-align: justify;\">Participaci\u00f3n del director ejecutivo del CLRAH en el Live Hablemos del Hub Humanitario con la Ministra de Gobierno.<\/td><td style=\"width: 16%; text-align: center;\">2<\/td><\/tr><tr><td style=\"width: 8%; text-align: center;\">13<\/td><td style=\"width: 13%; text-align: center;\">16 &#8211; Junio<\/td><td style=\"width: 60%; text-align: justify;\">Participaci\u00f3n en el Webinar: El CLRAH en tiempos de COVID-19 organizado por el CLRAH con CEPREDENAC.<\/td><td style=\"width: 16%; text-align: center;\">90<\/td><\/tr><tr><td style=\"width: 8%; text-align: center;\">14<\/td><td style=\"width: 13%; text-align: center;\">23 &#8211; Junio<\/td><td style=\"width: 60%; text-align: justify;\">Participaci\u00f3n como ponentes en el panel del Conversatorio: \u201cGeorgia Tech Panama\u2014Supply Chain Engineers Gathering\u201d.<\/td><td style=\"width: 16%; text-align: center;\">1<\/td><\/tr><\/tbody><\/table><h3>Julio 2020<\/h3><table style=\"border-collapse: collapse; width: 98.6674%;\" border=\"1\"><tbody><tr><td style=\"width: 8%; text-align: center;\">15<\/td><td style=\"width: 13%; text-align: center;\">1-30 Julio<\/td><td style=\"width: 60%; text-align: justify;\">Participaci\u00f3n del director ejecutivo del CLRAH en actividades informativas sobre las operaciones humanitarias durante el COVID en diferentes medios de comunicaci\u00f3n.<\/td><td style=\"width: 16%; text-align: center;\">1<\/td><\/tr><\/tbody><\/table><h3>Agosto 2020<\/h3><table style=\"border-collapse: collapse; width: 99.3631%; height: 106px;\" border=\"1\"><tbody><tr style=\"height: 24px;\"><td style=\"width: 8%; height: 10px; text-align: center;\">16<\/td><td style=\"width: 13%; height: 10px; text-align: center;\">4 &#8211; Agosto<\/td><td style=\"width: 60%; height: 10px; text-align: justify;\" width=\"677\"><p>Participaci\u00f3n como panelistas y asistentes en Webinar internacionales y regionales con CEPREDENAC y organismos internacionales:<\/p><ul><li>CEPREDENAC-UNOPS: Infraestructuras Humanitarias Resilientes bajo el enfoque de reducci\u00f3n de riesgos de desastres en el contexto del COVID<\/li><\/ul><\/td><td style=\"width: 16%; height: 10px; text-align: center;\">180<\/td><\/tr><tr style=\"height: 24px;\"><td style=\"width: 8%; height: 24px; text-align: center;\">17<\/td><td style=\"width: 13%; height: 24px; text-align: center;\">14 &#8211; Agosto<\/td><td style=\"width: 6%; height: 24px; text-align: justify;\"><ul><li>CEPREDENAC-Fundaci\u00f3n Ciudades Resilientes:\u00bbRally Resiliencia 2020&#8243;<\/li><\/ul><\/td><td style=\"width: 10.9363%; height: 24px; text-align: center;\">70<\/td><\/tr><tr style=\"height: 24px;\"><td style=\"width: 8%; height: 24px; text-align: center;\">18<\/td><td style=\"width: 13%; height: 24px; text-align: center;\">20 &#8211; Agosto<\/td><td style=\"width: 60%; height: 24px; text-align: justify;\"><ul><li>OCHA: Conmemoraci\u00f3n al D\u00eda Mundial de la Asistencia Humanitaria, \u201cEl Hub Humanitario en Panam\u00e1, una plataforma log\u00edstica, de aprendizaje y de coordinaci\u00f3n.<\/li><\/ul><\/td><td style=\"width: 16%; height: 24px; text-align: center;\">200<\/td><\/tr><tr style=\"height: 24px;\"><td style=\"width: 8%; height: 24px; text-align: center;\">19<\/td><td style=\"width: 13%; height: 24px; text-align: center;\">12 &#8211; Agosto<\/td><td style=\"width: 60%; height: 24px; text-align: justify;\">Participaci\u00f3n en la XXVIII Reuni\u00f3n del Grupo Especial de Desastres de la Asociaci\u00f3n de Estados del Caribe:<\/td><td style=\"width: 16%; height: 24px; text-align: center;\">62<\/td><\/tr><tr style=\"height: 24px;\"><td style=\"width: 8%; height: 24px; text-align: center;\">20<\/td><td style=\"width: 13%; height: 24px; text-align: center;\">16 &#8211; 20\u00a0 Agosto<\/td><td style=\"width: 60%; height: 24px; text-align: justify;\">Participaci\u00f3n del director ejecutivo del CLRAH en actividades informativas sobre el D\u00eda Mundial de la Asistencia Humanitaria.<\/td><td style=\"width: 16%; height: 24px; text-align: center;\">1<\/td><\/tr><\/tbody><\/table><h3>Septiembre 2020<\/h3><table style=\"border-collapse: collapse; width: 99.3631%; height: 106px;\" border=\"1\"><tbody><tr style=\"height: 24px;\"><td style=\"width: 8%; height: 10px; text-align: center;\">21<\/td><td style=\"width: 13%; height: 10px; text-align: center;\">15 &#8211; Septiembre<\/td><td style=\"width: 60%; height: 10px; text-align: justify;\" width=\"677\">Participaci\u00f3n en los medios de comunicaci\u00f3n por parte del director ejecutivo del CLRAH.<\/td><td style=\"width: 16%; height: 10px; text-align: center;\">1<\/td><\/tr><tr style=\"height: 24px;\"><td style=\"width: 8%; height: 24px; text-align: center;\">22<\/td><td style=\"width: 13%; height: 24px; text-align: center;\">29 &#8211; Septiembre<\/td><td style=\"width: 6%; height: 24px; text-align: justify;\">Participaci\u00f3n del Webinar: \u201cPanam\u00e1, Centro Log\u00edstico de la Lucha contra el COVID\u201d, organizado por el Consejo Empresarial Log\u00edstico de Panam\u00e1.<\/td><td style=\"width: 10.9363%; height: 24px; text-align: center;\">4<\/td><\/tr><tr style=\"height: 24px;\"><td style=\"width: 8%; height: 24px; text-align: center;\">23<\/td><td style=\"width: 13%; height: 24px; text-align: center;\">30 &#8211; Septiembre<\/td><td style=\"width: 60%; height: 24px; text-align: justify;\">Participaci\u00f3n del adiestramiento sobre el \u201cManejo de un almac\u00e9n de alivio de desastres\u201d, organizado por el Comando Sur de los Estados Unidos de Am\u00e9rica.<\/td><td style=\"width: 16%; height: 24px; text-align: center;\">2<\/td><\/tr><\/tbody><\/table><h3>Octubre 2020<\/h3><table style=\"border-collapse: collapse; width: 99.3631%; height: 96px;\" border=\"1\"><tbody><tr style=\"height: 24px;\"><td style=\"width: 8%; height: 10px; text-align: center;\">24<\/td><td style=\"width: 13%; height: 10px; text-align: center;\">1-10,\u00a0 Octubre<\/td><td style=\"width: 60%; height: 10px; text-align: justify;\" width=\"677\">Participaci\u00f3n del CLRAH en Primer Expo Empresarial Panam\u00e1 \u2013 Latinoam\u00e9rica, organizado por la C\u00e1mara de Comercio, Industrias y Agricultura de Panam\u00e1 y el Ministerio de Comercio.<\/td><td style=\"width: 16%; height: 10px; text-align: center;\">1<\/td><\/tr><tr style=\"height: 24px;\"><td style=\"width: 8%; height: 24px; text-align: center;\">25<\/td><td style=\"width: 13%; height: 24px; text-align: center;\">13 &#8211; Octubre<\/td><td style=\"width: 6%; height: 24px; text-align: justify;\">Participaci\u00f3n del Webinar \u201cEvidencias que hacen la diferencia\u201d en el marco de la conmemoraci\u00f3n del 13 de octubre, D\u00eda Internacional de la Reducci\u00f3n de Riesgos de Desastres, organizado por Centro de Coordinaci\u00f3n para la Prevenci\u00f3n de los Desastres en Am\u00e9rica Central y Rep\u00fablica Dominicana y la Oficina de las Naciones Unidas para la Reducci\u00f3n del Riesgo de Desastres (CEPREDENAC y UNDRR).<\/td><td style=\"width: 10.9363%; height: 24px; text-align: center;\">1<\/td><\/tr><tr style=\"height: 24px;\"><td style=\"width: 8%; height: 24px; text-align: center;\">26<\/td><td style=\"width: 13%; height: 24px; text-align: center;\">20-22, Octubre<\/td><td style=\"width: 60%; height: 24px; text-align: justify;\">Participaci\u00f3n del \u201cCurso de primeros auxilios; prevenci\u00f3n y extinci\u00f3n de incendios\u201d, organizado por el Comit\u00e9 de Seguridad de la Agencia Panam\u00e1 Pac\u00edfico.<\/td><td style=\"width: 16%; height: 24px; text-align: center;\">2<\/td><\/tr><tr style=\"height: 19px;\"><td style=\"width: 8%; text-align: center; height: 19px;\">27<\/td><td style=\"width: 13%; text-align: center; height: 19px;\">28-Octubre<\/td><td style=\"width: 60%; height: 19px; text-align: justify;\">Realizaci\u00f3n del Webinar con el Consejo Empresarial Log\u00edstico de Panam\u00e1, COEL: \u201cLog\u00edstica Humanitaria: La cadena de suministros en el contexto del COVID-19; cuyo objetivo fue compartir las experiencias del Hub Humanitario con el sector privado.<\/td><td style=\"width: 16%; text-align: center; height: 19px;\">55<\/td><\/tr><tr style=\"height: 19px;\"><td style=\"width: 8%; text-align: center; height: 19px;\">28<\/td><td style=\"width: 13%; text-align: center; height: 19px;\">30-Octubre<\/td><td style=\"width: 60%; height: 19px; text-align: justify;\">Participaci\u00f3n en el Curso de Generalidades en el manejo de la cadena de frio de vacunas y medicamentos con la Organizaci\u00f3n Panamericana de la Salud, OPS\/OMS.<\/td><td style=\"width: 16%; text-align: center; height: 19px;\">2<\/td><\/tr><\/tbody><\/table><h3>Noviembre 2020<\/h3><table style=\"border-collapse: collapse; width: 99.3631%; height: 96px;\" border=\"1\"><tbody><tr style=\"height: 24px;\"><td style=\"width: 8%; height: 10px; text-align: center;\">29<\/td><td style=\"width: 13%; height: 10px; text-align: center;\">13-Noviembre<\/td><td style=\"width: 60%; text-align: left; height: 10px;\" width=\"677\"><p style=\"text-align: justify;\">Visita del director de la Agencia Espa\u00f1ola de Cooperaci\u00f3n Internacional para el Desarrollo (AECID), Magdy Mart\u00ednez Solim\u00e1n, a las instalaciones del Centro Log\u00edstico Regional de Asistencia Humanitaria, CLRAH; espec\u00edficamente al Dep\u00f3sito de Respuesta Humanitaria de las Naciones Unidas.<\/p><\/td><td style=\"width: 16%; height: 10px; text-align: center;\">5<\/td><\/tr><\/tbody><\/table><h3>Diciembre 2020<\/h3><table style=\"border-collapse: collapse; width: 99.3631%; height: 96px;\" border=\"1\"><tbody><tr style=\"height: 24px;\"><td style=\"width: 8%; height: 10px; text-align: center;\">30<\/td><td style=\"width: 13%; height: 10px; text-align: center;\">8 &#8211; Diciembre<\/td><td style=\"width: 60%; height: 10px;\" width=\"677\"><p style=\"text-align: justify;\">Participaci\u00f3n del CLRAH en Reuni\u00f3n Ordinaria digitalmente de la Organizaci\u00f3n de Estados Americanos.<\/p><\/td><td style=\"width: 16%; height: 10px; text-align: center;\">1<\/td><\/tr><tr><td style=\"width: 8%; text-align: center;\">31<\/td><td style=\"width: 13%; text-align: center;\">10 &#8211; Diciembre<\/td><td style=\"width: 60%;\"><p style=\"text-align: justify;\">En el marco de la donaci\u00f3n realizada por el Comando Sur de los Estados Unidos a la Rep\u00fablica de Panam\u00e1, el Centro Log\u00edstico Regional de Asistencia Humanitaria, CLRAH recibi\u00f3 la visita del Jefe del Comando Sur, el Almirante Craig S. Faller, el Se\u00f1or Stewart Tuttle, Encargado de Negocios de la Embajada de Estados Unidos en Panam\u00e1, entre otras personalidades del gobierno norteamericano.<\/p><\/td><td style=\"width: 16%; text-align: center;\">10<\/td><\/tr><tr><td style=\"width: 8%; text-align: center;\">32<\/td><td style=\"width: 13%; text-align: center;\">15-17, Diciembre<\/td><td style=\"width: 60%;\"><p style=\"text-align: justify;\">Participaci\u00f3n del Taller Internacional de Preparaci\u00f3n del Cl\u00faster de Log\u00edstica Global del Programa Mundial de Alimentos, PMA.<\/p><\/td><td style=\"width: 16%; text-align: center;\">4<\/td><\/tr><\/tbody><\/table><table style=\"border-collapse: collapse; width: 99.4199%;\"><tbody><tr><td style=\"width: 83.0674%; text-align: right;\"><h6><strong><em>Total de personas beneficiadas<\/em><\/strong><\/h6><\/td><td style=\"width: 16.3525%; text-align: center;\"><h6><strong><em>755<\/em><\/strong><\/h6><\/td><\/tr><\/tbody><\/table><p style=\"text-align: justify;\"><strong><span style=\"font-size: 10pt;\"><em>** En los meses de marzo y abril, se planific\u00f3 y dise\u00f1o actividades virtuales sobre las operaciones que ejecuta el CLRAH mediante plataformas digitales producto de la pandemia por el COVID-19.<\/em><\/span><\/strong><\/p>\t\t\t\t\t\t\t\t<\/div>\n\t\t\t\t<\/div>\n\t\t\t\t\t<\/div>\n\t\t<\/div>\n\t\t\t\t\t<\/div>\n\t\t<\/section>\n\t\t\t\t<\/div>\n\t\t","protected":false},"excerpt":{"rendered":"<p>Durante a\u00f1o 2020, el Centro Log\u00edstico Regional de Asistencia Humanitaria (CLRAH) se convirti\u00f3 en un \u201crecinto\u201d de buenas pr\u00e1cticas humanitarias [&hellip;]<\/p>\n","protected":false},"author":5,"featured_media":0,"parent":0,"menu_order":0,"comment_status":"closed","ping_status":"closed","template":"","meta":{"site-sidebar-layout":"default","site-content-layout":"","ast-site-content-layout":"default","site-content-style":"default","site-sidebar-style":"default","ast-global-header-display":"","ast-banner-title-visibility":"","ast-main-header-display":"","ast-hfb-above-header-display":"","ast-hfb-below-header-display":"","ast-hfb-mobile-header-display":"","site-post-title":"","ast-breadcrumbs-content":"","ast-featured-img":"","footer-sml-layout":"","ast-disable-related-posts":"","theme-transparent-header-meta":"","adv-header-id-meta":"","stick-header-meta":"","header-above-stick-meta":"","header-main-stick-meta":"","header-below-stick-meta":"","astra-migrate-meta-layouts":"default","ast-page-background-enabled":"default","ast-page-background-meta":{"desktop":{"background-color":"var(--ast-global-color-5)","background-image":"","background-repeat":"repeat","background-position":"center center","background-size":"auto","background-attachment":"scroll","background-type":"","background-media":"","overlay-type":"","overlay-color":"","overlay-opacity":"","overlay-gradient":""},"tablet":{"background-color":"","background-image":"","background-repeat":"repeat","background-position":"center center","background-size":"auto","background-attachment":"scroll","background-type":"","background-media":"","overlay-type":"","overlay-color":"","overlay-opacity":"","overlay-gradient":""},"mobile":{"background-color":"","background-image":"","background-repeat":"repeat","background-position":"center center","background-size":"auto","background-attachment":"scroll","background-type":"","background-media":"","overlay-type":"","overlay-color":"","overlay-opacity":"","overlay-gradient":""}},"ast-content-background-meta":{"desktop":{"background-color":"var(--ast-global-color-4)","background-image":"","background-repeat":"repeat","background-position":"center center","background-size":"auto","background-attachment":"scroll","background-type":"","background-media":"","overlay-type":"","overlay-color":"","overlay-opacity":"","overlay-gradient":""},"tablet":{"background-color":"var(--ast-global-color-4)","background-image":"","background-repeat":"repeat","background-position":"center center","background-size":"auto","background-attachment":"scroll","background-type":"","background-media":"","overlay-type":"","overlay-color":"","overlay-opacity":"","overlay-gradient":""},"mobile":{"background-color":"var(--ast-global-color-4)","background-image":"","background-repeat":"repeat","background-position":"center center","background-size":"auto","background-attachment":"scroll","background-type":"","background-media":"","overlay-type":"","overlay-color":"","overlay-opacity":"","overlay-gradient":""}},"footnotes":""},"class_list":["post-45773","page","type-page","status-publish","hentry"],"rttpg_featured_image_url":null,"rttpg_author":{"display_name":"Administrador Web","author_link":"https:\/\/www.mingob.gob.pa\/hub-humanitario\/author\/nbarrios\/"},"rttpg_comment":0,"rttpg_category":null,"rttpg_excerpt":"Durante a\u00f1o 2020, el Centro Log\u00edstico Regional de Asistencia Humanitaria (CLRAH) se convirti\u00f3 en un \u201crecinto\u201d de buenas pr\u00e1cticas humanitarias [&hellip;]","_links":{"self":[{"href":"https:\/\/www.mingob.gob.pa\/hub-humanitario\/wp-json\/wp\/v2\/pages\/45773","targetHints":{"allow":["GET"]}}],"collection":[{"href":"https:\/\/www.mingob.gob.pa\/hub-humanitario\/wp-json\/wp\/v2\/pages"}],"about":[{"href":"https:\/\/www.mingob.gob.pa\/hub-humanitario\/wp-json\/wp\/v2\/types\/page"}],"author":[{"embeddable":true,"href":"https:\/\/www.mingob.gob.pa\/hub-humanitario\/wp-json\/wp\/v2\/users\/5"}],"replies":[{"embeddable":true,"href":"https:\/\/www.mingob.gob.pa\/hub-humanitario\/wp-json\/wp\/v2\/comments?post=45773"}],"version-history":[{"count":5,"href":"https:\/\/www.mingob.gob.pa\/hub-humanitario\/wp-json\/wp\/v2\/pages\/45773\/revisions"}],"predecessor-version":[{"id":50491,"href":"https:\/\/www.mingob.gob.pa\/hub-humanitario\/wp-json\/wp\/v2\/pages\/45773\/revisions\/50491"}],"wp:attachment":[{"href":"https:\/\/www.mingob.gob.pa\/hub-humanitario\/wp-json\/wp\/v2\/media?parent=45773"}],"curies":[{"name":"wp","href":"https:\/\/api.w.org\/{rel}","templated":true}]}}