{"id":45,"date":"2018-01-30T15:30:37","date_gmt":"2018-01-30T15:30:37","guid":{"rendered":"http:\/\/www.mingob.gob.pa\/hub-humanitario\/?page_id=45"},"modified":"2025-11-25T16:56:34","modified_gmt":"2025-11-25T16:56:34","slug":"centro-logistico-regional-de-asistencia-humanitaria","status":"publish","type":"page","link":"https:\/\/www.mingob.gob.pa\/hub-humanitario\/centro-logistico-regional-de-asistencia-humanitaria\/","title":{"rendered":"Centro Log\u00edstico Regional de Asistencia Humanitaria"},"content":{"rendered":"\t\t<div data-elementor-type=\"wp-page\" data-elementor-id=\"45\" class=\"elementor elementor-45\">\n\t\t\t\t\t\t<section class=\"elementor-section elementor-top-section elementor-element elementor-element-11ab5ab0 elementor-section-boxed elementor-section-height-default elementor-section-height-default\" data-id=\"11ab5ab0\" data-element_type=\"section\" data-e-type=\"section\">\n\t\t\t\t\t\t<div class=\"elementor-container elementor-column-gap-default\">\n\t\t\t\t\t<div class=\"elementor-column elementor-col-100 elementor-top-column elementor-element elementor-element-1c519c85\" data-id=\"1c519c85\" data-element_type=\"column\" data-e-type=\"column\">\n\t\t\t<div class=\"elementor-widget-wrap elementor-element-populated\">\n\t\t\t\t\t\t<div class=\"elementor-element elementor-element-39fd6b46 elementor-widget elementor-widget-text-editor\" data-id=\"39fd6b46\" data-element_type=\"widget\" data-e-type=\"widget\" data-widget_type=\"text-editor.default\">\n\t\t\t\t<div class=\"elementor-widget-container\">\n\t\t\t\t\t\t\t\t\t<p style=\"text-align: justify;\"><strong>Hub Humanitario de las Am\u00e9ricas <\/strong><\/p><p style=\"text-align: justify;\">Los pa\u00edses de Am\u00e9rica Latina y el Caribe siguen siendo afectados por eventos adversos que han culminado en grandes desastres asociados a las m\u00faltiples amenazas que prevalecen en la regi\u00f3n por ende la ayuda humanitaria que proveen pa\u00edses amigos muchas veces no logra ser traslada a tiempo y con la efectividad que se requiere al pa\u00eds afectado.<\/p><p style=\"text-align: justify;\">Ante esta situaci\u00f3n, el Gobierno Nacional de la Rep\u00fablica de Panam\u00e1 ha presentado al servicio del mundo, y espec\u00edficamente a la regi\u00f3n Latinoamericana, una propuesta de cooperaci\u00f3n t\u00e9cnica internacional para el apoyo y asistencia humanitaria regional consistente en la creaci\u00f3n de una plataforma log\u00edstica que facilite la coordinaci\u00f3n estrat\u00e9gica de recurso humano y equipos, as\u00ed como la recepci\u00f3n, manejo y despacho de suministros orientados a apoyar la ayuda humanitaria a situaciones de cat\u00e1strofes nacionales e internacionales.<\/p><p style=\"text-align: justify;\">El Centro Log\u00edstico Regional de Asistencia Humanitaria (CLRAH), surge por la necesidad de proporcionar una infraestructura con los servicios necesarios para una mejor coordinaci\u00f3n y eficiencia antes, durante y despu\u00e9s de una crisis humanitaria que requiera de la cooperaci\u00f3n internacional del pa\u00eds afectado.<\/p>\t\t\t\t\t\t\t\t<\/div>\n\t\t\t\t<\/div>\n\t\t\t\t\t<\/div>\n\t\t<\/div>\n\t\t\t\t\t<\/div>\n\t\t<\/section>\n\t\t\t\t<section class=\"elementor-section elementor-top-section elementor-element elementor-element-7aa6100 elementor-section-full_width elementor-section-height-default elementor-section-height-default\" data-id=\"7aa6100\" data-element_type=\"section\" data-e-type=\"section\">\n\t\t\t\t\t\t<div class=\"elementor-container elementor-column-gap-default\">\n\t\t\t\t\t<div class=\"elementor-column elementor-col-100 elementor-top-column elementor-element elementor-element-553f8b0\" data-id=\"553f8b0\" data-element_type=\"column\" data-e-type=\"column\">\n\t\t\t<div class=\"elementor-widget-wrap elementor-element-populated\">\n\t\t\t\t\t\t<div class=\"elementor-element elementor-element-0a456cd elementor-widget elementor-widget-image\" data-id=\"0a456cd\" data-element_type=\"widget\" data-e-type=\"widget\" data-widget_type=\"image.default\">\n\t\t\t\t<div class=\"elementor-widget-container\">\n\t\t\t\t\t\t\t\t\t\t\t\t\t\t\t\t<a href=\"https:\/\/www.mingob.gob.pa\/hub-humanitario\/wp-content\/uploads\/sites\/19\/2025\/11\/f22.png\" data-elementor-open-lightbox=\"yes\" data-elementor-lightbox-title=\"f22\" data-e-action-hash=\"#elementor-action%3Aaction%3Dlightbox%26settings%3DeyJpZCI6NTAyNTAsInVybCI6Imh0dHBzOlwvXC93d3cubWluZ29iLmdvYi5wYVwvaHViLWh1bWFuaXRhcmlvXC93cC1jb250ZW50XC91cGxvYWRzXC9zaXRlc1wvMTlcLzIwMjVcLzExXC9mMjIucG5nIn0%3D\">\n\t\t\t\t\t\t\t<img fetchpriority=\"high\" decoding=\"async\" width=\"768\" height=\"432\" src=\"https:\/\/www.mingob.gob.pa\/hub-humanitario\/wp-content\/uploads\/sites\/19\/2025\/11\/f22-768x432.png\" class=\"attachment-medium_large size-medium_large wp-image-50250\" alt=\"\" srcset=\"https:\/\/www.mingob.gob.pa\/hub-humanitario\/wp-content\/uploads\/sites\/19\/2025\/11\/f22-768x432.png 768w, https:\/\/www.mingob.gob.pa\/hub-humanitario\/wp-content\/uploads\/sites\/19\/2025\/11\/f22-300x169.png 300w, https:\/\/www.mingob.gob.pa\/hub-humanitario\/wp-content\/uploads\/sites\/19\/2025\/11\/f22-1030x579.png 1030w, https:\/\/www.mingob.gob.pa\/hub-humanitario\/wp-content\/uploads\/sites\/19\/2025\/11\/f22.png 1366w\" sizes=\"(max-width: 768px) 100vw, 768px\" \/>\t\t\t\t\t\t\t\t<\/a>\n\t\t\t\t\t\t\t\t\t\t\t\t\t\t\t<\/div>\n\t\t\t\t<\/div>\n\t\t\t\t\t<\/div>\n\t\t<\/div>\n\t\t\t\t\t<\/div>\n\t\t<\/section>\n\t\t\t\t<section class=\"elementor-section elementor-top-section elementor-element elementor-element-0e78e5d elementor-section-boxed elementor-section-height-default elementor-section-height-default\" data-id=\"0e78e5d\" data-element_type=\"section\" data-e-type=\"section\">\n\t\t\t\t\t\t<div class=\"elementor-container elementor-column-gap-default\">\n\t\t\t\t\t<div class=\"elementor-column elementor-col-100 elementor-top-column elementor-element elementor-element-35839ee\" data-id=\"35839ee\" data-element_type=\"column\" data-e-type=\"column\">\n\t\t\t<div class=\"elementor-widget-wrap elementor-element-populated\">\n\t\t\t\t\t\t<div class=\"elementor-element elementor-element-fe5b75d elementor-widget elementor-widget-text-editor\" data-id=\"fe5b75d\" data-element_type=\"widget\" data-e-type=\"widget\" data-widget_type=\"text-editor.default\">\n\t\t\t\t<div class=\"elementor-widget-container\">\n\t\t\t\t\t\t\t\t\t<p><strong>El CLRAH cuenta con:<\/strong><\/p><ul><li>Tres bodegas con un \u00e1rea total de almacenamiento interno de 12,000 m<sup>2<\/sup><\/li><li>Cuartos fr\u00edos de uso compartido con rangos de temperatura refrigerada a congelada.<\/li><li>\u00c1reas de patio para almacenamiento de carga sobredimensionada, contenedores y almacenes m\u00f3viles.<\/li><li>Edificio Administrativo<\/li><li>Garita de control de acceso<\/li><li>V\u00edas para el tr\u00e1fico interno, y \u00e1reas de estacionamiento y manejo de carga.<\/li><\/ul>\t\t\t\t\t\t\t\t<\/div>\n\t\t\t\t<\/div>\n\t\t\t\t\t<\/div>\n\t\t<\/div>\n\t\t\t\t\t<\/div>\n\t\t<\/section>\n\t\t\t\t<section class=\"elementor-section elementor-top-section elementor-element elementor-element-12809e2 elementor-section-boxed elementor-section-height-default elementor-section-height-default\" data-id=\"12809e2\" data-element_type=\"section\" data-e-type=\"section\">\n\t\t\t\t\t\t<div class=\"elementor-container elementor-column-gap-default\">\n\t\t\t\t\t<div class=\"elementor-column elementor-col-100 elementor-top-column elementor-element elementor-element-69bd050\" data-id=\"69bd050\" data-element_type=\"column\" data-e-type=\"column\">\n\t\t\t<div class=\"elementor-widget-wrap elementor-element-populated\">\n\t\t\t\t\t\t<div class=\"elementor-element elementor-element-8b4d015 elementor-widget elementor-widget-image\" data-id=\"8b4d015\" data-element_type=\"widget\" data-e-type=\"widget\" data-widget_type=\"image.default\">\n\t\t\t\t<div class=\"elementor-widget-container\">\n\t\t\t\t\t\t\t\t\t\t\t\t\t\t\t<img decoding=\"async\" width=\"1030\" height=\"295\" src=\"https:\/\/www.mingob.gob.pa\/hub-humanitario\/wp-content\/uploads\/sites\/19\/2025\/11\/DJI_0585-1500x430-1-1030x295.jpg\" class=\"attachment-large size-large wp-image-50252\" alt=\"\" srcset=\"https:\/\/www.mingob.gob.pa\/hub-humanitario\/wp-content\/uploads\/sites\/19\/2025\/11\/DJI_0585-1500x430-1-1030x295.jpg 1030w, https:\/\/www.mingob.gob.pa\/hub-humanitario\/wp-content\/uploads\/sites\/19\/2025\/11\/DJI_0585-1500x430-1-300x86.jpg 300w, https:\/\/www.mingob.gob.pa\/hub-humanitario\/wp-content\/uploads\/sites\/19\/2025\/11\/DJI_0585-1500x430-1-768x220.jpg 768w, https:\/\/www.mingob.gob.pa\/hub-humanitario\/wp-content\/uploads\/sites\/19\/2025\/11\/DJI_0585-1500x430-1.jpg 1500w\" sizes=\"(max-width: 1030px) 100vw, 1030px\" \/>\t\t\t\t\t\t\t\t\t\t\t\t\t\t\t<\/div>\n\t\t\t\t<\/div>\n\t\t\t\t\t<\/div>\n\t\t<\/div>\n\t\t\t\t\t<\/div>\n\t\t<\/section>\n\t\t\t\t<\/div>\n\t\t","protected":false},"excerpt":{"rendered":"<p>Hub Humanitario de las Am\u00e9ricas Los pa\u00edses de Am\u00e9rica Latina y el Caribe siguen siendo afectados por eventos adversos que [&hellip;]<\/p>\n","protected":false},"author":24,"featured_media":0,"parent":0,"menu_order":0,"comment_status":"closed","ping_status":"closed","template":"","meta":{"site-sidebar-layout":"default","site-content-layout":"","ast-site-content-layout":"default","site-content-style":"default","site-sidebar-style":"default","ast-global-header-display":"","ast-banner-title-visibility":"","ast-main-header-display":"","ast-hfb-above-header-display":"","ast-hfb-below-header-display":"","ast-hfb-mobile-header-display":"","site-post-title":"","ast-breadcrumbs-content":"","ast-featured-img":"","footer-sml-layout":"","ast-disable-related-posts":"","theme-transparent-header-meta":"","adv-header-id-meta":"","stick-header-meta":"","header-above-stick-meta":"","header-main-stick-meta":"","header-below-stick-meta":"","astra-migrate-meta-layouts":"default","ast-page-background-enabled":"default","ast-page-background-meta":{"desktop":{"background-color":"var(--ast-global-color-5)","background-image":"","background-repeat":"repeat","background-position":"center center","background-size":"auto","background-attachment":"scroll","background-type":"","background-media":"","overlay-type":"","overlay-color":"","overlay-opacity":"","overlay-gradient":""},"tablet":{"background-color":"","background-image":"","background-repeat":"repeat","background-position":"center center","background-size":"auto","background-attachment":"scroll","background-type":"","background-media":"","overlay-type":"","overlay-color":"","overlay-opacity":"","overlay-gradient":""},"mobile":{"background-color":"","background-image":"","background-repeat":"repeat","background-position":"center center","background-size":"auto","background-attachment":"scroll","background-type":"","background-media":"","overlay-type":"","overlay-color":"","overlay-opacity":"","overlay-gradient":""}},"ast-content-background-meta":{"desktop":{"background-color":"var(--ast-global-color-4)","background-image":"","background-repeat":"repeat","background-position":"center center","background-size":"auto","background-attachment":"scroll","background-type":"","background-media":"","overlay-type":"","overlay-color":"","overlay-opacity":"","overlay-gradient":""},"tablet":{"background-color":"var(--ast-global-color-4)","background-image":"","background-repeat":"repeat","background-position":"center center","background-size":"auto","background-attachment":"scroll","background-type":"","background-media":"","overlay-type":"","overlay-color":"","overlay-opacity":"","overlay-gradient":""},"mobile":{"background-color":"var(--ast-global-color-4)","background-image":"","background-repeat":"repeat","background-position":"center center","background-size":"auto","background-attachment":"scroll","background-type":"","background-media":"","overlay-type":"","overlay-color":"","overlay-opacity":"","overlay-gradient":""}},"footnotes":""},"class_list":["post-45","page","type-page","status-publish","hentry"],"rttpg_featured_image_url":null,"rttpg_author":{"display_name":"egraell","author_link":"https:\/\/www.mingob.gob.pa\/hub-humanitario\/author\/egraell\/"},"rttpg_comment":0,"rttpg_category":null,"rttpg_excerpt":"Hub Humanitario de las Am\u00e9ricas Los pa\u00edses de Am\u00e9rica Latina y el Caribe siguen siendo afectados por eventos adversos que [&hellip;]","_links":{"self":[{"href":"https:\/\/www.mingob.gob.pa\/hub-humanitario\/wp-json\/wp\/v2\/pages\/45","targetHints":{"allow":["GET"]}}],"collection":[{"href":"https:\/\/www.mingob.gob.pa\/hub-humanitario\/wp-json\/wp\/v2\/pages"}],"about":[{"href":"https:\/\/www.mingob.gob.pa\/hub-humanitario\/wp-json\/wp\/v2\/types\/page"}],"author":[{"embeddable":true,"href":"https:\/\/www.mingob.gob.pa\/hub-humanitario\/wp-json\/wp\/v2\/users\/24"}],"replies":[{"embeddable":true,"href":"https:\/\/www.mingob.gob.pa\/hub-humanitario\/wp-json\/wp\/v2\/comments?post=45"}],"version-history":[{"count":5,"href":"https:\/\/www.mingob.gob.pa\/hub-humanitario\/wp-json\/wp\/v2\/pages\/45\/revisions"}],"predecessor-version":[{"id":50443,"href":"https:\/\/www.mingob.gob.pa\/hub-humanitario\/wp-json\/wp\/v2\/pages\/45\/revisions\/50443"}],"wp:attachment":[{"href":"https:\/\/www.mingob.gob.pa\/hub-humanitario\/wp-json\/wp\/v2\/media?parent=45"}],"curies":[{"name":"wp","href":"https:\/\/api.w.org\/{rel}","templated":true}]}}