{"id":35,"date":"2018-01-30T15:24:25","date_gmt":"2018-01-30T15:24:25","guid":{"rendered":"http:\/\/www.mingob.gob.pa\/hub-humanitario\/?page_id=35"},"modified":"2025-11-25T16:18:47","modified_gmt":"2025-11-25T16:18:47","slug":"marco-legal","status":"publish","type":"page","link":"https:\/\/www.mingob.gob.pa\/hub-humanitario\/marco-legal\/","title":{"rendered":"Marco Legal"},"content":{"rendered":"\t\t<div data-elementor-type=\"wp-page\" data-elementor-id=\"35\" class=\"elementor elementor-35\">\n\t\t\t\t\t\t<section class=\"elementor-section elementor-top-section elementor-element elementor-element-1f099e8c elementor-section-boxed elementor-section-height-default elementor-section-height-default\" data-id=\"1f099e8c\" data-element_type=\"section\" data-e-type=\"section\">\n\t\t\t\t\t\t<div class=\"elementor-container elementor-column-gap-default\">\n\t\t\t\t\t<div class=\"elementor-column elementor-col-100 elementor-top-column elementor-element elementor-element-4c1ac737\" data-id=\"4c1ac737\" data-element_type=\"column\" data-e-type=\"column\">\n\t\t\t<div class=\"elementor-widget-wrap elementor-element-populated\">\n\t\t\t\t\t\t<div class=\"elementor-element elementor-element-245fcc3c elementor-widget elementor-widget-text-editor\" data-id=\"245fcc3c\" data-element_type=\"widget\" data-e-type=\"widget\" data-widget_type=\"text-editor.default\">\n\t\t\t\t<div class=\"elementor-widget-container\">\n\t\t\t\t\t\t\t\t\t<p style=\"text-align: justify;\">El Centro Log\u00edstico Regional de Asistencia Humanitaria (CLRAH) se fundamenta en la Ley 80 de 14 de diciembre de 2017 (Gaceta Oficial No, 28426-A) con el cual se crea como una unidad adscrita al Ministerio de Gobierno (Art.1).<\/p><p style=\"text-align: justify;\">El CLRAH fungir\u00e1 como entidad especial del Estado encargada de la planificaci\u00f3n y ejecuci\u00f3n de las acciones administrativas necesarias para un eficiente manejo de la ayuda humanitaria regional, dentro del marco de la Constituci\u00f3n Pol\u00edtica, las leyes, acuerdos internacionales y reglamentos vigentes en la Rep\u00fablica de Panam\u00e1 (Art.3).<\/p><p style=\"text-align: justify;\">El CLRAH trabajar\u00e1 como una instancia de facilitaci\u00f3n abierta, segura, neutral y confiable para el tr\u00e1nsito pac\u00edfico de recurso humano, equipo e insumos de car\u00e1cter humanitario por medios mar\u00edtimos, a\u00e9reos y terrestres de todas las naciones en t\u00e9rminos de entera igualdad, de modo que no exista discriminaci\u00f3n en su tratamiento contra ninguna naci\u00f3n ni sus ciudadanos (Art.4).<\/p><p style=\"text-align: justify;\">El Cap\u00edtulo II de la Ley 80 describe la conformaci\u00f3n del CLRAH, mientras que en su Cap\u00edtulo III, se describe la capacidad de ofrecer servicios de facilitaci\u00f3n log\u00edstica a un conjunto de actores denominados Usuarios, los cuales ser\u00e1n nacionales e internacionales.\u00a0 A su vez, en el CLRAH podr\u00e1n interactuar Socios Estrat\u00e9gicos como entidades de apoyo a las acciones de asistencia humanitaria que se desarrollen en el complejo.\u00a0 Los Beneficiarios ser\u00e1n las poblaciones con necesidades de asistencia humanitaria en los Estados, pa\u00edses y territorios que as\u00ed lo requieran.<\/p><p style=\"text-align: justify;\">Los subsiguientes Cap\u00edtulos (IV, V y VI) presentan las funciones del CLRAH, su Administrador y el Consejo Asesor.<\/p><h3 style=\"text-align: justify;\">Para acceder a la Ley 80 de 14 de diciembre de 2017, digite el siguiente enlace:<\/h3><p style=\"text-align: justify;\"><a href=\"https:\/\/www.gacetaoficial.gob.pa\/pdfTemp\/28426_A\/65034.pdf\" target=\"_blank\" rel=\"noopener noreferrer\">https:\/\/www.gacetaoficial.gob.pa\/pdfTemp\/28426_A\/65034.pdf<\/a><\/p><p style=\"text-align: justify;\"><a href=\"https:\/\/www.gacetaoficial.gob.pa\/pdfTemp\/28658\/70288.pdf\" target=\"_blank\" rel=\"noopener noreferrer\">https:\/\/www.gacetaoficial.gob.pa\/pdfTemp\/28658\/70288.pdf<\/a><\/p>\t\t\t\t\t\t\t\t<\/div>\n\t\t\t\t<\/div>\n\t\t\t\t\t<\/div>\n\t\t<\/div>\n\t\t\t\t\t<\/div>\n\t\t<\/section>\n\t\t\t\t<\/div>\n\t\t","protected":false},"excerpt":{"rendered":"<p>El Centro Log\u00edstico Regional de Asistencia Humanitaria (CLRAH) se fundamenta en la Ley 80 de 14 de diciembre de 2017 [&hellip;]<\/p>\n","protected":false},"author":24,"featured_media":0,"parent":0,"menu_order":0,"comment_status":"closed","ping_status":"closed","template":"","meta":{"site-sidebar-layout":"default","site-content-layout":"","ast-site-content-layout":"default","site-content-style":"default","site-sidebar-style":"default","ast-global-header-display":"","ast-banner-title-visibility":"","ast-main-header-display":"","ast-hfb-above-header-display":"","ast-hfb-below-header-display":"","ast-hfb-mobile-header-display":"","site-post-title":"","ast-breadcrumbs-content":"","ast-featured-img":"","footer-sml-layout":"","ast-disable-related-posts":"","theme-transparent-header-meta":"","adv-header-id-meta":"","stick-header-meta":"","header-above-stick-meta":"","header-main-stick-meta":"","header-below-stick-meta":"","astra-migrate-meta-layouts":"default","ast-page-background-enabled":"default","ast-page-background-meta":{"desktop":{"background-color":"var(--ast-global-color-5)","background-image":"","background-repeat":"repeat","background-position":"center center","background-size":"auto","background-attachment":"scroll","background-type":"","background-media":"","overlay-type":"","overlay-color":"","overlay-opacity":"","overlay-gradient":""},"tablet":{"background-color":"","background-image":"","background-repeat":"repeat","background-position":"center center","background-size":"auto","background-attachment":"scroll","background-type":"","background-media":"","overlay-type":"","overlay-color":"","overlay-opacity":"","overlay-gradient":""},"mobile":{"background-color":"","background-image":"","background-repeat":"repeat","background-position":"center center","background-size":"auto","background-attachment":"scroll","background-type":"","background-media":"","overlay-type":"","overlay-color":"","overlay-opacity":"","overlay-gradient":""}},"ast-content-background-meta":{"desktop":{"background-color":"var(--ast-global-color-4)","background-image":"","background-repeat":"repeat","background-position":"center center","background-size":"auto","background-attachment":"scroll","background-type":"","background-media":"","overlay-type":"","overlay-color":"","overlay-opacity":"","overlay-gradient":""},"tablet":{"background-color":"var(--ast-global-color-4)","background-image":"","background-repeat":"repeat","background-position":"center center","background-size":"auto","background-attachment":"scroll","background-type":"","background-media":"","overlay-type":"","overlay-color":"","overlay-opacity":"","overlay-gradient":""},"mobile":{"background-color":"var(--ast-global-color-4)","background-image":"","background-repeat":"repeat","background-position":"center center","background-size":"auto","background-attachment":"scroll","background-type":"","background-media":"","overlay-type":"","overlay-color":"","overlay-opacity":"","overlay-gradient":""}},"footnotes":""},"class_list":["post-35","page","type-page","status-publish","hentry"],"rttpg_featured_image_url":null,"rttpg_author":{"display_name":"egraell","author_link":"https:\/\/www.mingob.gob.pa\/hub-humanitario\/author\/egraell\/"},"rttpg_comment":0,"rttpg_category":null,"rttpg_excerpt":"El Centro Log\u00edstico Regional de Asistencia Humanitaria (CLRAH) se fundamenta en la Ley 80 de 14 de diciembre de 2017 [&hellip;]","_links":{"self":[{"href":"https:\/\/www.mingob.gob.pa\/hub-humanitario\/wp-json\/wp\/v2\/pages\/35","targetHints":{"allow":["GET"]}}],"collection":[{"href":"https:\/\/www.mingob.gob.pa\/hub-humanitario\/wp-json\/wp\/v2\/pages"}],"about":[{"href":"https:\/\/www.mingob.gob.pa\/hub-humanitario\/wp-json\/wp\/v2\/types\/page"}],"author":[{"embeddable":true,"href":"https:\/\/www.mingob.gob.pa\/hub-humanitario\/wp-json\/wp\/v2\/users\/24"}],"replies":[{"embeddable":true,"href":"https:\/\/www.mingob.gob.pa\/hub-humanitario\/wp-json\/wp\/v2\/comments?post=35"}],"version-history":[{"count":5,"href":"https:\/\/www.mingob.gob.pa\/hub-humanitario\/wp-json\/wp\/v2\/pages\/35\/revisions"}],"predecessor-version":[{"id":50415,"href":"https:\/\/www.mingob.gob.pa\/hub-humanitario\/wp-json\/wp\/v2\/pages\/35\/revisions\/50415"}],"wp:attachment":[{"href":"https:\/\/www.mingob.gob.pa\/hub-humanitario\/wp-json\/wp\/v2\/media?parent=35"}],"curies":[{"name":"wp","href":"https:\/\/api.w.org\/{rel}","templated":true}]}}