{"id":256,"date":"2018-03-13T17:38:35","date_gmt":"2018-03-13T17:38:35","guid":{"rendered":"http:\/\/www.mingob.gob.pa\/hub-humanitario\/?page_id=256"},"modified":"2025-11-25T16:15:16","modified_gmt":"2025-11-25T16:15:16","slug":"contactanos","status":"publish","type":"page","link":"https:\/\/www.mingob.gob.pa\/hub-humanitario\/contactanos\/","title":{"rendered":"Cont\u00e1ctanos"},"content":{"rendered":"\t\t<div data-elementor-type=\"wp-page\" data-elementor-id=\"256\" class=\"elementor elementor-256\">\n\t\t\t\t\t\t<section class=\"elementor-section elementor-top-section elementor-element elementor-element-1e9c055 elementor-section-boxed elementor-section-height-default elementor-section-height-default\" data-id=\"1e9c055\" data-element_type=\"section\" data-e-type=\"section\">\n\t\t\t\t\t\t<div class=\"elementor-container elementor-column-gap-default\">\n\t\t\t\t\t<div class=\"elementor-column elementor-col-33 elementor-top-column elementor-element elementor-element-55fbaa2\" data-id=\"55fbaa2\" data-element_type=\"column\" data-e-type=\"column\">\n\t\t\t<div class=\"elementor-widget-wrap elementor-element-populated\">\n\t\t\t\t\t\t<div class=\"elementor-element elementor-element-8980d75 elementor-widget elementor-widget-sina_content_box\" data-id=\"8980d75\" data-element_type=\"widget\" data-e-type=\"widget\" data-widget_type=\"sina_content_box.default\">\n\t\t\t\t<div class=\"elementor-widget-container\">\n\t\t\t\t\t\t\t<div class=\"sina-content-box clearfix sina-content-box-zoom \">\r\n\r\n\t\t\t\r\n\t\t\t\r\n\t\t\t\t\t\t\t\t\t\t\t\t\t\t<div class=\"sina-content-box-icon \">\r\n\t\t\t\t\t\t\t<i class=\"icofont icofont-location-pin\"><\/i>\r\n\t\t\t\t\t\t<\/div>\r\n\t\t\t\t\t\r\n\t\t\t\t\t<div class=\"sina-content-box-content\">\r\n\t\t\t\t\t\t\t\t\t\t\t\t\t<h3 class=\"sina-content-box-title\">\r\n\t\t\t\t\t\t\t\t\t\t\t\t\t\t\t\t\tUbicaci\u00f3n\t\t\t\t\t\t\t\t\t\t\t\t\t\t\t<\/h3>\r\n\t\t\t\t\t\t\r\n\t\t\t\t\t\t\t\t\t\t\t\t\t<div class=\"sina-content-box-desc\">Edificio de Administraci\u00f3n\nBoulevard de Las Am\u00e9ricas\nPanam\u00e1 Pac\u00edfico\nVeracruz, Panam\u00e1 Oeste<\/div>\t\t\t\t\t\t\r\n\t\t\t\t\t\t\t\t\t\t\t<\/div>\r\n\t\t\t\t\t<\/div><!-- .sina-content-box -->\r\n\t\t\t\t\t\t<\/div>\n\t\t\t\t<\/div>\n\t\t\t\t\t<\/div>\n\t\t<\/div>\n\t\t\t\t<div class=\"elementor-column elementor-col-33 elementor-top-column elementor-element elementor-element-8ef0176\" data-id=\"8ef0176\" data-element_type=\"column\" data-e-type=\"column\">\n\t\t\t<div class=\"elementor-widget-wrap elementor-element-populated\">\n\t\t\t\t\t\t<div class=\"elementor-element elementor-element-c554310 elementor-widget elementor-widget-sina_content_box\" data-id=\"c554310\" data-element_type=\"widget\" data-e-type=\"widget\" data-widget_type=\"sina_content_box.default\">\n\t\t\t\t<div class=\"elementor-widget-container\">\n\t\t\t\t\t\t\t<div class=\"sina-content-box clearfix sina-content-box-zoom \">\r\n\r\n\t\t\t\r\n\t\t\t\r\n\t\t\t\t\t\t\t\t\t\t\t\t\t\t<div class=\"sina-content-box-icon \">\r\n\t\t\t\t\t\t\t<i class=\"icofont icofont-ui-dial-phone\"><\/i>\r\n\t\t\t\t\t\t<\/div>\r\n\t\t\t\t\t\r\n\t\t\t\t\t<div class=\"sina-content-box-content\">\r\n\t\t\t\t\t\t\t\t\t\t\t\t\t<h3 class=\"sina-content-box-title\">\r\n\t\t\t\t\t\t\t\t\t\t\t\t\t\t\t\t\tTel\u00e9fonos \t\t\t\t\t\t\t\t\t\t\t\t\t\t\t<\/h3>\r\n\t\t\t\t\t\t\r\n\t\t\t\t\t\t\t\t\t\t\t\t\t<div class=\"sina-content-box-desc\">520-4618\/4619<\/div>\t\t\t\t\t\t\r\n\t\t\t\t\t\t\t\t\t\t\t<\/div>\r\n\t\t\t\t\t<\/div><!-- .sina-content-box -->\r\n\t\t\t\t\t\t<\/div>\n\t\t\t\t<\/div>\n\t\t\t\t\t<\/div>\n\t\t<\/div>\n\t\t\t\t<div class=\"elementor-column elementor-col-33 elementor-top-column elementor-element elementor-element-8b55d17\" data-id=\"8b55d17\" data-element_type=\"column\" data-e-type=\"column\">\n\t\t\t<div class=\"elementor-widget-wrap elementor-element-populated\">\n\t\t\t\t\t\t<div class=\"elementor-element elementor-element-587d039 elementor-widget elementor-widget-sina_content_box\" data-id=\"587d039\" data-element_type=\"widget\" data-e-type=\"widget\" data-widget_type=\"sina_content_box.default\">\n\t\t\t\t<div class=\"elementor-widget-container\">\n\t\t\t\t\t\t\t<div class=\"sina-content-box clearfix sina-content-box-zoom \">\r\n\r\n\t\t\t\r\n\t\t\t\r\n\t\t\t\t\t\t\t\t\t\t\t\t\t\t<div class=\"sina-content-box-icon \">\r\n\t\t\t\t\t\t\t<i class=\"icofont icofont-email\"><\/i>\r\n\t\t\t\t\t\t<\/div>\r\n\t\t\t\t\t\r\n\t\t\t\t\t<div class=\"sina-content-box-content\">\r\n\t\t\t\t\t\t\t\t\t\t\t\t\t<h3 class=\"sina-content-box-title\">\r\n\t\t\t\t\t\t\t\t\t\t\t\t\t\t\t\t\tCorreo Electr\u00f3nico \t\t\t\t\t\t\t\t\t\t\t\t\t\t\t<\/h3>\r\n\t\t\t\t\t\t\r\n\t\t\t\t\t\t\t\t\t\t\t\t\t<div class=\"sina-content-box-desc\">clrah@mingob.gob.pa<\/div>\t\t\t\t\t\t\r\n\t\t\t\t\t\t\t\t\t\t\t<\/div>\r\n\t\t\t\t\t<\/div><!-- .sina-content-box -->\r\n\t\t\t\t\t\t<\/div>\n\t\t\t\t<\/div>\n\t\t\t\t\t<\/div>\n\t\t<\/div>\n\t\t\t\t\t<\/div>\n\t\t<\/section>\n\t\t\t\t<\/div>\n\t\t","protected":false},"excerpt":{"rendered":"<p>Ubicaci\u00f3n Edificio de Administraci\u00f3n Boulevard de Las Am\u00e9ricas Panam\u00e1 Pac\u00edfico Veracruz, Panam\u00e1 Oeste Tel\u00e9fonos 520-4618\/4619 Correo Electr\u00f3nico clrah@mingob.gob.pa<\/p>\n","protected":false},"author":5,"featured_media":0,"parent":0,"menu_order":0,"comment_status":"closed","ping_status":"closed","template":"","meta":{"site-sidebar-layout":"default","site-content-layout":"","ast-site-content-layout":"default","site-content-style":"default","site-sidebar-style":"default","ast-global-header-display":"","ast-banner-title-visibility":"","ast-main-header-display":"","ast-hfb-above-header-display":"","ast-hfb-below-header-display":"","ast-hfb-mobile-header-display":"","site-post-title":"","ast-breadcrumbs-content":"","ast-featured-img":"","footer-sml-layout":"","ast-disable-related-posts":"","theme-transparent-header-meta":"","adv-header-id-meta":"","stick-header-meta":"","header-above-stick-meta":"","header-main-stick-meta":"","header-below-stick-meta":"","astra-migrate-meta-layouts":"default","ast-page-background-enabled":"default","ast-page-background-meta":{"desktop":{"background-color":"var(--ast-global-color-5)","background-image":"","background-repeat":"repeat","background-position":"center center","background-size":"auto","background-attachment":"scroll","background-type":"","background-media":"","overlay-type":"","overlay-color":"","overlay-opacity":"","overlay-gradient":""},"tablet":{"background-color":"","background-image":"","background-repeat":"repeat","background-position":"center center","background-size":"auto","background-attachment":"scroll","background-type":"","background-media":"","overlay-type":"","overlay-color":"","overlay-opacity":"","overlay-gradient":""},"mobile":{"background-color":"","background-image":"","background-repeat":"repeat","background-position":"center center","background-size":"auto","background-attachment":"scroll","background-type":"","background-media":"","overlay-type":"","overlay-color":"","overlay-opacity":"","overlay-gradient":""}},"ast-content-background-meta":{"desktop":{"background-color":"var(--ast-global-color-4)","background-image":"","background-repeat":"repeat","background-position":"center center","background-size":"auto","background-attachment":"scroll","background-type":"","background-media":"","overlay-type":"","overlay-color":"","overlay-opacity":"","overlay-gradient":""},"tablet":{"background-color":"var(--ast-global-color-4)","background-image":"","background-repeat":"repeat","background-position":"center center","background-size":"auto","background-attachment":"scroll","background-type":"","background-media":"","overlay-type":"","overlay-color":"","overlay-opacity":"","overlay-gradient":""},"mobile":{"background-color":"var(--ast-global-color-4)","background-image":"","background-repeat":"repeat","background-position":"center center","background-size":"auto","background-attachment":"scroll","background-type":"","background-media":"","overlay-type":"","overlay-color":"","overlay-opacity":"","overlay-gradient":""}},"footnotes":""},"class_list":["post-256","page","type-page","status-publish","hentry"],"rttpg_featured_image_url":null,"rttpg_author":{"display_name":"Administrador Web","author_link":"https:\/\/www.mingob.gob.pa\/hub-humanitario\/author\/nbarrios\/"},"rttpg_comment":0,"rttpg_category":null,"rttpg_excerpt":"Ubicaci\u00f3n Edificio de Administraci\u00f3n Boulevard de Las Am\u00e9ricas Panam\u00e1 Pac\u00edfico Veracruz, Panam\u00e1 Oeste Tel\u00e9fonos 520-4618\/4619 Correo Electr\u00f3nico clrah@mingob.gob.pa","_links":{"self":[{"href":"https:\/\/www.mingob.gob.pa\/hub-humanitario\/wp-json\/wp\/v2\/pages\/256","targetHints":{"allow":["GET"]}}],"collection":[{"href":"https:\/\/www.mingob.gob.pa\/hub-humanitario\/wp-json\/wp\/v2\/pages"}],"about":[{"href":"https:\/\/www.mingob.gob.pa\/hub-humanitario\/wp-json\/wp\/v2\/types\/page"}],"author":[{"embeddable":true,"href":"https:\/\/www.mingob.gob.pa\/hub-humanitario\/wp-json\/wp\/v2\/users\/5"}],"replies":[{"embeddable":true,"href":"https:\/\/www.mingob.gob.pa\/hub-humanitario\/wp-json\/wp\/v2\/comments?post=256"}],"version-history":[{"count":5,"href":"https:\/\/www.mingob.gob.pa\/hub-humanitario\/wp-json\/wp\/v2\/pages\/256\/revisions"}],"predecessor-version":[{"id":50412,"href":"https:\/\/www.mingob.gob.pa\/hub-humanitario\/wp-json\/wp\/v2\/pages\/256\/revisions\/50412"}],"wp:attachment":[{"href":"https:\/\/www.mingob.gob.pa\/hub-humanitario\/wp-json\/wp\/v2\/media?parent=256"}],"curies":[{"name":"wp","href":"https:\/\/api.w.org\/{rel}","templated":true}]}}