{"id":150,"date":"2018-02-20T14:52:00","date_gmt":"2018-02-20T14:52:00","guid":{"rendered":"http:\/\/www.mingob.gob.pa\/hub-humanitario\/?page_id=150"},"modified":"2025-11-25T17:05:03","modified_gmt":"2025-11-25T17:05:03","slug":"sinaproc","status":"publish","type":"page","link":"https:\/\/www.mingob.gob.pa\/hub-humanitario\/sinaproc\/","title":{"rendered":"SINAPROC"},"content":{"rendered":"\t\t<div data-elementor-type=\"wp-page\" data-elementor-id=\"150\" class=\"elementor elementor-150\">\n\t\t\t\t\t\t<section class=\"elementor-section elementor-top-section elementor-element elementor-element-949af88 elementor-section-boxed elementor-section-height-default elementor-section-height-default\" data-id=\"949af88\" data-element_type=\"section\" data-e-type=\"section\">\n\t\t\t\t\t\t<div class=\"elementor-container elementor-column-gap-default\">\n\t\t\t\t\t<div class=\"elementor-column elementor-col-33 elementor-top-column elementor-element elementor-element-8319b38\" data-id=\"8319b38\" data-element_type=\"column\" data-e-type=\"column\">\n\t\t\t<div class=\"elementor-widget-wrap elementor-element-populated\">\n\t\t\t\t\t\t<div class=\"elementor-element elementor-element-9ae076a elementor-widget elementor-widget-image\" data-id=\"9ae076a\" data-element_type=\"widget\" data-e-type=\"widget\" data-widget_type=\"image.default\">\n\t\t\t\t<div class=\"elementor-widget-container\">\n\t\t\t\t\t\t\t\t\t\t\t\t\t\t\t<img decoding=\"async\" width=\"200\" height=\"200\" src=\"https:\/\/www.mingob.gob.pa\/hub-humanitario\/wp-content\/uploads\/sites\/19\/2018\/08\/Sinaproc200.jpg\" class=\"attachment-large size-large wp-image-902\" alt=\"\" srcset=\"https:\/\/www.mingob.gob.pa\/hub-humanitario\/wp-content\/uploads\/sites\/19\/2018\/08\/Sinaproc200.jpg 200w, https:\/\/www.mingob.gob.pa\/hub-humanitario\/wp-content\/uploads\/sites\/19\/2018\/08\/Sinaproc200-120x120.jpg 120w, https:\/\/www.mingob.gob.pa\/hub-humanitario\/wp-content\/uploads\/sites\/19\/2018\/08\/Sinaproc200-36x36.jpg 36w, https:\/\/www.mingob.gob.pa\/hub-humanitario\/wp-content\/uploads\/sites\/19\/2018\/08\/Sinaproc200-180x180.jpg 180w, https:\/\/www.mingob.gob.pa\/hub-humanitario\/wp-content\/uploads\/sites\/19\/2018\/08\/Sinaproc200-100x100.jpg 100w\" sizes=\"(max-width: 200px) 100vw, 200px\" \/>\t\t\t\t\t\t\t\t\t\t\t\t\t\t\t<\/div>\n\t\t\t\t<\/div>\n\t\t\t\t\t<\/div>\n\t\t<\/div>\n\t\t\t\t<div class=\"elementor-column elementor-col-66 elementor-top-column elementor-element elementor-element-fe2f82a\" data-id=\"fe2f82a\" data-element_type=\"column\" data-e-type=\"column\">\n\t\t\t<div class=\"elementor-widget-wrap elementor-element-populated\">\n\t\t\t\t\t\t<div class=\"elementor-element elementor-element-28bf298 elementor-widget elementor-widget-text-editor\" data-id=\"28bf298\" data-element_type=\"widget\" data-e-type=\"widget\" data-widget_type=\"text-editor.default\">\n\t\t\t\t<div class=\"elementor-widget-container\">\n\t\t\t\t\t\t\t\t\t<div class=\"flex_column av_three_fourth flex_column_div av-zero-column-padding avia-builder-el-3 el_after_av_one_fourth el_before_av_image \"><section class=\"av_textblock_section \"><div class=\"avia_textblock \"><p>Es la instituci\u00f3n que alberga la Bodega Humanitaria de la Rep\u00fablica de Panam\u00e1, ubicada en el CLRAH con 1,800 m2 de \u00e1rea de almacenamiento cerrado, con 1,400 m2 de \u00e1reas abiertas para la colocaci\u00f3n de almacenes m\u00f3viles, veh\u00edculos y otros recursos. La instalaci\u00f3n cuenta de dos niveles con \u00e1reas comunes para personal operativo y administrativo, sala de prensa y sal\u00f3n presidencial.<\/p><p>En su calidad de Usuario Nacional, el SINAPROC es el responsable de la ejecuci\u00f3n de planes, programas y pol\u00edticas p\u00fablicas para la gesti\u00f3n integrada de riesgos de desastres; adem\u00e1s de brindar la asistencia y ayuda humanitaria a la poblaci\u00f3n en Panam\u00e1, especialmente a las que viven en condiciones de vulnerabilidad a causa de eventos adversos que culminan en desastres. Desde el CLRAH, realizan sus operaciones humanitarias y coadyuvan con las autoridades nacionales y locales para brindar la asistencia humanitaria requerida y solicitada en el \u00e1mbito nacional e internacional.<\/p><p>Las instalaciones del SINAPROC, tambi\u00e9n cuentan con las oficinas del Centro de Operaciones de Emergencia (COE). El Centro de Operaciones tiene como prop\u00f3sito mantener una coordinaci\u00f3n entre las distintas autoridades competentes para facilitar una atenci\u00f3n, protecci\u00f3n y asistencia a las personas afectadas. El COE cuenta en su estructura con la organizaci\u00f3n de seis sectores: Emergencia y Respuesta, Salud, Infraestructura y Servicios P\u00fablicos, Log\u00edstica y Ayuda Humanitaria, Albergues y Seguridad. Cada uno de estos sectores coordina acciones de respuesta relacionados al campo, y act\u00faan bajo la designaci\u00f3n de una instituci\u00f3n coordinadora e instituciones de apoyo.<\/p><\/div><\/section><\/div>\t\t\t\t\t\t\t\t<\/div>\n\t\t\t\t<\/div>\n\t\t\t\t\t<\/div>\n\t\t<\/div>\n\t\t\t\t\t<\/div>\n\t\t<\/section>\n\t\t\t\t<section class=\"elementor-section elementor-top-section elementor-element elementor-element-64f0be6 elementor-section-boxed elementor-section-height-default elementor-section-height-default\" data-id=\"64f0be6\" data-element_type=\"section\" data-e-type=\"section\">\n\t\t\t\t\t\t<div class=\"elementor-container elementor-column-gap-default\">\n\t\t\t\t\t<div class=\"elementor-column elementor-col-100 elementor-top-column elementor-element elementor-element-2958acc\" data-id=\"2958acc\" data-element_type=\"column\" data-e-type=\"column\">\n\t\t\t<div class=\"elementor-widget-wrap elementor-element-populated\">\n\t\t\t\t\t\t<div class=\"elementor-element elementor-element-1f64371 elementor-widget elementor-widget-image\" data-id=\"1f64371\" data-element_type=\"widget\" data-e-type=\"widget\" data-widget_type=\"image.default\">\n\t\t\t\t<div class=\"elementor-widget-container\">\n\t\t\t\t\t\t\t\t\t\t\t\t\t\t\t<img fetchpriority=\"high\" decoding=\"async\" width=\"768\" height=\"431\" src=\"https:\/\/www.mingob.gob.pa\/hub-humanitario\/wp-content\/uploads\/sites\/19\/2025\/11\/3-768x431.png\" class=\"attachment-medium_large size-medium_large wp-image-50274\" alt=\"\" srcset=\"https:\/\/www.mingob.gob.pa\/hub-humanitario\/wp-content\/uploads\/sites\/19\/2025\/11\/3-768x431.png 768w, https:\/\/www.mingob.gob.pa\/hub-humanitario\/wp-content\/uploads\/sites\/19\/2025\/11\/3-300x168.png 300w, https:\/\/www.mingob.gob.pa\/hub-humanitario\/wp-content\/uploads\/sites\/19\/2025\/11\/3-1030x577.png 1030w, https:\/\/www.mingob.gob.pa\/hub-humanitario\/wp-content\/uploads\/sites\/19\/2025\/11\/3.png 1393w\" sizes=\"(max-width: 768px) 100vw, 768px\" \/>\t\t\t\t\t\t\t\t\t\t\t\t\t\t\t<\/div>\n\t\t\t\t<\/div>\n\t\t\t\t\t<\/div>\n\t\t<\/div>\n\t\t\t\t\t<\/div>\n\t\t<\/section>\n\t\t\t\t<\/div>\n\t\t","protected":false},"excerpt":{"rendered":"<p>Es la instituci\u00f3n que alberga la Bodega Humanitaria de la Rep\u00fablica de Panam\u00e1, ubicada en el CLRAH con 1,800 m2 [&hellip;]<\/p>\n","protected":false},"author":3,"featured_media":0,"parent":0,"menu_order":0,"comment_status":"closed","ping_status":"closed","template":"","meta":{"site-sidebar-layout":"default","site-content-layout":"","ast-site-content-layout":"default","site-content-style":"default","site-sidebar-style":"default","ast-global-header-display":"","ast-banner-title-visibility":"","ast-main-header-display":"","ast-hfb-above-header-display":"","ast-hfb-below-header-display":"","ast-hfb-mobile-header-display":"","site-post-title":"","ast-breadcrumbs-content":"","ast-featured-img":"","footer-sml-layout":"","ast-disable-related-posts":"","theme-transparent-header-meta":"","adv-header-id-meta":"","stick-header-meta":"","header-above-stick-meta":"","header-main-stick-meta":"","header-below-stick-meta":"","astra-migrate-meta-layouts":"default","ast-page-background-enabled":"default","ast-page-background-meta":{"desktop":{"background-color":"var(--ast-global-color-5)","background-image":"","background-repeat":"repeat","background-position":"center center","background-size":"auto","background-attachment":"scroll","background-type":"","background-media":"","overlay-type":"","overlay-color":"","overlay-opacity":"","overlay-gradient":""},"tablet":{"background-color":"","background-image":"","background-repeat":"repeat","background-position":"center center","background-size":"auto","background-attachment":"scroll","background-type":"","background-media":"","overlay-type":"","overlay-color":"","overlay-opacity":"","overlay-gradient":""},"mobile":{"background-color":"","background-image":"","background-repeat":"repeat","background-position":"center center","background-size":"auto","background-attachment":"scroll","background-type":"","background-media":"","overlay-type":"","overlay-color":"","overlay-opacity":"","overlay-gradient":""}},"ast-content-background-meta":{"desktop":{"background-color":"var(--ast-global-color-4)","background-image":"","background-repeat":"repeat","background-position":"center center","background-size":"auto","background-attachment":"scroll","background-type":"","background-media":"","overlay-type":"","overlay-color":"","overlay-opacity":"","overlay-gradient":""},"tablet":{"background-color":"var(--ast-global-color-4)","background-image":"","background-repeat":"repeat","background-position":"center center","background-size":"auto","background-attachment":"scroll","background-type":"","background-media":"","overlay-type":"","overlay-color":"","overlay-opacity":"","overlay-gradient":""},"mobile":{"background-color":"var(--ast-global-color-4)","background-image":"","background-repeat":"repeat","background-position":"center center","background-size":"auto","background-attachment":"scroll","background-type":"","background-media":"","overlay-type":"","overlay-color":"","overlay-opacity":"","overlay-gradient":""}},"footnotes":""},"class_list":["post-150","page","type-page","status-publish","hentry"],"rttpg_featured_image_url":null,"rttpg_author":{"display_name":"YAMILETH RIOS","author_link":"https:\/\/www.mingob.gob.pa\/hub-humanitario\/author\/yamileth\/"},"rttpg_comment":0,"rttpg_category":null,"rttpg_excerpt":"Es la instituci\u00f3n que alberga la Bodega Humanitaria de la Rep\u00fablica de Panam\u00e1, ubicada en el CLRAH con 1,800 m2 [&hellip;]","_links":{"self":[{"href":"https:\/\/www.mingob.gob.pa\/hub-humanitario\/wp-json\/wp\/v2\/pages\/150","targetHints":{"allow":["GET"]}}],"collection":[{"href":"https:\/\/www.mingob.gob.pa\/hub-humanitario\/wp-json\/wp\/v2\/pages"}],"about":[{"href":"https:\/\/www.mingob.gob.pa\/hub-humanitario\/wp-json\/wp\/v2\/types\/page"}],"author":[{"embeddable":true,"href":"https:\/\/www.mingob.gob.pa\/hub-humanitario\/wp-json\/wp\/v2\/users\/3"}],"replies":[{"embeddable":true,"href":"https:\/\/www.mingob.gob.pa\/hub-humanitario\/wp-json\/wp\/v2\/comments?post=150"}],"version-history":[{"count":5,"href":"https:\/\/www.mingob.gob.pa\/hub-humanitario\/wp-json\/wp\/v2\/pages\/150\/revisions"}],"predecessor-version":[{"id":50476,"href":"https:\/\/www.mingob.gob.pa\/hub-humanitario\/wp-json\/wp\/v2\/pages\/150\/revisions\/50476"}],"wp:attachment":[{"href":"https:\/\/www.mingob.gob.pa\/hub-humanitario\/wp-json\/wp\/v2\/media?parent=150"}],"curies":[{"name":"wp","href":"https:\/\/api.w.org\/{rel}","templated":true}]}}