{"id":147,"date":"2018-02-20T14:49:48","date_gmt":"2018-02-20T14:49:48","guid":{"rendered":"http:\/\/www.mingob.gob.pa\/hub-humanitario\/?page_id=147"},"modified":"2025-11-25T17:02:39","modified_gmt":"2025-11-25T17:02:39","slug":"ifrc","status":"publish","type":"page","link":"https:\/\/www.mingob.gob.pa\/hub-humanitario\/ifrc\/","title":{"rendered":"IFRC"},"content":{"rendered":"\t\t<div data-elementor-type=\"wp-page\" data-elementor-id=\"147\" class=\"elementor elementor-147\">\n\t\t\t\t\t\t<section class=\"elementor-section elementor-top-section elementor-element elementor-element-a08bb6a elementor-section-boxed elementor-section-height-default elementor-section-height-default\" data-id=\"a08bb6a\" data-element_type=\"section\" data-e-type=\"section\">\n\t\t\t\t\t\t<div class=\"elementor-container elementor-column-gap-default\">\n\t\t\t\t\t<div class=\"elementor-column elementor-col-33 elementor-top-column elementor-element elementor-element-d0f51ea\" data-id=\"d0f51ea\" data-element_type=\"column\" data-e-type=\"column\">\n\t\t\t<div class=\"elementor-widget-wrap elementor-element-populated\">\n\t\t\t\t\t\t<div class=\"elementor-element elementor-element-8a7c8e0 elementor-widget elementor-widget-image\" data-id=\"8a7c8e0\" data-element_type=\"widget\" data-e-type=\"widget\" data-widget_type=\"image.default\">\n\t\t\t\t<div class=\"elementor-widget-container\">\n\t\t\t\t\t\t\t\t\t\t\t\t\t\t\t<img fetchpriority=\"high\" decoding=\"async\" width=\"369\" height=\"353\" src=\"https:\/\/www.mingob.gob.pa\/hub-humanitario\/wp-content\/uploads\/sites\/19\/2025\/03\/Logo-Squaree-RGB-72ppi.png\" class=\"attachment-large size-large wp-image-49675\" alt=\"\" srcset=\"https:\/\/www.mingob.gob.pa\/hub-humanitario\/wp-content\/uploads\/sites\/19\/2025\/03\/Logo-Squaree-RGB-72ppi.png 369w, https:\/\/www.mingob.gob.pa\/hub-humanitario\/wp-content\/uploads\/sites\/19\/2025\/03\/Logo-Squaree-RGB-72ppi-300x287.png 300w\" sizes=\"(max-width: 369px) 100vw, 369px\" \/>\t\t\t\t\t\t\t\t\t\t\t\t\t\t\t<\/div>\n\t\t\t\t<\/div>\n\t\t\t\t\t<\/div>\n\t\t<\/div>\n\t\t\t\t<div class=\"elementor-column elementor-col-66 elementor-top-column elementor-element elementor-element-da5406b\" data-id=\"da5406b\" data-element_type=\"column\" data-e-type=\"column\">\n\t\t\t<div class=\"elementor-widget-wrap elementor-element-populated\">\n\t\t\t\t\t\t<div class=\"elementor-element elementor-element-1de2c91 elementor-widget elementor-widget-text-editor\" data-id=\"1de2c91\" data-element_type=\"widget\" data-e-type=\"widget\" data-widget_type=\"text-editor.default\">\n\t\t\t\t<div class=\"elementor-widget-container\">\n\t\t\t\t\t\t\t\t\t<p>FICR es el otro usuario internacional del CLRAH y compone la red humanitaria m\u00e1s grande del mundo que cuenta con 97 millones de voluntarios y personal empleado. La FICR cuenta con 190 miembros de sociedades nacionales, y uno de ellos es la Sociedad de la Cruz Roja de Panam\u00e1.<\/p><p>La Federaci\u00f3n ha identificado la ubicaci\u00f3n estrat\u00e9gica importante de Panam\u00e1 y ha establecido su Oficina en la Ciudad de Panam\u00e1, la cual contiene a la Unidad Log\u00edstica Regional perteneciente al Departamento de Log\u00edstica, Compras y Administraci\u00f3n de la Cadena de Suministros de la FICR.<\/p><p>El departamento de Log\u00edstica de FICR es la columna vertebral de las Sociedades de la Cruz Roja y de la Media Luna Roja, con accesos y recursos para suministrar ayuda en donde sea y cuando sea necesaria contribuyendo de manera directa en el sistema log\u00edstico humanitario global. FICR tiene el mandato de darle soporte a todas las Sociedades Nacionales, miembros del movimiento, cuando lo necesiten; igualmente ofrecen servicios log\u00edsticos a organizaciones humanitarias, que compartan el mismo objetivo.<\/p><p>Las Unidades Regionales de Log\u00edstica (RLU) y las Sociedades Nacionales (por la log\u00edstica a nivel nacional), con esta repartici\u00f3n de responsabilidad, tiene por objetivo de asegurar que la Federaci\u00f3n Internacional pueda ofrecer los servicios necesarios para el apoyo de las poblaciones m\u00e1s vulnerables. Este equipo cuenta con las Unidades de Respuesta de Emergencia (ERU) que pueden ser desplazados al terreno y tener instalada una unidad de log\u00edstica en tan solo horas despu\u00e9s que un desastre ha ocurrido.<\/p><p>El Departamento de Log\u00edstica ofrece los siguientes servicios claves: coordinaci\u00f3n de cadena de suministros y manejo de informaci\u00f3n; gesti\u00f3n de compras y proveedores; almacenamiento y transporte; administraci\u00f3n de flota; y desarrollo log\u00edstico de Cruz Roja y preparaci\u00f3n para respuesta. Estos servicios se ofrecen en cualquier momento tanto para las operaciones y proyectos regulares de las sociedades nacionales, como para respuesta ante desastres.<\/p><p>Es importante recalcar que FICR desarrolla dashboards de acceso p\u00fablico, que presentan los indicadores de la asistencia humanitaria asignada a una emergencia en las distintas regiones del mundo. Estos dashboards son actualizados a medida que se desarrollan las operaciones de respuesta. Para acceder a estos dashboards, favor dirigirse a:<strong> <a href=\"https:\/\/go.ifrc.org\/\" target=\"_blank\" rel=\"noopener\">https:\/\/go.ifrc.org\/<\/a><\/strong><\/p><p>La capacidad de almacenamiento en \u00e1rea cerrada de FICR es de 4,800m2, con una altura libre de 8m. Adicionalmente, dispone de \u00e1reas abiertas de 2,200 m2, para el almacenamiento en patio de contenedores, equipos y dem\u00e1s recursos orientados a la ayuda humanitaria.<\/p>\t\t\t\t\t\t\t\t<\/div>\n\t\t\t\t<\/div>\n\t\t\t\t\t<\/div>\n\t\t<\/div>\n\t\t\t\t\t<\/div>\n\t\t<\/section>\n\t\t\t\t<section class=\"elementor-section elementor-top-section elementor-element elementor-element-eaa873c elementor-section-boxed elementor-section-height-default elementor-section-height-default\" data-id=\"eaa873c\" data-element_type=\"section\" data-e-type=\"section\">\n\t\t\t\t\t\t<div class=\"elementor-container elementor-column-gap-default\">\n\t\t\t\t\t<div class=\"elementor-column elementor-col-100 elementor-top-column elementor-element elementor-element-4394c36\" data-id=\"4394c36\" data-element_type=\"column\" data-e-type=\"column\">\n\t\t\t<div class=\"elementor-widget-wrap elementor-element-populated\">\n\t\t\t\t\t\t<div class=\"elementor-element elementor-element-3defbe9 elementor-widget elementor-widget-image\" data-id=\"3defbe9\" data-element_type=\"widget\" data-e-type=\"widget\" data-widget_type=\"image.default\">\n\t\t\t\t<div class=\"elementor-widget-container\">\n\t\t\t\t\t\t\t\t\t\t\t\t\t\t\t<img decoding=\"async\" width=\"768\" height=\"576\" src=\"https:\/\/www.mingob.gob.pa\/hub-humanitario\/wp-content\/uploads\/sites\/19\/2021\/06\/Fotos-exterior-FIC_Logo140621-768x576.jpg\" class=\"attachment-medium_large size-medium_large wp-image-46371\" alt=\"\" srcset=\"https:\/\/www.mingob.gob.pa\/hub-humanitario\/wp-content\/uploads\/sites\/19\/2021\/06\/Fotos-exterior-FIC_Logo140621-768x576.jpg 768w, https:\/\/www.mingob.gob.pa\/hub-humanitario\/wp-content\/uploads\/sites\/19\/2021\/06\/Fotos-exterior-FIC_Logo140621-300x225.jpg 300w, https:\/\/www.mingob.gob.pa\/hub-humanitario\/wp-content\/uploads\/sites\/19\/2021\/06\/Fotos-exterior-FIC_Logo140621-1030x772.jpg 1030w, https:\/\/www.mingob.gob.pa\/hub-humanitario\/wp-content\/uploads\/sites\/19\/2021\/06\/Fotos-exterior-FIC_Logo140621-705x529.jpg 705w, https:\/\/www.mingob.gob.pa\/hub-humanitario\/wp-content\/uploads\/sites\/19\/2021\/06\/Fotos-exterior-FIC_Logo140621.jpg 1067w\" sizes=\"(max-width: 768px) 100vw, 768px\" \/>\t\t\t\t\t\t\t\t\t\t\t\t\t\t\t<\/div>\n\t\t\t\t<\/div>\n\t\t\t\t\t<\/div>\n\t\t<\/div>\n\t\t\t\t\t<\/div>\n\t\t<\/section>\n\t\t\t\t<\/div>\n\t\t","protected":false},"excerpt":{"rendered":"<p>FICR es el otro usuario internacional del CLRAH y compone la red humanitaria m\u00e1s grande del mundo que cuenta con [&hellip;]<\/p>\n","protected":false},"author":3,"featured_media":0,"parent":0,"menu_order":0,"comment_status":"closed","ping_status":"closed","template":"","meta":{"site-sidebar-layout":"default","site-content-layout":"","ast-site-content-layout":"default","site-content-style":"default","site-sidebar-style":"default","ast-global-header-display":"","ast-banner-title-visibility":"","ast-main-header-display":"","ast-hfb-above-header-display":"","ast-hfb-below-header-display":"","ast-hfb-mobile-header-display":"","site-post-title":"","ast-breadcrumbs-content":"","ast-featured-img":"","footer-sml-layout":"","ast-disable-related-posts":"","theme-transparent-header-meta":"","adv-header-id-meta":"","stick-header-meta":"","header-above-stick-meta":"","header-main-stick-meta":"","header-below-stick-meta":"","astra-migrate-meta-layouts":"default","ast-page-background-enabled":"default","ast-page-background-meta":{"desktop":{"background-color":"var(--ast-global-color-5)","background-image":"","background-repeat":"repeat","background-position":"center center","background-size":"auto","background-attachment":"scroll","background-type":"","background-media":"","overlay-type":"","overlay-color":"","overlay-opacity":"","overlay-gradient":""},"tablet":{"background-color":"","background-image":"","background-repeat":"repeat","background-position":"center center","background-size":"auto","background-attachment":"scroll","background-type":"","background-media":"","overlay-type":"","overlay-color":"","overlay-opacity":"","overlay-gradient":""},"mobile":{"background-color":"","background-image":"","background-repeat":"repeat","background-position":"center center","background-size":"auto","background-attachment":"scroll","background-type":"","background-media":"","overlay-type":"","overlay-color":"","overlay-opacity":"","overlay-gradient":""}},"ast-content-background-meta":{"desktop":{"background-color":"var(--ast-global-color-4)","background-image":"","background-repeat":"repeat","background-position":"center center","background-size":"auto","background-attachment":"scroll","background-type":"","background-media":"","overlay-type":"","overlay-color":"","overlay-opacity":"","overlay-gradient":""},"tablet":{"background-color":"var(--ast-global-color-4)","background-image":"","background-repeat":"repeat","background-position":"center center","background-size":"auto","background-attachment":"scroll","background-type":"","background-media":"","overlay-type":"","overlay-color":"","overlay-opacity":"","overlay-gradient":""},"mobile":{"background-color":"var(--ast-global-color-4)","background-image":"","background-repeat":"repeat","background-position":"center center","background-size":"auto","background-attachment":"scroll","background-type":"","background-media":"","overlay-type":"","overlay-color":"","overlay-opacity":"","overlay-gradient":""}},"footnotes":""},"class_list":["post-147","page","type-page","status-publish","hentry"],"rttpg_featured_image_url":null,"rttpg_author":{"display_name":"YAMILETH RIOS","author_link":"https:\/\/www.mingob.gob.pa\/hub-humanitario\/author\/yamileth\/"},"rttpg_comment":0,"rttpg_category":null,"rttpg_excerpt":"FICR es el otro usuario internacional del CLRAH y compone la red humanitaria m\u00e1s grande del mundo que cuenta con [&hellip;]","_links":{"self":[{"href":"https:\/\/www.mingob.gob.pa\/hub-humanitario\/wp-json\/wp\/v2\/pages\/147","targetHints":{"allow":["GET"]}}],"collection":[{"href":"https:\/\/www.mingob.gob.pa\/hub-humanitario\/wp-json\/wp\/v2\/pages"}],"about":[{"href":"https:\/\/www.mingob.gob.pa\/hub-humanitario\/wp-json\/wp\/v2\/types\/page"}],"author":[{"embeddable":true,"href":"https:\/\/www.mingob.gob.pa\/hub-humanitario\/wp-json\/wp\/v2\/users\/3"}],"replies":[{"embeddable":true,"href":"https:\/\/www.mingob.gob.pa\/hub-humanitario\/wp-json\/wp\/v2\/comments?post=147"}],"version-history":[{"count":5,"href":"https:\/\/www.mingob.gob.pa\/hub-humanitario\/wp-json\/wp\/v2\/pages\/147\/revisions"}],"predecessor-version":[{"id":50467,"href":"https:\/\/www.mingob.gob.pa\/hub-humanitario\/wp-json\/wp\/v2\/pages\/147\/revisions\/50467"}],"wp:attachment":[{"href":"https:\/\/www.mingob.gob.pa\/hub-humanitario\/wp-json\/wp\/v2\/media?parent=147"}],"curies":[{"name":"wp","href":"https:\/\/api.w.org\/{rel}","templated":true}]}}