{"id":142,"date":"2018-02-20T14:44:51","date_gmt":"2018-02-20T14:44:51","guid":{"rendered":"http:\/\/www.mingob.gob.pa\/hub-humanitario\/?page_id=142"},"modified":"2025-11-25T17:03:09","modified_gmt":"2025-11-25T17:03:09","slug":"unhrd","status":"publish","type":"page","link":"https:\/\/www.mingob.gob.pa\/hub-humanitario\/unhrd\/","title":{"rendered":"UNHRD"},"content":{"rendered":"\t\t<div data-elementor-type=\"wp-page\" data-elementor-id=\"142\" class=\"elementor elementor-142\">\n\t\t\t\t\t\t<section class=\"elementor-section elementor-top-section elementor-element elementor-element-648cf30 elementor-section-boxed elementor-section-height-default elementor-section-height-default\" data-id=\"648cf30\" data-element_type=\"section\" data-e-type=\"section\">\n\t\t\t\t\t\t<div class=\"elementor-container elementor-column-gap-default\">\n\t\t\t\t\t<div class=\"elementor-column elementor-col-33 elementor-top-column elementor-element elementor-element-892fd49\" data-id=\"892fd49\" data-element_type=\"column\" data-e-type=\"column\">\n\t\t\t<div class=\"elementor-widget-wrap elementor-element-populated\">\n\t\t\t\t\t\t<div class=\"elementor-element elementor-element-a0d1b23 elementor-widget elementor-widget-image\" data-id=\"a0d1b23\" data-element_type=\"widget\" data-e-type=\"widget\" data-widget_type=\"image.default\">\n\t\t\t\t<div class=\"elementor-widget-container\">\n\t\t\t\t\t\t\t\t\t\t\t\t\t\t\t<img decoding=\"async\" width=\"285\" height=\"100\" src=\"https:\/\/www.mingob.gob.pa\/hub-humanitario\/wp-content\/uploads\/sites\/19\/2025\/11\/unhrd.jpg\" class=\"attachment-large size-large wp-image-50262\" alt=\"\" \/>\t\t\t\t\t\t\t\t\t\t\t\t\t\t\t<\/div>\n\t\t\t\t<\/div>\n\t\t\t\t<div class=\"elementor-element elementor-element-59c4385 elementor-widget elementor-widget-spacer\" data-id=\"59c4385\" data-element_type=\"widget\" data-e-type=\"widget\" data-widget_type=\"spacer.default\">\n\t\t\t\t<div class=\"elementor-widget-container\">\n\t\t\t\t\t\t\t<div class=\"elementor-spacer\">\n\t\t\t<div class=\"elementor-spacer-inner\"><\/div>\n\t\t<\/div>\n\t\t\t\t\t\t<\/div>\n\t\t\t\t<\/div>\n\t\t\t\t\t<\/div>\n\t\t<\/div>\n\t\t\t\t<div class=\"elementor-column elementor-col-66 elementor-top-column elementor-element elementor-element-fbf2c3c\" data-id=\"fbf2c3c\" data-element_type=\"column\" data-e-type=\"column\">\n\t\t\t<div class=\"elementor-widget-wrap elementor-element-populated\">\n\t\t\t\t\t\t<div class=\"elementor-element elementor-element-6d6ae70 elementor-widget elementor-widget-text-editor\" data-id=\"6d6ae70\" data-element_type=\"widget\" data-e-type=\"widget\" data-widget_type=\"text-editor.default\">\n\t\t\t\t<div class=\"elementor-widget-container\">\n\t\t\t\t\t\t\t\t\t<div class=\"flex_column av_three_fourth flex_column_div av-zero-column-padding avia-builder-el-3 el_after_av_one_fourth el_before_av_image \"><section class=\"av_textblock_section \"><div class=\"avia_textblock \"><p>UNHRD es uno de los dos usuarios internacionales del CLRAH y fue establecido por el Programa Mundial de Alimentos de las Naciones Unidas en Brindisi, Italia, en el a\u00f1o 2000. Los Dep\u00f3sitos de Respuesta Humanitaria (HRD) prestan apoyo log\u00edstico a las Naciones Unidas, los gobiernos y organizaciones no gubernamentales. Los suministros de emergencia son pre-posicionados y almacenados hasta que su uso y salida sea necesario. Las ofertas de servicios se divide en servicios est\u00e1ndar que son gratuitos (por ejemplo, de almacenamiento, procedimientos aduaneros, la preparaci\u00f3n de carga, etc.) y los servicios espec\u00edficos que requieren costo adicional (por ejemplo, gesti\u00f3n de mercanc\u00edas peligrosas, el uso de los servicios de formaci\u00f3n, etc.)<\/p><p>La red de UNHRD se ha dise\u00f1ado a partir de instalaciones de apoyo log\u00edstico, las cuales est\u00e1n a disposici\u00f3n para responder en 24-48 horas a emergencias humanitarias. Los dep\u00f3sitos de UNHRD se encuentran en Italia (Brindisi), Ghana (Accra), Emiratos \u00c1rabes Unidos (Dubai), Malasia (Subang) y Panam\u00e1 (Panam\u00e1 Pac\u00edfico).<\/p><p>UNHRD cuenta actualmente con 86 socios (tambi\u00e9n conocidos como partners) en su red, y 18 socios con presencia en Panam\u00e1. Un partner puede ser cualquier organizaci\u00f3n humanitaria (agencia de las Naciones Unidas, organizaciones p\u00fablicas y no-p\u00fablicas) interesadas en pre-posicionar art\u00edculos de asistencia humanitaria en cualquiera de sus dep\u00f3sitos. Todo aquel que desea convertirse en partner de UNHRD deber\u00e1 de firmar un Technical Agreement (TA).<\/p><p>La capacidad de almacenamiento en \u00e1rea cerrada es de 5,200m2, con una altura libre de 8m. Los cuartos fr\u00edos ubicados en esta galera cuentan con un espacio total de 1,122m2, distribuidos de la siguiente forma:<\/p><ul><li>Dos bodegas de temperatura controlada con rangos de 20\u00b0C a 18\u00b0C<\/li><li>Un cuarto congelado, seccionado en tres \u00e1reas: pre-c\u00e1mara, cuarto fr\u00edo y congelador, con rangos de temperatura de 4\u00b0C a -20\u00b0C.<\/li><\/ul><p>Cabe resaltar que estos cuartos fr\u00edos son de uso compartido para todos los usuarios del Hub, orientados hacia el almacenamiento de insumos como medicamentos, vacunas, entre otros.<\/p><p>Adicionalmente disponen de \u00e1reas abiertas de 4,000 m2, para el almacenamiento en patio de carga sobredimensionada, almacenes m\u00f3viles y dem\u00e1s recursos orientados a la ayuda humanitaria.<\/p><\/div><\/section><\/div>\t\t\t\t\t\t\t\t<\/div>\n\t\t\t\t<\/div>\n\t\t\t\t\t<\/div>\n\t\t<\/div>\n\t\t\t\t\t<\/div>\n\t\t<\/section>\n\t\t\t\t<section class=\"elementor-section elementor-top-section elementor-element elementor-element-daa2944 elementor-section-boxed elementor-section-height-default elementor-section-height-default\" data-id=\"daa2944\" data-element_type=\"section\" data-e-type=\"section\">\n\t\t\t\t\t\t<div class=\"elementor-container elementor-column-gap-default\">\n\t\t\t\t\t<div class=\"elementor-column elementor-col-100 elementor-top-column elementor-element elementor-element-29fc073\" data-id=\"29fc073\" data-element_type=\"column\" data-e-type=\"column\">\n\t\t\t<div class=\"elementor-widget-wrap elementor-element-populated\">\n\t\t\t\t\t\t<div class=\"elementor-element elementor-element-755f00a elementor-widget elementor-widget-image\" data-id=\"755f00a\" data-element_type=\"widget\" data-e-type=\"widget\" data-widget_type=\"image.default\">\n\t\t\t\t<div class=\"elementor-widget-container\">\n\t\t\t\t\t\t\t\t\t\t\t\t\t\t\t<img fetchpriority=\"high\" decoding=\"async\" width=\"768\" height=\"576\" src=\"https:\/\/www.mingob.gob.pa\/hub-humanitario\/wp-content\/uploads\/sites\/19\/2021\/06\/Foto-exterior-bodega_UNHRD_logo_140621-768x576.jpg\" class=\"attachment-medium_large size-medium_large wp-image-46370\" alt=\"\" srcset=\"https:\/\/www.mingob.gob.pa\/hub-humanitario\/wp-content\/uploads\/sites\/19\/2021\/06\/Foto-exterior-bodega_UNHRD_logo_140621-768x576.jpg 768w, https:\/\/www.mingob.gob.pa\/hub-humanitario\/wp-content\/uploads\/sites\/19\/2021\/06\/Foto-exterior-bodega_UNHRD_logo_140621-300x225.jpg 300w, https:\/\/www.mingob.gob.pa\/hub-humanitario\/wp-content\/uploads\/sites\/19\/2021\/06\/Foto-exterior-bodega_UNHRD_logo_140621-1030x772.jpg 1030w, https:\/\/www.mingob.gob.pa\/hub-humanitario\/wp-content\/uploads\/sites\/19\/2021\/06\/Foto-exterior-bodega_UNHRD_logo_140621-705x529.jpg 705w, https:\/\/www.mingob.gob.pa\/hub-humanitario\/wp-content\/uploads\/sites\/19\/2021\/06\/Foto-exterior-bodega_UNHRD_logo_140621.jpg 1067w\" sizes=\"(max-width: 768px) 100vw, 768px\" \/>\t\t\t\t\t\t\t\t\t\t\t\t\t\t\t<\/div>\n\t\t\t\t<\/div>\n\t\t\t\t\t<\/div>\n\t\t<\/div>\n\t\t\t\t\t<\/div>\n\t\t<\/section>\n\t\t\t\t<\/div>\n\t\t","protected":false},"excerpt":{"rendered":"<p>UNHRD es uno de los dos usuarios internacionales del CLRAH y fue establecido por el Programa Mundial de Alimentos de [&hellip;]<\/p>\n","protected":false},"author":3,"featured_media":0,"parent":0,"menu_order":0,"comment_status":"closed","ping_status":"closed","template":"","meta":{"site-sidebar-layout":"default","site-content-layout":"","ast-site-content-layout":"default","site-content-style":"default","site-sidebar-style":"default","ast-global-header-display":"","ast-banner-title-visibility":"","ast-main-header-display":"","ast-hfb-above-header-display":"","ast-hfb-below-header-display":"","ast-hfb-mobile-header-display":"","site-post-title":"","ast-breadcrumbs-content":"","ast-featured-img":"","footer-sml-layout":"","ast-disable-related-posts":"","theme-transparent-header-meta":"","adv-header-id-meta":"","stick-header-meta":"","header-above-stick-meta":"","header-main-stick-meta":"","header-below-stick-meta":"","astra-migrate-meta-layouts":"default","ast-page-background-enabled":"default","ast-page-background-meta":{"desktop":{"background-color":"var(--ast-global-color-5)","background-image":"","background-repeat":"repeat","background-position":"center center","background-size":"auto","background-attachment":"scroll","background-type":"","background-media":"","overlay-type":"","overlay-color":"","overlay-opacity":"","overlay-gradient":""},"tablet":{"background-color":"","background-image":"","background-repeat":"repeat","background-position":"center center","background-size":"auto","background-attachment":"scroll","background-type":"","background-media":"","overlay-type":"","overlay-color":"","overlay-opacity":"","overlay-gradient":""},"mobile":{"background-color":"","background-image":"","background-repeat":"repeat","background-position":"center center","background-size":"auto","background-attachment":"scroll","background-type":"","background-media":"","overlay-type":"","overlay-color":"","overlay-opacity":"","overlay-gradient":""}},"ast-content-background-meta":{"desktop":{"background-color":"var(--ast-global-color-4)","background-image":"","background-repeat":"repeat","background-position":"center center","background-size":"auto","background-attachment":"scroll","background-type":"","background-media":"","overlay-type":"","overlay-color":"","overlay-opacity":"","overlay-gradient":""},"tablet":{"background-color":"var(--ast-global-color-4)","background-image":"","background-repeat":"repeat","background-position":"center center","background-size":"auto","background-attachment":"scroll","background-type":"","background-media":"","overlay-type":"","overlay-color":"","overlay-opacity":"","overlay-gradient":""},"mobile":{"background-color":"var(--ast-global-color-4)","background-image":"","background-repeat":"repeat","background-position":"center center","background-size":"auto","background-attachment":"scroll","background-type":"","background-media":"","overlay-type":"","overlay-color":"","overlay-opacity":"","overlay-gradient":""}},"footnotes":""},"class_list":["post-142","page","type-page","status-publish","hentry"],"rttpg_featured_image_url":null,"rttpg_author":{"display_name":"YAMILETH RIOS","author_link":"https:\/\/www.mingob.gob.pa\/hub-humanitario\/author\/yamileth\/"},"rttpg_comment":0,"rttpg_category":null,"rttpg_excerpt":"UNHRD es uno de los dos usuarios internacionales del CLRAH y fue establecido por el Programa Mundial de Alimentos de [&hellip;]","_links":{"self":[{"href":"https:\/\/www.mingob.gob.pa\/hub-humanitario\/wp-json\/wp\/v2\/pages\/142","targetHints":{"allow":["GET"]}}],"collection":[{"href":"https:\/\/www.mingob.gob.pa\/hub-humanitario\/wp-json\/wp\/v2\/pages"}],"about":[{"href":"https:\/\/www.mingob.gob.pa\/hub-humanitario\/wp-json\/wp\/v2\/types\/page"}],"author":[{"embeddable":true,"href":"https:\/\/www.mingob.gob.pa\/hub-humanitario\/wp-json\/wp\/v2\/users\/3"}],"replies":[{"embeddable":true,"href":"https:\/\/www.mingob.gob.pa\/hub-humanitario\/wp-json\/wp\/v2\/comments?post=142"}],"version-history":[{"count":5,"href":"https:\/\/www.mingob.gob.pa\/hub-humanitario\/wp-json\/wp\/v2\/pages\/142\/revisions"}],"predecessor-version":[{"id":50470,"href":"https:\/\/www.mingob.gob.pa\/hub-humanitario\/wp-json\/wp\/v2\/pages\/142\/revisions\/50470"}],"wp:attachment":[{"href":"https:\/\/www.mingob.gob.pa\/hub-humanitario\/wp-json\/wp\/v2\/media?parent=142"}],"curies":[{"name":"wp","href":"https:\/\/api.w.org\/{rel}","templated":true}]}}