{"id":122,"date":"2018-02-20T13:45:21","date_gmt":"2018-02-20T13:45:21","guid":{"rendered":"http:\/\/www.mingob.gob.pa\/hub-humanitario\/?page_id=122"},"modified":"2025-11-25T16:20:00","modified_gmt":"2025-11-25T16:20:00","slug":"estructura-y-funcionamiento-2","status":"publish","type":"page","link":"https:\/\/www.mingob.gob.pa\/hub-humanitario\/estructura-y-funcionamiento-2\/","title":{"rendered":"Estructura y Funcionamiento"},"content":{"rendered":"\t\t<div data-elementor-type=\"wp-page\" data-elementor-id=\"122\" class=\"elementor elementor-122\">\n\t\t\t\t\t\t<section class=\"elementor-section elementor-top-section elementor-element elementor-element-78bca772 elementor-section-boxed elementor-section-height-default elementor-section-height-default\" data-id=\"78bca772\" data-element_type=\"section\" data-e-type=\"section\">\n\t\t\t\t\t\t<div class=\"elementor-container elementor-column-gap-default\">\n\t\t\t\t\t<div class=\"elementor-column elementor-col-100 elementor-top-column elementor-element elementor-element-15ae615c\" data-id=\"15ae615c\" data-element_type=\"column\" data-e-type=\"column\">\n\t\t\t<div class=\"elementor-widget-wrap elementor-element-populated\">\n\t\t\t\t\t\t<div class=\"elementor-element elementor-element-319e423 elementor-widget elementor-widget-text-editor\" data-id=\"319e423\" data-element_type=\"widget\" data-e-type=\"widget\" data-widget_type=\"text-editor.default\">\n\t\t\t\t<div class=\"elementor-widget-container\">\n\t\t\t\t\t\t\t\t\t<p><img fetchpriority=\"high\" decoding=\"async\" class=\"aligncenter wp-image-49372 size-featured\" src=\"https:\/\/www.mingob.gob.pa\/hub-humanitario\/wp-content\/uploads\/sites\/19\/2025\/01\/FOTO-COMPLEJO06-1200x430.jpg\" alt=\"\" width=\"1200\" height=\"430\" \/><\/p><p style=\"text-align: justify;\"><strong>1. Consejo Asesor <\/strong><\/p><p style=\"text-align: justify;\">El Consejo Asesor es el \u00d3rgano Consultivo del CLRAH.\u00a0 Sus funciones son las de recomendar las pol\u00edticas relacionadas con la administraci\u00f3n, funcionamiento, operaci\u00f3n y expansi\u00f3n del centro log\u00edstico; proponer el desarrollo de estrategias que permitan cumplir con los protocolos internacionales; apoyar al establecimiento de acuerdos y programas de cooperaci\u00f3n; y recomendar iniciativas que impulsen las actividades del Centro de Transferencia de Conocimiento (CTC).<\/p><p style=\"text-align: justify;\">El Consejo Asesor estar\u00e1 integrado por:<\/p><ul style=\"text-align: justify;\"><li>El ministro de Gobierno quien lo presidir\u00e1<\/li><li>El ministro de Relaciones Exteriores<\/li><li>El ministro de la Presidencia<\/li><li>El director general del Sistema Nacional de Protecci\u00f3n Civil<\/li><\/ul><p style=\"text-align: justify;\">Cada miembro principal tendr\u00e1 un suplente que lo reemplazar\u00e1 en sus ausencias temporales o permanentes, y deber\u00e1 ser designado por su titular.\u00a0 El administrador del CLRAH ejercer\u00e1 las funciones de secretario del Consejo Asesor.<\/p><p style=\"text-align: justify;\"><strong>2. Administrador<br \/><\/strong><\/p><p style=\"text-align: justify;\">El Administrador ser\u00e1 el encargado de las coordinaciones estrat\u00e9gicas de alto nivel en el CLRAH. Su principal funci\u00f3n ser\u00e1 la de planificar, definir, organizar, programar, coordinar e implementar todas las acciones que se requieran para la eficiente ejecuci\u00f3n, administraci\u00f3n, gesti\u00f3n y mantenimiento, as\u00ed como las actividades y procesos necesarios para garantizar el alcance de los objetivos del CLRAH.<\/p><p style=\"padding-left: 30px; text-align: justify;\"><strong>a. El Centro de Transferencia de Conocimientos (CTC)\u00a0 <\/strong><\/p><p style=\"padding-left: 30px; text-align: justify;\">El Centro de Transferencia de Conocimientos (CTC) ser\u00e1 una unidad especial del CLRAH cuyo prop\u00f3sito ser\u00e1 el fomento de la capacitaci\u00f3n, desarrollo de habilidades e intercambios de experiencias en materia de ayuda humanitaria.\u00a0 En el CTC, se espera la concurrencia de conocedores nacionales e internacionales que propicien el di\u00e1logo, la transferencia de conocimiento y la ense\u00f1anza de las buenas pr\u00e1cticas en asistencia humanitaria con el fin de elevar las capacidades regionales para la atenci\u00f3n de las personas ante situaciones de crisis.<\/p><p style=\"padding-left: 30px; text-align: justify;\"><strong>b. Unidad de Cooperaci\u00f3n<\/strong><\/p><p style=\"padding-left: 30px; text-align: justify;\">La Unidad de Cooperaci\u00f3n ser\u00e1 encargada de coordinar y programar conjuntamente con la Direcci\u00f3n de Planificaci\u00f3n y Cooperaci\u00f3n Internacional del Ministerio de Gobierno y con la Direcci\u00f3n de Cooperaci\u00f3n del Ministerio de Relaciones Exteriores, las acciones\u00a0 relativas a\u00a0 la cooperaci\u00f3n t\u00e9cnica\u00a0 del CLRAH. Esto incluye la elaboraci\u00f3n y negociaci\u00f3n de proyectos y programas de cooperaci\u00f3n; definir las necesidades de cooperaci\u00f3n t\u00e9cnica; evaluar, tramitar y dar seguimiento a las solicitudes de cooperaci\u00f3n t\u00e9cnica; mantener actualizados todos los proyectos de cooperaci\u00f3n t\u00e9cnica; promover los ofrecimientos de asesor\u00eda t\u00e9cnica y capacitaciones que ofrecen las instancias nacionales e internacionales.<\/p><p style=\"text-align: justify;\"><strong>3. Coordinaci\u00f3n Log\u00edstica y Comercial<\/strong><\/p><p style=\"text-align: justify;\">La Coordinaci\u00f3n Log\u00edstica y Comercial debe asegurar la plena funcionalidad de las actividades log\u00edsticas y coordinaci\u00f3n\u00a0 entre los usuarios, socios y dem\u00e1s involucrados de los eventos de atenci\u00f3n a crisis humanitaria\u00a0(antes, durante y despu\u00e9s)\u00a0y que vinculen al CLRAH. En adici\u00f3n, ser\u00e1 responsable de los acercamientos y negociaci\u00f3n de actividades con usuarios, proveedores y otras organizaciones que se establezcan dentro del complejo, incluyendo las entidades estatales con las cuales se requiera una cercana organizaci\u00f3n y coordinaci\u00f3n por la naturaleza de sus responsabilidades como agencias del pa\u00eds.<\/p><p style=\"text-align: justify;\"><strong>4. Coordinaci\u00f3n Administrativa <\/strong><\/p><p style=\"text-align: justify;\">La Coordinaci\u00f3n Administrativa tendr\u00e1 como responsabilidad el manejo administrativo general del CLRAH que incluye los aspectos de ejecuci\u00f3n presupuestaria, de recurso humano, mantenimiento de infraestructura y equipos, seguridad y dem\u00e1s responsabilidades propias y relativas al buen funcionamiento de las instalaciones a corto, mediano y largo plazo. Su responsabilidad se extiende a la coordinaci\u00f3n con los Usuarios sobre las necesidades de servicios administrativos y de apoyo que sean propias y previamente establecidas.<\/p><p style=\"text-align: justify;\"><strong>5. Coordinaci\u00f3n de Asuntos Legales<\/strong><\/p><p style=\"text-align: justify;\">La Coordinaci\u00f3n de Asuntos Legales tiene como rol asesorar jur\u00eddicamente, y participar con ese car\u00e1cter, en los actos relacionados con la operaci\u00f3n y administraci\u00f3n del CLRAH. Su alcance incluye la redacci\u00f3n de normas, acuerdos y resoluciones, al igual que emitir opini\u00f3n sobre las consultas jur\u00eddicas que se formulen, especialmente sobre proyectos de leyes, decretos, reglamentos, acuerdos, protocolos, procedimientos, manuales, convenios y contratos nacionales e internacionales relacionados con la competencia del CLRAH.<\/p><p><img decoding=\"async\" class=\"size-full wp-image-968 aligncenter\" src=\"https:\/\/www.mingob.gob.pa\/hub-humanitario\/wp-content\/uploads\/sites\/19\/2018\/11\/Captura-de-pantalla-17.png\" alt=\"\" width=\"864\" height=\"543\" srcset=\"https:\/\/www.mingob.gob.pa\/hub-humanitario\/wp-content\/uploads\/sites\/19\/2018\/11\/Captura-de-pantalla-17.png 864w, https:\/\/www.mingob.gob.pa\/hub-humanitario\/wp-content\/uploads\/sites\/19\/2018\/11\/Captura-de-pantalla-17-300x189.png 300w, https:\/\/www.mingob.gob.pa\/hub-humanitario\/wp-content\/uploads\/sites\/19\/2018\/11\/Captura-de-pantalla-17-768x483.png 768w, https:\/\/www.mingob.gob.pa\/hub-humanitario\/wp-content\/uploads\/sites\/19\/2018\/11\/Captura-de-pantalla-17-705x443.png 705w, https:\/\/www.mingob.gob.pa\/hub-humanitario\/wp-content\/uploads\/sites\/19\/2018\/11\/Captura-de-pantalla-17-600x377.png 600w\" sizes=\"(max-width: 864px) 100vw, 864px\" \/><\/p><h3>Funciones del Centro Log\u00edstico\u00a0Regional de Asistencia Humanitaria<\/h3><hr \/><p style=\"text-align: justify;\">El CLRAH tendr\u00e1 entre sus atribuciones la facultad de facilitar con las autoridades nacionales, Usuarios, Socios Estrat\u00e9gicos, organismos internacionales, autoridades extranjeras, organismos especializados en asistencia humanitaria, o cualquier otra persona no gubernamental nacional o internacional, lo concerniente al desarrollo de log\u00edsticas de coordinaci\u00f3n y cooperaci\u00f3n humanitaria, planeaci\u00f3n, implementaci\u00f3n y control efectivo y eficiente de los flujos de productos, materiales, recurso humano e informaci\u00f3n dentro de sus instalaciones que garanticen la disposici\u00f3n inmediata de la ayuda humanitaria en respuesta a emergencias nacionales e internacionales.<\/p><p style=\"text-align: justify;\">Cuando se trate de la negociaci\u00f3n con los Estados, organismos internacionales, autoridades extranjeras o cualquier otra instancia en el servicio exterior se realizar\u00e1 en coordinaci\u00f3n con el Ministerio de Relaciones Exteriores (Art. 13).<\/p><p style=\"text-align: justify;\">Al Centro Log\u00edstico le corresponde desarrollar las siguientes funciones:<\/p><ul><li style=\"text-align: justify;\">Gestionar los acuerdos legales y mecanismos de facilitaci\u00f3n pertinentes que permitan el debido desarrollo operativo del Centro Log\u00edstico.<\/li><li style=\"text-align: justify;\">Organizar con las diversas autoridades nacionales e internacionales, p\u00fablicas y privadas, as\u00ed como con los diferentes proveedores, aquellos contratos, acuerdos y mecanismos de coordinaci\u00f3n que se estimen convenientes para el cumplimiento de los servicios\u00a0 que sean necesarios\u00a0 para el desarrollo de los objetivos propios del Centro Log\u00edstico.<\/li><li style=\"text-align: justify;\">Incorporar las operaciones de log\u00edstica humanitaria de otras agencias u organismos internacionales en las instalaciones del Centro Log\u00edstico.<\/li><li style=\"text-align: justify;\">Negociar y establecer instrumentos marcos que desarrollen relaciones de cooperaci\u00f3n internacional y colaboraci\u00f3n con otros organismos internacionales, organismos especializados o cualquier otra persona de naturaleza no gubernamental nacional o internacional, con miras a la obtenci\u00f3n de los recursos necesarios para los fines de la\u00a0 presente Ley.<\/li><li style=\"text-align: justify;\">Desarrollar un Centro de Transferencia de Conocimientos para la capacitaci\u00f3n, desarrollo de habilidades e intercambios de experiencias en materia de ayuda humanitaria.<\/li><li style=\"text-align: justify;\">Realizar todos los actos y operaciones que sean necesarios para cumplir con los fines y objetivos consignados en la presente Ley, conforme lo establecido en la Constituci\u00f3n Pol\u00edtica de la Rep\u00fablica de Panam\u00e1, las leyes, reglamentos vigentes y los compromisos internacionales adoptados por Panam\u00e1 sobre esta materia (Art. 14).<\/li><\/ul>\t\t\t\t\t\t\t\t<\/div>\n\t\t\t\t<\/div>\n\t\t\t\t\t<\/div>\n\t\t<\/div>\n\t\t\t\t\t<\/div>\n\t\t<\/section>\n\t\t\t\t<\/div>\n\t\t","protected":false},"excerpt":{"rendered":"<p>1. Consejo Asesor El Consejo Asesor es el \u00d3rgano Consultivo del CLRAH.\u00a0 Sus funciones son las de recomendar las pol\u00edticas [&hellip;]<\/p>\n","protected":false},"author":3,"featured_media":0,"parent":0,"menu_order":0,"comment_status":"closed","ping_status":"closed","template":"","meta":{"site-sidebar-layout":"default","site-content-layout":"","ast-site-content-layout":"default","site-content-style":"default","site-sidebar-style":"default","ast-global-header-display":"","ast-banner-title-visibility":"","ast-main-header-display":"","ast-hfb-above-header-display":"","ast-hfb-below-header-display":"","ast-hfb-mobile-header-display":"","site-post-title":"","ast-breadcrumbs-content":"","ast-featured-img":"","footer-sml-layout":"","ast-disable-related-posts":"","theme-transparent-header-meta":"","adv-header-id-meta":"","stick-header-meta":"","header-above-stick-meta":"","header-main-stick-meta":"","header-below-stick-meta":"","astra-migrate-meta-layouts":"default","ast-page-background-enabled":"default","ast-page-background-meta":{"desktop":{"background-color":"var(--ast-global-color-5)","background-image":"","background-repeat":"repeat","background-position":"center center","background-size":"auto","background-attachment":"scroll","background-type":"","background-media":"","overlay-type":"","overlay-color":"","overlay-opacity":"","overlay-gradient":""},"tablet":{"background-color":"","background-image":"","background-repeat":"repeat","background-position":"center center","background-size":"auto","background-attachment":"scroll","background-type":"","background-media":"","overlay-type":"","overlay-color":"","overlay-opacity":"","overlay-gradient":""},"mobile":{"background-color":"","background-image":"","background-repeat":"repeat","background-position":"center center","background-size":"auto","background-attachment":"scroll","background-type":"","background-media":"","overlay-type":"","overlay-color":"","overlay-opacity":"","overlay-gradient":""}},"ast-content-background-meta":{"desktop":{"background-color":"var(--ast-global-color-4)","background-image":"","background-repeat":"repeat","background-position":"center center","background-size":"auto","background-attachment":"scroll","background-type":"","background-media":"","overlay-type":"","overlay-color":"","overlay-opacity":"","overlay-gradient":""},"tablet":{"background-color":"var(--ast-global-color-4)","background-image":"","background-repeat":"repeat","background-position":"center center","background-size":"auto","background-attachment":"scroll","background-type":"","background-media":"","overlay-type":"","overlay-color":"","overlay-opacity":"","overlay-gradient":""},"mobile":{"background-color":"var(--ast-global-color-4)","background-image":"","background-repeat":"repeat","background-position":"center center","background-size":"auto","background-attachment":"scroll","background-type":"","background-media":"","overlay-type":"","overlay-color":"","overlay-opacity":"","overlay-gradient":""}},"footnotes":""},"class_list":["post-122","page","type-page","status-publish","hentry"],"rttpg_featured_image_url":null,"rttpg_author":{"display_name":"YAMILETH RIOS","author_link":"https:\/\/www.mingob.gob.pa\/hub-humanitario\/author\/yamileth\/"},"rttpg_comment":0,"rttpg_category":null,"rttpg_excerpt":"1. Consejo Asesor El Consejo Asesor es el \u00d3rgano Consultivo del CLRAH.\u00a0 Sus funciones son las de recomendar las pol\u00edticas [&hellip;]","_links":{"self":[{"href":"https:\/\/www.mingob.gob.pa\/hub-humanitario\/wp-json\/wp\/v2\/pages\/122","targetHints":{"allow":["GET"]}}],"collection":[{"href":"https:\/\/www.mingob.gob.pa\/hub-humanitario\/wp-json\/wp\/v2\/pages"}],"about":[{"href":"https:\/\/www.mingob.gob.pa\/hub-humanitario\/wp-json\/wp\/v2\/types\/page"}],"author":[{"embeddable":true,"href":"https:\/\/www.mingob.gob.pa\/hub-humanitario\/wp-json\/wp\/v2\/users\/3"}],"replies":[{"embeddable":true,"href":"https:\/\/www.mingob.gob.pa\/hub-humanitario\/wp-json\/wp\/v2\/comments?post=122"}],"version-history":[{"count":5,"href":"https:\/\/www.mingob.gob.pa\/hub-humanitario\/wp-json\/wp\/v2\/pages\/122\/revisions"}],"predecessor-version":[{"id":50418,"href":"https:\/\/www.mingob.gob.pa\/hub-humanitario\/wp-json\/wp\/v2\/pages\/122\/revisions\/50418"}],"wp:attachment":[{"href":"https:\/\/www.mingob.gob.pa\/hub-humanitario\/wp-json\/wp\/v2\/media?parent=122"}],"curies":[{"name":"wp","href":"https:\/\/api.w.org\/{rel}","templated":true}]}}