{"id":1170,"date":"2019-01-21T15:43:33","date_gmt":"2019-01-21T15:43:33","guid":{"rendered":"http:\/\/www.mingob.gob.pa\/hub-humanitario\/?page_id=1170"},"modified":"2025-11-25T16:57:56","modified_gmt":"2025-11-25T16:57:56","slug":"beneficios-para-panama","status":"publish","type":"page","link":"https:\/\/www.mingob.gob.pa\/hub-humanitario\/beneficios-para-panama\/","title":{"rendered":"Beneficios para Panam\u00e1"},"content":{"rendered":"\t\t<div data-elementor-type=\"wp-page\" data-elementor-id=\"1170\" class=\"elementor elementor-1170\">\n\t\t\t\t\t\t<section class=\"elementor-section elementor-top-section elementor-element elementor-element-3f000daa elementor-section-boxed elementor-section-height-default elementor-section-height-default\" data-id=\"3f000daa\" data-element_type=\"section\" data-e-type=\"section\">\n\t\t\t\t\t\t<div class=\"elementor-container elementor-column-gap-default\">\n\t\t\t\t\t<div class=\"elementor-column elementor-col-100 elementor-top-column elementor-element elementor-element-51b56c1f\" data-id=\"51b56c1f\" data-element_type=\"column\" data-e-type=\"column\">\n\t\t\t<div class=\"elementor-widget-wrap elementor-element-populated\">\n\t\t\t\t\t\t<div class=\"elementor-element elementor-element-701c2d46 elementor-widget elementor-widget-text-editor\" data-id=\"701c2d46\" data-element_type=\"widget\" data-e-type=\"widget\" data-widget_type=\"text-editor.default\">\n\t\t\t\t<div class=\"elementor-widget-container\">\n\t\t\t\t\t\t\t\t\t<p style=\"text-align: justify;\">El mayor beneficiario con la instalaci\u00f3n del CLRAH es el pueblo paname\u00f1o, ya que a trav\u00e9s de esta plataforma log\u00edstica, se facilita la administraci\u00f3n, operaci\u00f3n y coordinaci\u00f3n estrat\u00e9gica del recurso humano, equipos y manejo de suministros orientados a apoyar la ayuda humanitaria, de manera m\u00e1s eficiente, ante situaciones de cat\u00e1strofes dentro del pa\u00eds.<\/p><p style=\"text-align: justify;\"><strong>Los principales beneficios directos son:<\/strong><\/p><ul><li style=\"text-align: justify;\">Se fortalece nuestro Sistema Nacional de Protecci\u00f3n Civil (SINAPROC), a trav\u00e9s de un incremento en la capacidad de almacenamiento de art\u00edculos de asistencia humanitaria, potenciar la capacidad de monitoreo del centro de Operaciones de Emergencia (COE) e impulsar el intercambio oportuno de informaci\u00f3n.<\/li><li style=\"text-align: justify;\">Se simplifica la recepci\u00f3n, manejo, almacenamiento y distribuci\u00f3n de insumos, equipos y recursos humanos permitiendo un r\u00e1pido y eficiente despliegue de ayuda local, en caso de emergencias nacionales, por parte de SINAPROC y los organismos humanitarios internacionales instalados en el Centro Log\u00edstico, minimizando el tiempo de entrega y su capacidad de respuesta.<\/li><li style=\"text-align: justify;\">Se establece el Centro de Transferencia de Conocimiento para desarrollar un conjunto de actividades dirigidas al intercambio de experiencias, capacitaci\u00f3n y el desarrollo de habilidades en materia asistencia y log\u00edstica humanitaria, fortaleciendo la formaci\u00f3n del nuestro recurso humano nacional.<\/li><\/ul><p style=\"text-align: justify;\">Con el CLRAH, Panam\u00e1 entra a formar parte de la red mundial de Centros de Asistencia Humanitaria, consolidado tambi\u00e9n el desarrollo del sector log\u00edstico humanitario paname\u00f1o.\u00a0\u00a0Al ser el primer y \u00fanico Hub Humanitario en el continente, se demuestra la integraci\u00f3n de las plataformas log\u00edsticas que operan desde nuestro pa\u00eds, incorporando tecnolog\u00eda de punta, las fortalezas de la posici\u00f3n geogr\u00e1fica y generaci\u00f3n de sinergia de los sectores involucrados.<\/p>\t\t\t\t\t\t\t\t<\/div>\n\t\t\t\t<\/div>\n\t\t\t\t\t<\/div>\n\t\t<\/div>\n\t\t\t\t\t<\/div>\n\t\t<\/section>\n\t\t\t\t<\/div>\n\t\t","protected":false},"excerpt":{"rendered":"<p>El mayor beneficiario con la instalaci\u00f3n del CLRAH es el pueblo paname\u00f1o, ya que a trav\u00e9s de esta plataforma log\u00edstica, [&hellip;]<\/p>\n","protected":false},"author":5,"featured_media":0,"parent":0,"menu_order":0,"comment_status":"closed","ping_status":"closed","template":"","meta":{"site-sidebar-layout":"default","site-content-layout":"","ast-site-content-layout":"default","site-content-style":"default","site-sidebar-style":"default","ast-global-header-display":"","ast-banner-title-visibility":"","ast-main-header-display":"","ast-hfb-above-header-display":"","ast-hfb-below-header-display":"","ast-hfb-mobile-header-display":"","site-post-title":"","ast-breadcrumbs-content":"","ast-featured-img":"","footer-sml-layout":"","ast-disable-related-posts":"","theme-transparent-header-meta":"","adv-header-id-meta":"","stick-header-meta":"","header-above-stick-meta":"","header-main-stick-meta":"","header-below-stick-meta":"","astra-migrate-meta-layouts":"default","ast-page-background-enabled":"default","ast-page-background-meta":{"desktop":{"background-color":"var(--ast-global-color-5)","background-image":"","background-repeat":"repeat","background-position":"center center","background-size":"auto","background-attachment":"scroll","background-type":"","background-media":"","overlay-type":"","overlay-color":"","overlay-opacity":"","overlay-gradient":""},"tablet":{"background-color":"","background-image":"","background-repeat":"repeat","background-position":"center center","background-size":"auto","background-attachment":"scroll","background-type":"","background-media":"","overlay-type":"","overlay-color":"","overlay-opacity":"","overlay-gradient":""},"mobile":{"background-color":"","background-image":"","background-repeat":"repeat","background-position":"center center","background-size":"auto","background-attachment":"scroll","background-type":"","background-media":"","overlay-type":"","overlay-color":"","overlay-opacity":"","overlay-gradient":""}},"ast-content-background-meta":{"desktop":{"background-color":"var(--ast-global-color-4)","background-image":"","background-repeat":"repeat","background-position":"center center","background-size":"auto","background-attachment":"scroll","background-type":"","background-media":"","overlay-type":"","overlay-color":"","overlay-opacity":"","overlay-gradient":""},"tablet":{"background-color":"var(--ast-global-color-4)","background-image":"","background-repeat":"repeat","background-position":"center center","background-size":"auto","background-attachment":"scroll","background-type":"","background-media":"","overlay-type":"","overlay-color":"","overlay-opacity":"","overlay-gradient":""},"mobile":{"background-color":"var(--ast-global-color-4)","background-image":"","background-repeat":"repeat","background-position":"center center","background-size":"auto","background-attachment":"scroll","background-type":"","background-media":"","overlay-type":"","overlay-color":"","overlay-opacity":"","overlay-gradient":""}},"footnotes":""},"class_list":["post-1170","page","type-page","status-publish","hentry"],"rttpg_featured_image_url":null,"rttpg_author":{"display_name":"Administrador Web","author_link":"https:\/\/www.mingob.gob.pa\/hub-humanitario\/author\/nbarrios\/"},"rttpg_comment":0,"rttpg_category":null,"rttpg_excerpt":"El mayor beneficiario con la instalaci\u00f3n del CLRAH es el pueblo paname\u00f1o, ya que a trav\u00e9s de esta plataforma log\u00edstica, [&hellip;]","_links":{"self":[{"href":"https:\/\/www.mingob.gob.pa\/hub-humanitario\/wp-json\/wp\/v2\/pages\/1170","targetHints":{"allow":["GET"]}}],"collection":[{"href":"https:\/\/www.mingob.gob.pa\/hub-humanitario\/wp-json\/wp\/v2\/pages"}],"about":[{"href":"https:\/\/www.mingob.gob.pa\/hub-humanitario\/wp-json\/wp\/v2\/types\/page"}],"author":[{"embeddable":true,"href":"https:\/\/www.mingob.gob.pa\/hub-humanitario\/wp-json\/wp\/v2\/users\/5"}],"replies":[{"embeddable":true,"href":"https:\/\/www.mingob.gob.pa\/hub-humanitario\/wp-json\/wp\/v2\/comments?post=1170"}],"version-history":[{"count":3,"href":"https:\/\/www.mingob.gob.pa\/hub-humanitario\/wp-json\/wp\/v2\/pages\/1170\/revisions"}],"predecessor-version":[{"id":50449,"href":"https:\/\/www.mingob.gob.pa\/hub-humanitario\/wp-json\/wp\/v2\/pages\/1170\/revisions\/50449"}],"wp:attachment":[{"href":"https:\/\/www.mingob.gob.pa\/hub-humanitario\/wp-json\/wp\/v2\/media?parent=1170"}],"curies":[{"name":"wp","href":"https:\/\/api.w.org\/{rel}","templated":true}]}}