{"id":3545,"date":"2024-11-26T19:52:08","date_gmt":"2024-11-26T19:52:08","guid":{"rendered":"https:\/\/www.mingob.gob.pa\/dipred\/?page_id=3545"},"modified":"2025-11-05T18:34:05","modified_gmt":"2025-11-05T18:34:05","slug":"noticias","status":"publish","type":"page","link":"https:\/\/www.mingob.gob.pa\/dipred\/noticias\/","title":{"rendered":"Noticias"},"content":{"rendered":"\t\t<div data-elementor-type=\"wp-page\" data-elementor-id=\"3545\" class=\"elementor elementor-3545\">\n\t\t\t\t<div class=\"elementor-element elementor-element-713a4c6 e-flex e-con-boxed e-con e-parent\" data-id=\"713a4c6\" data-element_type=\"container\" data-e-type=\"container\">\n\t\t\t\t\t<div class=\"e-con-inner\">\n\t\t\t\t<div class=\"elementor-element elementor-element-3de5f7c elementor-widget elementor-widget-shortcode\" data-id=\"3de5f7c\" data-element_type=\"widget\" data-e-type=\"widget\" data-widget_type=\"shortcode.default\">\n\t\t\t\t\t\t\t<div class=\"elementor-shortcode\"><style type='text\/css' media='all'>#rt-tpg-container-4234479313 .rt-holder .rt-woo-info .price{color:#40a8e4;}body .rt-tpg-container .rt-tpg-isotope-buttons .selected,\n\t\t\t\t\t#rt-tpg-container-4234479313 .layout12 .rt-holder:hover .rt-detail,\n\t\t\t\t\t#rt-tpg-container-4234479313 .isotope8 .rt-holder:hover .rt-detail,\n\t\t\t\t\t#rt-tpg-container-4234479313 .carousel8 .rt-holder:hover .rt-detail,\n\t\t\t\t\t#rt-tpg-container-4234479313 .layout13 .rt-holder .overlay .post-info,\n\t\t\t\t\t#rt-tpg-container-4234479313 .isotope9 .rt-holder .overlay .post-info,\n\t\t\t\t\t#rt-tpg-container-4234479313.rt-tpg-container .layout4 .rt-holder .rt-detail,\n\t\t\t\t\t.rt-modal-4234479313 .md-content,\n\t\t\t\t\t.rt-modal-4234479313 .md-content > .rt-md-content-holder .rt-md-content,\n\t\t\t\t\t.rt-popup-wrap-4234479313.rt-popup-wrap .rt-popup-navigation-wrap,\n\t\t\t\t\t#rt-tpg-container-4234479313 .carousel9 .rt-holder .overlay .post-info{background-color:#40a8e4;}#rt-tpg-container-4234479313 .layout5 .rt-holder .overlay, #rt-tpg-container-4234479313 .isotope2 .rt-holder .overlay, #rt-tpg-container-4234479313 .carousel2 .rt-holder .overlay,#rt-tpg-container-4234479313 .layout15 .rt-holder h3, #rt-tpg-container-4234479313 .isotope11 .rt-holder h3, #rt-tpg-container-4234479313 .carousel11 .rt-holder h3, #rt-tpg-container-4234479313 .layout16 .rt-holder h3,\n\t\t\t\t\t#rt-tpg-container-4234479313 .isotope12 .rt-holder h3, #rt-tpg-container-4234479313 .carousel12 .rt-holder h3 {background-color:rgba(64,168,228,0.8);}#rt-tpg-container-4234479313 .read-more a{border-radius:px;}#rt-tpg-container-4234479313 .rt-img-holder img.rt-img-responsive,#rt-tpg-container-4234479313 .rt-img-holder,\n\t\t\t\t\t#rt-tpg-container-4234479313 .rt-post-overlay .post-img,\n\t\t\t\t\t#rt-tpg-container-4234479313 .post-sm .post-img,\n\t\t\t\t\t#rt-tpg-container-4234479313 .rt-post-grid .post-img,\n\t\t\t\t\t#rt-tpg-container-4234479313 .post-img img {border-radius:px;}#rt-tpg-container-4234479313 .layout1 .rt-holder h2.entry-title,\n\t\t\t\t\t#rt-tpg-container-4234479313 .layout1 .rt-holder h3.entry-title,\n\t\t\t\t\t#rt-tpg-container-4234479313 .layout1 .rt-holder h4.entry-title,\n\t\t\t\t\t#rt-tpg-container-4234479313 .layout1 .rt-holder h2.entry-title a,\n\t\t\t\t\t#rt-tpg-container-4234479313 .layout1 .rt-holder h3.entry-title a,\n\t\t\t\t\t#rt-tpg-container-4234479313 .layout1 .rt-holder h4.entry-title a,\n\t\t\t\t\t#rt-tpg-container-4234479313 .rt-holder .rt-woo-info h2 a,\n\t\t\t\t\t#rt-tpg-container-4234479313 .rt-holder .rt-woo-info h3 a,\n\t\t\t\t\t#rt-tpg-container-4234479313 .rt-holder .rt-woo-info h4 a,\n\t\t\t\t\t#rt-tpg-container-4234479313 .post-content .post-title,\n\t\t\t\t\t#rt-tpg-container-4234479313 .rt-post-grid .post-title,\n\t\t\t\t\t#rt-tpg-container-4234479313 .rt-post-grid .post-title a,\n\t\t\t\t\t#rt-tpg-container-4234479313 .post-content .post-title a,\n\t\t\t\t\t#rt-tpg-container-4234479313 .rt-holder .rt-woo-info h2,\n\t\t\t\t\t#rt-tpg-container-4234479313 .rt-holder .rt-woo-info h3,\n\t\t\t\t\t#rt-tpg-container-4234479313 .rt-holder .rt-woo-info h4{font-size:20px;line-height:30px;}#rt-tpg-container-4234479313 .post-grid-lg-style-1 .post-title,\n\t\t\t\t\t\t#rt-tpg-container-4234479313 .post-grid-lg-style-1 .post-title a,\n\t\t\t\t\t\t#rt-tpg-container-4234479313 .big-layout .post-title,\n\t\t\t\t\t\t#rt-tpg-container-4234479313 .big-layout .post-title a,\n\t\t\t\t\t\t#rt-tpg-container-4234479313 .post-grid-lg-style-1 .post-title,\n\t\t\t\t\t\t#rt-tpg-container-4234479313 .post-grid-lg-style-1 .post-title a {font-size:28px;line-height:38px;}<\/style><div class='rt-container-fluid rt-tpg-container tpg-shortcode-main-wrapper ' id='rt-tpg-container-4234479313'   data-layout='layout1' data-grid-style='even' data-desktop-col='3'  data-tab-col='2'  data-mobile-col='1' data-sc-id='3713'><div class=\"tpg-widget-heading-wrapper heading-style1 \"><span class=\"tpg-widget-heading-line line-left\"><\/span><h2 class=\"tpg-widget-heading\">Sala de Prensa<\/h2><span class=\"tpg-widget-heading-line\"><\/span><\/div><div data-title='Loading ...' class='rt-row rt-content-loader   layout1 tpg-even '><div class=\"rt-col-md-4 rt-col-sm-6 rt-col-xs-12 even-grid-item rt-grid-item\" data-id=\"5877\"><div class=\"rt-holder\"><div class=\"rt-img-holder\"><a data-id=\"5877\" class=\"\" href=\"https:\/\/www.mingob.gob.pa\/dipred\/2026\/03\/27\/elige-tu-vida-bootcamp-reune-a-jovenes-de-diferentes-provincias-en-jornadas-de-formacion-valores-y-liderazgo-en-veraguas\/\"><img fetchpriority=\"high\" decoding=\"async\" width=\"1600\" height=\"1066\" src=\"https:\/\/www.mingob.gob.pa\/dipred\/wp-content\/uploads\/sites\/26\/2026\/03\/WhatsApp-Image-2026-03-27-at-1.39.07-PM-2.jpeg?wsr\" class=\"rt-img-responsive \" alt=\"\" \/><\/a><\/div><div class='rt-detail'><h4 class=\"entry-title\"><a data-id=\"5877\" class=\"\" href=\"https:\/\/www.mingob.gob.pa\/dipred\/2026\/03\/27\/elige-tu-vida-bootcamp-reune-a-jovenes-de-diferentes-provincias-en-jornadas-de-formacion-valores-y-liderazgo-en-veraguas\/\">Elige tu Vida Bootcamp re\u00fane a j\u00f3venes de diferentes provincias en jornadas de formaci\u00f3n, valores y liderazgo en Veraguas<\/a><\/h4><div class='post-meta-user  '><span class='date'><i class='far fa-calendar-alt '><\/i>27 de marzo de 2026<\/span><\/div><div class='tpg-excerpt'>Elige tu Vida Bootcamp re\u00fane a j\u00f3venes de diferentes provincias en jornadas de formaci\u00f3n, valores...<\/div><div class='post-meta '><span class='read-more'><a data-id='5877' class='' href='https:\/\/www.mingob.gob.pa\/dipred\/2026\/03\/27\/elige-tu-vida-bootcamp-reune-a-jovenes-de-diferentes-provincias-en-jornadas-de-formacion-valores-y-liderazgo-en-veraguas\/'>Read More<\/a><\/span><\/div><\/div><\/div><\/div><div class=\"rt-col-md-4 rt-col-sm-6 rt-col-xs-12 even-grid-item rt-grid-item\" data-id=\"5854\"><div class=\"rt-holder\"><div class=\"rt-img-holder\"><a data-id=\"5854\" class=\"\" href=\"https:\/\/www.mingob.gob.pa\/dipred\/2026\/03\/24\/dipred-fortalece-el-aprendizaje-integral-de-ninos-y-ninas-del-cai-de-tocumen\/\"><img decoding=\"async\" width=\"1600\" height=\"1066\" src=\"https:\/\/www.mingob.gob.pa\/dipred\/wp-content\/uploads\/sites\/26\/2026\/03\/WhatsApp-Image-2026-03-24-at-12.16.24-PM.jpeg?wsr\" class=\"rt-img-responsive \" alt=\"\" \/><\/a><\/div><div class='rt-detail'><h4 class=\"entry-title\"><a data-id=\"5854\" class=\"\" href=\"https:\/\/www.mingob.gob.pa\/dipred\/2026\/03\/24\/dipred-fortalece-el-aprendizaje-integral-de-ninos-y-ninas-del-cai-de-tocumen\/\">DIPRED fortalece el aprendizaje integral de ni\u00f1os y ni\u00f1as del CAI de Tocumen<\/a><\/h4><div class='post-meta-user  '><span class='date'><i class='far fa-calendar-alt '><\/i>24 de marzo de 2026<\/span><\/div><div class='tpg-excerpt'>DIPRED fortalece el aprendizaje integral de ni\u00f1os y ni\u00f1as del CAI de Tocumen Como parte...<\/div><div class='post-meta '><span class='read-more'><a data-id='5854' class='' href='https:\/\/www.mingob.gob.pa\/dipred\/2026\/03\/24\/dipred-fortalece-el-aprendizaje-integral-de-ninos-y-ninas-del-cai-de-tocumen\/'>Read More<\/a><\/span><\/div><\/div><\/div><\/div><div class=\"rt-col-md-4 rt-col-sm-6 rt-col-xs-12 even-grid-item rt-grid-item\" data-id=\"5839\"><div class=\"rt-holder\"><div class='rt-detail'><h4 class=\"entry-title\"><a data-id=\"5839\" class=\"\" href=\"https:\/\/www.mingob.gob.pa\/dipred\/2026\/03\/20\/realizan-el-bazar-dipred-para-promover-la-educacion-financiera-en-ninos-y-ninas\/\">Realizan el Bazar DIPRED para promover la educaci\u00f3n financiera en ni\u00f1os y ni\u00f1as.<\/a><\/h4><div class='post-meta-user  '><span class='date'><i class='far fa-calendar-alt '><\/i>20 de marzo de 2026<\/span><\/div><div class='tpg-excerpt'>En el marco del campamento \u201cElige tu Vida\u201d, se llev\u00f3 a cabo el Bazar DIPRED...<\/div><div class='post-meta '><span class='read-more'><a data-id='5839' class='' href='https:\/\/www.mingob.gob.pa\/dipred\/2026\/03\/20\/realizan-el-bazar-dipred-para-promover-la-educacion-financiera-en-ninos-y-ninas\/'>Read More<\/a><\/span><\/div><\/div><\/div><\/div><div class=\"rt-col-md-4 rt-col-sm-6 rt-col-xs-12 even-grid-item rt-grid-item\" data-id=\"5867\"><div class=\"rt-holder\"><div class=\"rt-img-holder\"><a data-id=\"5867\" class=\"\" href=\"https:\/\/www.mingob.gob.pa\/dipred\/2026\/03\/20\/formacion-en-estetica-corporal-para-mujeres-a-traves-del-programa-capacitate-en-tu-barrio\/\"><img decoding=\"async\" width=\"2560\" height=\"1920\" src=\"https:\/\/www.mingob.gob.pa\/dipred\/wp-content\/uploads\/sites\/26\/2026\/03\/IMG_6804-scaled.jpg?wsr\" class=\"rt-img-responsive \" alt=\"\" \/><\/a><\/div><div class='rt-detail'><h4 class=\"entry-title\"><a data-id=\"5867\" class=\"\" href=\"https:\/\/www.mingob.gob.pa\/dipred\/2026\/03\/20\/formacion-en-estetica-corporal-para-mujeres-a-traves-del-programa-capacitate-en-tu-barrio\/\">Formaci\u00f3n en est\u00e9tica corporal para mujeres a trav\u00e9s del programa \u201cCapac\u00edtate en tu Barrio\u201d<\/a><\/h4><div class='post-meta-user  '><span class='date'><i class='far fa-calendar-alt '><\/i>20 de marzo de 2026<\/span><\/div><div class='tpg-excerpt'>Formaci\u00f3n en est\u00e9tica corporal para mujeres a trav\u00e9s del programa \u201cCapac\u00edtate en tu Barrio\u201d Con...<\/div><div class='post-meta '><span class='read-more'><a data-id='5867' class='' href='https:\/\/www.mingob.gob.pa\/dipred\/2026\/03\/20\/formacion-en-estetica-corporal-para-mujeres-a-traves-del-programa-capacitate-en-tu-barrio\/'>Read More<\/a><\/span><\/div><\/div><\/div><\/div><div class=\"rt-col-md-4 rt-col-sm-6 rt-col-xs-12 even-grid-item rt-grid-item\" data-id=\"5843\"><div class=\"rt-holder\"><div class=\"rt-img-holder\"><a data-id=\"5843\" class=\"\" href=\"https:\/\/www.mingob.gob.pa\/dipred\/2026\/03\/19\/el-campamento-elige-tu-vida-llega-al-cai-de-tocumen-con-actividades-deportivas-culturales-y-de-formacion-para-jovenes\/\"><img loading=\"lazy\" decoding=\"async\" width=\"1600\" height=\"1066\" src=\"https:\/\/www.mingob.gob.pa\/dipred\/wp-content\/uploads\/sites\/26\/2026\/03\/WhatsApp-Image-2026-03-25-at-3.04.02-PM.jpeg?wsr\" class=\"rt-img-responsive \" alt=\"\" \/><\/a><\/div><div class='rt-detail'><h4 class=\"entry-title\"><a data-id=\"5843\" class=\"\" href=\"https:\/\/www.mingob.gob.pa\/dipred\/2026\/03\/19\/el-campamento-elige-tu-vida-llega-al-cai-de-tocumen-con-actividades-deportivas-culturales-y-de-formacion-para-jovenes\/\">El campamento Elige tu Vida llega al CAI de Tocumen con actividades deportivas, culturales y de formaci\u00f3n para j\u00f3venes.<\/a><\/h4><div class='post-meta-user  '><span class='date'><i class='far fa-calendar-alt '><\/i>19 de marzo de 2026<\/span><\/div><div class='tpg-excerpt'>El campamento Elige tu Vida llega al CAI de Tocumen con actividades deportivas, culturales y...<\/div><div class='post-meta '><span class='read-more'><a data-id='5843' class='' href='https:\/\/www.mingob.gob.pa\/dipred\/2026\/03\/19\/el-campamento-elige-tu-vida-llega-al-cai-de-tocumen-con-actividades-deportivas-culturales-y-de-formacion-para-jovenes\/'>Read More<\/a><\/span><\/div><\/div><\/div><\/div><div class=\"rt-col-md-4 rt-col-sm-6 rt-col-xs-12 even-grid-item rt-grid-item\" data-id=\"5823\"><div class=\"rt-holder\"><div class=\"rt-img-holder\"><a data-id=\"5823\" class=\"\" href=\"https:\/\/www.mingob.gob.pa\/dipred\/2026\/03\/06\/promueven-espacios-de-atencion-y-recreacion-para-la-ninez-en-altos-de-los-lagos-colon\/\"><img loading=\"lazy\" decoding=\"async\" width=\"2560\" height=\"1707\" src=\"https:\/\/www.mingob.gob.pa\/dipred\/wp-content\/uploads\/sites\/26\/2026\/03\/IMG_8565-scaled.jpg?wsr\" class=\"rt-img-responsive \" alt=\"\" \/><\/a><\/div><div class='rt-detail'><h4 class=\"entry-title\"><a data-id=\"5823\" class=\"\" href=\"https:\/\/www.mingob.gob.pa\/dipred\/2026\/03\/06\/promueven-espacios-de-atencion-y-recreacion-para-la-ninez-en-altos-de-los-lagos-colon\/\">Promueven espacios de atenci\u00f3n y recreaci\u00f3n para la ni\u00f1ez en Altos de Los Lagos, Col\u00f3n.<\/a><\/h4><div class='post-meta-user  '><span class='date'><i class='far fa-calendar-alt '><\/i>6 de marzo de 2026<\/span><\/div><div class='tpg-excerpt'>Promueven espacios de atenci\u00f3n y recreaci\u00f3n para la ni\u00f1ez en Altos de Los Lagos, Col\u00f3n...<\/div><div class='post-meta '><span class='read-more'><a data-id='5823' class='' href='https:\/\/www.mingob.gob.pa\/dipred\/2026\/03\/06\/promueven-espacios-de-atencion-y-recreacion-para-la-ninez-en-altos-de-los-lagos-colon\/'>Read More<\/a><\/span><\/div><\/div><\/div><\/div><div class=\"rt-col-md-4 rt-col-sm-6 rt-col-xs-12 even-grid-item rt-grid-item\" data-id=\"5778\"><div class=\"rt-holder\"><div class=\"rt-img-holder\"><a data-id=\"5778\" class=\"\" href=\"https:\/\/www.mingob.gob.pa\/dipred\/2026\/03\/02\/dipred-fortalece-planificacion-de-programas-preventivos-para-el-segundo-semestre-de-2026\/\"><img loading=\"lazy\" decoding=\"async\" width=\"2560\" height=\"1707\" src=\"https:\/\/www.mingob.gob.pa\/dipred\/wp-content\/uploads\/sites\/26\/2026\/03\/IMG_8289-scaled.jpg?wsr\" class=\"rt-img-responsive \" alt=\"\" \/><\/a><\/div><div class='rt-detail'><h4 class=\"entry-title\"><a data-id=\"5778\" class=\"\" href=\"https:\/\/www.mingob.gob.pa\/dipred\/2026\/03\/02\/dipred-fortalece-planificacion-de-programas-preventivos-para-el-segundo-semestre-de-2026\/\">DIPRED fortalece planificaci\u00f3n de programas preventivos para el segundo semestre de 2026.<\/a><\/h4><div class='post-meta-user  '><span class='date'><i class='far fa-calendar-alt '><\/i>2 de marzo de 2026<\/span><\/div><div class='tpg-excerpt'>DIPRED fortalece planificaci\u00f3n de programas preventivos para el segundo semestre de 2026 El equipo de...<\/div><div class='post-meta '><span class='read-more'><a data-id='5778' class='' href='https:\/\/www.mingob.gob.pa\/dipred\/2026\/03\/02\/dipred-fortalece-planificacion-de-programas-preventivos-para-el-segundo-semestre-de-2026\/'>Read More<\/a><\/span><\/div><\/div><\/div><\/div><div class=\"rt-col-md-4 rt-col-sm-6 rt-col-xs-12 even-grid-item rt-grid-item\" data-id=\"5804\"><div class=\"rt-holder\"><div class=\"rt-img-holder\"><a data-id=\"5804\" class=\"\" href=\"https:\/\/www.mingob.gob.pa\/dipred\/2026\/02\/27\/break-dipred-llega-a-caballero-de-anton-en-cocle-con-jornada-formativa-para-la-ninez\/\"><img loading=\"lazy\" decoding=\"async\" width=\"2560\" height=\"1707\" src=\"https:\/\/www.mingob.gob.pa\/dipred\/wp-content\/uploads\/sites\/26\/2026\/03\/IMG_8245-scaled.jpg?wsr\" class=\"rt-img-responsive \" alt=\"\" \/><\/a><\/div><div class='rt-detail'><h4 class=\"entry-title\"><a data-id=\"5804\" class=\"\" href=\"https:\/\/www.mingob.gob.pa\/dipred\/2026\/02\/27\/break-dipred-llega-a-caballero-de-anton-en-cocle-con-jornada-formativa-para-la-ninez\/\">Break DIPRED llega a Caballero de Ant\u00f3n en Cocl\u00e9 con jornada formativa para la ni\u00f1ez.<\/a><\/h4><div class='post-meta-user  '><span class='date'><i class='far fa-calendar-alt '><\/i>27 de febrero de 2026<\/span><\/div><div class='tpg-excerpt'>Break DIPRED llega a Caballero de Ant\u00f3n en Cocl\u00e9 con jornada formativa para la ni\u00f1ez...<\/div><div class='post-meta '><span class='read-more'><a data-id='5804' class='' href='https:\/\/www.mingob.gob.pa\/dipred\/2026\/02\/27\/break-dipred-llega-a-caballero-de-anton-en-cocle-con-jornada-formativa-para-la-ninez\/'>Read More<\/a><\/span><\/div><\/div><\/div><\/div><div class=\"rt-col-md-4 rt-col-sm-6 rt-col-xs-12 even-grid-item rt-grid-item\" data-id=\"5739\"><div class=\"rt-holder\"><div class=\"rt-img-holder\"><a data-id=\"5739\" class=\"\" href=\"https:\/\/www.mingob.gob.pa\/dipred\/2026\/02\/26\/break-dipred-reune-a-mas-de-115-ninos-en-virgen-del-carmen-con-jornada-preventiva-y-formativa\/\"><img loading=\"lazy\" decoding=\"async\" width=\"2560\" height=\"1707\" src=\"https:\/\/www.mingob.gob.pa\/dipred\/wp-content\/uploads\/sites\/26\/2026\/03\/IMG_7968-scaled.jpg?wsr\" class=\"rt-img-responsive \" alt=\"\" \/><\/a><\/div><div class='rt-detail'><h4 class=\"entry-title\"><a data-id=\"5739\" class=\"\" href=\"https:\/\/www.mingob.gob.pa\/dipred\/2026\/02\/26\/break-dipred-reune-a-mas-de-115-ninos-en-virgen-del-carmen-con-jornada-preventiva-y-formativa\/\">Break DIPRED re\u00fane a m\u00e1s de 115 ni\u00f1os en Virgen del Carmen con jornada preventiva y formativa.<\/a><\/h4><div class='post-meta-user  '><span class='date'><i class='far fa-calendar-alt '><\/i>26 de febrero de 2026<\/span><\/div><div class='tpg-excerpt'>Break DIPRED re\u00fane a m\u00e1s de 115 ni\u00f1os en Virgen del Carmen con jornada preventiva...<\/div><div class='post-meta '><span class='read-more'><a data-id='5739' class='' href='https:\/\/www.mingob.gob.pa\/dipred\/2026\/02\/26\/break-dipred-reune-a-mas-de-115-ninos-en-virgen-del-carmen-con-jornada-preventiva-y-formativa\/'>Read More<\/a><\/span><\/div><\/div><\/div><\/div><\/div><div class='rt-pagination-wrap' data-total-pages='8' data-posts-per-page='9' data-type='pagination'  ><div class=\"rt-pagination\" ><ul class=\"pagination-list\"><li class=\"active\"><span>1<\/span><\/li><li><a data-paged='2' href='https:\/\/www.mingob.gob.pa\/dipred\/wp-json\/wp\/v2\/pages\/3545\/page\/2\/'>2<\/a><\/li><li><a data-paged='3' href='https:\/\/www.mingob.gob.pa\/dipred\/wp-json\/wp\/v2\/pages\/3545\/page\/3\/'>3<\/a><\/li><li><a data-paged='4' href='https:\/\/www.mingob.gob.pa\/dipred\/wp-json\/wp\/v2\/pages\/3545\/page\/4\/'>4<\/a><\/li><li><a data-paged='5' href='https:\/\/www.mingob.gob.pa\/dipred\/wp-json\/wp\/v2\/pages\/3545\/page\/5\/'>5<\/a><\/li><li><a data-paged='6' href='https:\/\/www.mingob.gob.pa\/dipred\/wp-json\/wp\/v2\/pages\/3545\/page\/6\/'>6<\/a><\/li><li><a data-paged='7' href='https:\/\/www.mingob.gob.pa\/dipred\/wp-json\/wp\/v2\/pages\/3545\/page\/7\/'>7<\/a><\/li><li><a data-paged='8' href='https:\/\/www.mingob.gob.pa\/dipred\/wp-json\/wp\/v2\/pages\/3545\/page\/8\/'>8<\/a><\/li><\/ul><\/div><\/div><\/div><\/div>\n\t\t\t\t\t\t<\/div>\n\t\t\t\t\t<\/div>\n\t\t\t\t<\/div>\n\t\t\t\t<\/div>\n\t\t","protected":false},"excerpt":{"rendered":"","protected":false},"author":24,"featured_media":0,"parent":0,"menu_order":0,"comment_status":"closed","ping_status":"closed","template":"","meta":{"site-sidebar-layout":"default","site-content-layout":"","ast-site-content-layout":"default","site-content-style":"default","site-sidebar-style":"default","ast-global-header-display":"","ast-banner-title-visibility":"","ast-main-header-display":"","ast-hfb-above-header-display":"","ast-hfb-below-header-display":"","ast-hfb-mobile-header-display":"","site-post-title":"disabled","ast-breadcrumbs-content":"","ast-featured-img":"","footer-sml-layout":"","ast-disable-related-posts":"","theme-transparent-header-meta":"","adv-header-id-meta":"","stick-header-meta":"","header-above-stick-meta":"","header-main-stick-meta":"","header-below-stick-meta":"","astra-migrate-meta-layouts":"default","ast-page-background-enabled":"default","ast-page-background-meta":{"desktop":{"background-color":"var(--ast-global-color-5)","background-image":"","background-repeat":"repeat","background-position":"center center","background-size":"auto","background-attachment":"scroll","background-type":"","background-media":"","overlay-type":"","overlay-color":"","overlay-opacity":"","overlay-gradient":""},"tablet":{"background-color":"","background-image":"","background-repeat":"repeat","background-position":"center center","background-size":"auto","background-attachment":"scroll","background-type":"","background-media":"","overlay-type":"","overlay-color":"","overlay-opacity":"","overlay-gradient":""},"mobile":{"background-color":"","background-image":"","background-repeat":"repeat","background-position":"center center","background-size":"auto","background-attachment":"scroll","background-type":"","background-media":"","overlay-type":"","overlay-color":"","overlay-opacity":"","overlay-gradient":""}},"ast-content-background-meta":{"desktop":{"background-color":"var(--ast-global-color-4)","background-image":"","background-repeat":"repeat","background-position":"center center","background-size":"auto","background-attachment":"scroll","background-type":"","background-media":"","overlay-type":"","overlay-color":"","overlay-opacity":"","overlay-gradient":""},"tablet":{"background-color":"var(--ast-global-color-4)","background-image":"","background-repeat":"repeat","background-position":"center center","background-size":"auto","background-attachment":"scroll","background-type":"","background-media":"","overlay-type":"","overlay-color":"","overlay-opacity":"","overlay-gradient":""},"mobile":{"background-color":"var(--ast-global-color-4)","background-image":"","background-repeat":"repeat","background-position":"center center","background-size":"auto","background-attachment":"scroll","background-type":"","background-media":"","overlay-type":"","overlay-color":"","overlay-opacity":"","overlay-gradient":""}},"footnotes":""},"class_list":["post-3545","page","type-page","status-publish","hentry"],"rttpg_featured_image_url":null,"rttpg_author":{"display_name":"egraell","author_link":"https:\/\/www.mingob.gob.pa\/dipred\/author\/egraell\/"},"rttpg_comment":0,"rttpg_category":"","rttpg_excerpt":null,"_links":{"self":[{"href":"https:\/\/www.mingob.gob.pa\/dipred\/wp-json\/wp\/v2\/pages\/3545","targetHints":{"allow":["GET"]}}],"collection":[{"href":"https:\/\/www.mingob.gob.pa\/dipred\/wp-json\/wp\/v2\/pages"}],"about":[{"href":"https:\/\/www.mingob.gob.pa\/dipred\/wp-json\/wp\/v2\/types\/page"}],"author":[{"embeddable":true,"href":"https:\/\/www.mingob.gob.pa\/dipred\/wp-json\/wp\/v2\/users\/24"}],"replies":[{"embeddable":true,"href":"https:\/\/www.mingob.gob.pa\/dipred\/wp-json\/wp\/v2\/comments?post=3545"}],"version-history":[{"count":5,"href":"https:\/\/www.mingob.gob.pa\/dipred\/wp-json\/wp\/v2\/pages\/3545\/revisions"}],"predecessor-version":[{"id":4890,"href":"https:\/\/www.mingob.gob.pa\/dipred\/wp-json\/wp\/v2\/pages\/3545\/revisions\/4890"}],"wp:attachment":[{"href":"https:\/\/www.mingob.gob.pa\/dipred\/wp-json\/wp\/v2\/media?parent=3545"}],"curies":[{"name":"wp","href":"https:\/\/api.w.org\/{rel}","templated":true}]}}