{"id":330,"date":"2016-02-29T13:10:37","date_gmt":"2016-02-29T13:10:37","guid":{"rendered":"http:\/\/test.kriesi.at\/travel\/?page_id=2"},"modified":"2025-11-27T17:16:01","modified_gmt":"2025-11-27T17:16:01","slug":"inicio-dipred","status":"publish","type":"page","link":"https:\/\/www.mingob.gob.pa\/dipred\/","title":{"rendered":"Inicio DIPRED"},"content":{"rendered":"\t\t<div data-elementor-type=\"wp-page\" data-elementor-id=\"330\" class=\"elementor elementor-330\">\n\t\t\t\t<div class=\"elementor-element elementor-element-9b44459 e-con-full e-flex e-con e-parent\" data-id=\"9b44459\" data-element_type=\"container\" data-e-type=\"container\">\n\t\t\t\t<div class=\"elementor-element elementor-element-6125b4d elementor-widget__width-inherit elementor-widget elementor-widget-sina_banner_slider\" data-id=\"6125b4d\" data-element_type=\"widget\" data-e-type=\"widget\" data-widget_type=\"sina_banner_slider.default\">\n\t\t\t\t<div class=\"elementor-widget-container\">\n\t\t\t\t\t\t\t<div class=\"sina-banner-slider owl-carousel\"\r\n\t\tdata-autoplay=\"yes\"\r\n\t\tdata-pause=\"yes\"\r\n\t\tdata-nav=\"yes\"\r\n\t\tdata-dots=\"yes\"\r\n\t\tdata-mouse-drag=\"yes\"\r\n\t\tdata-touch-drag=\"yes\"\r\n\t\tdata-loop=\"yes\"\r\n\t\tdata-speed=\"1000\"\r\n\t\tdata-part-anim=\"\"\r\n\t\tdata-delay=\"5000\">\r\n\r\n\t\t\t\t\t\t\t<div class=\"sina-slider-content sina-bg-cover\" style=\"background-image: url(https:\/\/www.mingob.gob.pa\/dipred\/wp-content\/uploads\/sites\/26\/2025\/09\/IMG_4763.jpg);\">\r\n\t\t\t\t\t\t\t\t\t\t\t<div class=\"sina-overlay\"><\/div>\r\n\t\t\t\t\t\r\n\t\t\t\t\t<div class=\"sina-banner-container elementor-repeater-item-6707ae3\">\r\n\r\n\t\t\t\t\t\t\r\n\t\t\t\t\t\t\r\n\t\t\t\t\t\t\r\n\t\t\t\t\t\t\t\t\t\t\t<\/div>\r\n\t\t\t\t<\/div>\r\n\t\t\t\t\t\t\t<div class=\"sina-slider-content sina-bg-cover\" style=\"background-image: url(https:\/\/www.mingob.gob.pa\/dipred\/wp-content\/uploads\/sites\/26\/2025\/09\/IMG_4748.jpg);\">\r\n\t\t\t\t\t\t\t\t\t\t\t<div class=\"sina-overlay\"><\/div>\r\n\t\t\t\t\t\r\n\t\t\t\t\t<div class=\"sina-banner-container elementor-repeater-item-cecb119\">\r\n\r\n\t\t\t\t\t\t\r\n\t\t\t\t\t\t\r\n\t\t\t\t\t\t\r\n\t\t\t\t\t\t\t\t\t\t\t<\/div>\r\n\t\t\t\t<\/div>\r\n\t\t\t\t\t\t\t<div class=\"sina-slider-content sina-bg-cover\" style=\"background-image: url(https:\/\/www.mingob.gob.pa\/dipred\/wp-content\/uploads\/sites\/26\/2025\/09\/IMG_4881.jpg);\">\r\n\t\t\t\t\t\t\t\t\t\t\t<div class=\"sina-overlay\"><\/div>\r\n\t\t\t\t\t\r\n\t\t\t\t\t<div class=\"sina-banner-container elementor-repeater-item-d10e996\">\r\n\r\n\t\t\t\t\t\t\r\n\t\t\t\t\t\t\r\n\t\t\t\t\t\t\r\n\t\t\t\t\t\t\t\t\t\t\t<\/div>\r\n\t\t\t\t<\/div>\r\n\t\t\t\t\t<\/div><!-- .sina-banner-slider -->\r\n\t\t\t\t\t\t<\/div>\n\t\t\t\t<\/div>\n\t\t\t\t<\/div>\n\t\t<div class=\"elementor-element elementor-element-8012788 e-flex e-con-boxed e-con e-parent\" data-id=\"8012788\" data-element_type=\"container\" data-e-type=\"container\">\n\t\t\t\t\t<div class=\"e-con-inner\">\n\t\t\t\t<div class=\"elementor-element elementor-element-fe80d02 elementor-widget-divider--view-line elementor-widget elementor-widget-divider\" data-id=\"fe80d02\" data-element_type=\"widget\" data-e-type=\"widget\" data-widget_type=\"divider.default\">\n\t\t\t\t\t\t\t<div class=\"elementor-divider\">\n\t\t\t<span class=\"elementor-divider-separator\">\n\t\t\t\t\t\t<\/span>\n\t\t<\/div>\n\t\t\t\t\t\t<\/div>\n\t\t\t\t\t<\/div>\n\t\t\t\t<\/div>\n\t\t<div class=\"elementor-element elementor-element-4d21b2f e-flex e-con-boxed e-con e-parent\" data-id=\"4d21b2f\" data-element_type=\"container\" data-e-type=\"container\">\n\t\t\t\t\t<div class=\"e-con-inner\">\n\t\t<div class=\"elementor-element elementor-element-12a9c4c e-con-full e-flex e-con e-child\" data-id=\"12a9c4c\" data-element_type=\"container\" data-e-type=\"container\">\n\t\t\t\t<div class=\"elementor-element elementor-element-d9f243e tpg-wrapper-align-center meta-visibility-show title_position_default title_hover_border_default title-default img_hover_animation_default meta_position_default readmore-btn-default-style grid-hover-overlay-type-always tpg-el-box-border-enable tpg-border-bottom-disable elementor-widget elementor-widget-tpg-grid-layout\" data-id=\"d9f243e\" data-element_type=\"widget\" data-e-type=\"widget\" data-widget_type=\"tpg-grid-layout.default\">\n\t\t\t\t<div class=\"elementor-widget-container\">\n\t\t\t\t\t\t\t<div class=\"rt-container-fluid rt-tpg-container tpg-el-main-wrapper clearfix grid-layout3-main \"\n\t\t\t id=\"rt-tpg-container-4160485047\"\n\t\t\t data-layout=\"grid-layout3\"\n\t\t\t data-grid-style=\"tpg-full-height\"\n\t\t\t data-sc-id=\"elementor\"\n\t\t\t data-el-settings=''\n\t\t\t data-el-query=''\n\t\t\t data-el-path=''\n\t\t>\n\t\t\t\t\t\t<div class='tpg-header-wrapper '>\n\t\t\t\t\t\t\t<\/div>\n\n\t\t\t<div data-title=\"Loading ...\" class=\"rt-row rt-content-loader grid-layout3 grid-behaviour tpg-full-height grid_layout_wrapper\">\n\t\t\t\t\n<div class=\"rt-col-md-6 rt-col-sm-6 rt-col-xs-12 default rt-grid-item\" data-id=\"5877\">\n\t<div class=\"rt-holder tpg-post-holder \">\n\t\t<div class=\"rt-detail rt-el-content-wrapper\">\n\t\t\t\t\t\t\t<div class=\"rt-img-holder tpg-el-image-wrap has-thumbnail\">\n\t\t\t\t\t<a data-id=\"5877\" href=\"https:\/\/www.mingob.gob.pa\/dipred\/2026\/03\/27\/elige-tu-vida-bootcamp-reune-a-jovenes-de-diferentes-provincias-en-jornadas-de-formacion-valores-y-liderazgo-en-veraguas\/\" class=\"tpg-post-link\" target=\"_self\">                        <img fetchpriority=\"high\" decoding=\"async\" src=\"https:\/\/www.mingob.gob.pa\/dipred\/wp-content\/uploads\/sites\/26\/2026\/03\/WhatsApp-Image-2026-03-27-at-1.39.07-PM-2-768x512.jpeg?wsr\"\n                             class=\"rt-img-responsive\"\n                             width=\"768\"\n                             height=\"512\"\n                             alt=\"Elige tu Vida Bootcamp re\u00fane a j\u00f3venes de diferentes provincias en jornadas de formaci\u00f3n, valores y liderazgo en Veraguas\">\n\t\t\t\t\t\t\n\t\t\t\t\t\t\t\n\t\t<\/a>\n\t\t        <div class=\"overlay grid-hover-content\"><\/div>\n\t\t\t\t\t\t<\/div>\n\t\t\t\n\n\t\t\t<div class=\"entry-title-wrapper\"><h3 class=\"entry-title\"><a data-id=\"5877\" href=\"https:\/\/www.mingob.gob.pa\/dipred\/2026\/03\/27\/elige-tu-vida-bootcamp-reune-a-jovenes-de-diferentes-provincias-en-jornadas-de-formacion-valores-y-liderazgo-en-veraguas\/\" class=\"tpg-post-link\" target=\"_self\">Elige tu Vida Bootcamp re\u00fane a j\u00f3venes de diferentes provincias en jornadas de formaci\u00f3n, valores y liderazgo en Veraguas<\/a><\/h3><\/div>\n\t\t\t\t\t\t\t<div class=\"post-meta-tags rt-el-post-meta\">\n\t\t\t\t\t            <span class='date'>\n\t\t\t\t<i class='far fa-calendar-alt '><\/i>\t\t\t\t                    <a href=\"https:\/\/www.mingob.gob.pa\/dipred\/2026\/03\/27\/\">\n\t\t\t\t\t27 de marzo de 2026\t\t\t\t<\/a>\n\t\t\t\t\t\t\t<\/span>\n\t\t\t\t\t\t\t<\/div>\n\t\t\t\n\t\t\t\t\t\t\t<div class=\"tpg-excerpt tpg-el-excerpt\">\n\t\t\t\t\t\t\t\t\t\t\t<div class=\"tpg-excerpt-inner\">\n\t\t\t\t\t\t\tElige tu Vida Bootcamp re\u00fane a j\u00f3venes de diferentes provincias en jornadas de formaci\u00f3n, valores y liderazgo en Veraguas Montijo...\t\t\t\t\t\t<\/div>\n\t\t\t\t\t\t\t\t\t\t\t\t\t\t<\/div>\n\t\t\t\n\t\t\t        <div class=\"post-footer\">\n            <div class=\"post-footer\">\n                <div class=\"read-more\">\n\t\t\t\t\t<a data-id=\"5877\" href=\"https:\/\/www.mingob.gob.pa\/dipred\/2026\/03\/27\/elige-tu-vida-bootcamp-reune-a-jovenes-de-diferentes-provincias-en-jornadas-de-formacion-valores-y-liderazgo-en-veraguas\/\" class=\"tpg-post-link\" target=\"_self\">Leer m\u00e1s<\/a>                <\/div>\n            <\/div>\n        <\/div>\n\t\t\t\t<\/div>\n\t<\/div>\n<\/div>\n\n<div class=\"rt-col-md-6 rt-col-sm-6 rt-col-xs-12 default rt-grid-item\" data-id=\"5854\">\n\t<div class=\"rt-holder tpg-post-holder \">\n\t\t<div class=\"rt-detail rt-el-content-wrapper\">\n\t\t\t\t\t\t\t<div class=\"rt-img-holder tpg-el-image-wrap has-thumbnail\">\n\t\t\t\t\t<a data-id=\"5854\" href=\"https:\/\/www.mingob.gob.pa\/dipred\/2026\/03\/24\/dipred-fortalece-el-aprendizaje-integral-de-ninos-y-ninas-del-cai-de-tocumen\/\" class=\"tpg-post-link\" target=\"_self\">                        <img decoding=\"async\" src=\"https:\/\/www.mingob.gob.pa\/dipred\/wp-content\/uploads\/sites\/26\/2026\/03\/WhatsApp-Image-2026-03-24-at-12.16.24-PM-768x512.jpeg?wsr\"\n                             class=\"rt-img-responsive\"\n                             width=\"768\"\n                             height=\"512\"\n                             alt=\"DIPRED fortalece el aprendizaje integral de ni\u00f1os y ni\u00f1as del CAI de Tocumen\">\n\t\t\t\t\t\t\n\t\t\t\t\t\t\t\n\t\t<\/a>\n\t\t        <div class=\"overlay grid-hover-content\"><\/div>\n\t\t\t\t\t\t<\/div>\n\t\t\t\n\n\t\t\t<div class=\"entry-title-wrapper\"><h3 class=\"entry-title\"><a data-id=\"5854\" href=\"https:\/\/www.mingob.gob.pa\/dipred\/2026\/03\/24\/dipred-fortalece-el-aprendizaje-integral-de-ninos-y-ninas-del-cai-de-tocumen\/\" class=\"tpg-post-link\" target=\"_self\">DIPRED fortalece el aprendizaje integral de ni\u00f1os y ni\u00f1as del CAI de Tocumen<\/a><\/h3><\/div>\n\t\t\t\t\t\t\t<div class=\"post-meta-tags rt-el-post-meta\">\n\t\t\t\t\t            <span class='date'>\n\t\t\t\t<i class='far fa-calendar-alt '><\/i>\t\t\t\t                    <a href=\"https:\/\/www.mingob.gob.pa\/dipred\/2026\/03\/24\/\">\n\t\t\t\t\t24 de marzo de 2026\t\t\t\t<\/a>\n\t\t\t\t\t\t\t<\/span>\n\t\t\t\t\t\t\t<\/div>\n\t\t\t\n\t\t\t\t\t\t\t<div class=\"tpg-excerpt tpg-el-excerpt\">\n\t\t\t\t\t\t\t\t\t\t\t<div class=\"tpg-excerpt-inner\">\n\t\t\t\t\t\t\tDIPRED fortalece el aprendizaje integral de ni\u00f1os y ni\u00f1as del CAI de Tocumen Como parte de nuestro compromiso con el...\t\t\t\t\t\t<\/div>\n\t\t\t\t\t\t\t\t\t\t\t\t\t\t<\/div>\n\t\t\t\n\t\t\t        <div class=\"post-footer\">\n            <div class=\"post-footer\">\n                <div class=\"read-more\">\n\t\t\t\t\t<a data-id=\"5854\" href=\"https:\/\/www.mingob.gob.pa\/dipred\/2026\/03\/24\/dipred-fortalece-el-aprendizaje-integral-de-ninos-y-ninas-del-cai-de-tocumen\/\" class=\"tpg-post-link\" target=\"_self\">Leer m\u00e1s<\/a>                <\/div>\n            <\/div>\n        <\/div>\n\t\t\t\t<\/div>\n\t<\/div>\n<\/div>\n\n<div class=\"rt-col-md-6 rt-col-sm-6 rt-col-xs-12 default rt-grid-item\" data-id=\"5839\">\n\t<div class=\"rt-holder tpg-post-holder \">\n\t\t<div class=\"rt-detail rt-el-content-wrapper\">\n\t\t\t\t\t\t\t<div class=\"rt-img-holder tpg-el-image-wrap has-no-thumbnail\">\n\t\t\t\t\t<a data-id=\"5839\" href=\"https:\/\/www.mingob.gob.pa\/dipred\/2026\/03\/20\/realizan-el-bazar-dipred-para-promover-la-educacion-financiera-en-ninos-y-ninas\/\" class=\"tpg-post-link\" target=\"_self\">\t\t\n\t\t<\/a>\n\t\t        <div class=\"overlay grid-hover-content\"><\/div>\n\t\t\t\t\t\t<\/div>\n\t\t\t\n\n\t\t\t<div class=\"entry-title-wrapper\"><h3 class=\"entry-title\"><a data-id=\"5839\" href=\"https:\/\/www.mingob.gob.pa\/dipred\/2026\/03\/20\/realizan-el-bazar-dipred-para-promover-la-educacion-financiera-en-ninos-y-ninas\/\" class=\"tpg-post-link\" target=\"_self\">Realizan el Bazar DIPRED para promover la educaci\u00f3n financiera en ni\u00f1os y ni\u00f1as.<\/a><\/h3><\/div>\n\t\t\t\t\t\t\t<div class=\"post-meta-tags rt-el-post-meta\">\n\t\t\t\t\t            <span class='date'>\n\t\t\t\t<i class='far fa-calendar-alt '><\/i>\t\t\t\t                    <a href=\"https:\/\/www.mingob.gob.pa\/dipred\/2026\/03\/20\/\">\n\t\t\t\t\t20 de marzo de 2026\t\t\t\t<\/a>\n\t\t\t\t\t\t\t<\/span>\n\t\t\t\t\t\t\t<\/div>\n\t\t\t\n\t\t\t\t\t\t\t<div class=\"tpg-excerpt tpg-el-excerpt\">\n\t\t\t\t\t\t\t\t\t\t\t<div class=\"tpg-excerpt-inner\">\n\t\t\t\t\t\t\tEn el marco del campamento \u201cElige tu Vida\u201d, se llev\u00f3 a cabo el Bazar DIPRED, una iniciativa educativa dise\u00f1ada para...\t\t\t\t\t\t<\/div>\n\t\t\t\t\t\t\t\t\t\t\t\t\t\t<\/div>\n\t\t\t\n\t\t\t        <div class=\"post-footer\">\n            <div class=\"post-footer\">\n                <div class=\"read-more\">\n\t\t\t\t\t<a data-id=\"5839\" href=\"https:\/\/www.mingob.gob.pa\/dipred\/2026\/03\/20\/realizan-el-bazar-dipred-para-promover-la-educacion-financiera-en-ninos-y-ninas\/\" class=\"tpg-post-link\" target=\"_self\">Leer m\u00e1s<\/a>                <\/div>\n            <\/div>\n        <\/div>\n\t\t\t\t<\/div>\n\t<\/div>\n<\/div>\n\n<div class=\"rt-col-md-6 rt-col-sm-6 rt-col-xs-12 default rt-grid-item\" data-id=\"5867\">\n\t<div class=\"rt-holder tpg-post-holder \">\n\t\t<div class=\"rt-detail rt-el-content-wrapper\">\n\t\t\t\t\t\t\t<div class=\"rt-img-holder tpg-el-image-wrap has-thumbnail\">\n\t\t\t\t\t<a data-id=\"5867\" href=\"https:\/\/www.mingob.gob.pa\/dipred\/2026\/03\/20\/formacion-en-estetica-corporal-para-mujeres-a-traves-del-programa-capacitate-en-tu-barrio\/\" class=\"tpg-post-link\" target=\"_self\">                        <img decoding=\"async\" src=\"https:\/\/www.mingob.gob.pa\/dipred\/wp-content\/uploads\/sites\/26\/2026\/03\/IMG_6804-768x576.jpg?wsr\"\n                             class=\"rt-img-responsive\"\n                             width=\"768\"\n                             height=\"576\"\n                             alt=\"Formaci\u00f3n en est\u00e9tica corporal para mujeres a trav\u00e9s del programa \u201cCapac\u00edtate en tu Barrio\u201d\">\n\t\t\t\t\t\t\n\t\t\t\t\t\t\t\n\t\t<\/a>\n\t\t        <div class=\"overlay grid-hover-content\"><\/div>\n\t\t\t\t\t\t<\/div>\n\t\t\t\n\n\t\t\t<div class=\"entry-title-wrapper\"><h3 class=\"entry-title\"><a data-id=\"5867\" href=\"https:\/\/www.mingob.gob.pa\/dipred\/2026\/03\/20\/formacion-en-estetica-corporal-para-mujeres-a-traves-del-programa-capacitate-en-tu-barrio\/\" class=\"tpg-post-link\" target=\"_self\">Formaci\u00f3n en est\u00e9tica corporal para mujeres a trav\u00e9s del programa \u201cCapac\u00edtate en tu Barrio\u201d<\/a><\/h3><\/div>\n\t\t\t\t\t\t\t<div class=\"post-meta-tags rt-el-post-meta\">\n\t\t\t\t\t            <span class='date'>\n\t\t\t\t<i class='far fa-calendar-alt '><\/i>\t\t\t\t                    <a href=\"https:\/\/www.mingob.gob.pa\/dipred\/2026\/03\/20\/\">\n\t\t\t\t\t20 de marzo de 2026\t\t\t\t<\/a>\n\t\t\t\t\t\t\t<\/span>\n\t\t\t\t\t\t\t<\/div>\n\t\t\t\n\t\t\t\t\t\t\t<div class=\"tpg-excerpt tpg-el-excerpt\">\n\t\t\t\t\t\t\t\t\t\t\t<div class=\"tpg-excerpt-inner\">\n\t\t\t\t\t\t\tFormaci\u00f3n en est\u00e9tica corporal para mujeres a trav\u00e9s del programa \u201cCapac\u00edtate en tu Barrio\u201d Con el objetivo de promover el...\t\t\t\t\t\t<\/div>\n\t\t\t\t\t\t\t\t\t\t\t\t\t\t<\/div>\n\t\t\t\n\t\t\t        <div class=\"post-footer\">\n            <div class=\"post-footer\">\n                <div class=\"read-more\">\n\t\t\t\t\t<a data-id=\"5867\" href=\"https:\/\/www.mingob.gob.pa\/dipred\/2026\/03\/20\/formacion-en-estetica-corporal-para-mujeres-a-traves-del-programa-capacitate-en-tu-barrio\/\" class=\"tpg-post-link\" target=\"_self\">Leer m\u00e1s<\/a>                <\/div>\n            <\/div>\n        <\/div>\n\t\t\t\t<\/div>\n\t<\/div>\n<\/div>\n\t\t\t<\/div>\n\t\t\t<div class='rt-pagination-wrap' data-total-pages='17' data-posts-per-page='4' data-type='pagination'><div class=\"rt-pagination\"><ul class=\"pagination-list\"><li class=\"active\"><span>1<\/span><\/li><li><a data-paged='2' href='https:\/\/www.mingob.gob.pa\/dipred\/wp-json\/wp\/v2\/pages\/330\/page\/2\/'>2<\/a><\/li><li><a data-paged='3' href='https:\/\/www.mingob.gob.pa\/dipred\/wp-json\/wp\/v2\/pages\/330\/page\/3\/'>3<\/a><\/li><li><a data-paged='4' href='https:\/\/www.mingob.gob.pa\/dipred\/wp-json\/wp\/v2\/pages\/330\/page\/4\/'>4<\/a><\/li><li><a data-paged='5' href='https:\/\/www.mingob.gob.pa\/dipred\/wp-json\/wp\/v2\/pages\/330\/page\/5\/'>5<\/a><\/li><li><a data-paged='2' href=\"https:\/\/www.mingob.gob.pa\/dipred\/wp-json\/wp\/v2\/pages\/330\/page\/2\/\" aria-label='Next'>&rsaquo;<\/a><\/li><li><a data-paged='17' href='https:\/\/www.mingob.gob.pa\/dipred\/wp-json\/wp\/v2\/pages\/330\/page\/17\/' aria-label='Last'>&raquo;<\/a><\/li><\/ul><\/div><\/div>\n\t\t<\/div>\n\t\t\t\t\t\t<\/div>\n\t\t\t\t<\/div>\n\t\t\t\t<\/div>\n\t\t<div class=\"elementor-element elementor-element-875fd7b e-con-full e-flex e-con e-child\" data-id=\"875fd7b\" data-element_type=\"container\" data-e-type=\"container\">\n\t\t\t\t<div class=\"elementor-element elementor-element-5baefa2 elementor-widget elementor-widget-heading\" data-id=\"5baefa2\" data-element_type=\"widget\" data-e-type=\"widget\" data-widget_type=\"heading.default\">\n\t\t\t\t\t<h2 class=\"elementor-heading-title elementor-size-default\">Programas<\/h2>\t\t\t\t<\/div>\n\t\t<div class=\"elementor-element elementor-element-30dc3f4 e-con-full e-flex e-con e-child\" data-id=\"30dc3f4\" data-element_type=\"container\" data-e-type=\"container\">\n\t\t\t\t<div class=\"elementor-element elementor-element-8172b5c elementor-widget elementor-widget-image\" data-id=\"8172b5c\" data-element_type=\"widget\" data-e-type=\"widget\" data-widget_type=\"image.default\">\n\t\t\t\t\t\t\t\t\t\t\t\t\t\t\t\t<a href=\"https:\/\/www.mingob.gob.pa\/dipred\/wp-content\/uploads\/sites\/26\/2025\/03\/3.png\" data-elementor-open-lightbox=\"yes\" data-e-action-hash=\"#elementor-action%3Aaction%3Dlightbox%26settings%3DeyJpZCI6NDIwOCwidXJsIjoiaHR0cHM6XC9cL3d3dy5taW5nb2IuZ29iLnBhXC9kaXByZWRcL3dwLWNvbnRlbnRcL3VwbG9hZHNcL3NpdGVzXC8yNlwvMjAyNVwvMDNcLzMucG5nIn0%3D\">\n\t\t\t\t\t\t\t<img loading=\"lazy\" decoding=\"async\" width=\"500\" height=\"500\" src=\"https:\/\/www.mingob.gob.pa\/dipred\/wp-content\/uploads\/sites\/26\/2025\/03\/3.png\" class=\"attachment-medium_large size-medium_large wp-image-4208\" alt=\"\" srcset=\"https:\/\/www.mingob.gob.pa\/dipred\/wp-content\/uploads\/sites\/26\/2025\/03\/3.png 500w, https:\/\/www.mingob.gob.pa\/dipred\/wp-content\/uploads\/sites\/26\/2025\/03\/3-300x300.png 300w, https:\/\/www.mingob.gob.pa\/dipred\/wp-content\/uploads\/sites\/26\/2025\/03\/3-80x80.png 80w, https:\/\/www.mingob.gob.pa\/dipred\/wp-content\/uploads\/sites\/26\/2025\/03\/3-36x36.png 36w, https:\/\/www.mingob.gob.pa\/dipred\/wp-content\/uploads\/sites\/26\/2025\/03\/3-180x180.png 180w\" sizes=\"(max-width: 500px) 100vw, 500px\" \/>\t\t\t\t\t\t\t\t<\/a>\n\t\t\t\t\t\t\t\t\t\t\t\t\t\t\t<\/div>\n\t\t\t\t<\/div>\n\t\t<div class=\"elementor-element elementor-element-4978d1f e-con-full e-flex e-con e-child\" data-id=\"4978d1f\" data-element_type=\"container\" data-e-type=\"container\">\n\t\t\t\t<div class=\"elementor-element elementor-element-3a39d52 elementor-widget elementor-widget-image\" data-id=\"3a39d52\" data-element_type=\"widget\" data-e-type=\"widget\" data-widget_type=\"image.default\">\n\t\t\t\t\t\t\t\t\t\t\t\t\t\t\t\t<a href=\"https:\/\/www.mingob.gob.pa\/dipred\/wp-content\/uploads\/sites\/26\/2025\/03\/4.png\" data-elementor-open-lightbox=\"yes\" data-e-action-hash=\"#elementor-action%3Aaction%3Dlightbox%26settings%3DeyJpZCI6NDIwOSwidXJsIjoiaHR0cHM6XC9cL3d3dy5taW5nb2IuZ29iLnBhXC9kaXByZWRcL3dwLWNvbnRlbnRcL3VwbG9hZHNcL3NpdGVzXC8yNlwvMjAyNVwvMDNcLzQucG5nIn0%3D\">\n\t\t\t\t\t\t\t<img loading=\"lazy\" decoding=\"async\" width=\"500\" height=\"500\" src=\"https:\/\/www.mingob.gob.pa\/dipred\/wp-content\/uploads\/sites\/26\/2025\/03\/4.png\" class=\"attachment-medium_large size-medium_large wp-image-4209\" alt=\"\" srcset=\"https:\/\/www.mingob.gob.pa\/dipred\/wp-content\/uploads\/sites\/26\/2025\/03\/4.png 500w, https:\/\/www.mingob.gob.pa\/dipred\/wp-content\/uploads\/sites\/26\/2025\/03\/4-300x300.png 300w, https:\/\/www.mingob.gob.pa\/dipred\/wp-content\/uploads\/sites\/26\/2025\/03\/4-80x80.png 80w, https:\/\/www.mingob.gob.pa\/dipred\/wp-content\/uploads\/sites\/26\/2025\/03\/4-36x36.png 36w, https:\/\/www.mingob.gob.pa\/dipred\/wp-content\/uploads\/sites\/26\/2025\/03\/4-180x180.png 180w\" sizes=\"(max-width: 500px) 100vw, 500px\" \/>\t\t\t\t\t\t\t\t<\/a>\n\t\t\t\t\t\t\t\t\t\t\t\t\t\t\t<\/div>\n\t\t\t\t<\/div>\n\t\t<div class=\"elementor-element elementor-element-e2f44ab e-con-full e-flex e-con e-child\" data-id=\"e2f44ab\" data-element_type=\"container\" data-e-type=\"container\">\n\t\t\t\t<div class=\"elementor-element elementor-element-cad7c7c elementor-widget elementor-widget-image\" data-id=\"cad7c7c\" data-element_type=\"widget\" data-e-type=\"widget\" data-widget_type=\"image.default\">\n\t\t\t\t\t\t\t\t\t\t\t\t\t\t\t\t<a href=\"https:\/\/www.mingob.gob.pa\/dipred\/wp-content\/uploads\/sites\/26\/2025\/03\/2.png\" data-elementor-open-lightbox=\"yes\" data-e-action-hash=\"#elementor-action%3Aaction%3Dlightbox%26settings%3DeyJpZCI6NDIwNywidXJsIjoiaHR0cHM6XC9cL3d3dy5taW5nb2IuZ29iLnBhXC9kaXByZWRcL3dwLWNvbnRlbnRcL3VwbG9hZHNcL3NpdGVzXC8yNlwvMjAyNVwvMDNcLzIucG5nIn0%3D\">\n\t\t\t\t\t\t\t<img loading=\"lazy\" decoding=\"async\" width=\"500\" height=\"500\" src=\"https:\/\/www.mingob.gob.pa\/dipred\/wp-content\/uploads\/sites\/26\/2025\/03\/2.png\" class=\"attachment-medium_large size-medium_large wp-image-4207\" alt=\"\" srcset=\"https:\/\/www.mingob.gob.pa\/dipred\/wp-content\/uploads\/sites\/26\/2025\/03\/2.png 500w, https:\/\/www.mingob.gob.pa\/dipred\/wp-content\/uploads\/sites\/26\/2025\/03\/2-300x300.png 300w, https:\/\/www.mingob.gob.pa\/dipred\/wp-content\/uploads\/sites\/26\/2025\/03\/2-80x80.png 80w, https:\/\/www.mingob.gob.pa\/dipred\/wp-content\/uploads\/sites\/26\/2025\/03\/2-36x36.png 36w, https:\/\/www.mingob.gob.pa\/dipred\/wp-content\/uploads\/sites\/26\/2025\/03\/2-180x180.png 180w\" sizes=\"(max-width: 500px) 100vw, 500px\" \/>\t\t\t\t\t\t\t\t<\/a>\n\t\t\t\t\t\t\t\t\t\t\t\t\t\t\t<\/div>\n\t\t\t\t<\/div>\n\t\t<div class=\"elementor-element elementor-element-b30e650 e-con-full e-flex e-con e-child\" data-id=\"b30e650\" data-element_type=\"container\" data-e-type=\"container\">\n\t\t\t\t<div class=\"elementor-element elementor-element-d2bb886 elementor-widget elementor-widget-image\" data-id=\"d2bb886\" data-element_type=\"widget\" data-e-type=\"widget\" data-widget_type=\"image.default\">\n\t\t\t\t\t\t\t\t\t\t\t\t\t\t\t\t<a href=\"https:\/\/www.mingob.gob.pa\/dipred\/wp-content\/uploads\/sites\/26\/2025\/03\/1.png\" data-elementor-open-lightbox=\"yes\" data-e-action-hash=\"#elementor-action%3Aaction%3Dlightbox%26settings%3DeyJpZCI6NDIwNiwidXJsIjoiaHR0cHM6XC9cL3d3dy5taW5nb2IuZ29iLnBhXC9kaXByZWRcL3dwLWNvbnRlbnRcL3VwbG9hZHNcL3NpdGVzXC8yNlwvMjAyNVwvMDNcLzEucG5nIn0%3D\">\n\t\t\t\t\t\t\t<img loading=\"lazy\" decoding=\"async\" width=\"500\" height=\"500\" src=\"https:\/\/www.mingob.gob.pa\/dipred\/wp-content\/uploads\/sites\/26\/2025\/03\/1.png\" class=\"attachment-medium_large size-medium_large wp-image-4206\" alt=\"\" srcset=\"https:\/\/www.mingob.gob.pa\/dipred\/wp-content\/uploads\/sites\/26\/2025\/03\/1.png 500w, https:\/\/www.mingob.gob.pa\/dipred\/wp-content\/uploads\/sites\/26\/2025\/03\/1-300x300.png 300w, https:\/\/www.mingob.gob.pa\/dipred\/wp-content\/uploads\/sites\/26\/2025\/03\/1-80x80.png 80w, https:\/\/www.mingob.gob.pa\/dipred\/wp-content\/uploads\/sites\/26\/2025\/03\/1-36x36.png 36w, https:\/\/www.mingob.gob.pa\/dipred\/wp-content\/uploads\/sites\/26\/2025\/03\/1-180x180.png 180w\" sizes=\"(max-width: 500px) 100vw, 500px\" \/>\t\t\t\t\t\t\t\t<\/a>\n\t\t\t\t\t\t\t\t\t\t\t\t\t\t\t<\/div>\n\t\t\t\t<\/div>\n\t\t\t\t<\/div>\n\t\t\t\t\t<\/div>\n\t\t\t\t<\/div>\n\t\t\t\t<\/div>\n\t\t","protected":false},"excerpt":{"rendered":"<p>M\u00e1s de mil graduandos reciben certificado del exitoso programa de Dipred e Inadeh 27 de noviembre de 2025 M\u00e1s de [&hellip;]<\/p>\n","protected":false},"author":24,"featured_media":0,"parent":0,"menu_order":0,"comment_status":"closed","ping_status":"open","template":"","meta":{"site-sidebar-layout":"default","site-content-layout":"","ast-site-content-layout":"default","site-content-style":"default","site-sidebar-style":"default","ast-global-header-display":"","ast-banner-title-visibility":"","ast-main-header-display":"","ast-hfb-above-header-display":"","ast-hfb-below-header-display":"","ast-hfb-mobile-header-display":"","site-post-title":"disabled","ast-breadcrumbs-content":"","ast-featured-img":"","footer-sml-layout":"","ast-disable-related-posts":"","theme-transparent-header-meta":"","adv-header-id-meta":"","stick-header-meta":"","header-above-stick-meta":"","header-main-stick-meta":"","header-below-stick-meta":"","astra-migrate-meta-layouts":"default","ast-page-background-enabled":"default","ast-page-background-meta":{"desktop":{"background-color":"var(--ast-global-color-5)","background-image":"","background-repeat":"repeat","background-position":"center center","background-size":"auto","background-attachment":"scroll","background-type":"","background-media":"","overlay-type":"","overlay-color":"","overlay-opacity":"","overlay-gradient":""},"tablet":{"background-color":"","background-image":"","background-repeat":"repeat","background-position":"center center","background-size":"auto","background-attachment":"scroll","background-type":"","background-media":"","overlay-type":"","overlay-color":"","overlay-opacity":"","overlay-gradient":""},"mobile":{"background-color":"","background-image":"","background-repeat":"repeat","background-position":"center center","background-size":"auto","background-attachment":"scroll","background-type":"","background-media":"","overlay-type":"","overlay-color":"","overlay-opacity":"","overlay-gradient":""}},"ast-content-background-meta":{"desktop":{"background-color":"var(--ast-global-color-4)","background-image":"","background-repeat":"repeat","background-position":"center center","background-size":"auto","background-attachment":"scroll","background-type":"","background-media":"","overlay-type":"","overlay-color":"","overlay-opacity":"","overlay-gradient":""},"tablet":{"background-color":"var(--ast-global-color-4)","background-image":"","background-repeat":"repeat","background-position":"center center","background-size":"auto","background-attachment":"scroll","background-type":"","background-media":"","overlay-type":"","overlay-color":"","overlay-opacity":"","overlay-gradient":""},"mobile":{"background-color":"var(--ast-global-color-4)","background-image":"","background-repeat":"repeat","background-position":"center center","background-size":"auto","background-attachment":"scroll","background-type":"","background-media":"","overlay-type":"","overlay-color":"","overlay-opacity":"","overlay-gradient":""}},"footnotes":""},"class_list":["post-330","page","type-page","status-publish","hentry"],"rttpg_featured_image_url":null,"rttpg_author":{"display_name":"egraell","author_link":"https:\/\/www.mingob.gob.pa\/dipred\/author\/egraell\/"},"rttpg_comment":0,"rttpg_category":"","rttpg_excerpt":"M\u00e1s de mil graduandos reciben certificado del exitoso programa de Dipred e Inadeh 27 de noviembre de 2025 M\u00e1s de [&hellip;]","_links":{"self":[{"href":"https:\/\/www.mingob.gob.pa\/dipred\/wp-json\/wp\/v2\/pages\/330","targetHints":{"allow":["GET"]}}],"collection":[{"href":"https:\/\/www.mingob.gob.pa\/dipred\/wp-json\/wp\/v2\/pages"}],"about":[{"href":"https:\/\/www.mingob.gob.pa\/dipred\/wp-json\/wp\/v2\/types\/page"}],"author":[{"embeddable":true,"href":"https:\/\/www.mingob.gob.pa\/dipred\/wp-json\/wp\/v2\/users\/24"}],"replies":[{"embeddable":true,"href":"https:\/\/www.mingob.gob.pa\/dipred\/wp-json\/wp\/v2\/comments?post=330"}],"version-history":[{"count":5,"href":"https:\/\/www.mingob.gob.pa\/dipred\/wp-json\/wp\/v2\/pages\/330\/revisions"}],"predecessor-version":[{"id":5234,"href":"https:\/\/www.mingob.gob.pa\/dipred\/wp-json\/wp\/v2\/pages\/330\/revisions\/5234"}],"wp:attachment":[{"href":"https:\/\/www.mingob.gob.pa\/dipred\/wp-json\/wp\/v2\/media?parent=330"}],"curies":[{"name":"wp","href":"https:\/\/api.w.org\/{rel}","templated":true}]}}